{"id":999,"date":"2023-07-24T21:12:34","date_gmt":"2023-07-24T19:12:34","guid":{"rendered":"https:\/\/www.voestalpine.com\/railway-systems\/axlecounting\/?page_id=999"},"modified":"2023-09-08T13:30:48","modified_gmt":"2023-09-08T11:30:48","slug":"technika-rozjazdowa","status":"publish","type":"page","link":"https:\/\/www.voestalpine.com\/railway-systems\/axlecounting\/pl\/technika-rozjazdowa\/","title":{"rendered":"Nap\u0119dy zwrotnicowe i zamkni\u0119cia nastawcze"},"content":{"rendered":"<div class=\"intro  block\"  >\n\t<div class=\"inside\">\n\t\t<div class=\"background\">\n\t\t\t\t\t\t\t\t\t\t<img decoding=\"async\"   src=\"https:\/\/www.voestalpine.com\/railway-systems\/axlecounting\/wp-content\/uploads\/2023\/08\/IMG_6617.png\" title=\"IMG_6617\"  srcset=\"https:\/\/www.voestalpine.com\/railway-systems\/axlecounting\/wp-content\/uploads\/2023\/08\/IMG_6617.png 4032w, https:\/\/www.voestalpine.com\/railway-systems\/axlecounting\/wp-content\/uploads\/2023\/08\/IMG_6617-300x225.png 300w, https:\/\/www.voestalpine.com\/railway-systems\/axlecounting\/wp-content\/uploads\/2023\/08\/IMG_6617-1024x768.png 1024w, https:\/\/www.voestalpine.com\/railway-systems\/axlecounting\/wp-content\/uploads\/2023\/08\/IMG_6617-768x576.png 768w, https:\/\/www.voestalpine.com\/railway-systems\/axlecounting\/wp-content\/uploads\/2023\/08\/IMG_6617-1536x1152.png 1536w, https:\/\/www.voestalpine.com\/railway-systems\/axlecounting\/wp-content\/uploads\/2023\/08\/IMG_6617-2048x1536.png 2048w, https:\/\/www.voestalpine.com\/railway-systems\/axlecounting\/wp-content\/uploads\/2023\/08\/IMG_6617-1900x1425.png 1900w, https:\/\/www.voestalpine.com\/railway-systems\/axlecounting\/wp-content\/uploads\/2023\/08\/IMG_6617-1600x1200.png 1600w, https:\/\/www.voestalpine.com\/railway-systems\/axlecounting\/wp-content\/uploads\/2023\/08\/IMG_6617-1440x1080.png 1440w, https:\/\/www.voestalpine.com\/railway-systems\/axlecounting\/wp-content\/uploads\/2023\/08\/IMG_6617-1200x900.png 1200w, https:\/\/www.voestalpine.com\/railway-systems\/axlecounting\/wp-content\/uploads\/2023\/08\/IMG_6617-900x675.png 900w, https:\/\/www.voestalpine.com\/railway-systems\/axlecounting\/wp-content\/uploads\/2023\/08\/IMG_6617-600x450.png 600w, https:\/\/www.voestalpine.com\/railway-systems\/axlecounting\/wp-content\/uploads\/2023\/08\/IMG_6617-450x338.png 450w\" sizes=\"(max-width: 4032px) 100vw, 4032px\"  \/>\r\n\t\t\t\n\t\t\t\t\t<\/div>\n\t\t<div class=\"text-container\">\n\t\t\t<div class=\"inner\">\n\t\t\t\t<span class=\"headline\">Technika rozjazdowa DLD\/S<\/span>\t\t\t\t\t\t\t<\/div>\n\t\t<\/div>\n\t<\/div>\n<\/div>\r\n\r\n<div class=\"wrap smax_wrap\"  >\r\n\t\t\t\t<div class=\"rsce_longtext  mode_gray butt-off\"data-unique=\"d32b42fb_4\">\n\t<div class=\"wrap\">\n\t\t\t\t\t<div class=\"text-wrap\">\n\t\t\t\t\t\t\t\t<div class=\"text\"><p>Oferujemy wst\u0119pnie zmontowane, przygotowane do instalacji rozjazdy, w pe\u0142ni wyposa\u017cone w wymagane systemy kontrolne i przystosowane do podbijania mechanicznego.<\/p><\/div>\t\t\t<\/div>\n\t\t\t\t\n\t\t\t\t\t<div class=\"blocks\">\n\t\t\t\t<div class=\"smax_headline align_left textalign_left size_38\"data-unique=\"d32b42fb_5\">\r\n\t\t\t<div class=\"el\">\r\n\t\t\tECOSTAR\t\t<\/div>\r\n\t\t\t\t<div class=\"content\"><p>elektro-hydrauliczny nap\u0119d zwrotnicowy.<\/p><p>Przeznaczony do przestawiania zwrotnic i ruchomych dziob\u00f3w krzy\u017cownic z zewn\u0119trznymi zamkni\u0119ciami nastawczymi oraz do ryglowania i kontrolowania po\u0142o\u017cenia.<\/p><p>Mo\u017ce by\u0107 r\u00f3wnie\u017c wykorzystywany do nastawiania wykolejnic.<\/p><p>Wykonany w kilku odmianach \u2013 jako rozpruwalny i nierozpruwalny, z silnikiem pr\u0105du przemiennego jedno- lub tr\u00f3jfazowego, b\u0105d\u017a z silnikiem pr\u0105du sta\u0142ego.<\/p><p>Ma\u0142e wymiary zewn\u0119trzne pozwalaj\u0105ce na instalacj\u0119 urz\u0105dze\u0144 w ograniczonych przestrzeniach rozjazd\u00f3w i mi\u0119dzy rozjazdami oraz stosunkowo niewielk\u0105 wag\u0119 \u2013 85 kg.<\/p><p>Nap\u0119dy s\u0105 dostosowane do wsp\u00f3\u0142pracy z podrozjazdnicami, umocowaniami, pr\u0119tami oraz dodatkowym osprz\u0119tem wiod\u0105cych producent\u00f3w tego asortymentu w Polsce.<\/p><p>&nbsp;<\/p><\/div>\r\n\t<\/div>\r\n<div class=\"smax_headline align_left textalign_left size_38\"data-unique=\"d32b42fb_6\">\r\n\t\t\t<div class=\"el\">\r\n\t\t\tHYDROSTAR\u00ae\t\t<\/div>\r\n\t\t\t\t<div class=\"content\"><p>system nastawczy zapewnia optymaln\u0105 wydajno\u015b\u0107, konsekwentnie minimalizuj\u0105c koszty cyklu \u017cycia.<\/p><p>Jego innowacyjna, zamkni\u0119ta konstrukcja znacznie obni\u017ca koszty utrzymania prewencyjnego w obszarze rozjazd\u00f3w.<\/p><p>Wszystkie warianty wymagaj\u0105 tylko jednej jednostki nap\u0119dowej, co umo\u017cliwia bardzo wygodn\u0105 integracj\u0119 z innymi systemami.<\/p><p>Mniejsze rozjazdy z ruchomymi dziobami krzyzownicy mog\u0105 by\u0107 obs\u0142ugiwane za pomoc\u0105 wersji, kt\u00f3ra uruchamia oba elementy rozjazdu przy u\u017cyciu ponownie tylko jednej jednostki nap\u0119dowej.<\/p><p>Nadaje si\u0119 do wszystkich geometrii rozjazd\u00f3w i nawierzchni torowych.<\/p><p>Zastosowanie indywidualnie testowanych podzespo\u0142\u00f3w i dostawa na czas do punktu instalacji gwarantuj\u0105 maksymaln\u0105 dost\u0119pno\u015b\u0107 tor\u00f3w kolejowych.<\/p><\/div>\r\n\t<\/div>\r\n<div class=\"smax_headline align_left textalign_left size_38\"data-unique=\"d32b42fb_7\">\r\n\t\t\t<div class=\"el\">\r\n\t\t\tSPHEROLOCK\u00ae\t\t<\/div>\r\n\t\t\t\t<div class=\"content\"><p>hermetyczny system, niewymagaj\u0105cy przez d\u0142ugi okres czasu ponownego nasmarowania, z zamkni\u0119ciem nastawczym.<\/p><p>Spe\u0142nia najwy\u017csze wymagania dotycz\u0105ce niezawodno\u015bci, minimalnych wymaga\u0144 utrzymaniowych, ochrony \u015brodowiska, a tak\u017ce bardzo d\u0142ugiego cyklu \u017cycia produktu przy znacz\u0105co zredukowanych kosztach.<\/p><p>Dedykowana do ju\u017c istniej\u0105cych rozjazd\u00f3w, wersja NG zamkni\u0119cia SPHEROLOCK\u00ae jest montowana do st\u00f3p opornic, pomi\u0119dzy podrozjazdnicami. Rozwi\u0105zanie szczeg\u00f3lne polecane do rozjazd\u00f3w na podrozjazdnicach drewnianych, gdy\u017c dzi\u0119ki monta\u017cowi do st\u00f3pek opornic, zapewniona jest sta\u0142a warto\u015b\u0107 prze\u015bwitu toru w rejonie po\u0142\u0105czenia z nap\u0119dem.<\/p><\/div>\r\n\t<\/div>\r\n<div class=\"smax_headline align_left textalign_left size_38\"data-unique=\"d32b42fb_8\">\r\n\t\t\t<div class=\"el\">\r\n\t\t\tHYDROLINK\u00ae\t\t<\/div>\r\n\t\t\t\t<div class=\"content\"><p>hydrauliczny system przestawiania zwrotnic z dwiema lub wi\u0119ksz\u0105 liczb\u0105 zamkni\u0119\u0107.<\/p><p>Zasada dzia\u0142ania polega na tym, \u017ce podczas procesu przestawiania zwrotnicy wzrasta ci\u015bnienie w cylindrze nap\u0119dowym, po\u0142\u0105czonym z pierwszym zamkni\u0119ciem. Dalej ci\u015bnienie jest przekazywane poprzez przewody hydrauliczne do kolejnych zamkni\u0119\u0107 w obszarze zwrotnicy lub te\u017c do ruchomego dzioba krzy\u017cownicy. W efekcie zostan\u0105 uruchomione cylindry przestawcze po\u0142\u0105czone z zamkni\u0119ciami.<\/p><p>Cylindry HYDROLINK\u00ae mog\u0105 by\u0107 tak\u017ce zamontowane w stalowych podrozjazdnicach zespolonych.<\/p><p>Obj\u0119to\u015b\u0107 oleju w uk\u0142adzie, zmieniaj\u0105ca si\u0119 w zale\u017cno\u015bci od dziennych lub sezonowych waha\u0144 temperatury, jest kompensowana przez wewn\u0119trzny zbiornik akumulacyjny.<\/p><\/div>\r\n\t<\/div>\r\n\t\t\t<\/div>\n\t\t\t\t\t<\/div>\n\t<\/div>\r\n\t<\/div>\r\n\r\n<div class=\"wrap smax_wrap\"  data-unique=\"d32b42fb_9\">\r\n\t\t\t\t<div class=\"smax_headline align_left textalign_left size_38\"data-unique=\"d32b42fb_10\">\r\n\t\t\t<h4 class=\"el\">\r\n\t\t\tSkontaktuj si\u0119 z nami\t\t<\/h4>\r\n\t\t<\/div>\r\n<div class=\"rsce_form  block\" data-unique=\"d32b42fb_11\" >\n\t\n<div class=\"wpcf7 no-js\" id=\"wpcf7-f860-o1\" lang=\"de-DE\" dir=\"ltr\" data-wpcf7-id=\"860\">\n<div class=\"screen-reader-response\"><p role=\"status\" aria-live=\"polite\" aria-atomic=\"true\"><\/p> <ul><\/ul><\/div>\n<form action=\"\/railway-systems\/axlecounting\/wp-json\/wp\/v2\/pages\/999#wpcf7-f860-o1\" method=\"post\" class=\"wpcf7-form init\" aria-label=\"Kontaktformular\" novalidate=\"novalidate\" data-status=\"init\">\n<fieldset class=\"hidden-fields-container\"><input type=\"hidden\" name=\"_wpcf7\" value=\"860\" \/><input type=\"hidden\" name=\"_wpcf7_version\" value=\"6.1\" \/><input type=\"hidden\" name=\"_wpcf7_locale\" value=\"de_DE\" \/><input type=\"hidden\" name=\"_wpcf7_unit_tag\" value=\"wpcf7-f860-o1\" \/><input type=\"hidden\" name=\"_wpcf7_container_post\" value=\"0\" \/><input type=\"hidden\" name=\"_wpcf7_posted_data_hash\" value=\"\" \/>\n<\/fieldset>\n<div class=\"widgets fields\">\n\t<div class=\"widget widget-text name\">\n\t\t<div class=\"inner\">\n\t\t\t<p><label for=\"ctrl_getintouch_fullname\">Imi\u0119 i nazwisko<span class=\"mandatory\">*<\/span><\/label>\n\t\t\t<\/p>\n\t\t\t<div class=\"input\">\n\t\t\t\t<p><span class=\"wpcf7-form-control-wrap\" data-name=\"fullname\"><input size=\"40\" maxlength=\"400\" class=\"wpcf7-form-control wpcf7-text wpcf7-validates-as-required\" id=\"ctrl_getintouch_fullname\" aria-required=\"true\" aria-invalid=\"false\" value=\"\" type=\"text\" name=\"fullname\" \/><\/span>\n\t\t\t\t<\/p>\n\t\t\t<\/div>\n\t\t<\/div>\n\t<\/div>\n\t<div class=\"widget widget-text company\">\n\t\t<div class=\"inner\">\n\t\t\t<p><label for=\"ctrl_getintouch_company\">Firma<span class=\"mandatory\">*<\/span><\/label>\n\t\t\t<\/p>\n\t\t\t<div class=\"input\">\n\t\t\t\t<p><span class=\"wpcf7-form-control-wrap\" data-name=\"company\"><input size=\"40\" maxlength=\"400\" class=\"wpcf7-form-control wpcf7-text wpcf7-validates-as-required\" id=\"ctrl_getintouch_company\" aria-required=\"true\" aria-invalid=\"false\" value=\"\" type=\"text\" name=\"company\" \/><\/span>\n\t\t\t\t<\/p>\n\t\t\t<\/div>\n\t\t<\/div>\n\t<\/div>\n\t<div class=\"widget widget-text email\">\n\t\t<div class=\"inner\">\n\t\t\t<p><label for=\"ctrl_getintouch_email\">Adres e-mail<span class=\"mandatory\">*<\/span><\/label>\n\t\t\t<\/p>\n\t\t\t<div class=\"input\">\n\t\t\t\t<p><span class=\"wpcf7-form-control-wrap\" data-name=\"email\"><input size=\"40\" maxlength=\"400\" class=\"wpcf7-form-control wpcf7-email wpcf7-validates-as-required wpcf7-text wpcf7-validates-as-email\" id=\"ctrl_getintouch_email\" aria-required=\"true\" aria-invalid=\"false\" value=\"\" type=\"email\" name=\"email\" \/><\/span>\n\t\t\t\t<\/p>\n\t\t\t<\/div>\n\t\t<\/div>\n\t<\/div>\n\t<div class=\"widget widget-text phone\">\n\t\t<div class=\"inner\">\n\t\t\t<p><label for=\"ctrl_getintouch_phone\">Numer telefonu<span class=\"mandatory\">*<\/span><\/label>\n\t\t\t<\/p>\n\t\t\t<div class=\"input\">\n\t\t\t\t<p><span class=\"wpcf7-form-control-wrap\" data-name=\"phone\"><input size=\"40\" maxlength=\"400\" class=\"wpcf7-form-control wpcf7-tel wpcf7-validates-as-required wpcf7-text wpcf7-validates-as-tel\" id=\"ctrl_getintouch_phone\" aria-required=\"true\" aria-invalid=\"false\" value=\"\" type=\"tel\" name=\"phone\" \/><\/span>\n\t\t\t\t<\/p>\n\t\t\t<\/div>\n\t\t<\/div>\n\t<\/div>\n\t<div class=\"widget widget-textarea message\">\n\t\t<div class=\"inner\">\n\t\t\t<p><label for=\"ctrl_getintouch_message\">Twoja wiadomo\u015b\u0107<span class=\"mandatory\">*<\/span><\/label>\n\t\t\t<\/p>\n\t\t\t<div class=\"input\">\n\t\t\t\t<p><span class=\"wpcf7-form-control-wrap\" data-name=\"message\"><textarea cols=\"40\" rows=\"10\" maxlength=\"2000\" class=\"wpcf7-form-control wpcf7-textarea wpcf7-validates-as-required\" id=\"ctrl_getintouch_message\" aria-required=\"true\" aria-invalid=\"false\" name=\"message\"><\/textarea><\/span>\n\t\t\t\t<\/p>\n\t\t\t<\/div>\n\t\t<\/div>\n\t<\/div>\n\t<div class=\"widget submit_container\">\n\t\t<div class=\"inner\">\n\t\t\t<div class=\"input\">\n\t\t\t\t<p><span class=\"wpcf7-form-control-wrap\" data-name=\"dsgvo\"><span class=\"wpcf7-form-control wpcf7-acceptance\"><span class=\"wpcf7-list-item\"><label><input type=\"checkbox\" name=\"dsgvo\" value=\"1\" aria-invalid=\"false\" \/><span class=\"wpcf7-list-item-label\">Niniejszym potwierdzam, \u017ce podane powy\u017cej dane b\u0119d\u0105 przechowywane i wykorzystywane do regularnego wysy\u0142ania wiadomo\u015bci o nowych funkcjach, ofertach, konkursach, produktach itp. zgodnie z polityk\u0105 prywatno\u015bci. Zgoda mo\u017ce zosta\u0107 wycofana w dowolnym momencie.<\/span><\/label><\/span><\/span><\/span><br \/>\n<input class=\"wpcf7-form-control wpcf7-submit has-spinner btn buttonBlue\" type=\"submit\" value=\"Wy\u015blij wiadomo\u015b\u0107\" \/>\n\t\t\t\t<\/p>\n\t\t\t<\/div>\n\t\t<\/div>\n\t<\/div>\n<\/div><div class=\"wpcf7-response-output\" aria-hidden=\"true\"><\/div>\n<\/form>\n<\/div>\n\n<\/div>\r\n\t<\/div>\r\n\r\n","protected":false},"excerpt":{"rendered":"","protected":false},"author":7,"featured_media":0,"parent":0,"menu_order":0,"comment_status":"closed","ping_status":"closed","template":"","meta":{"footnotes":""},"class_list":["post-999","page","type-page","status-publish","hentry"],"_links":{"self":[{"href":"https:\/\/www.voestalpine.com\/railway-systems\/axlecounting\/wp-json\/wp\/v2\/pages\/999","targetHints":{"allow":["GET"]}}],"collection":[{"href":"https:\/\/www.voestalpine.com\/railway-systems\/axlecounting\/wp-json\/wp\/v2\/pages"}],"about":[{"href":"https:\/\/www.voestalpine.com\/railway-systems\/axlecounting\/wp-json\/wp\/v2\/types\/page"}],"author":[{"embeddable":true,"href":"https:\/\/www.voestalpine.com\/railway-systems\/axlecounting\/wp-json\/wp\/v2\/users\/7"}],"replies":[{"embeddable":true,"href":"https:\/\/www.voestalpine.com\/railway-systems\/axlecounting\/wp-json\/wp\/v2\/comments?post=999"}],"version-history":[{"count":13,"href":"https:\/\/www.voestalpine.com\/railway-systems\/axlecounting\/wp-json\/wp\/v2\/pages\/999\/revisions"}],"predecessor-version":[{"id":1339,"href":"https:\/\/www.voestalpine.com\/railway-systems\/axlecounting\/wp-json\/wp\/v2\/pages\/999\/revisions\/1339"}],"wp:attachment":[{"href":"https:\/\/www.voestalpine.com\/railway-systems\/axlecounting\/wp-json\/wp\/v2\/media?parent=999"}],"curies":[{"name":"wp","href":"https:\/\/api.w.org\/{rel}","templated":true}]}}