{"id":987,"date":"2023-07-24T20:36:48","date_gmt":"2023-07-24T18:36:48","guid":{"rendered":"https:\/\/www.voestalpine.com\/railway-systems\/axlecounting\/?page_id=987"},"modified":"2023-09-08T13:31:04","modified_gmt":"2023-09-08T11:31:04","slug":"systemy-automatycznego-rozrzadzania","status":"publish","type":"page","link":"https:\/\/www.voestalpine.com\/railway-systems\/axlecounting\/pl\/systemy-automatycznego-rozrzadzania\/","title":{"rendered":"SARPO"},"content":{"rendered":"<div class=\"intro  block\" data-unique=\"2d885ebd_1\" >\n\t<div class=\"inside\">\n\t\t<div class=\"background\">\n\t\t\t\t\t\t\t\t\t\t<img decoding=\"async\"   src=\"https:\/\/www.voestalpine.com\/railway-systems\/axlecounting\/wp-content\/uploads\/2023\/07\/sarpo_3.jpg\" title=\"sarpo_3\"  srcset=\"https:\/\/www.voestalpine.com\/railway-systems\/axlecounting\/wp-content\/uploads\/2023\/07\/sarpo_3.jpg 730w, https:\/\/www.voestalpine.com\/railway-systems\/axlecounting\/wp-content\/uploads\/2023\/07\/sarpo_3-300x164.jpg 300w, https:\/\/www.voestalpine.com\/railway-systems\/axlecounting\/wp-content\/uploads\/2023\/07\/sarpo_3-600x329.jpg 600w, https:\/\/www.voestalpine.com\/railway-systems\/axlecounting\/wp-content\/uploads\/2023\/07\/sarpo_3-450x247.jpg 450w\" sizes=\"(max-width: 730px) 100vw, 730px\"  \/>\r\n\t\t\t\n\t\t\t\t\t<\/div>\n\t\t<div class=\"text-container\">\n\t\t\t<div class=\"inner\">\n\t\t\t\t<h2 class=\"headline\">SARPO<\/h2>\t\t\t\t<div class=\"text\"><p>System Automatycznej Regulacji Pr\u0119dko\u015bci Odprz\u0119g&oacute;w<\/p><\/div>\t\t\t<\/div>\n\t\t<\/div>\n\t<\/div>\n<\/div>\r\n\r\n<div class=\"wrap smax_wrap\"  >\r\n\t\t\t\t<div class=\"rsce_longtext  mode_gray butt-off\">\n\t<div class=\"wrap\">\n\t\t\t\t\t<div class=\"text-wrap\">\n\t\t\t\t\t\t\t\t<div class=\"text\"><h4>System SARPO jest doskona\u0142ym rozwi\u0105zaniem dla stacji rozrz\u0105dowych, manewrowych i bocznic kolejowych. Istot\u0105 oferowanego rozwi\u0105zania, wdro\u017conego z powodzeniem na sieci PKP PLK S.A, jest sterowanie pr\u0119dko\u015bci\u0105 odprz\u0119g&oacute;w wykorzystuj\u0105ce rozproszony system urz\u0105dze\u0144 hamuj\u0105cych i zapewniaj\u0105ce &bdquo;prowadzenie do celu&rdquo; ka\u017cdego odprz\u0119gu. W rezultacie powsta\u0142 system o du\u017cej odporno\u015bci na zak\u0142&oacute;cenia niedeterministyczne, takie jak rozrzut opor&oacute;w ruchu wagon&oacute;w, nap&oacute;r powietrza, czy zmienne warunki atmosferyczne. Stanowi to now\u0105 jako\u015b\u0107 w stosunku do rozwi\u0105za\u0144 realizuj\u0105cych &bdquo;strza\u0142 do celu&rdquo;.<\/h4><\/div>\t\t\t<\/div>\n\t\t\t\t\n\t\t\t\t\t<div class=\"blocks\">\n\t\t\t\t<div class=\"smax_headline align_left textalign_left size_38\"data-unique=\"2d885ebd_5\">\r\n\t\t\t<div class=\"el\">\r\n\t\t\tCharakterystyka\t\t<\/div>\r\n\t\t\t\t<div class=\"content\"><p>Zaawansowane sterowanie hamulcami punktowymi realizuje podsystem SCTO\/TK zawieraj\u0105cy system mikroprocesorowy o inteligencji rozproszonej, kt\u00f3rego podstawowym zadaniem jest \u015bledzenie energii kinetycznej tocz\u0105cych si\u0119 odprz\u0119g\u00f3w oraz jej modyfikacja poprzez sterowanie urz\u0105dzeniami hamuj\u0105cymi. Cech\u0105 przyj\u0119tych rozwi\u0105za\u0144 jest ich modularno\u015b\u0107 pozwalaj\u0105ca na dopasowanie systemu do obiekt\u00f3w o r\u00f3\u017cnej wielko\u015bci i r\u00f3\u017cnych wymaganiach.<br><br>Wizualizacj\u0119 sytuacji ruchowej oraz mo\u017cliwo\u015b\u0107 ingerencji operatora w nadzorowany proces zapewnia Zesp\u00f3\u0142 Wizualizacyjno-Operatorski.<br><br>Dodatkowo system mo\u017ce by\u0107 wyposa\u017cony w Zesp\u00f3\u0142 Rejestratora Zdarze\u0144 oraz mo\u017ce wsp\u00f3\u0142pracowa\u0107 z Systemem Utrzymania i Diagnostyki.<\/p><p>&nbsp;<\/p><\/div>\r\n\t<\/div>\r\n<div class=\"smax_headline align_left textalign_left size_38\"data-unique=\"2d885ebd_6\">\r\n\t\t\t<div class=\"el\">\r\n\t\t\tW\u0142a\u015bciwo\u015bci \t\t<\/div>\r\n\t\t\t\t<div class=\"content\"><p>Precyzyjne i bezpieczne prowadzenie odprz\u0119g\u00f3w do celu, brak uszkodze\u0144 \u0142adunk\u00f3w lub taboru oraz konieczno\u015bci dopychania wagon\u00f3w.<\/p><p>Relatywnie niski koszt utrzymania systemu, dzi\u0119ki elastycznej konfiguracji, mo\u017cliwo\u015bci integracji z innymi systemami funkcjonuj\u0105cymi na g\u00f3rce oraz braku konieczno\u015bci d\u0142ugotrwa\u0142ego wycofywania obiektu z eksploatacji.<\/p><p>Wysoka podatno\u015b\u0107 diagnostyczna i utrzymaniowa to rozbudowany monitoring stanu technicznego oraz rejestracja historii zdarze\u0144 z mo\u017cliwo\u015bci\u0105 wizualizacji graficznej.<\/p><p>&nbsp;<\/p><\/div>\r\n\t<\/div>\r\n<div class=\"smax_headline align_left textalign_left size_38\"data-unique=\"2d885ebd_7\">\r\n\t\t\t<div class=\"el\">\r\n\t\t\tUrz\u0105dzenia hamuj\u0105ce\t\t<\/div>\r\n\t\t\t\t<div class=\"content\"><p>Podstawowym elementem wykonawczym systemu SARPO, umo\u017cliwiaj\u0105cym sterowanie energi\u0105 kinetyczn\u0105, a wi\u0119c pr\u0119dko\u015bci\u0105 odprz\u0119gu, jest punktowy hamulec torowy czynny typu KX-HTC-3 opracowany przez wiod\u0105cego dostawc\u0119 rozwi\u0105za\u0144 absorbuj\u0105cych energi\u0119 \u2013 firm\u0119 AXTONE . Hamulec ten, zamontowany na stopce szyny, mo\u017ce przebywa\u0107 w jednym z dw\u00f3ch stan\u00f3w: \u201eHAMUJ\u201d i \u201eNIE HAMUJ\u201d. Najazd ko\u0142a odprz\u0119gu na hamulec punktowy w stanie \u201eHAMUJ\u201d zmniejsza energi\u0119 kinetyczn\u0105 tocz\u0105cego si\u0119 odprz\u0119gu.&nbsp; Hamulce torowe s\u0105 umieszczone po kilka element\u00f3w w kilkunastu sekcjach umieszczonych wzd\u0142u\u017c toru. Takie rozmieszczenie umo\u017cliwia quasi-ciag\u0142e oddzia\u0142ywanie na energi\u0119 kinetyczn\u0105 poruszaj\u0105cego si\u0119 odprzegu, wzd\u0142u\u017c drogi jego ruchu.<\/p><\/div>\r\n\t<\/div>\r\n<div class=\"smax_headline align_left textalign_left size_38\"data-unique=\"2d885ebd_8\">\r\n\t\t\t<div class=\"el\">\r\n\t\t\tPomiar energii\t\t<\/div>\r\n\t\t\t\t<div class=\"content\"><p>Sterowanie energi\u0105 kinetyczn\u0105 odprz\u0119gu wymaga oceny jej warto\u015bci chwilowej. Energia ta jest wyznaczana na podstawie pomiaru masy i pr\u0119dko\u015bci chwilowej odprz\u0119gu w podsystemie sterowania. Pomiar masy odprz\u0119gu jest dokonywany przy wje\u017adzie odprz\u0119gu na tor kierunkowy poprzez pomiar nacisku ka\u017cdego ko\u0142a na szyn\u0119. W celu pomiaru pr\u0119dko\u015bci i po\u0142o\u017cenia odprz\u0119gu wykorzystano dwug\u0142owicowe czujniki torowe osi. Kilkana\u015bcie takich czujnik\u00f3w jest umieszczonych wzd\u0142u\u017c toru umo\u017cliwiaj\u0105c pomiar po\u0142o\u017cenia i pr\u0119dko\u015bci. Nast\u0119pnie wyniki tych pomiar\u00f3w s\u0105 przekazywane do estymatora pr\u0119dko\u015bci i po\u0142o\u017cenia, kt\u00f3ry wyznacza warto\u015bci tych wielko\u015bci dla chwil lub po\u0142o\u017ce\u0144 po\u015brednich. W ten spos\u00f3b uzyskiwana jest ocena energii odprz\u0119gu jako ci\u0105g\u0142a funkcja drogi lub czasu.<\/p><\/div>\r\n\t<\/div>\r\n\t\t\t<\/div>\n\t\t\t\t\t<\/div>\n\t<\/div>\r\n\t<\/div>\r\n\r\n<div class=\"wrap smax_wrap\"  data-unique=\"2d885ebd_9\">\r\n\t\t\t\t<div class=\"smax_headline align_left textalign_left size_38\"data-unique=\"2d885ebd_10\">\r\n\t\t\t<h4 class=\"el\">\r\n\t\t\tSkontaktuj si\u0119 z nami\t\t<\/h4>\r\n\t\t<\/div>\r\n<div class=\"rsce_form  block\" data-unique=\"2d885ebd_11\" >\n\t\n<div class=\"wpcf7 no-js\" id=\"wpcf7-f860-o1\" lang=\"de-DE\" dir=\"ltr\" data-wpcf7-id=\"860\">\n<div class=\"screen-reader-response\"><p role=\"status\" aria-live=\"polite\" aria-atomic=\"true\"><\/p> <ul><\/ul><\/div>\n<form action=\"\/railway-systems\/axlecounting\/wp-json\/wp\/v2\/pages\/987#wpcf7-f860-o1\" method=\"post\" class=\"wpcf7-form init\" aria-label=\"Kontaktformular\" novalidate=\"novalidate\" data-status=\"init\">\n<fieldset class=\"hidden-fields-container\"><input type=\"hidden\" name=\"_wpcf7\" value=\"860\" \/><input type=\"hidden\" name=\"_wpcf7_version\" value=\"6.1\" \/><input type=\"hidden\" name=\"_wpcf7_locale\" value=\"de_DE\" \/><input type=\"hidden\" name=\"_wpcf7_unit_tag\" value=\"wpcf7-f860-o1\" \/><input type=\"hidden\" name=\"_wpcf7_container_post\" value=\"0\" \/><input type=\"hidden\" name=\"_wpcf7_posted_data_hash\" value=\"\" \/>\n<\/fieldset>\n<div class=\"widgets fields\">\n\t<div class=\"widget widget-text name\">\n\t\t<div class=\"inner\">\n\t\t\t<p><label for=\"ctrl_getintouch_fullname\">Imi\u0119 i nazwisko<span class=\"mandatory\">*<\/span><\/label>\n\t\t\t<\/p>\n\t\t\t<div class=\"input\">\n\t\t\t\t<p><span class=\"wpcf7-form-control-wrap\" data-name=\"fullname\"><input size=\"40\" maxlength=\"400\" class=\"wpcf7-form-control wpcf7-text wpcf7-validates-as-required\" id=\"ctrl_getintouch_fullname\" aria-required=\"true\" aria-invalid=\"false\" value=\"\" type=\"text\" name=\"fullname\" \/><\/span>\n\t\t\t\t<\/p>\n\t\t\t<\/div>\n\t\t<\/div>\n\t<\/div>\n\t<div class=\"widget widget-text company\">\n\t\t<div class=\"inner\">\n\t\t\t<p><label for=\"ctrl_getintouch_company\">Firma<span class=\"mandatory\">*<\/span><\/label>\n\t\t\t<\/p>\n\t\t\t<div class=\"input\">\n\t\t\t\t<p><span class=\"wpcf7-form-control-wrap\" data-name=\"company\"><input size=\"40\" maxlength=\"400\" class=\"wpcf7-form-control wpcf7-text wpcf7-validates-as-required\" id=\"ctrl_getintouch_company\" aria-required=\"true\" aria-invalid=\"false\" value=\"\" type=\"text\" name=\"company\" \/><\/span>\n\t\t\t\t<\/p>\n\t\t\t<\/div>\n\t\t<\/div>\n\t<\/div>\n\t<div class=\"widget widget-text email\">\n\t\t<div class=\"inner\">\n\t\t\t<p><label for=\"ctrl_getintouch_email\">Adres e-mail<span class=\"mandatory\">*<\/span><\/label>\n\t\t\t<\/p>\n\t\t\t<div class=\"input\">\n\t\t\t\t<p><span class=\"wpcf7-form-control-wrap\" data-name=\"email\"><input size=\"40\" maxlength=\"400\" class=\"wpcf7-form-control wpcf7-email wpcf7-validates-as-required wpcf7-text wpcf7-validates-as-email\" id=\"ctrl_getintouch_email\" aria-required=\"true\" aria-invalid=\"false\" value=\"\" type=\"email\" name=\"email\" \/><\/span>\n\t\t\t\t<\/p>\n\t\t\t<\/div>\n\t\t<\/div>\n\t<\/div>\n\t<div class=\"widget widget-text phone\">\n\t\t<div class=\"inner\">\n\t\t\t<p><label for=\"ctrl_getintouch_phone\">Numer telefonu<span class=\"mandatory\">*<\/span><\/label>\n\t\t\t<\/p>\n\t\t\t<div class=\"input\">\n\t\t\t\t<p><span class=\"wpcf7-form-control-wrap\" data-name=\"phone\"><input size=\"40\" maxlength=\"400\" class=\"wpcf7-form-control wpcf7-tel wpcf7-validates-as-required wpcf7-text wpcf7-validates-as-tel\" id=\"ctrl_getintouch_phone\" aria-required=\"true\" aria-invalid=\"false\" value=\"\" type=\"tel\" name=\"phone\" \/><\/span>\n\t\t\t\t<\/p>\n\t\t\t<\/div>\n\t\t<\/div>\n\t<\/div>\n\t<div class=\"widget widget-textarea message\">\n\t\t<div class=\"inner\">\n\t\t\t<p><label for=\"ctrl_getintouch_message\">Twoja wiadomo\u015b\u0107<span class=\"mandatory\">*<\/span><\/label>\n\t\t\t<\/p>\n\t\t\t<div class=\"input\">\n\t\t\t\t<p><span class=\"wpcf7-form-control-wrap\" data-name=\"message\"><textarea cols=\"40\" rows=\"10\" maxlength=\"2000\" class=\"wpcf7-form-control wpcf7-textarea wpcf7-validates-as-required\" id=\"ctrl_getintouch_message\" aria-required=\"true\" aria-invalid=\"false\" name=\"message\"><\/textarea><\/span>\n\t\t\t\t<\/p>\n\t\t\t<\/div>\n\t\t<\/div>\n\t<\/div>\n\t<div class=\"widget submit_container\">\n\t\t<div class=\"inner\">\n\t\t\t<div class=\"input\">\n\t\t\t\t<p><span class=\"wpcf7-form-control-wrap\" data-name=\"dsgvo\"><span class=\"wpcf7-form-control wpcf7-acceptance\"><span class=\"wpcf7-list-item\"><label><input type=\"checkbox\" name=\"dsgvo\" value=\"1\" aria-invalid=\"false\" \/><span class=\"wpcf7-list-item-label\">Niniejszym potwierdzam, \u017ce podane powy\u017cej dane b\u0119d\u0105 przechowywane i wykorzystywane do regularnego wysy\u0142ania wiadomo\u015bci o nowych funkcjach, ofertach, konkursach, produktach itp. zgodnie z polityk\u0105 prywatno\u015bci. Zgoda mo\u017ce zosta\u0107 wycofana w dowolnym momencie.<\/span><\/label><\/span><\/span><\/span><br \/>\n<input class=\"wpcf7-form-control wpcf7-submit has-spinner btn buttonBlue\" type=\"submit\" value=\"Wy\u015blij wiadomo\u015b\u0107\" \/>\n\t\t\t\t<\/p>\n\t\t\t<\/div>\n\t\t<\/div>\n\t<\/div>\n<\/div><div class=\"wpcf7-response-output\" aria-hidden=\"true\"><\/div>\n<\/form>\n<\/div>\n\n<\/div>\r\n\t<\/div>\r\n\r\n","protected":false},"excerpt":{"rendered":"","protected":false},"author":7,"featured_media":0,"parent":0,"menu_order":0,"comment_status":"closed","ping_status":"closed","template":"","meta":{"footnotes":""},"class_list":["post-987","page","type-page","status-publish","hentry"],"_links":{"self":[{"href":"https:\/\/www.voestalpine.com\/railway-systems\/axlecounting\/wp-json\/wp\/v2\/pages\/987","targetHints":{"allow":["GET"]}}],"collection":[{"href":"https:\/\/www.voestalpine.com\/railway-systems\/axlecounting\/wp-json\/wp\/v2\/pages"}],"about":[{"href":"https:\/\/www.voestalpine.com\/railway-systems\/axlecounting\/wp-json\/wp\/v2\/types\/page"}],"author":[{"embeddable":true,"href":"https:\/\/www.voestalpine.com\/railway-systems\/axlecounting\/wp-json\/wp\/v2\/users\/7"}],"replies":[{"embeddable":true,"href":"https:\/\/www.voestalpine.com\/railway-systems\/axlecounting\/wp-json\/wp\/v2\/comments?post=987"}],"version-history":[{"count":23,"href":"https:\/\/www.voestalpine.com\/railway-systems\/axlecounting\/wp-json\/wp\/v2\/pages\/987\/revisions"}],"predecessor-version":[{"id":989,"href":"https:\/\/www.voestalpine.com\/railway-systems\/axlecounting\/wp-json\/wp\/v2\/pages\/987\/revisions\/989"}],"wp:attachment":[{"href":"https:\/\/www.voestalpine.com\/railway-systems\/axlecounting\/wp-json\/wp\/v2\/media?parent=987"}],"curies":[{"name":"wp","href":"https:\/\/api.w.org\/{rel}","templated":true}]}}