{"id":980,"date":"2023-07-24T20:17:26","date_gmt":"2023-07-24T18:17:26","guid":{"rendered":"https:\/\/www.voestalpine.com\/railway-systems\/axlecounting\/?page_id=980"},"modified":"2023-09-08T13:31:15","modified_gmt":"2023-09-08T11:31:15","slug":"980-2","status":"publish","type":"page","link":"https:\/\/www.voestalpine.com\/railway-systems\/axlecounting\/pl\/980-2\/","title":{"rendered":"TENSAN"},"content":{"rendered":"<div class=\"intro  block\" data-unique=\"b3eccb1e_1\" >\n\t<div class=\"inside\">\n\t\t<div class=\"background\">\n\t\t\t\t\t\t\t\t\t\t<img decoding=\"async\"   src=\"https:\/\/www.voestalpine.com\/railway-systems\/axlecounting\/wp-content\/uploads\/2023\/08\/IMG_1002-scaled.jpg\" title=\"IMG_1002\"  srcset=\"https:\/\/www.voestalpine.com\/railway-systems\/axlecounting\/wp-content\/uploads\/2023\/08\/IMG_1002-scaled.jpg 2560w, https:\/\/www.voestalpine.com\/railway-systems\/axlecounting\/wp-content\/uploads\/2023\/08\/IMG_1002-300x225.jpg 300w, https:\/\/www.voestalpine.com\/railway-systems\/axlecounting\/wp-content\/uploads\/2023\/08\/IMG_1002-1024x768.jpg 1024w, https:\/\/www.voestalpine.com\/railway-systems\/axlecounting\/wp-content\/uploads\/2023\/08\/IMG_1002-768x576.jpg 768w, https:\/\/www.voestalpine.com\/railway-systems\/axlecounting\/wp-content\/uploads\/2023\/08\/IMG_1002-1536x1152.jpg 1536w, https:\/\/www.voestalpine.com\/railway-systems\/axlecounting\/wp-content\/uploads\/2023\/08\/IMG_1002-2048x1536.jpg 2048w, https:\/\/www.voestalpine.com\/railway-systems\/axlecounting\/wp-content\/uploads\/2023\/08\/IMG_1002-1900x1425.jpg 1900w, https:\/\/www.voestalpine.com\/railway-systems\/axlecounting\/wp-content\/uploads\/2023\/08\/IMG_1002-1600x1200.jpg 1600w, https:\/\/www.voestalpine.com\/railway-systems\/axlecounting\/wp-content\/uploads\/2023\/08\/IMG_1002-1440x1080.jpg 1440w, https:\/\/www.voestalpine.com\/railway-systems\/axlecounting\/wp-content\/uploads\/2023\/08\/IMG_1002-1200x900.jpg 1200w, https:\/\/www.voestalpine.com\/railway-systems\/axlecounting\/wp-content\/uploads\/2023\/08\/IMG_1002-900x675.jpg 900w, https:\/\/www.voestalpine.com\/railway-systems\/axlecounting\/wp-content\/uploads\/2023\/08\/IMG_1002-600x450.jpg 600w, https:\/\/www.voestalpine.com\/railway-systems\/axlecounting\/wp-content\/uploads\/2023\/08\/IMG_1002-450x338.jpg 450w\" sizes=\"(max-width: 2560px) 100vw, 2560px\"  \/>\r\n\t\t\t\n\t\t\t\t\t<\/div>\n\t\t<div class=\"text-container\">\n\t\t\t<div class=\"inner\">\n\t\t\t\t<h1 class=\"headline\">TENSAN<\/h1>\t\t\t\t<div class=\"text\"><p>szybka i dok\u0142adna ocena stanu zawieszenia taboru<\/p><\/div>\t\t\t<\/div>\n\t\t<\/div>\n\t<\/div>\n<\/div>\r\n\r\n<div class=\"wrap smax_wrap\"  >\r\n\t\t\t\t<div class=\"smax_headline align_left textalign_left size_38  inline_content onlycontent\"data-unique=\"b3eccb1e_4\">\r\n\t\t\t\t<div class=\"content\"><p>Diagnostyka zawieszenia odbywa si\u0119 w procesie kontrolowanego wichrowania k\u00f3\u0142 w wymaganym przez normy zakresie z jednoczesnym pomiarem nacisku<br>i wysoko\u015bci. Wichrowanie k\u00f3\u0142 realizowane jest na sterowanych komputerowo, wbudowanych w torowisko Modu\u0142ach Wymuszaj\u0105co-Pomiarowych wyposa\u017conych<br>w si\u0142ownik hydrauliczny i uk\u0142ady pomiarowe. Dodatkowo, analiza przebiegu charakterystyki histerezowej umo\u017cliwia wykrywanie innych usterek w zawieszeniu, takich jak np. zatarcia w resorach, uszkodzenia spr\u0119\u017cyn i uk\u0142ad\u00f3w wahaczy, czy te\u017c wadliwy monta\u017c zawieszenia.<\/p><\/div>\r\n\t<\/div>\r\n\t<\/div>\r\n\r\n<div class=\"rsce_longtext remove mode_blue butt-off\"data-unique=\"b3eccb1e_5\">\n\t<div class=\"wrap\">\n\t\t\t\t\t<div class=\"text-wrap\">\n\t\t\t\t<h2 class=\"headline\">System do kontroli, oceny stanu technicznego i regulacji zawieszenia taboru kolejowego<\/h2>\t\t\t\t<div class=\"text\"><p>Systemy TENSAN s\u0105 rodzin\u0105 urz\u0105dze\u0144 diagnostycznych do kontroli, oceny stanu technicznego i regulacji zawieszenia pojazd&oacute;w szynowych. Zastosowana metoda wymuszonego wichrowania k&oacute;\u0142 zapewnia eliminacj\u0119 tarcia histerezowego i w rezultacie pozwala na dok\u0142adn\u0105 i szybk\u0105 ocen\u0119 niezr&oacute;wnowa\u017cenia nacisk&oacute;w k&oacute;\u0142 w procesie utrzymania taboru kolejowego.<\/p><\/div>\t\t\t<\/div>\n\t\t\t\t\n\t\t\t\t\t<div class=\"blocks\">\n\t\t\t\t<div class=\"smax_headline align_left textalign_left size_38\"data-unique=\"b3eccb1e_6\">\r\n\t\t\t<h3 class=\"el\">\r\n\t\t\tTENSAN\/P2 oraz TENSAN\/P3\t\t<\/h3>\r\n\t\t\t\t<div class=\"content\"><p>umo\u017cliwia pomiary i regulacj\u0119 rozk\u0142adu nacisk\u00f3w wszystkich pojazd\u00f3w szynowych&nbsp; oraz pomiar sztywno\u015bci skr\u0119tnej na ruchomym w\u00f3zku poprzez oddzielny pomiar ka\u017cdego w\u00f3zka (konieczno\u015b\u0107 przetaczania pojazdu). Stanowisko mo\u017ce by\u0107 wykonane w wersji P3, z 3 parami modu\u0142\u00f3w pomiarowych, dla pojazd\u00f3w z w\u00f3zkami 2 i 3 osiowymi oraz P2 z 2 parami modu\u0142\u00f3w pomiarowych, dla pojazd\u00f3w z w\u00f3zkami 2 osiowymi<\/p><\/div>\r\n\t<\/div>\r\n<div class=\"smax_headline align_left textalign_left size_38\"data-unique=\"b3eccb1e_7\">\r\n\t\t\t<h3 class=\"el\">\r\n\t\t\tTENSAN\/P3L4\t\t<\/h3>\r\n\t\t\t\t<div class=\"content\"><p>umo\u017cliwia pomiary i regulacj\u0119 nacisk\u00f3w oraz pe\u0142ny pomiar sztywno\u015bci skr\u0119tnej wszystkich typ\u00f3w lokomotyw oraz wi\u0119kszo\u015bci wagon\u00f3w towarowych bez przetaczania pojazdu. Pojazdy o du\u017cym rozstawie w\u00f3zk\u00f3w (wagony pasa\u017cerskie, jednostki trakcyjne, d\u0142ugie wagony towarowe) wymagaj\u0105 przetaczania.<\/p><\/div>\r\n\t<\/div>\r\n<div class=\"smax_headline align_left textalign_left size_38\"data-unique=\"b3eccb1e_8\">\r\n\t\t\t<h3 class=\"el\">\r\n\t\t\tTENSAN\/P3L4W3\t\t<\/h3>\r\n\t\t\t\t<div class=\"content\"><p>umo\u017cliwia pomiary i regulacj\u0119 nacisk\u00f3w oraz pe\u0142ny pomiar sztywno\u015bci skr\u0119tnej wszystkich typ\u00f3w pojazd\u00f3w szynowych.<\/p><\/div>\r\n\t<\/div>\r\n\r\n\r\n\r\n\r\n\r\n\r\n\r\n\r\n\r\n\r\n[\/headline]\r\n[\/rsce_imgtext]\r\n[\/wrap]\r\n\t\t\t<\/div>\n\t\t\t\t\t<\/div>\n\t<\/div>\r\n\r\n<div class=\"wrap smax_wrap\"  data-unique=\"b3eccb1e_9\">\r\n\t\t\t\t<div class=\"smax_headline align_left textalign_left size_38\"data-unique=\"b3eccb1e_10\">\r\n\t\t\t<h4 class=\"el\">\r\n\t\t\tSkontaktuj si\u0119 z nami\t\t<\/h4>\r\n\t\t<\/div>\r\n<div class=\"rsce_form  block\" data-unique=\"b3eccb1e_11\" >\n\t\n<div class=\"wpcf7 no-js\" id=\"wpcf7-f860-o1\" lang=\"de-DE\" dir=\"ltr\" data-wpcf7-id=\"860\">\n<div class=\"screen-reader-response\"><p role=\"status\" aria-live=\"polite\" aria-atomic=\"true\"><\/p> <ul><\/ul><\/div>\n<form action=\"\/railway-systems\/axlecounting\/wp-json\/wp\/v2\/pages\/980#wpcf7-f860-o1\" method=\"post\" class=\"wpcf7-form init\" aria-label=\"Kontaktformular\" novalidate=\"novalidate\" data-status=\"init\">\n<fieldset class=\"hidden-fields-container\"><input type=\"hidden\" name=\"_wpcf7\" value=\"860\" \/><input type=\"hidden\" name=\"_wpcf7_version\" value=\"6.1\" \/><input type=\"hidden\" name=\"_wpcf7_locale\" value=\"de_DE\" \/><input type=\"hidden\" name=\"_wpcf7_unit_tag\" value=\"wpcf7-f860-o1\" \/><input type=\"hidden\" name=\"_wpcf7_container_post\" value=\"0\" \/><input type=\"hidden\" name=\"_wpcf7_posted_data_hash\" value=\"\" \/>\n<\/fieldset>\n<div class=\"widgets fields\">\n\t<div class=\"widget widget-text name\">\n\t\t<div class=\"inner\">\n\t\t\t<p><label for=\"ctrl_getintouch_fullname\">Imi\u0119 i nazwisko<span class=\"mandatory\">*<\/span><\/label>\n\t\t\t<\/p>\n\t\t\t<div class=\"input\">\n\t\t\t\t<p><span class=\"wpcf7-form-control-wrap\" data-name=\"fullname\"><input size=\"40\" maxlength=\"400\" class=\"wpcf7-form-control wpcf7-text wpcf7-validates-as-required\" id=\"ctrl_getintouch_fullname\" aria-required=\"true\" aria-invalid=\"false\" value=\"\" type=\"text\" name=\"fullname\" \/><\/span>\n\t\t\t\t<\/p>\n\t\t\t<\/div>\n\t\t<\/div>\n\t<\/div>\n\t<div class=\"widget widget-text company\">\n\t\t<div class=\"inner\">\n\t\t\t<p><label for=\"ctrl_getintouch_company\">Firma<span class=\"mandatory\">*<\/span><\/label>\n\t\t\t<\/p>\n\t\t\t<div class=\"input\">\n\t\t\t\t<p><span class=\"wpcf7-form-control-wrap\" data-name=\"company\"><input size=\"40\" maxlength=\"400\" class=\"wpcf7-form-control wpcf7-text wpcf7-validates-as-required\" id=\"ctrl_getintouch_company\" aria-required=\"true\" aria-invalid=\"false\" value=\"\" type=\"text\" name=\"company\" \/><\/span>\n\t\t\t\t<\/p>\n\t\t\t<\/div>\n\t\t<\/div>\n\t<\/div>\n\t<div class=\"widget widget-text email\">\n\t\t<div class=\"inner\">\n\t\t\t<p><label for=\"ctrl_getintouch_email\">Adres e-mail<span class=\"mandatory\">*<\/span><\/label>\n\t\t\t<\/p>\n\t\t\t<div class=\"input\">\n\t\t\t\t<p><span class=\"wpcf7-form-control-wrap\" data-name=\"email\"><input size=\"40\" maxlength=\"400\" class=\"wpcf7-form-control wpcf7-email wpcf7-validates-as-required wpcf7-text wpcf7-validates-as-email\" id=\"ctrl_getintouch_email\" aria-required=\"true\" aria-invalid=\"false\" value=\"\" type=\"email\" name=\"email\" \/><\/span>\n\t\t\t\t<\/p>\n\t\t\t<\/div>\n\t\t<\/div>\n\t<\/div>\n\t<div class=\"widget widget-text phone\">\n\t\t<div class=\"inner\">\n\t\t\t<p><label for=\"ctrl_getintouch_phone\">Numer telefonu<span class=\"mandatory\">*<\/span><\/label>\n\t\t\t<\/p>\n\t\t\t<div class=\"input\">\n\t\t\t\t<p><span class=\"wpcf7-form-control-wrap\" data-name=\"phone\"><input size=\"40\" maxlength=\"400\" class=\"wpcf7-form-control wpcf7-tel wpcf7-validates-as-required wpcf7-text wpcf7-validates-as-tel\" id=\"ctrl_getintouch_phone\" aria-required=\"true\" aria-invalid=\"false\" value=\"\" type=\"tel\" name=\"phone\" \/><\/span>\n\t\t\t\t<\/p>\n\t\t\t<\/div>\n\t\t<\/div>\n\t<\/div>\n\t<div class=\"widget widget-textarea message\">\n\t\t<div class=\"inner\">\n\t\t\t<p><label for=\"ctrl_getintouch_message\">Twoja wiadomo\u015b\u0107<span class=\"mandatory\">*<\/span><\/label>\n\t\t\t<\/p>\n\t\t\t<div class=\"input\">\n\t\t\t\t<p><span class=\"wpcf7-form-control-wrap\" data-name=\"message\"><textarea cols=\"40\" rows=\"10\" maxlength=\"2000\" class=\"wpcf7-form-control wpcf7-textarea wpcf7-validates-as-required\" id=\"ctrl_getintouch_message\" aria-required=\"true\" aria-invalid=\"false\" name=\"message\"><\/textarea><\/span>\n\t\t\t\t<\/p>\n\t\t\t<\/div>\n\t\t<\/div>\n\t<\/div>\n\t<div class=\"widget submit_container\">\n\t\t<div class=\"inner\">\n\t\t\t<div class=\"input\">\n\t\t\t\t<p><span class=\"wpcf7-form-control-wrap\" data-name=\"dsgvo\"><span class=\"wpcf7-form-control wpcf7-acceptance\"><span class=\"wpcf7-list-item\"><label><input type=\"checkbox\" name=\"dsgvo\" value=\"1\" aria-invalid=\"false\" \/><span class=\"wpcf7-list-item-label\">Niniejszym potwierdzam, \u017ce podane powy\u017cej dane b\u0119d\u0105 przechowywane i wykorzystywane do regularnego wysy\u0142ania wiadomo\u015bci o nowych funkcjach, ofertach, konkursach, produktach itp. zgodnie z polityk\u0105 prywatno\u015bci. Zgoda mo\u017ce zosta\u0107 wycofana w dowolnym momencie.<\/span><\/label><\/span><\/span><\/span><br \/>\n<input class=\"wpcf7-form-control wpcf7-submit has-spinner btn buttonBlue\" type=\"submit\" value=\"Wy\u015blij wiadomo\u015b\u0107\" \/>\n\t\t\t\t<\/p>\n\t\t\t<\/div>\n\t\t<\/div>\n\t<\/div>\n<\/div><div class=\"wpcf7-response-output\" aria-hidden=\"true\"><\/div>\n<\/form>\n<\/div>\n\n<\/div>\r\n\t<\/div>\r\n\r\n","protected":false},"excerpt":{"rendered":"","protected":false},"author":7,"featured_media":0,"parent":0,"menu_order":0,"comment_status":"closed","ping_status":"closed","template":"","meta":{"footnotes":""},"class_list":["post-980","page","type-page","status-publish","hentry"],"_links":{"self":[{"href":"https:\/\/www.voestalpine.com\/railway-systems\/axlecounting\/wp-json\/wp\/v2\/pages\/980","targetHints":{"allow":["GET"]}}],"collection":[{"href":"https:\/\/www.voestalpine.com\/railway-systems\/axlecounting\/wp-json\/wp\/v2\/pages"}],"about":[{"href":"https:\/\/www.voestalpine.com\/railway-systems\/axlecounting\/wp-json\/wp\/v2\/types\/page"}],"author":[{"embeddable":true,"href":"https:\/\/www.voestalpine.com\/railway-systems\/axlecounting\/wp-json\/wp\/v2\/users\/7"}],"replies":[{"embeddable":true,"href":"https:\/\/www.voestalpine.com\/railway-systems\/axlecounting\/wp-json\/wp\/v2\/comments?post=980"}],"version-history":[{"count":18,"href":"https:\/\/www.voestalpine.com\/railway-systems\/axlecounting\/wp-json\/wp\/v2\/pages\/980\/revisions"}],"predecessor-version":[{"id":1310,"href":"https:\/\/www.voestalpine.com\/railway-systems\/axlecounting\/wp-json\/wp\/v2\/pages\/980\/revisions\/1310"}],"wp:attachment":[{"href":"https:\/\/www.voestalpine.com\/railway-systems\/axlecounting\/wp-json\/wp\/v2\/media?parent=980"}],"curies":[{"name":"wp","href":"https:\/\/api.w.org\/{rel}","templated":true}]}}