{"id":966,"date":"2023-07-24T19:45:42","date_gmt":"2023-07-24T17:45:42","guid":{"rendered":"https:\/\/www.voestalpine.com\/railway-systems\/axlecounting\/?page_id=966"},"modified":"2023-09-08T13:30:31","modified_gmt":"2023-09-08T11:30:31","slug":"cyberbezpieczenstwo","status":"publish","type":"page","link":"https:\/\/www.voestalpine.com\/railway-systems\/axlecounting\/pl\/cyberbezpieczenstwo\/","title":{"rendered":"Cyberbezpiecze\u0144stwo"},"content":{"rendered":"<div class=\"intro  block\" data-unique=\"c40c43a5_1\" >\n\t<div class=\"inside\">\n\t\t<div class=\"background\">\n\t\t\t\t\t\t\t\t\t\t<img decoding=\"async\"   src=\"https:\/\/www.voestalpine.com\/railway-systems\/axlecounting\/wp-content\/uploads\/2022\/02\/solution-overview.jpg\" title=\"solution-overview\"  srcset=\"https:\/\/www.voestalpine.com\/railway-systems\/axlecounting\/wp-content\/uploads\/2022\/02\/solution-overview.jpg 1920w, https:\/\/www.voestalpine.com\/railway-systems\/axlecounting\/wp-content\/uploads\/2022\/02\/solution-overview-300x169.jpg 300w, https:\/\/www.voestalpine.com\/railway-systems\/axlecounting\/wp-content\/uploads\/2022\/02\/solution-overview-1024x576.jpg 1024w, https:\/\/www.voestalpine.com\/railway-systems\/axlecounting\/wp-content\/uploads\/2022\/02\/solution-overview-768x432.jpg 768w, https:\/\/www.voestalpine.com\/railway-systems\/axlecounting\/wp-content\/uploads\/2022\/02\/solution-overview-1536x864.jpg 1536w, https:\/\/www.voestalpine.com\/railway-systems\/axlecounting\/wp-content\/uploads\/2022\/02\/solution-overview-1900x1069.jpg 1900w, https:\/\/www.voestalpine.com\/railway-systems\/axlecounting\/wp-content\/uploads\/2022\/02\/solution-overview-1600x900.jpg 1600w, https:\/\/www.voestalpine.com\/railway-systems\/axlecounting\/wp-content\/uploads\/2022\/02\/solution-overview-1440x810.jpg 1440w, https:\/\/www.voestalpine.com\/railway-systems\/axlecounting\/wp-content\/uploads\/2022\/02\/solution-overview-1200x675.jpg 1200w, https:\/\/www.voestalpine.com\/railway-systems\/axlecounting\/wp-content\/uploads\/2022\/02\/solution-overview-900x506.jpg 900w, https:\/\/www.voestalpine.com\/railway-systems\/axlecounting\/wp-content\/uploads\/2022\/02\/solution-overview-600x338.jpg 600w, https:\/\/www.voestalpine.com\/railway-systems\/axlecounting\/wp-content\/uploads\/2022\/02\/solution-overview-450x253.jpg 450w\" sizes=\"(max-width: 1920px) 100vw, 1920px\"  \/>\r\n\t\t\t\n\t\t\t\t\t<\/div>\n\t\t<div class=\"text-container\">\n\t\t\t<div class=\"inner\">\n\t\t\t\t<h1 class=\"headline\">Ochrona <br>Twojego systemu<br>na najwy\u017cszym poziomie<\/h1>\t\t\t\t\t\t\t<\/div>\n\t\t<\/div>\n\t<\/div>\n<\/div>\r\n\r\n<div class=\"rsce_longtext  mode_blue butt-off\"data-unique=\"c40c43a5_3\">\n\t<div class=\"wrap\">\n\t\t\t\t\t<div class=\"text-wrap\">\n\t\t\t\t<h2 class=\"headline\">Bezpiecze\u0144stwo i ochrona<br>na najwy\u017cszym poziomie<\/h2>\t\t\t\t<div class=\"text\"><p>Spe\u0142nienie najwy\u017cszych poziom&oacute;w bezpiecze\u0144stwa (SIL4) dla system&oacute;w niezaj\u0119to\u015bci odcink&oacute;w torowych jest obecnie rozumiane jako standard bran\u017cowy.<\/p>\r\n<p>Podczas projektowania systemu UniAC&#x5B;2&#x5D; firma voestalpine postanowi\u0142a p&oacute;j\u015b\u0107 o krok dalej i uwzgl\u0119dni\u0107 r&oacute;wnie\u017c \u015brodki cyberbezpiecze\u0144stwa (uwierzytelnianie, autoryzacja, integralno\u015b\u0107, szyfrowanie), kt&oacute;re wyeliminowa\u0142yby zidentyfikowane luki i ograniczy\u0142y zagro\u017cenia w nowo opracowanym systemie liczenia osi UniAC&#x5B;2&#x5D;.<\/p><\/div>\t\t\t<\/div>\n\t\t\t\t\n\t\t\t\t\t<div class=\"blocks\">\n\t\t\t\t<div class=\"smax_headline align_left textalign_left size_38\"data-unique=\"c40c43a5_4\">\r\n\t\t\t<h3 class=\"el\">\r\n\t\t\tP\u0142aszczyzna ataku zredukowana do minimum\t\t<\/h3>\r\n\t\t\t\t<div class=\"content\"><p>Ograniczyli\u015bmy ilo\u015b\u0107 i dost\u0119p do interfejs\u00f3w potencjalnie nara\u017conych na atak. Dzi\u0119ki zastosowaniu autorskiego oprogramowania wbudowanego i sprz\u0119tu (bez COTS i OS w obszarze bezpiecze\u0144stwa) system nie zawiera popularnych podatno\u015bci znanych z COTS. Dodatkowo UniAC[2] umo\u017cliwia wprowadzenie segmentacji sieci i kontrol\u0119 dost\u0119pu na kilku poziomach.<\/p><\/div>\r\n\t<\/div>\r\n<div class=\"smax_headline align_left textalign_left size_38\"data-unique=\"c40c43a5_5\">\r\n\t\t\t<h3 class=\"el\">\r\n\t\t\tWielowarstwowa ochrona (Defence in Depth)\t\t<\/h3>\r\n\t\t\t\t<div class=\"content\"><p>System posiada wielowarstwow\u0105 architektur\u0119 zabezpiecze\u0144 i wykrywania w\u0142ama\u0144. Wdro\u017cyli\u015bmy dobre praktyki na r\u00f3\u017cnych warstwach ISO\/OSI &#8211; od 2 do 7, w tym zaawansowane filtrowanie na poziomie L2, L3 jak i aplikacji (L7).<\/p><\/div>\r\n\t<\/div>\r\n<div class=\"smax_headline align_left textalign_left size_38\"data-unique=\"c40c43a5_6\">\r\n\t\t\t<h3 class=\"el\">\r\n\t\t\tZaprojektowany jako zabezpieczony (Security by Design)\t\t<\/h3>\r\n\t\t\t\t<div class=\"content\"><p>Zaprojektowali\u015bmy nasz system z my\u015bl\u0105 o rozdzieleniu zabezpiecze\u0144 (security) od funkcji bezpiecze\u0144stwa funkcjonalnego (safety). Odpowiedni projekt architektury pozwala chroni\u0107 krytyczne funkcje systemu przezd zagro\u017ceniami.<\/p><\/div>\r\n\t<\/div>\r\n\t\t\t<\/div>\n\t\t\t\t\t<\/div>\n\t<\/div>\r\n\r\n<div class=\"wrap smax_wrap\"  data-unique=\"c40c43a5_7\">\r\n\t\t\t\t<div class=\"smax_headline align_left textalign_left size_38\"data-unique=\"c40c43a5_8\">\r\n\t\t\t<h4 class=\"el\">\r\n\t\t\tSkontaktuj si\u0119 z nami\t\t<\/h4>\r\n\t\t<\/div>\r\n<div class=\"rsce_form  block\" data-unique=\"c40c43a5_9\" >\n\t\n<div class=\"wpcf7 no-js\" id=\"wpcf7-f860-o1\" lang=\"de-DE\" dir=\"ltr\" data-wpcf7-id=\"860\">\n<div class=\"screen-reader-response\"><p role=\"status\" aria-live=\"polite\" aria-atomic=\"true\"><\/p> <ul><\/ul><\/div>\n<form action=\"\/railway-systems\/axlecounting\/wp-json\/wp\/v2\/pages\/966#wpcf7-f860-o1\" method=\"post\" class=\"wpcf7-form init\" aria-label=\"Kontaktformular\" novalidate=\"novalidate\" data-status=\"init\">\n<fieldset class=\"hidden-fields-container\"><input type=\"hidden\" name=\"_wpcf7\" value=\"860\" \/><input type=\"hidden\" name=\"_wpcf7_version\" value=\"6.1\" \/><input type=\"hidden\" name=\"_wpcf7_locale\" value=\"de_DE\" \/><input type=\"hidden\" name=\"_wpcf7_unit_tag\" value=\"wpcf7-f860-o1\" \/><input type=\"hidden\" name=\"_wpcf7_container_post\" value=\"0\" \/><input type=\"hidden\" name=\"_wpcf7_posted_data_hash\" value=\"\" \/>\n<\/fieldset>\n<div class=\"widgets fields\">\n\t<div class=\"widget widget-text name\">\n\t\t<div class=\"inner\">\n\t\t\t<p><label for=\"ctrl_getintouch_fullname\">Imi\u0119 i nazwisko<span class=\"mandatory\">*<\/span><\/label>\n\t\t\t<\/p>\n\t\t\t<div class=\"input\">\n\t\t\t\t<p><span class=\"wpcf7-form-control-wrap\" data-name=\"fullname\"><input size=\"40\" maxlength=\"400\" class=\"wpcf7-form-control wpcf7-text wpcf7-validates-as-required\" id=\"ctrl_getintouch_fullname\" aria-required=\"true\" aria-invalid=\"false\" value=\"\" type=\"text\" name=\"fullname\" \/><\/span>\n\t\t\t\t<\/p>\n\t\t\t<\/div>\n\t\t<\/div>\n\t<\/div>\n\t<div class=\"widget widget-text company\">\n\t\t<div class=\"inner\">\n\t\t\t<p><label for=\"ctrl_getintouch_company\">Firma<span class=\"mandatory\">*<\/span><\/label>\n\t\t\t<\/p>\n\t\t\t<div class=\"input\">\n\t\t\t\t<p><span class=\"wpcf7-form-control-wrap\" data-name=\"company\"><input size=\"40\" maxlength=\"400\" class=\"wpcf7-form-control wpcf7-text wpcf7-validates-as-required\" id=\"ctrl_getintouch_company\" aria-required=\"true\" aria-invalid=\"false\" value=\"\" type=\"text\" name=\"company\" \/><\/span>\n\t\t\t\t<\/p>\n\t\t\t<\/div>\n\t\t<\/div>\n\t<\/div>\n\t<div class=\"widget widget-text email\">\n\t\t<div class=\"inner\">\n\t\t\t<p><label for=\"ctrl_getintouch_email\">Adres e-mail<span class=\"mandatory\">*<\/span><\/label>\n\t\t\t<\/p>\n\t\t\t<div class=\"input\">\n\t\t\t\t<p><span class=\"wpcf7-form-control-wrap\" data-name=\"email\"><input size=\"40\" maxlength=\"400\" class=\"wpcf7-form-control wpcf7-email wpcf7-validates-as-required wpcf7-text wpcf7-validates-as-email\" id=\"ctrl_getintouch_email\" aria-required=\"true\" aria-invalid=\"false\" value=\"\" type=\"email\" name=\"email\" \/><\/span>\n\t\t\t\t<\/p>\n\t\t\t<\/div>\n\t\t<\/div>\n\t<\/div>\n\t<div class=\"widget widget-text phone\">\n\t\t<div class=\"inner\">\n\t\t\t<p><label for=\"ctrl_getintouch_phone\">Numer telefonu<span class=\"mandatory\">*<\/span><\/label>\n\t\t\t<\/p>\n\t\t\t<div class=\"input\">\n\t\t\t\t<p><span class=\"wpcf7-form-control-wrap\" data-name=\"phone\"><input size=\"40\" maxlength=\"400\" class=\"wpcf7-form-control wpcf7-tel wpcf7-validates-as-required wpcf7-text wpcf7-validates-as-tel\" id=\"ctrl_getintouch_phone\" aria-required=\"true\" aria-invalid=\"false\" value=\"\" type=\"tel\" name=\"phone\" \/><\/span>\n\t\t\t\t<\/p>\n\t\t\t<\/div>\n\t\t<\/div>\n\t<\/div>\n\t<div class=\"widget widget-textarea message\">\n\t\t<div class=\"inner\">\n\t\t\t<p><label for=\"ctrl_getintouch_message\">Twoja wiadomo\u015b\u0107<span class=\"mandatory\">*<\/span><\/label>\n\t\t\t<\/p>\n\t\t\t<div class=\"input\">\n\t\t\t\t<p><span class=\"wpcf7-form-control-wrap\" data-name=\"message\"><textarea cols=\"40\" rows=\"10\" maxlength=\"2000\" class=\"wpcf7-form-control wpcf7-textarea wpcf7-validates-as-required\" id=\"ctrl_getintouch_message\" aria-required=\"true\" aria-invalid=\"false\" name=\"message\"><\/textarea><\/span>\n\t\t\t\t<\/p>\n\t\t\t<\/div>\n\t\t<\/div>\n\t<\/div>\n\t<div class=\"widget submit_container\">\n\t\t<div class=\"inner\">\n\t\t\t<div class=\"input\">\n\t\t\t\t<p><span class=\"wpcf7-form-control-wrap\" data-name=\"dsgvo\"><span class=\"wpcf7-form-control wpcf7-acceptance\"><span class=\"wpcf7-list-item\"><label><input type=\"checkbox\" name=\"dsgvo\" value=\"1\" aria-invalid=\"false\" \/><span class=\"wpcf7-list-item-label\">Niniejszym potwierdzam, \u017ce podane powy\u017cej dane b\u0119d\u0105 przechowywane i wykorzystywane do regularnego wysy\u0142ania wiadomo\u015bci o nowych funkcjach, ofertach, konkursach, produktach itp. zgodnie z polityk\u0105 prywatno\u015bci. Zgoda mo\u017ce zosta\u0107 wycofana w dowolnym momencie.<\/span><\/label><\/span><\/span><\/span><br \/>\n<input class=\"wpcf7-form-control wpcf7-submit has-spinner btn buttonBlue\" type=\"submit\" value=\"Wy\u015blij wiadomo\u015b\u0107\" \/>\n\t\t\t\t<\/p>\n\t\t\t<\/div>\n\t\t<\/div>\n\t<\/div>\n<\/div><div class=\"wpcf7-response-output\" aria-hidden=\"true\"><\/div>\n<\/form>\n<\/div>\n\n<\/div>\r\n\t<\/div>\r\n\r\n","protected":false},"excerpt":{"rendered":"","protected":false},"author":7,"featured_media":0,"parent":0,"menu_order":0,"comment_status":"closed","ping_status":"closed","template":"","meta":{"footnotes":""},"class_list":["post-966","page","type-page","status-publish","hentry"],"_links":{"self":[{"href":"https:\/\/www.voestalpine.com\/railway-systems\/axlecounting\/wp-json\/wp\/v2\/pages\/966","targetHints":{"allow":["GET"]}}],"collection":[{"href":"https:\/\/www.voestalpine.com\/railway-systems\/axlecounting\/wp-json\/wp\/v2\/pages"}],"about":[{"href":"https:\/\/www.voestalpine.com\/railway-systems\/axlecounting\/wp-json\/wp\/v2\/types\/page"}],"author":[{"embeddable":true,"href":"https:\/\/www.voestalpine.com\/railway-systems\/axlecounting\/wp-json\/wp\/v2\/users\/7"}],"replies":[{"embeddable":true,"href":"https:\/\/www.voestalpine.com\/railway-systems\/axlecounting\/wp-json\/wp\/v2\/comments?post=966"}],"version-history":[{"count":7,"href":"https:\/\/www.voestalpine.com\/railway-systems\/axlecounting\/wp-json\/wp\/v2\/pages\/966\/revisions"}],"predecessor-version":[{"id":1338,"href":"https:\/\/www.voestalpine.com\/railway-systems\/axlecounting\/wp-json\/wp\/v2\/pages\/966\/revisions\/1338"}],"wp:attachment":[{"href":"https:\/\/www.voestalpine.com\/railway-systems\/axlecounting\/wp-json\/wp\/v2\/media?parent=966"}],"curies":[{"name":"wp","href":"https:\/\/api.w.org\/{rel}","templated":true}]}}