{"id":914,"date":"2023-07-12T16:44:29","date_gmt":"2023-07-12T14:44:29","guid":{"rendered":"https:\/\/www.voestalpine.com\/railway-systems\/axlecounting\/?page_id=914"},"modified":"2023-09-08T13:31:00","modified_gmt":"2023-09-08T11:31:00","slug":"solutions-2","status":"publish","type":"page","link":"https:\/\/www.voestalpine.com\/railway-systems\/axlecounting\/pl\/solutions-2\/","title":{"rendered":"Rozwi\u0105zania"},"content":{"rendered":"<div class=\"intro  block\" data-unique=\"6543b44e_1\" >\n\t<div class=\"inside\">\n\t\t<div class=\"background\">\n\t\t\t\t\t\t\t\t\t\t<img decoding=\"async\"   src=\"https:\/\/www.voestalpine.com\/railway-systems\/axlecounting\/wp-content\/uploads\/2022\/02\/existing_solution_header02.jpg\" title=\"existing_solution_header02\"  srcset=\"https:\/\/www.voestalpine.com\/railway-systems\/axlecounting\/wp-content\/uploads\/2022\/02\/existing_solution_header02.jpg 2500w, https:\/\/www.voestalpine.com\/railway-systems\/axlecounting\/wp-content\/uploads\/2022\/02\/existing_solution_header02-300x163.jpg 300w, https:\/\/www.voestalpine.com\/railway-systems\/axlecounting\/wp-content\/uploads\/2022\/02\/existing_solution_header02-1024x555.jpg 1024w, https:\/\/www.voestalpine.com\/railway-systems\/axlecounting\/wp-content\/uploads\/2022\/02\/existing_solution_header02-768x416.jpg 768w, https:\/\/www.voestalpine.com\/railway-systems\/axlecounting\/wp-content\/uploads\/2022\/02\/existing_solution_header02-1536x833.jpg 1536w, https:\/\/www.voestalpine.com\/railway-systems\/axlecounting\/wp-content\/uploads\/2022\/02\/existing_solution_header02-2048x1110.jpg 2048w, https:\/\/www.voestalpine.com\/railway-systems\/axlecounting\/wp-content\/uploads\/2022\/02\/existing_solution_header02-1900x1030.jpg 1900w, https:\/\/www.voestalpine.com\/railway-systems\/axlecounting\/wp-content\/uploads\/2022\/02\/existing_solution_header02-1600x867.jpg 1600w, https:\/\/www.voestalpine.com\/railway-systems\/axlecounting\/wp-content\/uploads\/2022\/02\/existing_solution_header02-1440x780.jpg 1440w, https:\/\/www.voestalpine.com\/railway-systems\/axlecounting\/wp-content\/uploads\/2022\/02\/existing_solution_header02-1200x650.jpg 1200w, https:\/\/www.voestalpine.com\/railway-systems\/axlecounting\/wp-content\/uploads\/2022\/02\/existing_solution_header02-900x488.jpg 900w, https:\/\/www.voestalpine.com\/railway-systems\/axlecounting\/wp-content\/uploads\/2022\/02\/existing_solution_header02-600x325.jpg 600w, https:\/\/www.voestalpine.com\/railway-systems\/axlecounting\/wp-content\/uploads\/2022\/02\/existing_solution_header02-450x244.jpg 450w\" sizes=\"(max-width: 2500px) 100vw, 2500px\"  \/>\r\n\t\t\t\n\t\t\t\t\t<\/div>\n\t\t<div class=\"text-container\">\n\t\t\t<div class=\"inner\">\n\t\t\t\t<h1 class=\"headline\">Istniej\u0105ce aplikacje<\/h1>\t\t\t\t<div class=\"text\"><p>Modernizacja system\u00f3w niezaj\u0119to\u015bci odcink\u00f3w torowych w celu zapewnienia najwy\u017cszej wydajno\u015bci i bezpiecze\u0144stwa<\/p><\/div>\t\t\t<\/div>\n\t\t<\/div>\n\t<\/div>\n<\/div>\r\n\r\n<div class=\"rsce_longtext  mode_gray butt-off\"data-unique=\"6543b44e_3\">\n\t<div class=\"wrap\">\n\t\t\t\t\t<div class=\"text-wrap\">\n\t\t\t\t<h2 class=\"headline\">Pomo\u017cemy Ci znale\u017a\u0107 <br>naj\u0142atwiejszy spos\u00f3b integracji<\/h2>\t\t\t\t\t\t\t<\/div>\n\t\t\t\t\n\t\t\t\t\t<div class=\"blocks\">\n\t\t\t\t<div class=\"smax_headline align_left textalign_left size_38  onlycontent\"data-unique=\"6543b44e_4\">\r\n\t\t\t\t<div class=\"content\"><ul class=\"has-blue-gt\">\r\n<li>Znacznie wy\u017csza niezawodno\u015b\u0107 ni\u017c w obwodach torowych, wynikaj\u0105ca z braku po\u0142\u0105czenia z szynami (odporno\u015b\u0107 na uszkodzenia spowodowane wy\u0142adowaniami atmosferycznymi)<\/li>\r\n<li>Liczniki osi wykazuj\u0105 wi\u0119ksz\u0105 niezawodno\u015b\u0107 ni\u017c obwody torowe (ponad 5-6 razy, w oparciu o d\u0142ugotrwa\u0142e monitorowanie)<\/li>\r\n<li>Odporno\u015b\u0107 na s\u0142ab\u0105 jako\u015b\u0107 torowiska i podsypki<\/li>\r\n<li>Odporno\u015b\u0107 na wp\u0142ywy klimatyczne (obwody torowe nie s\u0105 niezawodne w \u015brodowisku o du\u017cej wilgotno\u015bci)<\/li>\r\n<\/ul><\/div>\r\n\t<\/div>\r\n<div class=\"smax_headline align_left textalign_left size_38  onlycontent\"data-unique=\"6543b44e_5\">\r\n\t\t\t\t<div class=\"content\"><ul class=\"has-blue-gt\">\r\n<li>Zmniejszone koszty utrzymania<\/li>\r\n<li>Mo\u017cliwo\u015b\u0107 budowania d\u0142ugich odcink\u00f3w torowych i wi\u0119kszej liczby rozjazd\u00f3w w ramach jednego odcinka<\/li>\r\n<li>Mo\u017cliwo\u015b\u0107 dostarczania wi\u0119kszej ilo\u015bci informacji dla innych podsystem\u00f3w (pr\u0119dko\u015b\u0107, liczba osi, &#8230;)<\/li>\r\n<li>Zastosowanie licznika osi jest znacznie ta\u0144sze ni\u017c obwod\u00f3w torowych<\/li>\r\n<\/ul><\/div>\r\n\t<\/div>\r\n<p>&nbsp;<\/p><p>&nbsp;<\/p><p>Wszystko dzi\u0119ki wysoce elastycznym i konfigurowalnym interfejsom.<\/p><p>W zale\u017cno\u015bci od istniej\u0105cego systemu sterowania ruchem kolejowym pomagamy w znalezieniu naj\u0142atwiejszego sposobu integracji naszego systemu liczenia osi UniAC[2] z Twoj\u0105 aplikacj\u0105. Gwarantujemy, \u017ce istniej\u0105cy i dzia\u0142aj\u0105cy system signalingowy mo\u017ce pozosta\u0107 zainstalowany, a Ty mo\u017cesz ograniczy\u0107 swoje inwestycje, bez kompromis\u00f3w w zakresie bezpiecze\u0144stwa lub wydajno\u015bci stosowanej technologii system\u00f3w niezaj\u0119to\u015bci.<\/p><p>System liczenia osi zostanie dostosowany do lokalnych wymaga\u0144 dzi\u0119ki swojej wysokiej mo\u017cliwo\u015bci adaptacji. Wszystko to jednak nie wp\u0142ynie na bezpiecze\u0144stwo, poniewa\u017c mamy pewno\u015b\u0107, kt\u00f3r\u0105 udowodnili\u015bmy r\u00f3wnie\u017c poprzez ocen\u0119 SIL4 przeprowadzon\u0105 przez T\u00dcV S\u00dcD w Braunschweig, \u017ce wszystkie nasze dostarczone konfiguracje osi\u0105gn\u0105 wymagane poziomy bezpiecze\u0144stwa.<br>Wreszcie, wszystko to b\u0119dzie wspierane przez dostarczenie pe\u0142nego zestawu dokument\u00f3w, w tym schemat\u00f3w elektrycznych, co u\u0142atwi dostosowanie istniej\u0105cej aplikacji.<\/p>[\/rsce_imgtext]\r\n[\/wrap]\r\n\t\t\t<\/div>\n\t\t\t\t\t<\/div>\n\t<\/div>\r\n\r\n<div class=\"intro  block\" data-unique=\"6543b44e_6\" >\n\t<div class=\"inside\">\n\t\t<div class=\"background\">\n\t\t\t\t\t\t\t\t\t\t<img decoding=\"async\"   src=\"https:\/\/www.voestalpine.com\/railway-systems\/axlecounting\/wp-content\/uploads\/2022\/02\/highly_flexible.jpg\" title=\"highly_flexible\"  srcset=\"https:\/\/www.voestalpine.com\/railway-systems\/axlecounting\/wp-content\/uploads\/2022\/02\/highly_flexible.jpg 1920w, https:\/\/www.voestalpine.com\/railway-systems\/axlecounting\/wp-content\/uploads\/2022\/02\/highly_flexible-300x195.jpg 300w, https:\/\/www.voestalpine.com\/railway-systems\/axlecounting\/wp-content\/uploads\/2022\/02\/highly_flexible-1024x665.jpg 1024w, https:\/\/www.voestalpine.com\/railway-systems\/axlecounting\/wp-content\/uploads\/2022\/02\/highly_flexible-768x498.jpg 768w, https:\/\/www.voestalpine.com\/railway-systems\/axlecounting\/wp-content\/uploads\/2022\/02\/highly_flexible-1536x997.jpg 1536w, https:\/\/www.voestalpine.com\/railway-systems\/axlecounting\/wp-content\/uploads\/2022\/02\/highly_flexible-1900x1233.jpg 1900w, https:\/\/www.voestalpine.com\/railway-systems\/axlecounting\/wp-content\/uploads\/2022\/02\/highly_flexible-1600x1038.jpg 1600w, https:\/\/www.voestalpine.com\/railway-systems\/axlecounting\/wp-content\/uploads\/2022\/02\/highly_flexible-1440x935.jpg 1440w, https:\/\/www.voestalpine.com\/railway-systems\/axlecounting\/wp-content\/uploads\/2022\/02\/highly_flexible-1200x779.jpg 1200w, https:\/\/www.voestalpine.com\/railway-systems\/axlecounting\/wp-content\/uploads\/2022\/02\/highly_flexible-900x584.jpg 900w, https:\/\/www.voestalpine.com\/railway-systems\/axlecounting\/wp-content\/uploads\/2022\/02\/highly_flexible-600x389.jpg 600w, https:\/\/www.voestalpine.com\/railway-systems\/axlecounting\/wp-content\/uploads\/2022\/02\/highly_flexible-450x292.jpg 450w\" sizes=\"(max-width: 1920px) 100vw, 1920px\"  \/>\r\n\t\t\t\n\t\t\t\t\t<\/div>\n\t\t<div class=\"text-container\">\n\t\t\t<div class=\"inner\">\n\t\t\t\t<h1 class=\"headline\">Nowe aplikacje<\/h1>\t\t\t\t<div class=\"text\"><p>Jeste\u015bmy Twoim partnerem <br \/>w opracowywaniu rozwi\u0105za\u0144 signalingowych spe\u0142niaj\u0105cych potrzeby Twoich klient&oacute;w<\/p><\/div>\t\t\t<\/div>\n\t\t<\/div>\n\t<\/div>\n<\/div>\r\n\r\n<div class=\"rsce_longtext  mode_gray butt-off\"data-unique=\"6543b44e_8\">\n\t<div class=\"wrap\">\n\t\t\t\t\t<div class=\"text-wrap\">\n\t\t\t\t<h2 class=\"headline\">Ka\u017cda nowa aplikacja jest dostosowana do wymaga\u0144 u\u017cytkownika dzi\u0119ki:<\/h2>\t\t\t\t\t\t\t<\/div>\n\t\t\t\t\n\t\t\t\t\t<div class=\"blocks\">\n\t\t\t\t<div class=\"smax_headline align_left textalign_left size_38  onlycontent\"data-unique=\"6543b44e_9\">\r\n\t\t\t\t<div class=\"content\"><ul class=\"has-blue-gt\">\r\n<li>Najwy\u017csza niezawodno\u015b\u0107 (5-6 razy wy\u017csza ni\u017c w przypadku obwod\u00f3w torowych)<\/li>\r\n<li>Odporno\u015b\u0107 na s\u0142ab\u0105 jako\u015b\u0107 torowiska i podsypki<\/li>\r\n<li>Praca w niemal ka\u017cdych warunkach \u015brodowiskowych<\/li>\r\n<\/ul><\/div>\r\n\t<\/div>\r\n<div class=\"smax_headline align_left textalign_left size_38  onlycontent\"data-unique=\"6543b44e_10\">\r\n\t\t\t\t<div class=\"content\"><ul class=\"has-blue-gt\">\r\n<li>Zmniejszone koszty utrzymania<\/li>\r\n<li>Wyra\u017ane oszcz\u0119dno\u015bci koszt\u00f3w w por\u00f3wnaniu do obwod\u00f3w torowych<\/li>\r\n<li>Mo\u017cliwo\u015b\u0107 kontrolowania d\u0142ugich i z\u0142o\u017conych odcink\u00f3w torowych<\/li>\r\n<\/ul><\/div>\r\n\t<\/div>\r\n\t\t\t<\/div>\n\t\t\t\t\t<\/div>\n\t<\/div>\r\n\r\n<div class=\"rsce_longtext  mode_blue butt-off\"data-unique=\"6543b44e_11\">\n\t<div class=\"wrap\">\n\t\t\t\t\t<div class=\"text-wrap\">\n\t\t\t\t<h2 class=\"headline\">System Liczenia Osi UniAC <br>oferuje holistyczne podej\u015bcie<\/h2>\t\t\t\t\t\t\t<\/div>\n\t\t\t\t\n\t\t\t\t\t<div class=\"blocks\">\n\t\t\t\t<div class=\"smax_headline align_left textalign_left size_38\"data-unique=\"6543b44e_12\">\r\n\t\t\t<h3 class=\"el\">\r\n\t\t\tDopasowanie do potrzeb klienta\t\t<\/h3>\r\n\t\t\t\t<div class=\"content\"><p>Wszystko jest mo\u017cliwe, zaczynaj\u0105c od aspekt\u00f3w projektowych (np. kolor dostarczonej szafy), a ko\u0144cz\u0105c na niestandardowej integracji protoko\u0142\u00f3w.<\/p><\/div>\r\n\t<\/div>\r\n<div class=\"smax_headline align_left textalign_left size_38\"data-unique=\"6543b44e_13\">\r\n\t\t\t<h3 class=\"el\">\r\n\t\t\tRedundancja\t\t<\/h3>\r\n\t\t\t\t<div class=\"content\"><p>Redukcja pojedynczych \u017ar\u00f3de\u0142 awarii.<br>Silna redundancja w komunikacji.<br>Zasilanie i modu\u0142y uniwersalne AXM z mo\u017cliwo\u015bci\u0105 szybkiej wymiany podczas pracy.<\/p><\/div>\r\n\t<\/div>\r\n<div class=\"smax_headline align_left textalign_left size_38\"data-unique=\"6543b44e_14\">\r\n\t\t\t<h3 class=\"el\">\r\n\t\t\tAlgorytmy samokoryguj\u0105ce\t\t<\/h3>\r\n\t\t\t\t<div class=\"content\"><p>Nasza funkcja Master Reset umo\u017cliwia zwi\u0119kszenie dost\u0119pno\u015bci systemu bez interwencji cz\u0142owieka<\/p><\/div>\r\n\t<\/div>\r\n<div class=\"smax_headline align_left textalign_left size_38\"data-unique=\"6543b44e_15\">\r\n\t\t\t<h3 class=\"el\">\r\n\t\t\tZaawansowana diagnostyka\t\t<\/h3>\r\n\t\t\t\t<div class=\"content\"><p>Wbudowana i uwa\u017cana za podstawow\u0105 funkcj\u0119 systemu liczenia osi UniAC.<\/p><\/div>\r\n\t<\/div>\r\n<div class=\"smax_headline align_left textalign_left size_38\"data-unique=\"6543b44e_16\">\r\n\t\t\t<h3 class=\"el\">\r\n\t\t\tRailway Systems Academy\t\t<\/h3>\r\n\t\t\t\t<div class=\"content\"><p>Szkolenia dla Twojego zespo\u0142u dostosowane do Twoich potrzeb<\/p><\/div>\r\n\t<\/div>\r\n<div class=\"smax_headline align_left textalign_left size_38\"data-unique=\"6543b44e_17\">\r\n\t\t\t<h3 class=\"el\">\r\n\t\t\tDostawca pe\u0142nego zakresu us\u0142ug\t\t<\/h3>\r\n\t\t\t\t<div class=\"content\"><p>Od etapu planowania do fazy utrzymania dostarczamy odpowiedni\u0105 dokumentacj\u0119 i materia\u0142y wpsieraj\u0105ce<\/p><\/div>\r\n\t<\/div>\r\n\t\t\t<\/div>\n\t\t\t\t\t<\/div>\n\t<\/div>\r\n\r\n<div class=\"wrap smax_wrap\"  data-unique=\"6543b44e_18\">\r\n\t\t\t\t<div class=\"smax_headline align_left textalign_left size_38\"data-unique=\"6543b44e_19\">\r\n\t\t\t<h4 class=\"el\">\r\n\t\t\tSkontaktuj si\u0119 z nami\t\t<\/h4>\r\n\t\t<\/div>\r\n<div class=\"rsce_form  block\" data-unique=\"6543b44e_20\" >\n\t\n<div class=\"wpcf7 no-js\" id=\"wpcf7-f860-o1\" lang=\"de-DE\" dir=\"ltr\" data-wpcf7-id=\"860\">\n<div class=\"screen-reader-response\"><p role=\"status\" aria-live=\"polite\" aria-atomic=\"true\"><\/p> <ul><\/ul><\/div>\n<form action=\"\/railway-systems\/axlecounting\/wp-json\/wp\/v2\/pages\/914#wpcf7-f860-o1\" method=\"post\" class=\"wpcf7-form init\" aria-label=\"Kontaktformular\" novalidate=\"novalidate\" data-status=\"init\">\n<fieldset class=\"hidden-fields-container\"><input type=\"hidden\" name=\"_wpcf7\" value=\"860\" \/><input type=\"hidden\" name=\"_wpcf7_version\" value=\"6.1\" \/><input type=\"hidden\" name=\"_wpcf7_locale\" value=\"de_DE\" \/><input type=\"hidden\" name=\"_wpcf7_unit_tag\" value=\"wpcf7-f860-o1\" \/><input type=\"hidden\" name=\"_wpcf7_container_post\" value=\"0\" \/><input type=\"hidden\" name=\"_wpcf7_posted_data_hash\" value=\"\" \/>\n<\/fieldset>\n<div class=\"widgets fields\">\n\t<div class=\"widget widget-text name\">\n\t\t<div class=\"inner\">\n\t\t\t<p><label for=\"ctrl_getintouch_fullname\">Imi\u0119 i nazwisko<span class=\"mandatory\">*<\/span><\/label>\n\t\t\t<\/p>\n\t\t\t<div class=\"input\">\n\t\t\t\t<p><span class=\"wpcf7-form-control-wrap\" data-name=\"fullname\"><input size=\"40\" maxlength=\"400\" class=\"wpcf7-form-control wpcf7-text wpcf7-validates-as-required\" id=\"ctrl_getintouch_fullname\" aria-required=\"true\" aria-invalid=\"false\" value=\"\" type=\"text\" name=\"fullname\" \/><\/span>\n\t\t\t\t<\/p>\n\t\t\t<\/div>\n\t\t<\/div>\n\t<\/div>\n\t<div class=\"widget widget-text company\">\n\t\t<div class=\"inner\">\n\t\t\t<p><label for=\"ctrl_getintouch_company\">Firma<span class=\"mandatory\">*<\/span><\/label>\n\t\t\t<\/p>\n\t\t\t<div class=\"input\">\n\t\t\t\t<p><span class=\"wpcf7-form-control-wrap\" data-name=\"company\"><input size=\"40\" maxlength=\"400\" class=\"wpcf7-form-control wpcf7-text wpcf7-validates-as-required\" id=\"ctrl_getintouch_company\" aria-required=\"true\" aria-invalid=\"false\" value=\"\" type=\"text\" name=\"company\" \/><\/span>\n\t\t\t\t<\/p>\n\t\t\t<\/div>\n\t\t<\/div>\n\t<\/div>\n\t<div class=\"widget widget-text email\">\n\t\t<div class=\"inner\">\n\t\t\t<p><label for=\"ctrl_getintouch_email\">Adres e-mail<span class=\"mandatory\">*<\/span><\/label>\n\t\t\t<\/p>\n\t\t\t<div class=\"input\">\n\t\t\t\t<p><span class=\"wpcf7-form-control-wrap\" data-name=\"email\"><input size=\"40\" maxlength=\"400\" class=\"wpcf7-form-control wpcf7-email wpcf7-validates-as-required wpcf7-text wpcf7-validates-as-email\" id=\"ctrl_getintouch_email\" aria-required=\"true\" aria-invalid=\"false\" value=\"\" type=\"email\" name=\"email\" \/><\/span>\n\t\t\t\t<\/p>\n\t\t\t<\/div>\n\t\t<\/div>\n\t<\/div>\n\t<div class=\"widget widget-text phone\">\n\t\t<div class=\"inner\">\n\t\t\t<p><label for=\"ctrl_getintouch_phone\">Numer telefonu<span class=\"mandatory\">*<\/span><\/label>\n\t\t\t<\/p>\n\t\t\t<div class=\"input\">\n\t\t\t\t<p><span class=\"wpcf7-form-control-wrap\" data-name=\"phone\"><input size=\"40\" maxlength=\"400\" class=\"wpcf7-form-control wpcf7-tel wpcf7-validates-as-required wpcf7-text wpcf7-validates-as-tel\" id=\"ctrl_getintouch_phone\" aria-required=\"true\" aria-invalid=\"false\" value=\"\" type=\"tel\" name=\"phone\" \/><\/span>\n\t\t\t\t<\/p>\n\t\t\t<\/div>\n\t\t<\/div>\n\t<\/div>\n\t<div class=\"widget widget-textarea message\">\n\t\t<div class=\"inner\">\n\t\t\t<p><label for=\"ctrl_getintouch_message\">Twoja wiadomo\u015b\u0107<span class=\"mandatory\">*<\/span><\/label>\n\t\t\t<\/p>\n\t\t\t<div class=\"input\">\n\t\t\t\t<p><span class=\"wpcf7-form-control-wrap\" data-name=\"message\"><textarea cols=\"40\" rows=\"10\" maxlength=\"2000\" class=\"wpcf7-form-control wpcf7-textarea wpcf7-validates-as-required\" id=\"ctrl_getintouch_message\" aria-required=\"true\" aria-invalid=\"false\" name=\"message\"><\/textarea><\/span>\n\t\t\t\t<\/p>\n\t\t\t<\/div>\n\t\t<\/div>\n\t<\/div>\n\t<div class=\"widget submit_container\">\n\t\t<div class=\"inner\">\n\t\t\t<div class=\"input\">\n\t\t\t\t<p><span class=\"wpcf7-form-control-wrap\" data-name=\"dsgvo\"><span class=\"wpcf7-form-control wpcf7-acceptance\"><span class=\"wpcf7-list-item\"><label><input type=\"checkbox\" name=\"dsgvo\" value=\"1\" aria-invalid=\"false\" \/><span class=\"wpcf7-list-item-label\">Niniejszym potwierdzam, \u017ce podane powy\u017cej dane b\u0119d\u0105 przechowywane i wykorzystywane do regularnego wysy\u0142ania wiadomo\u015bci o nowych funkcjach, ofertach, konkursach, produktach itp. zgodnie z polityk\u0105 prywatno\u015bci. Zgoda mo\u017ce zosta\u0107 wycofana w dowolnym momencie.<\/span><\/label><\/span><\/span><\/span><br \/>\n<input class=\"wpcf7-form-control wpcf7-submit has-spinner btn buttonBlue\" type=\"submit\" value=\"Wy\u015blij wiadomo\u015b\u0107\" \/>\n\t\t\t\t<\/p>\n\t\t\t<\/div>\n\t\t<\/div>\n\t<\/div>\n<\/div><div class=\"wpcf7-response-output\" aria-hidden=\"true\"><\/div>\n<\/form>\n<\/div>\n\n<\/div>\r\n\t<\/div>\r\n\r\n","protected":false},"excerpt":{"rendered":"","protected":false},"author":7,"featured_media":0,"parent":0,"menu_order":0,"comment_status":"closed","ping_status":"closed","template":"","meta":{"footnotes":""},"class_list":["post-914","page","type-page","status-publish","hentry"],"_links":{"self":[{"href":"https:\/\/www.voestalpine.com\/railway-systems\/axlecounting\/wp-json\/wp\/v2\/pages\/914","targetHints":{"allow":["GET"]}}],"collection":[{"href":"https:\/\/www.voestalpine.com\/railway-systems\/axlecounting\/wp-json\/wp\/v2\/pages"}],"about":[{"href":"https:\/\/www.voestalpine.com\/railway-systems\/axlecounting\/wp-json\/wp\/v2\/types\/page"}],"author":[{"embeddable":true,"href":"https:\/\/www.voestalpine.com\/railway-systems\/axlecounting\/wp-json\/wp\/v2\/users\/7"}],"replies":[{"embeddable":true,"href":"https:\/\/www.voestalpine.com\/railway-systems\/axlecounting\/wp-json\/wp\/v2\/comments?post=914"}],"version-history":[{"count":19,"href":"https:\/\/www.voestalpine.com\/railway-systems\/axlecounting\/wp-json\/wp\/v2\/pages\/914\/revisions"}],"predecessor-version":[{"id":1268,"href":"https:\/\/www.voestalpine.com\/railway-systems\/axlecounting\/wp-json\/wp\/v2\/pages\/914\/revisions\/1268"}],"wp:attachment":[{"href":"https:\/\/www.voestalpine.com\/railway-systems\/axlecounting\/wp-json\/wp\/v2\/media?parent=914"}],"curies":[{"name":"wp","href":"https:\/\/api.w.org\/{rel}","templated":true}]}}