{"id":906,"date":"2023-07-12T16:46:00","date_gmt":"2023-07-12T14:46:00","guid":{"rendered":"https:\/\/www.voestalpine.com\/railway-systems\/axlecounting\/?page_id=906"},"modified":"2023-09-08T13:31:08","modified_gmt":"2023-09-08T11:31:08","slug":"software-ecosystem-2","status":"publish","type":"page","link":"https:\/\/www.voestalpine.com\/railway-systems\/axlecounting\/pl\/software-ecosystem-2\/","title":{"rendered":"Software Ecosystem"},"content":{"rendered":"<div class=\"intro application-arch-img block\" data-unique=\"9256e423_1\" >\n\t<div class=\"inside\">\n\t\t<div class=\"background\">\n\t\t\t\t\t\t\t\t\t\t<img decoding=\"async\"   src=\"https:\/\/www.voestalpine.com\/railway-systems\/axlecounting\/wp-content\/uploads\/2023\/07\/solution-overview.jpg\" title=\"solution-overview\"  srcset=\"https:\/\/www.voestalpine.com\/railway-systems\/axlecounting\/wp-content\/uploads\/2023\/07\/solution-overview.jpg 1178w, https:\/\/www.voestalpine.com\/railway-systems\/axlecounting\/wp-content\/uploads\/2023\/07\/solution-overview-300x156.jpg 300w, https:\/\/www.voestalpine.com\/railway-systems\/axlecounting\/wp-content\/uploads\/2023\/07\/solution-overview-1024x531.jpg 1024w, https:\/\/www.voestalpine.com\/railway-systems\/axlecounting\/wp-content\/uploads\/2023\/07\/solution-overview-768x398.jpg 768w, https:\/\/www.voestalpine.com\/railway-systems\/axlecounting\/wp-content\/uploads\/2023\/07\/solution-overview-900x467.jpg 900w, https:\/\/www.voestalpine.com\/railway-systems\/axlecounting\/wp-content\/uploads\/2023\/07\/solution-overview-600x311.jpg 600w, https:\/\/www.voestalpine.com\/railway-systems\/axlecounting\/wp-content\/uploads\/2023\/07\/solution-overview-450x233.jpg 450w\" sizes=\"(max-width: 1178px) 100vw, 1178px\"  \/>\r\n\t\t\t\n\t\t\t\t\t<\/div>\n\t\t<div class=\"text-container\">\n\t\t\t<div class=\"inner\">\n\t\t\t\t<h1 class=\"headline\">Software Ecosystem<\/h1>\t\t\t\t<div class=\"text\"><p>Od uk\u0142adu torowego po ostateczn\u0105 aplikacj\u0119<\/p><\/div>\t\t\t<\/div>\n\t\t<\/div>\n\t<\/div>\n<\/div>\r\n\r\n<div class=\"wrap smax_wrap\"  data-unique=\"9256e423_3\">\r\n\t\t\t\t<p>Bazuj\u0105c na do\u015bwiadczeniu zdobytym w obszarze diagnostyki taboru, zbudowali\u015bmy zestaw narz\u0119dzi, kt\u00f3ry towarzyszy licznikowi UniAC[2] i jego u\u017cytkownikowi od samego pocz\u0105tku. Nasz Software Ecosystem wci\u0105\u017c si\u0119 rozwija, tak aby jak najlepiej wspiera\u0107 wszystkie aktywno\u015bci zwi\u0105zane z projektowaniem, instalacj\u0105<br>i utrzymaniem systemu UniAC[2]<\/p>\t<\/div>\r\n\r\n<div class=\"rsce_phasen \"data-unique=\"9256e423_4\">\n\t<div class=\"wrap\">\n\t\t<h2 class=\"headline\">Innowacyjne rozwi\u0105zania <br>wspieraj\u0105ce ca\u0142y cykl \u017cycia Twojej aplikacji<\/h2>\t\t\n\t\t<div class=\"switcher\">\n\t\t\t<div class=\"animation\">\n\t\t\t\t<div class=\"steps\">\n\t\t\t\t\t\t\t\t\t\t\t<div class=\"step step1\">\n\t\t\t\t\t\t\t<div class=\"line\"><div class=\"dot dot-before\"><\/div><div class=\"colored\"><\/div><\/div>\n\t\t\t\t\t\t\t<span>Projektowanie<\/span>\n\t\t\t\t\t\t<\/div>\n\t\t\t\t\t\t\t\t\t\t\t<div class=\"step step2\">\n\t\t\t\t\t\t\t<div class=\"line\"><div class=\"dot dot-before\"><\/div><div class=\"colored\"><\/div><\/div>\n\t\t\t\t\t\t\t<span>Instalacja<\/span>\n\t\t\t\t\t\t<\/div>\n\t\t\t\t\t\t\t\t\t\t\t<div class=\"step step3\">\n\t\t\t\t\t\t\t<div class=\"line\"><div class=\"dot dot-before\"><\/div><div class=\"colored\"><\/div><\/div>\n\t\t\t\t\t\t\t<span>Monitoring <br>&amp; Utrzymanie<\/span>\n\t\t\t\t\t\t<\/div>\n\t\t\t\t\t\t\t\t\t\t\t<div class=\"step step4\">\n\t\t\t\t\t\t\t<div class=\"line\"><div class=\"dot dot-before\"><\/div><div class=\"colored\"><\/div><div class=\"dot dot-after\"><\/div><\/div>\n\t\t\t\t\t\t\t<span>Wizualizacja<\/span>\n\t\t\t\t\t\t<\/div>\n\t\t\t\t\t\t\t\t\t<\/div>\n\t\t\t<\/div>\n\t\t\t\n\t\t\t<ul class=\"phasen\">\n\t\t\t\t\t\t\t\t<li data-pos=\"0\">\n\t\t\t<figure>\n\t\t\t\t\t\t\t<div class=\"icon\">\n\t\t\t\t\t<div class=\"border\">\n\t\t\t\t\t\t\t\t\t<img decoding=\"async\"   src=\"https:\/\/www.voestalpine.com\/railway-systems\/axlecounting\/wp-content\/uploads\/2023\/05\/design.svg\" title=\"design\"  srcset=\"\" sizes=\"(max-width: 63px) 100vw, 63px\"  \/>\r\n\t\t\t\n\t\t\t\t\t<\/div>\n\t\t\t\t<\/div>\n\t\t\t\t\t\t<div class=\"line\"><\/div>\n\t\t\t\t\t<\/figure>\n\t\t\n\t<div class=\"text-container\">\n\t\t<h3 class=\"headline\">Konfiguracja<\/h3>\t\t<div class=\"text\"><p>\u0141atwa i szybka konfiguracja systemu w oparciu o UniArchitect. Oprogramowanie oparte na graficznym interfejsie u\u017cytkownika zapewnia szybk\u0105<br>i prawid\u0142ow\u0105 konfiguracj\u0119 ma\u0142ych i du\u017cych aplikacji szybciej ni\u017c kiedykolwiek wcze\u015bniej.<\/p><\/div>\t<\/div>\n<\/li>\n\r\n<li data-pos=\"1\">\n\t\t\t<figure>\n\t\t\t\t\t\t\t<div class=\"icon\">\n\t\t\t\t\t<div class=\"border\">\n\t\t\t\t\t\t\t\t\t<img decoding=\"async\"   src=\"https:\/\/www.voestalpine.com\/railway-systems\/axlecounting\/wp-content\/uploads\/2023\/05\/testing.svg\" title=\"testing\"  srcset=\"\" sizes=\"(max-width: 62px) 100vw, 62px\"  \/>\r\n\t\t\t\n\t\t\t\t\t<\/div>\n\t\t\t\t<\/div>\n\t\t\t\t\t\t<div class=\"line\"><\/div>\n\t\t\t\t\t<\/figure>\n\t\t\n\t<div class=\"text-container\">\n\t\t<h3 class=\"headline\">Raporty z instalacji<\/h3>\t\t<div class=\"text\"><p>Dzi\u0119ki nowemu podej\u015bciu do konfiguracji, tworzenie raport\u00f3w z uruchomienia i corocznych przegl\u0105d\u00f3w jest \u0142atwiejsze i szybsze ni\u017c kiedykolwiek wcze\u015bniej. Nasze oprogramowanie Application Reporter jest w stanie generowa\u0107 automatyczne raporty o stanie systemu, umo\u017cliwiaj\u0105c znaczn\u0105 redukcj\u0119 czasu pracy potrzebnego do tego rodzaju czynno\u015bci konserwacyjnych.<\/p><\/div>\t<\/div>\n<\/li>\n\r\n<li data-pos=\"2\">\n\t\t\t<figure>\n\t\t\t\t\t\t\t<div class=\"icon\">\n\t\t\t\t\t<div class=\"border\">\n\t\t\t\t\t\t\t\t\t<img decoding=\"async\"   src=\"https:\/\/www.voestalpine.com\/railway-systems\/axlecounting\/wp-content\/uploads\/2023\/05\/maintenance.svg\" title=\"maintenance\"  srcset=\"\" sizes=\"(max-width: 64px) 100vw, 64px\"  \/>\r\n\t\t\t\n\t\t\t\t\t<\/div>\n\t\t\t\t<\/div>\n\t\t\t\t\t\t<div class=\"line\"><\/div>\n\t\t\t\t\t<\/figure>\n\t\t\n\t<div class=\"text-container\">\n\t\t<h3 class=\"headline\">Monitoring &amp; Utrzymanie<\/h3>\t\t<div class=\"text\"><p>System oferuje dwie opcje \u0142\u0105czno\u015bci: bezpo\u015brednie po\u0142\u0105czenie z sieci\u0105 za po\u015brednictwem interfejsu ETH lub bezpieczny zdalny dost\u0119p<br>za po\u015brednictwem aplikacji internetowej. U\u017cytkownicy mog\u0105 wybra\u0107 metod\u0119, kt\u00f3ra najlepiej odpowiada ich potrzebom. Po pod\u0142\u0105czeniu system zapewnia og\u00f3lny przegl\u0105d swojej pracy. Godn\u0105 uwagi cech\u0105 jest mo\u017cliwo\u015b\u0107 zdalnego regulowania czujnik\u00f3w ko\u0142a, co pozwala na precyzyjne<br>i wygodne strojenie bez fizycznej interwencji. Co wi\u0119cej, system zapewnia bezpieczne aktualizacje oprogramowania i danych aplikacji, gwarantuj\u0105c, \u017ce system pozostaje na bie\u017c\u0105co z najnowszymi ulepszeniami i zabezpieczeniami. Wreszcie, dostarczone parametry pozwalaj\u0105 \u015bledzi\u0107 i analizowa\u0107 dane eksploatacyjne w celu optymalizacji og\u00f3lnej wydajno\u015bci systemu.<\/p><\/div>\t<\/div>\n<\/li>\n\r\n<li data-pos=\"3\">\n\t\t\t<figure>\n\t\t\t\t\t\t\t<div class=\"icon\">\n\t\t\t\t\t<div class=\"border\">\n\t\t\t\t\t\t\t\t\t<img decoding=\"async\"   src=\"https:\/\/www.voestalpine.com\/railway-systems\/axlecounting\/wp-content\/uploads\/2023\/05\/visual.svg\" title=\"visual\"  srcset=\"\" sizes=\"(max-width: 62px) 100vw, 62px\"  \/>\r\n\t\t\t\n\t\t\t\t\t<\/div>\n\t\t\t\t<\/div>\n\t\t\t\t\t\t<div class=\"line\"><\/div>\n\t\t\t\t\t<\/figure>\n\t\t\n\t<div class=\"text-container\">\n\t\t<h3 class=\"headline\">Wizualizacja<\/h3>\t\t<div class=\"text\"><p>Application Viewer to narz\u0119dzie programowe, kt\u00f3re umo\u017cliwia podgl\u0105d na \u017cywo odcink\u00f3w tor\u00f3w obj\u0119tych aplikacj\u0105 systemu i wykonywanie podstawowych funkcji, kt\u00f3re stanowi\u0105 cz\u0119\u015b\u0107 panelu sterowania operatora. Ca\u0142a konfiguracja opiera si\u0119 na wst\u0119pnym projektowaniu w systemie UniArchitect.<\/p><p>Funkcje Application Viewer: &nbsp;<\/p><p style=\"padding-left: 40px;\">wizualizacja planu torowego aplikacji,<\/p><p style=\"padding-left: 40px;\">wskazywanie sekcji wolnych i zaj\u0119tych,<\/p><p style=\"padding-left: 40px;\">diagnostyka i monitoring funkcji systemu,<\/p><p style=\"padding-left: 40px;\">rejestracja zdarze\u0144 w systemie aplikacji,<\/p><p style=\"padding-left: 40px;\">realizacja procedury Resetu.<\/p><\/div>\t<\/div>\n<\/li>\n\r\n\t\t\t\t\t\t\t<\/ul>\n\t\t<\/div>\n\t<\/div>\n<\/div>\n\r\n\r\n<div class=\"wrap smax_wrap  custom_bg_color full_width\"  data-unique=\"9256e423_13\">\r\n\t\t\t<div class=\"bg_color\" style=\"background-color:#f2f2f2;\"><\/div>\r\n\t\t\t\t<div class=\"wrap smax_wrap   \"  >\r\n\t\t\t\t<div class=\"rsce_imgtext  image_position_left block\"  data-unique=\"9256e423_15\">\n\t<div class=\"inside\">\n\t\t\t\t<div class=\"image-container col\">\n\t\t\t\t\t\t<img decoding=\"async\"   src=\"https:\/\/www.voestalpine.com\/railway-systems\/axlecounting\/wp-content\/uploads\/2022\/02\/Ariadna_Working-900x600.jpg\" title=\"Ariadna_Working\"  srcset=\"https:\/\/www.voestalpine.com\/railway-systems\/axlecounting\/wp-content\/uploads\/2022\/02\/Ariadna_Working-900x600.jpg 900w, https:\/\/www.voestalpine.com\/railway-systems\/axlecounting\/wp-content\/uploads\/2022\/02\/Ariadna_Working-300x200.jpg 300w, https:\/\/www.voestalpine.com\/railway-systems\/axlecounting\/wp-content\/uploads\/2022\/02\/Ariadna_Working-1024x683.jpg 1024w, https:\/\/www.voestalpine.com\/railway-systems\/axlecounting\/wp-content\/uploads\/2022\/02\/Ariadna_Working-768x512.jpg 768w, https:\/\/www.voestalpine.com\/railway-systems\/axlecounting\/wp-content\/uploads\/2022\/02\/Ariadna_Working-1536x1025.jpg 1536w, https:\/\/www.voestalpine.com\/railway-systems\/axlecounting\/wp-content\/uploads\/2022\/02\/Ariadna_Working-2048x1366.jpg 2048w, https:\/\/www.voestalpine.com\/railway-systems\/axlecounting\/wp-content\/uploads\/2022\/02\/Ariadna_Working-450x300.jpg 450w, https:\/\/www.voestalpine.com\/railway-systems\/axlecounting\/wp-content\/uploads\/2022\/02\/Ariadna_Working-1900x1267.jpg 1900w, https:\/\/www.voestalpine.com\/railway-systems\/axlecounting\/wp-content\/uploads\/2022\/02\/Ariadna_Working-1600x1067.jpg 1600w, https:\/\/www.voestalpine.com\/railway-systems\/axlecounting\/wp-content\/uploads\/2022\/02\/Ariadna_Working-1440x961.jpg 1440w, https:\/\/www.voestalpine.com\/railway-systems\/axlecounting\/wp-content\/uploads\/2022\/02\/Ariadna_Working-1200x800.jpg 1200w, https:\/\/www.voestalpine.com\/railway-systems\/axlecounting\/wp-content\/uploads\/2022\/02\/Ariadna_Working-600x400.jpg 600w\" sizes=\"(max-width: 900px) 100vw, 900px\"  \/>\r\n\t\t\t\n\t\t<\/div>\n\t\t\t\t<div class=\"text-container col\">\n\t\t\t<div class=\"inner\">\n\t\t\t\t<h2 class=\"headline\">Jedno pot\u0119\u017cne narz\u0119dzie <br>dla Twojej korzy\u015bci<\/h2>\t\t\t\t\n\t\t\t\t\t\t\t\t\t<div class=\"texts\"><div class=\"content\"><p>UniArchitect zapewnia funkcjonalny i \u0142atwy w u\u017cyciu graficzny interfejs u\u017cytkownika. Dlatego uk\u0142ady tor\u00f3w mog\u0105 by\u0107 projektowane bardzo szybko &#8211; niezale\u017cnie od z\u0142o\u017cono\u015bci uk\u0142ad\u00f3w tor\u00f3w.<\/p><p>Wszystkie zmiany s\u0105 realizowane na poziomie oprogramowania, zawsze tego samego modu\u0142u uniwersalnego (AXM), niezale\u017cnie od aplikacji.<\/p><\/div><\/div>\n\t\t\t\t\t\t\t\t\n\t\t\t\t\t\t\t\n\t\t\t<\/div>\n\t\t<\/div>\n\t\t\t<\/div>\n<\/div>\r\n\t<\/div> \r\n\t<\/div>\r\n\r\n<div class=\"wrap smax_wrap\"  data-unique=\"9256e423_17\">\r\n\t\t\t\t<div class=\"smax_headline align_left textalign_left size_38\"data-unique=\"9256e423_18\">\r\n\t\t\t<h4 class=\"el\">\r\n\t\t\tSkontaktuj si\u0119 z nami\t\t<\/h4>\r\n\t\t<\/div>\r\n<div class=\"rsce_form  block\" data-unique=\"9256e423_19\" >\n\t\n<div class=\"wpcf7 no-js\" id=\"wpcf7-f860-o1\" lang=\"de-DE\" dir=\"ltr\" data-wpcf7-id=\"860\">\n<div class=\"screen-reader-response\"><p role=\"status\" aria-live=\"polite\" aria-atomic=\"true\"><\/p> <ul><\/ul><\/div>\n<form action=\"\/railway-systems\/axlecounting\/wp-json\/wp\/v2\/pages\/906#wpcf7-f860-o1\" method=\"post\" class=\"wpcf7-form init\" aria-label=\"Kontaktformular\" novalidate=\"novalidate\" data-status=\"init\">\n<fieldset class=\"hidden-fields-container\"><input type=\"hidden\" name=\"_wpcf7\" value=\"860\" \/><input type=\"hidden\" name=\"_wpcf7_version\" value=\"6.1\" \/><input type=\"hidden\" name=\"_wpcf7_locale\" value=\"de_DE\" \/><input type=\"hidden\" name=\"_wpcf7_unit_tag\" value=\"wpcf7-f860-o1\" \/><input type=\"hidden\" name=\"_wpcf7_container_post\" value=\"0\" \/><input type=\"hidden\" name=\"_wpcf7_posted_data_hash\" value=\"\" \/>\n<\/fieldset>\n<div class=\"widgets fields\">\n\t<div class=\"widget widget-text name\">\n\t\t<div class=\"inner\">\n\t\t\t<p><label for=\"ctrl_getintouch_fullname\">Imi\u0119 i nazwisko<span class=\"mandatory\">*<\/span><\/label>\n\t\t\t<\/p>\n\t\t\t<div class=\"input\">\n\t\t\t\t<p><span class=\"wpcf7-form-control-wrap\" data-name=\"fullname\"><input size=\"40\" maxlength=\"400\" class=\"wpcf7-form-control wpcf7-text wpcf7-validates-as-required\" id=\"ctrl_getintouch_fullname\" aria-required=\"true\" aria-invalid=\"false\" value=\"\" type=\"text\" name=\"fullname\" \/><\/span>\n\t\t\t\t<\/p>\n\t\t\t<\/div>\n\t\t<\/div>\n\t<\/div>\n\t<div class=\"widget widget-text company\">\n\t\t<div class=\"inner\">\n\t\t\t<p><label for=\"ctrl_getintouch_company\">Firma<span class=\"mandatory\">*<\/span><\/label>\n\t\t\t<\/p>\n\t\t\t<div class=\"input\">\n\t\t\t\t<p><span class=\"wpcf7-form-control-wrap\" data-name=\"company\"><input size=\"40\" maxlength=\"400\" class=\"wpcf7-form-control wpcf7-text wpcf7-validates-as-required\" id=\"ctrl_getintouch_company\" aria-required=\"true\" aria-invalid=\"false\" value=\"\" type=\"text\" name=\"company\" \/><\/span>\n\t\t\t\t<\/p>\n\t\t\t<\/div>\n\t\t<\/div>\n\t<\/div>\n\t<div class=\"widget widget-text email\">\n\t\t<div class=\"inner\">\n\t\t\t<p><label for=\"ctrl_getintouch_email\">Adres e-mail<span class=\"mandatory\">*<\/span><\/label>\n\t\t\t<\/p>\n\t\t\t<div class=\"input\">\n\t\t\t\t<p><span class=\"wpcf7-form-control-wrap\" data-name=\"email\"><input size=\"40\" maxlength=\"400\" class=\"wpcf7-form-control wpcf7-email wpcf7-validates-as-required wpcf7-text wpcf7-validates-as-email\" id=\"ctrl_getintouch_email\" aria-required=\"true\" aria-invalid=\"false\" value=\"\" type=\"email\" name=\"email\" \/><\/span>\n\t\t\t\t<\/p>\n\t\t\t<\/div>\n\t\t<\/div>\n\t<\/div>\n\t<div class=\"widget widget-text phone\">\n\t\t<div class=\"inner\">\n\t\t\t<p><label for=\"ctrl_getintouch_phone\">Numer telefonu<span class=\"mandatory\">*<\/span><\/label>\n\t\t\t<\/p>\n\t\t\t<div class=\"input\">\n\t\t\t\t<p><span class=\"wpcf7-form-control-wrap\" data-name=\"phone\"><input size=\"40\" maxlength=\"400\" class=\"wpcf7-form-control wpcf7-tel wpcf7-validates-as-required wpcf7-text wpcf7-validates-as-tel\" id=\"ctrl_getintouch_phone\" aria-required=\"true\" aria-invalid=\"false\" value=\"\" type=\"tel\" name=\"phone\" \/><\/span>\n\t\t\t\t<\/p>\n\t\t\t<\/div>\n\t\t<\/div>\n\t<\/div>\n\t<div class=\"widget widget-textarea message\">\n\t\t<div class=\"inner\">\n\t\t\t<p><label for=\"ctrl_getintouch_message\">Twoja wiadomo\u015b\u0107<span class=\"mandatory\">*<\/span><\/label>\n\t\t\t<\/p>\n\t\t\t<div class=\"input\">\n\t\t\t\t<p><span class=\"wpcf7-form-control-wrap\" data-name=\"message\"><textarea cols=\"40\" rows=\"10\" maxlength=\"2000\" class=\"wpcf7-form-control wpcf7-textarea wpcf7-validates-as-required\" id=\"ctrl_getintouch_message\" aria-required=\"true\" aria-invalid=\"false\" name=\"message\"><\/textarea><\/span>\n\t\t\t\t<\/p>\n\t\t\t<\/div>\n\t\t<\/div>\n\t<\/div>\n\t<div class=\"widget submit_container\">\n\t\t<div class=\"inner\">\n\t\t\t<div class=\"input\">\n\t\t\t\t<p><span class=\"wpcf7-form-control-wrap\" data-name=\"dsgvo\"><span class=\"wpcf7-form-control wpcf7-acceptance\"><span class=\"wpcf7-list-item\"><label><input type=\"checkbox\" name=\"dsgvo\" value=\"1\" aria-invalid=\"false\" \/><span class=\"wpcf7-list-item-label\">Niniejszym potwierdzam, \u017ce podane powy\u017cej dane b\u0119d\u0105 przechowywane i wykorzystywane do regularnego wysy\u0142ania wiadomo\u015bci o nowych funkcjach, ofertach, konkursach, produktach itp. zgodnie z polityk\u0105 prywatno\u015bci. Zgoda mo\u017ce zosta\u0107 wycofana w dowolnym momencie.<\/span><\/label><\/span><\/span><\/span><br \/>\n<input class=\"wpcf7-form-control wpcf7-submit has-spinner btn buttonBlue\" type=\"submit\" value=\"Wy\u015blij wiadomo\u015b\u0107\" \/>\n\t\t\t\t<\/p>\n\t\t\t<\/div>\n\t\t<\/div>\n\t<\/div>\n<\/div><div class=\"wpcf7-response-output\" aria-hidden=\"true\"><\/div>\n<\/form>\n<\/div>\n\n<\/div>\r\n\t<\/div>\r\n\r\n","protected":false},"excerpt":{"rendered":"","protected":false},"author":7,"featured_media":0,"parent":0,"menu_order":0,"comment_status":"closed","ping_status":"closed","template":"","meta":{"footnotes":""},"class_list":["post-906","page","type-page","status-publish","hentry"],"_links":{"self":[{"href":"https:\/\/www.voestalpine.com\/railway-systems\/axlecounting\/wp-json\/wp\/v2\/pages\/906","targetHints":{"allow":["GET"]}}],"collection":[{"href":"https:\/\/www.voestalpine.com\/railway-systems\/axlecounting\/wp-json\/wp\/v2\/pages"}],"about":[{"href":"https:\/\/www.voestalpine.com\/railway-systems\/axlecounting\/wp-json\/wp\/v2\/types\/page"}],"author":[{"embeddable":true,"href":"https:\/\/www.voestalpine.com\/railway-systems\/axlecounting\/wp-json\/wp\/v2\/users\/7"}],"replies":[{"embeddable":true,"href":"https:\/\/www.voestalpine.com\/railway-systems\/axlecounting\/wp-json\/wp\/v2\/comments?post=906"}],"version-history":[{"count":12,"href":"https:\/\/www.voestalpine.com\/railway-systems\/axlecounting\/wp-json\/wp\/v2\/pages\/906\/revisions"}],"predecessor-version":[{"id":1259,"href":"https:\/\/www.voestalpine.com\/railway-systems\/axlecounting\/wp-json\/wp\/v2\/pages\/906\/revisions\/1259"}],"wp:attachment":[{"href":"https:\/\/www.voestalpine.com\/railway-systems\/axlecounting\/wp-json\/wp\/v2\/media?parent=906"}],"curies":[{"name":"wp","href":"https:\/\/api.w.org\/{rel}","templated":true}]}}