{"id":878,"date":"2023-06-29T18:03:58","date_gmt":"2023-06-29T16:03:58","guid":{"rendered":"https:\/\/www.voestalpine.com\/railway-systems\/axlecounting\/?page_id=878"},"modified":"2023-09-08T13:31:11","modified_gmt":"2023-09-08T11:31:11","slug":"szkolenia","status":"publish","type":"page","link":"https:\/\/www.voestalpine.com\/railway-systems\/axlecounting\/pl\/szkolenia\/","title":{"rendered":"Szkolenia"},"content":{"rendered":"<div class=\"intro  block\"  >\n\t<div class=\"inside\">\n\t\t<div class=\"background\">\n\t\t\t\t\t\t\t\t\t\t<img decoding=\"async\"   src=\"https:\/\/www.voestalpine.com\/railway-systems\/axlecounting\/wp-content\/uploads\/2023\/05\/RS_Academy_Keyvisual_2048px.jpg\" title=\"Important information delivered by the CEO herself\"  srcset=\"https:\/\/www.voestalpine.com\/railway-systems\/axlecounting\/wp-content\/uploads\/2023\/05\/RS_Academy_Keyvisual_2048px.jpg 2048w, https:\/\/www.voestalpine.com\/railway-systems\/axlecounting\/wp-content\/uploads\/2023\/05\/RS_Academy_Keyvisual_2048px-300x200.jpg 300w, https:\/\/www.voestalpine.com\/railway-systems\/axlecounting\/wp-content\/uploads\/2023\/05\/RS_Academy_Keyvisual_2048px-1024x683.jpg 1024w, https:\/\/www.voestalpine.com\/railway-systems\/axlecounting\/wp-content\/uploads\/2023\/05\/RS_Academy_Keyvisual_2048px-768x512.jpg 768w, https:\/\/www.voestalpine.com\/railway-systems\/axlecounting\/wp-content\/uploads\/2023\/05\/RS_Academy_Keyvisual_2048px-1536x1025.jpg 1536w, https:\/\/www.voestalpine.com\/railway-systems\/axlecounting\/wp-content\/uploads\/2023\/05\/RS_Academy_Keyvisual_2048px-450x300.jpg 450w, https:\/\/www.voestalpine.com\/railway-systems\/axlecounting\/wp-content\/uploads\/2023\/05\/RS_Academy_Keyvisual_2048px-900x600.jpg 900w, https:\/\/www.voestalpine.com\/railway-systems\/axlecounting\/wp-content\/uploads\/2023\/05\/RS_Academy_Keyvisual_2048px-1900x1267.jpg 1900w, https:\/\/www.voestalpine.com\/railway-systems\/axlecounting\/wp-content\/uploads\/2023\/05\/RS_Academy_Keyvisual_2048px-1600x1067.jpg 1600w, https:\/\/www.voestalpine.com\/railway-systems\/axlecounting\/wp-content\/uploads\/2023\/05\/RS_Academy_Keyvisual_2048px-1440x960.jpg 1440w, https:\/\/www.voestalpine.com\/railway-systems\/axlecounting\/wp-content\/uploads\/2023\/05\/RS_Academy_Keyvisual_2048px-1200x800.jpg 1200w, https:\/\/www.voestalpine.com\/railway-systems\/axlecounting\/wp-content\/uploads\/2023\/05\/RS_Academy_Keyvisual_2048px-600x400.jpg 600w\" sizes=\"(max-width: 2048px) 100vw, 2048px\"  \/>\r\n\t\t\t\n\t\t\t\t\t<\/div>\n\t\t<div class=\"text-container\">\n\t\t\t<div class=\"inner\">\n\t\t\t\t<h1 class=\"headline\">Academy & Training Center<\/h1>\t\t\t\t<div class=\"text\"><p>Szkolenia dopasowane do Twoich potrzeb<\/p><\/div>\t\t\t<\/div>\n\t\t<\/div>\n\t<\/div>\n<\/div>\r\n\r\n<div class=\"wrap smax_wrap\"  >\r\n\t\t\t\t<div class=\"smax_headline align_left textalign_left size_38\"data-unique=\"3b6d35d4_4\">\r\n\t\t\t<div class=\"el\">\r\n\t\t\t Akademia Railway Systems\t\t<\/div>\r\n\t\t\t\t<div class=\"content\"><p>Oferujemy kompleksowy program szkole\u0144 dla szeroko rozumianego sektora kolejowego. <strong>Szkolenia s\u0105 prowadzone przez ekspert\u00f3w posiadaj\u0105cych wieloletnie do\u015bwiadczenie w swoich dziedzinach. <\/strong> Program szkole\u0144 adresowany jest do r\u00f3\u017cnorodnej grupy odbiorc\u00f3w: od pocz\u0105tkuj\u0105cych, przez specjalist\u00f3w i ekspert\u00f3w, <br>a\u017c po technik\u00f3w i mened\u017cer\u00f3w.<\/p><\/div>\r\n\t<\/div>\r\n\t<a data-unique=\"3b6d35d4_5\"  href=\"https:\/\/www.voestalpine.com\/railway-systems\/academy\/pl\" class=\"btn buttonBlueWhite\" >odwied\u017a Akademi\u0119 Railway Systems  <\/a>\r\n\r\n\t<\/div>\r\n\r\n","protected":false},"excerpt":{"rendered":"","protected":false},"author":7,"featured_media":0,"parent":0,"menu_order":0,"comment_status":"closed","ping_status":"closed","template":"","meta":{"footnotes":""},"class_list":["post-878","page","type-page","status-publish","hentry"],"_links":{"self":[{"href":"https:\/\/www.voestalpine.com\/railway-systems\/axlecounting\/wp-json\/wp\/v2\/pages\/878","targetHints":{"allow":["GET"]}}],"collection":[{"href":"https:\/\/www.voestalpine.com\/railway-systems\/axlecounting\/wp-json\/wp\/v2\/pages"}],"about":[{"href":"https:\/\/www.voestalpine.com\/railway-systems\/axlecounting\/wp-json\/wp\/v2\/types\/page"}],"author":[{"embeddable":true,"href":"https:\/\/www.voestalpine.com\/railway-systems\/axlecounting\/wp-json\/wp\/v2\/users\/7"}],"replies":[{"embeddable":true,"href":"https:\/\/www.voestalpine.com\/railway-systems\/axlecounting\/wp-json\/wp\/v2\/comments?post=878"}],"version-history":[{"count":5,"href":"https:\/\/www.voestalpine.com\/railway-systems\/axlecounting\/wp-json\/wp\/v2\/pages\/878\/revisions"}],"predecessor-version":[{"id":885,"href":"https:\/\/www.voestalpine.com\/railway-systems\/axlecounting\/wp-json\/wp\/v2\/pages\/878\/revisions\/885"}],"wp:attachment":[{"href":"https:\/\/www.voestalpine.com\/railway-systems\/axlecounting\/wp-json\/wp\/v2\/media?parent=878"}],"curies":[{"name":"wp","href":"https:\/\/api.w.org\/{rel}","templated":true}]}}