{"id":874,"date":"2023-06-29T17:49:19","date_gmt":"2023-06-29T15:49:19","guid":{"rendered":"https:\/\/www.voestalpine.com\/railway-systems\/axlecounting\/?page_id=874"},"modified":"2025-10-24T10:38:18","modified_gmt":"2025-10-24T08:38:18","slug":"kontakt","status":"publish","type":"page","link":"https:\/\/www.voestalpine.com\/railway-systems\/axlecounting\/pl\/kontakt\/","title":{"rendered":"Kontakt"},"content":{"rendered":"<div class=\"intro  block\" data-unique=\"32db79ff_1\" >\n\t<div class=\"inside\">\n\t\t<div class=\"background\">\n\t\t\t\t\t\t\t\t\t\t<img decoding=\"async\"   src=\"https:\/\/www.voestalpine.com\/railway-systems\/axlecounting\/wp-content\/uploads\/2022\/02\/contact_web.jpg\" title=\"contact_web\"  srcset=\"https:\/\/www.voestalpine.com\/railway-systems\/axlecounting\/wp-content\/uploads\/2022\/02\/contact_web.jpg 1920w, https:\/\/www.voestalpine.com\/railway-systems\/axlecounting\/wp-content\/uploads\/2022\/02\/contact_web-300x200.jpg 300w, https:\/\/www.voestalpine.com\/railway-systems\/axlecounting\/wp-content\/uploads\/2022\/02\/contact_web-1024x683.jpg 1024w, https:\/\/www.voestalpine.com\/railway-systems\/axlecounting\/wp-content\/uploads\/2022\/02\/contact_web-768x512.jpg 768w, https:\/\/www.voestalpine.com\/railway-systems\/axlecounting\/wp-content\/uploads\/2022\/02\/contact_web-1536x1025.jpg 1536w, https:\/\/www.voestalpine.com\/railway-systems\/axlecounting\/wp-content\/uploads\/2022\/02\/contact_web-450x300.jpg 450w, https:\/\/www.voestalpine.com\/railway-systems\/axlecounting\/wp-content\/uploads\/2022\/02\/contact_web-900x600.jpg 900w, https:\/\/www.voestalpine.com\/railway-systems\/axlecounting\/wp-content\/uploads\/2022\/02\/contact_web-1900x1268.jpg 1900w, https:\/\/www.voestalpine.com\/railway-systems\/axlecounting\/wp-content\/uploads\/2022\/02\/contact_web-1600x1068.jpg 1600w, https:\/\/www.voestalpine.com\/railway-systems\/axlecounting\/wp-content\/uploads\/2022\/02\/contact_web-1440x961.jpg 1440w, https:\/\/www.voestalpine.com\/railway-systems\/axlecounting\/wp-content\/uploads\/2022\/02\/contact_web-1200x801.jpg 1200w, https:\/\/www.voestalpine.com\/railway-systems\/axlecounting\/wp-content\/uploads\/2022\/02\/contact_web-600x400.jpg 600w\" sizes=\"(max-width: 1920px) 100vw, 1920px\"  \/>\r\n\t\t\t\n\t\t\t\t\t<\/div>\n\t\t<div class=\"text-container\">\n\t\t\t<div class=\"inner\">\n\t\t\t\t<h1 class=\"headline\">Skontaktuj si\u0119 z nami!<\/h1>\t\t\t\t<div class=\"text\"><p>z ciekawo\u015bci\u0105 czekamy<br \/>na Twoje pytania<\/p><\/div>\t\t\t<\/div>\n\t\t<\/div>\n\t<\/div>\n<\/div>\r\n\r\n<div class=\"wrap smax_wrap\"  >\r\n\t\t\t\t<div class=\"rsce_longtext  mode_blue\">\n\t<div class=\"wrap\">\n\t\t\t\t\n\t\t\t\t\t<div class=\"blocks\">\n\t\t\t\t<div class=\"smax_headline align_left textalign_left size_38\"data-unique=\"32db79ff_6\">\r\n\t\t\t<h4 class=\"el\">\r\n\t\t\tSiedziba firmy\t\t<\/h4>\r\n\t\t\t\t<div class=\"content\"><p>ul. Jana z Kolna 26C<br>81-859 Sopot<\/p><p>Zak\u0142ad produkcyjny:<br>ul. Gda\u0144ska 31<br>83-034 Tr\u0105bki Wielkie<\/p><\/div>\r\n\t<\/div>\r\n<div class=\"smax_headline align_left textalign_left size_38\"data-unique=\"32db79ff_7\">\r\n\t\t\t<h4 class=\"el\">\r\n\t\t\tDane kontaktowe\t\t<\/h4>\r\n\t\t\t\t<div class=\"content\"><p>Email: <a href=\"mailto:signalingSopot@voestalpine.com\">signalingSopot@voestalpine.com<\/a><\/p><p>Telefon: +48 58 555 77 11<\/p><p>Fax: +48 58 555 77 33<\/p><\/div>\r\n\t<\/div>\r\n<div class=\"smax_headline align_left textalign_left size_38\"data-unique=\"32db79ff_8\">\r\n\t\t\t<div class=\"el\">\r\n\t\t\tDane firmy\t\t<\/div>\r\n\t\t\t\t<div class=\"content\"><p>KRS 0000177851 S\u0105d Rejonowy Gda\u0144sk-P\u00f3\u0142noc, VIII Wydzia\u0142 Gospodarczy, Gda\u0144sk<\/p><p>REGON: 002834710,<\/p><p>NIP: PL 584-025-39-29,<\/p><p>BDO: 000036740<\/p><\/div>\r\n\t<\/div>\r\n\t\t\t<\/div>\n\t\t\t\t\t<\/div>\n\t\t\t\t<div   class=\"rsce_button btn_container align_center \">\r\n\t\t<a href=\"https:\/\/www.voestalpine.com\/railway-systems\/en\/locations\/voestalpine-signaling-poland\/\" class=\"btn buttonBlue\" >Poznaj nasz\u0105 histori\u0119<\/a>\r\n\t\t\t\t\t<svg xmlns=\"http:\/\/www.w3.org\/2000\/svg\" width=\"1440\" height=\"63.369\" viewBox=\"0 0 1440 63.369\" class=\"lines-longtext\" preserveAspectRatio=\"none\"><g transform=\"translate(0 -4102.966)\"><g transform=\"translate(0 3265.813)\"><path class=\"step step2\"  d=\"M-201.314,2288.935l-56.255,62.333\" transform=\"translate(1341.179 -1451.205)\" fill=\"none\" stroke=\"#1C75A8\" stroke-width=\"1\"\/><path class=\"step step2\"  d=\"M-65.484,2288.693l-56.486,62.588\" transform=\"translate(1341.179 -1451.205)\" fill=\"none\" stroke=\"#1C75A8\" stroke-width=\"1\"\/><path class=\"step step2\"  d=\"M-366.526,2289.182l-55.96,62.04\" transform=\"translate(1341.179 -1451.205)\" fill=\"none\" stroke=\"#1C75A8\" stroke-width=\"1\"\/><path class=\"step step2\"  d=\"M-271.679,2289.11l-55.87,61.906\" transform=\"translate(1341.179 -1451.205)\" fill=\"none\" stroke=\"#1C75A8\" stroke-width=\"1\"\/><path class=\"step step2\"  d=\"M-992.053,2289.328l56.013,62.064\" transform=\"translate(1341.179 -1451.205)\" fill=\"none\" stroke=\"#1C75A8\" stroke-width=\"1\"\/><path class=\"step step2\"  d=\"M-495.227,2289.206l55.835,61.867\" transform=\"translate(1341.179 -1451.205)\" fill=\"none\" stroke=\"#1C75A8\" stroke-width=\"1\"\/><line class=\"step step1 on_button\"  x2=\"1440\" transform=\"translate(0 838)\" fill=\"none\" stroke=\"#1C75A8\" stroke-width=\"1\"\/><\/g><\/g><\/svg>\t\t\t\t<\/div>\r\n\n\t\t\n\t<\/div>\r\n\t<\/div>\r\n\r\n<div class=\"wrap smax_wrap\"  >\r\n\t\t\t\t<div class=\"smax_headline align_left textalign_left size_38\"data-unique=\"32db79ff_11\">\r\n\t\t\t<div class=\"el\">\r\n\t\t\tBezpieczenstwo & PSIRT\t\t<\/div>\r\n\t\t\t\t<div class=\"content\"><p>W voestalpine Signaling Poland traktujemy kwestie bezpiecze\u0144stwa niezwykle powa\u017cnie i z zadowoleniem przyjmujemy informacje maj\u0105ce na celu popraw\u0119 bezpiecze\u0144stwa naszych produkt\u00f3w i us\u0142ug. Stosujemy polityk\u0119 skoordynowanego ujawniania informacji w celu rozpatrywania zg\u0142osze\u0144 dotycz\u0105cych luk i problem\u00f3w w zabezpieczeniach. Aby zg\u0142osi\u0107 nam podejrzewany b\u0142\u0105d w zabezpieczeniach, prosimy o przes\u0142anie wiadomo\u015bci e-mail na adres: <a href=\"mailto:psirt-signaling-poland@voestalpine.com\">psirt-signaling-poland@voestalpine.com<\/a> podaj\u0105c jak najwi\u0119cej szczeg\u00f3\u0142\u00f3w, takich jak: nazw\u0119 produktu, spos\u00f3b replikacji problemu oraz nieoczekiwany rezultat.<br>Odpowiemy jak najszybciej. Jeste\u015bmy otwarci na dzielenie si\u0119 Twoim zaanga\u017cowaniem w celu poprawy naszego produktu!<\/p><p>Dzi\u0119kujemy!<br>PSIRT @ voestalpine Signaling Poland<\/p><\/div>\r\n\t<\/div>\r\n\t<\/div>\r\n\r\n<div class=\"rsce_downloads  design_white block\"  data-unique=\"32db79ff_12\">\n\t<div class=\"inside\">\n\t\t\t\t\t<div class=\"left\">\n\t\t\t\t\t\t\t<img decoding=\"async\"   src=\"https:\/\/www.voestalpine.com\/railway-systems\/axlecounting\/wp-content\/uploads\/2023\/09\/GettyImages-1460172015-900x600.jpg\" title=\"Business Partner\"  srcset=\"https:\/\/www.voestalpine.com\/railway-systems\/axlecounting\/wp-content\/uploads\/2023\/09\/GettyImages-1460172015-900x600.jpg 900w, https:\/\/www.voestalpine.com\/railway-systems\/axlecounting\/wp-content\/uploads\/2023\/09\/GettyImages-1460172015-450x300.jpg 450w\" sizes=\"(max-width: 900px) 100vw, 900px\"  \/>\r\n\t\t\t\t\t\t<\/div>\n\t\t\t<div class=\"right\">\n\t\t\t\t<h4 class=\"headline\">Zapoznaj si\u0119 z naszym Poradnikiem Zam\u00f3wie\u0144 <\/h4>\t\t\t\t<div class=\"text\"><p>Og&oacute;lne Warunki Zam&oacute;wienia dotycz\u0105 zakup&oacute;w towar&oacute;w oraz us\u0142ug dostarczanych i \u015bwiadczonych <br \/>przez voestalpine Signaling Poland Sp. z o.o.<\/p><\/div>\t\t\t\t\t\t\t\t\t<a   href=\"https:\/\/www.voestalpine.com\/railway-systems\/axlecounting\/wp-content\/uploads\/2025\/09\/TQ-I781-E-pl-Ogolne-Warunki-Zamowienia.pdf\" class=\"btn buttonBlue\" >Ogolne Warunki Zamowienia<\/a>\r\n\r\n\t\t\t<\/div>\n\t\t\t<\/div>\n<\/div>\r\n\r\n<div class=\"wrap smax_wrap\"  >\r\n\t\t\t\t<div class=\"smax_headline align_left textalign_left size_38\"data-unique=\"32db79ff_16\">\r\n\t\t\t<div class=\"el\">\r\n\t\t\tMasz pytania?<br>Skontaktuj si\u0119 z nami!\t\t<\/div>\r\n\t\t<\/div>\r\n<div class=\"rsce_form  block\" data-unique=\"32db79ff_17\" >\n\t\n<div class=\"wpcf7 no-js\" id=\"wpcf7-f860-o1\" lang=\"de-DE\" dir=\"ltr\" data-wpcf7-id=\"860\">\n<div class=\"screen-reader-response\"><p role=\"status\" aria-live=\"polite\" aria-atomic=\"true\"><\/p> <ul><\/ul><\/div>\n<form action=\"\/railway-systems\/axlecounting\/wp-json\/wp\/v2\/pages\/874#wpcf7-f860-o1\" method=\"post\" class=\"wpcf7-form init\" aria-label=\"Kontaktformular\" novalidate=\"novalidate\" data-status=\"init\">\n<fieldset class=\"hidden-fields-container\"><input type=\"hidden\" name=\"_wpcf7\" value=\"860\" \/><input type=\"hidden\" name=\"_wpcf7_version\" value=\"6.1\" \/><input type=\"hidden\" name=\"_wpcf7_locale\" value=\"de_DE\" \/><input type=\"hidden\" name=\"_wpcf7_unit_tag\" value=\"wpcf7-f860-o1\" \/><input type=\"hidden\" name=\"_wpcf7_container_post\" value=\"0\" \/><input type=\"hidden\" name=\"_wpcf7_posted_data_hash\" value=\"\" \/>\n<\/fieldset>\n<div class=\"widgets fields\">\n\t<div class=\"widget widget-text name\">\n\t\t<div class=\"inner\">\n\t\t\t<p><label for=\"ctrl_getintouch_fullname\">Imi\u0119 i nazwisko<span class=\"mandatory\">*<\/span><\/label>\n\t\t\t<\/p>\n\t\t\t<div class=\"input\">\n\t\t\t\t<p><span class=\"wpcf7-form-control-wrap\" data-name=\"fullname\"><input size=\"40\" maxlength=\"400\" class=\"wpcf7-form-control wpcf7-text wpcf7-validates-as-required\" id=\"ctrl_getintouch_fullname\" aria-required=\"true\" aria-invalid=\"false\" value=\"\" type=\"text\" name=\"fullname\" \/><\/span>\n\t\t\t\t<\/p>\n\t\t\t<\/div>\n\t\t<\/div>\n\t<\/div>\n\t<div class=\"widget widget-text company\">\n\t\t<div class=\"inner\">\n\t\t\t<p><label for=\"ctrl_getintouch_company\">Firma<span class=\"mandatory\">*<\/span><\/label>\n\t\t\t<\/p>\n\t\t\t<div class=\"input\">\n\t\t\t\t<p><span class=\"wpcf7-form-control-wrap\" data-name=\"company\"><input size=\"40\" maxlength=\"400\" class=\"wpcf7-form-control wpcf7-text wpcf7-validates-as-required\" id=\"ctrl_getintouch_company\" aria-required=\"true\" aria-invalid=\"false\" value=\"\" type=\"text\" name=\"company\" \/><\/span>\n\t\t\t\t<\/p>\n\t\t\t<\/div>\n\t\t<\/div>\n\t<\/div>\n\t<div class=\"widget widget-text email\">\n\t\t<div class=\"inner\">\n\t\t\t<p><label for=\"ctrl_getintouch_email\">Adres e-mail<span class=\"mandatory\">*<\/span><\/label>\n\t\t\t<\/p>\n\t\t\t<div class=\"input\">\n\t\t\t\t<p><span class=\"wpcf7-form-control-wrap\" data-name=\"email\"><input size=\"40\" maxlength=\"400\" class=\"wpcf7-form-control wpcf7-email wpcf7-validates-as-required wpcf7-text wpcf7-validates-as-email\" id=\"ctrl_getintouch_email\" aria-required=\"true\" aria-invalid=\"false\" value=\"\" type=\"email\" name=\"email\" \/><\/span>\n\t\t\t\t<\/p>\n\t\t\t<\/div>\n\t\t<\/div>\n\t<\/div>\n\t<div class=\"widget widget-text phone\">\n\t\t<div class=\"inner\">\n\t\t\t<p><label for=\"ctrl_getintouch_phone\">Numer telefonu<span class=\"mandatory\">*<\/span><\/label>\n\t\t\t<\/p>\n\t\t\t<div class=\"input\">\n\t\t\t\t<p><span class=\"wpcf7-form-control-wrap\" data-name=\"phone\"><input size=\"40\" maxlength=\"400\" class=\"wpcf7-form-control wpcf7-tel wpcf7-validates-as-required wpcf7-text wpcf7-validates-as-tel\" id=\"ctrl_getintouch_phone\" aria-required=\"true\" aria-invalid=\"false\" value=\"\" type=\"tel\" name=\"phone\" \/><\/span>\n\t\t\t\t<\/p>\n\t\t\t<\/div>\n\t\t<\/div>\n\t<\/div>\n\t<div class=\"widget widget-textarea message\">\n\t\t<div class=\"inner\">\n\t\t\t<p><label for=\"ctrl_getintouch_message\">Twoja wiadomo\u015b\u0107<span class=\"mandatory\">*<\/span><\/label>\n\t\t\t<\/p>\n\t\t\t<div class=\"input\">\n\t\t\t\t<p><span class=\"wpcf7-form-control-wrap\" data-name=\"message\"><textarea cols=\"40\" rows=\"10\" maxlength=\"2000\" class=\"wpcf7-form-control wpcf7-textarea wpcf7-validates-as-required\" id=\"ctrl_getintouch_message\" aria-required=\"true\" aria-invalid=\"false\" name=\"message\"><\/textarea><\/span>\n\t\t\t\t<\/p>\n\t\t\t<\/div>\n\t\t<\/div>\n\t<\/div>\n\t<div class=\"widget submit_container\">\n\t\t<div class=\"inner\">\n\t\t\t<div class=\"input\">\n\t\t\t\t<p><span class=\"wpcf7-form-control-wrap\" data-name=\"dsgvo\"><span class=\"wpcf7-form-control wpcf7-acceptance\"><span class=\"wpcf7-list-item\"><label><input type=\"checkbox\" name=\"dsgvo\" value=\"1\" aria-invalid=\"false\" \/><span class=\"wpcf7-list-item-label\">Niniejszym potwierdzam, \u017ce podane powy\u017cej dane b\u0119d\u0105 przechowywane i wykorzystywane do regularnego wysy\u0142ania wiadomo\u015bci o nowych funkcjach, ofertach, konkursach, produktach itp. zgodnie z polityk\u0105 prywatno\u015bci. Zgoda mo\u017ce zosta\u0107 wycofana w dowolnym momencie.<\/span><\/label><\/span><\/span><\/span><br \/>\n<input class=\"wpcf7-form-control wpcf7-submit has-spinner btn buttonBlue\" type=\"submit\" value=\"Wy\u015blij wiadomo\u015b\u0107\" \/>\n\t\t\t\t<\/p>\n\t\t\t<\/div>\n\t\t<\/div>\n\t<\/div>\n<\/div><div class=\"wpcf7-response-output\" aria-hidden=\"true\"><\/div>\n<\/form>\n<\/div>\n\n<\/div>\r\n\t<\/div>\r\n\r\n","protected":false},"excerpt":{"rendered":"","protected":false},"author":7,"featured_media":0,"parent":0,"menu_order":0,"comment_status":"closed","ping_status":"closed","template":"","meta":{"footnotes":""},"class_list":["post-874","page","type-page","status-publish","hentry"],"_links":{"self":[{"href":"https:\/\/www.voestalpine.com\/railway-systems\/axlecounting\/wp-json\/wp\/v2\/pages\/874","targetHints":{"allow":["GET"]}}],"collection":[{"href":"https:\/\/www.voestalpine.com\/railway-systems\/axlecounting\/wp-json\/wp\/v2\/pages"}],"about":[{"href":"https:\/\/www.voestalpine.com\/railway-systems\/axlecounting\/wp-json\/wp\/v2\/types\/page"}],"author":[{"embeddable":true,"href":"https:\/\/www.voestalpine.com\/railway-systems\/axlecounting\/wp-json\/wp\/v2\/users\/7"}],"replies":[{"embeddable":true,"href":"https:\/\/www.voestalpine.com\/railway-systems\/axlecounting\/wp-json\/wp\/v2\/comments?post=874"}],"version-history":[{"count":29,"href":"https:\/\/www.voestalpine.com\/railway-systems\/axlecounting\/wp-json\/wp\/v2\/pages\/874\/revisions"}],"predecessor-version":[{"id":1621,"href":"https:\/\/www.voestalpine.com\/railway-systems\/axlecounting\/wp-json\/wp\/v2\/pages\/874\/revisions\/1621"}],"wp:attachment":[{"href":"https:\/\/www.voestalpine.com\/railway-systems\/axlecounting\/wp-json\/wp\/v2\/media?parent=874"}],"curies":[{"name":"wp","href":"https:\/\/api.w.org\/{rel}","templated":true}]}}