{"id":1494,"date":"2025-09-16T12:39:40","date_gmt":"2025-09-16T10:39:40","guid":{"rendered":"https:\/\/www.voestalpine.com\/railway-systems\/axlecounting\/?page_id=1494"},"modified":"2025-09-23T12:07:20","modified_gmt":"2025-09-23T10:07:20","slug":"unioc","status":"publish","type":"page","link":"https:\/\/www.voestalpine.com\/railway-systems\/axlecounting\/pl\/unioc\/","title":{"rendered":"UniOC"},"content":{"rendered":"<div class=\"intro  block\"  >\n\t<div class=\"inside\">\n\t\t<div class=\"background\">\n\t\t\t\t\t\t\t\t\t\t<img decoding=\"async\"   src=\"https:\/\/www.voestalpine.com\/railway-systems\/axlecounting\/wp-content\/uploads\/2025\/09\/P1199227-1-scaled.png\" title=\"P1199227\"  srcset=\"https:\/\/www.voestalpine.com\/railway-systems\/axlecounting\/wp-content\/uploads\/2025\/09\/P1199227-1-scaled.png 2560w, https:\/\/www.voestalpine.com\/railway-systems\/axlecounting\/wp-content\/uploads\/2025\/09\/P1199227-1-300x169.png 300w, https:\/\/www.voestalpine.com\/railway-systems\/axlecounting\/wp-content\/uploads\/2025\/09\/P1199227-1-1024x576.png 1024w, https:\/\/www.voestalpine.com\/railway-systems\/axlecounting\/wp-content\/uploads\/2025\/09\/P1199227-1-768x432.png 768w, https:\/\/www.voestalpine.com\/railway-systems\/axlecounting\/wp-content\/uploads\/2025\/09\/P1199227-1-1536x864.png 1536w, https:\/\/www.voestalpine.com\/railway-systems\/axlecounting\/wp-content\/uploads\/2025\/09\/P1199227-1-2048x1152.png 2048w, https:\/\/www.voestalpine.com\/railway-systems\/axlecounting\/wp-content\/uploads\/2025\/09\/P1199227-1-1900x1069.png 1900w, https:\/\/www.voestalpine.com\/railway-systems\/axlecounting\/wp-content\/uploads\/2025\/09\/P1199227-1-1600x900.png 1600w, https:\/\/www.voestalpine.com\/railway-systems\/axlecounting\/wp-content\/uploads\/2025\/09\/P1199227-1-1440x810.png 1440w, https:\/\/www.voestalpine.com\/railway-systems\/axlecounting\/wp-content\/uploads\/2025\/09\/P1199227-1-1200x675.png 1200w, https:\/\/www.voestalpine.com\/railway-systems\/axlecounting\/wp-content\/uploads\/2025\/09\/P1199227-1-900x506.png 900w, https:\/\/www.voestalpine.com\/railway-systems\/axlecounting\/wp-content\/uploads\/2025\/09\/P1199227-1-600x338.png 600w, https:\/\/www.voestalpine.com\/railway-systems\/axlecounting\/wp-content\/uploads\/2025\/09\/P1199227-1-450x253.png 450w\" sizes=\"(max-width: 2560px) 100vw, 2560px\"  \/>\r\n\t\t\t\n\t\t\t\t\t<\/div>\n\t\t<div class=\"text-container\">\n\t\t\t<div class=\"inner\">\n\t\t\t\t\t\t\t\t<div class=\"text\"><p>Sterownik Obiektowy UniOC<\/p>\r\n<p>Cyfrowa Rewolucja w Rozjazdach Kolejowych<\/p><\/div>\t\t\t<\/div>\n\t\t<\/div>\n\t<\/div>\n<\/div>\r\n\r\n<div class=\"wrap smax_wrap\"  >\r\n\t\t\t\t<div class=\"smax_headline align_left textalign_left size_38\"data-unique=\"1466a052_4\">\r\n\t\t\t<div class=\"el\">\r\n\t\t\tDIGITAL PERFORMANCE ON TRACK\u00ae\t\t<\/div>\r\n\t\t\t\t<div class=\"content\"><div class=\"notranslate ESMNde HGLrXd ojE3Fb\">\r\n<div class=\"q0vns\">\r\n<p>Sterownik Obiektowy UniOC oparty jest na architekturze EULYNX Baseline 4.<\/p>\r\n<p>Gotowy do integracji z nowoczesn\u0105 infrastruktur\u0105, wspiera cyfryzacj\u0119 starszych system\u00f3w sterowania ruchem kolejowym, toruj\u0105c drog\u0119 do pe\u0142nej migracji w kierunku cyfrowych system\u00f3w SRK.<\/p>\r\n<p class=\"LC20lb MBeuO DKV0Md\">Bazuj\u0105c na wiedzy i do\u015bwiadczeniu in\u017cynier\u00f3w Railway Systems, w po\u0142\u0105czeniu z nap\u0119dami zwrotnicowymi ECOSTAR oraz systemem monitoringu infrastruktury zentrak, nasz Sterownik Obiektowy stanowi idealne rozwi\u0105zanie dla nowoczesnych rozjazd\u00f3w kolejowych.<\/p>\r\n\r\n\r\n\r\n\r\n\r\n\r\n\r\n\r\n\r\n\r\n\r\n\r\n\r\n\r\n<\/div>\r\n\r\n\r\n\r\n\r\n\r\n\r\n\r\n\r\n\r\n\r\n\r\n\r\n\r\n\r\n<\/div><\/div>\r\n\t<\/div>\r\n\t<a data-unique=\"1466a052_5\"  href=\"https:\/\/www.voestalpine.com\/railway-systems\/en\/products\/ecostar-point-machine\/\" class=\"btn buttonBlueTransparent\" >ECOSTAR<\/a>\r\n\r\n\t<a data-unique=\"1466a052_6\"  href=\"https:\/\/www.voestalpine.com\/railway-systems\/en\/products\/zentrak\/\" class=\"btn buttonBlueTransparent\" >zentrak Infrastructure Monitoring<\/a>\r\n\r\n\t<\/div>\r\n\r\n<div class=\"wrap smax_wrap\"  data-unique=\"1466a052_7\">\r\n\t\t\t\t<div class=\"rsce_longtext  mode_blue-2col butt-off\">\n\t<div class=\"wrap\">\n\t\t\t\t\t<div class=\"text-wrap\">\n\t\t\t\t<div class=\"headline\">Bezpiecze\u0144stwo i Ochrona<\/div>\t\t\t\t\t\t\t<\/div>\n\t\t\t\t\n\t\t\t\t\t<div class=\"blocks\">\n\t\t\t\t<div class=\"smax_headline align_left textalign_left size_38\"data-unique=\"1466a052_9\">\r\n\t\t\t<div class=\"el\">\r\n\t\t\tPoziom Integralno\u015bci Bezpiecze\u0144stwa: SIL4\t\t<\/div>\r\n\t\t\t\t<div class=\"content\"><ul>\r\n<li>\r\n<div>Zgodno\u015b\u0107 ze standardami CENELEC: <em>EN 50126, EN 50128, EN 50129, EN 50159<\/em>.<\/div>\r\n<\/li>\r\n<\/ul><ul>\r\n<li>\r\n<div>Przetwarza dane steruj\u0105ce i diagnostyczne \u2014 zar\u00f3wno istotne dla bezpiecze\u0144stwa, jak i pozosta\u0142e \u2014 wszystko za pomoc\u0105 jednego modu\u0142u.<\/div>\r\n<\/li>\r\n<\/ul><ul>\r\n<li>Modu\u0142owa, kompaktowa i wytrzyma\u0142a konstrukcja, przystosowana do pracy w zapewnia niezawodne dzia\u0142anie nawet w wymagaj\u0105cych warunkach \u015brodowiskowych.<\/li>\r\n<\/ul><\/div>\r\n\t<\/div>\r\n<div class=\"smax_headline align_left textalign_left size_38\"data-unique=\"1466a052_10\">\r\n\t\t\t<div class=\"el\">\r\n\t\t\tPoziom Ochrony: SL3\t\t<\/div>\r\n\t\t\t\t<div class=\"content\"><ul>\r\n<li>Zgodno\u015b\u0107 z norm\u0105 <em>IEC 62443<\/em>.<\/li>\r\n<\/ul><ul>\r\n<li>Nie wymaga zewn\u0119trznych modu\u0142\u00f3w kryptograficznych \u2013 wbudowane mechanizmy separacji funkcji bezpiecze\u0144stwa i ochrony danych.<\/li>\r\n<\/ul><ul>\r\n<li>Odporno\u015b\u0107 na cyberzagro\u017cenia oraz mo\u017cliwo\u015b\u0107 pe\u0142nej aktualizacji systemu bezpo\u015brednio w terenie.<\/li>\r\n<\/ul><\/div>\r\n\t<\/div>\r\n\t\t\t<\/div>\n\t\t\t\t\t<\/div>\n\t<\/div>\r\n<div class=\"rsce_longtext  mode_gray butt-off\">\n\t<div class=\"wrap\">\n\t\t\t\t\t<div class=\"text-wrap\">\n\t\t\t\t<div class=\"headline\">Diagnostyka i Monitoring<\/div>\t\t\t\t\t\t\t<\/div>\n\t\t\t\t\n\t\t\t\t\t<div class=\"blocks\">\n\t\t\t\t<div class=\"smax_headline align_left textalign_left size_38\"data-unique=\"1466a052_12\">\r\n\t\t\t<div class=\"el\">\r\n\t\t\tSystem Zbierania Danych\t\t<\/div>\r\n\t\t\t\t<div class=\"content\"><ul>\r\n<li>Dane diagnostyczne dost\u0119pne s\u0105 przez standardowe interfejsy (SDI-P z wykorzystaniem OPC-UA).<\/li>\r\n<\/ul><ul>\r\n<li>Monitorowanie stanu w czasie rzeczywistym zast\u0119puje konserwacj\u0119 reaktywn\u0105 podej\u015bciem predykcyjnym \u2013 zwi\u0119kszaj\u0105c niezawodno\u015b\u0107 i ograniczaj\u0105c nieplanowane przestoje.<\/li>\r\n<\/ul><ul>\r\n<li>Zdalny dost\u0119p do danych mo\u017cliwy jest przez aplikacj\u0119 webow\u0105 MDM lub inne rozwi\u0105zania diagnostyczne.<\/li>\r\n<\/ul><ul>\r\n<li>Technologia NFC umo\u017cliwia wy\u015bwietlanie danych diagnostycznych na zarejestrowanych urz\u0105dzeniach mobilnych.<\/li>\r\n<\/ul><\/div>\r\n\t<\/div>\r\n<div class=\"smax_headline align_left textalign_left size_38\"data-unique=\"1466a052_13\">\r\n\t\t\t<div class=\"el\">\r\n\t\t\tZintegrowane Monitorowanie Stanu Technicznego\t\t<\/div>\r\n\t\t\t\t<div class=\"content\"><ul>\r\n<li>Wbudowana diagnostyka nap\u0119du (napi\u0119cie, czas prze\u0142o\u017cenia).<\/li>\r\n<\/ul><ul>\r\n<li>System umo\u017cliwia precyzyjny pomiar pozycji iglicy i si\u0142y dzia\u0142ania, a tak\u017ce generuje wykres dla ka\u017cdego ruchu zwrotnicy.<\/li>\r\n<\/ul><ul>\r\n<li>Pomiar temperatury i wilgotno\u015bci w nap\u0119dzie zwrotnicowym.<\/li>\r\n<\/ul><ul>\r\n<li>Zdalne modu\u0142y inspekcji RVI zapewniaj\u0105 pe\u0142n\u0105 kontrol\u0119 nad stanem urz\u0105dze\u0144.<\/li>\r\n<\/ul><\/div>\r\n\t<\/div>\r\n\t\t\t<\/div>\n\t\t\t\t\t<\/div>\n\t<\/div>\r\n<div class=\"rsce_longtext  mode_blue-2col butt-off\">\n\t<div class=\"wrap\">\n\t\t\t\t\t<div class=\"text-wrap\">\n\t\t\t\t<div class=\"headline\">Utrzymanie<\/div>\t\t\t\t\t\t\t<\/div>\n\t\t\t\t\n\t\t\t\t\t<div class=\"blocks\">\n\t\t\t\t<div class=\"smax_headline align_left textalign_left size_38\"data-unique=\"1466a052_15\">\r\n\t\t\t<div class=\"el\">\r\n\t\t\tNiskie Koszty\t\t<\/div>\r\n\t\t\t\t<div class=\"content\"><ul>\r\n<li>Oszcz\u0119dno\u015b\u0107 czasu i zasob\u00f3w \u2013 dzi\u0119ki kompaktowej konstrukcji, uproszczonemu okablowaniu i beznarz\u0119dziowej wymianie komponent\u00f3w.<\/li>\r\n<\/ul><ul>\r\n<li>Modu\u0142owa architektura umo\u017cliwia elastyczne modernizacje bez ingerencji w ca\u0142y system, a wsparcie dla po\u0142\u0105cze\u0144 Ethernet do 1000 m zapewnia swobod\u0119 projektowania infrastruktury.<\/li>\r\n<\/ul><\/div>\r\n\t<\/div>\r\n<div class=\"smax_headline align_left textalign_left size_38\"data-unique=\"1466a052_16\">\r\n\t\t\t<div class=\"el\">\r\n\t\t\tNiezawodno\u015b\u0107\t\t<\/div>\r\n\t\t\t\t<div class=\"content\"><ul>\r\n<li>System mo\u017ce dzia\u0142a\u0107 w architekturze scentralizowanej lub rozproszonej, zarz\u0105dzaj\u0105c nawet 14 modu\u0142ami steruj\u0105cymi lub 15 nap\u0119dami zwrotnic z jednego modu\u0142u nadrz\u0119dnego.<\/li>\r\n<\/ul><ul>\r\n<li>Zintegrowane zarz\u0105dzanie zasilaniem zapewnia stabiln\u0105 prac\u0119 w zmiennych warunkach.<\/li>\r\n<\/ul><ul>\r\n<li>MTBF &gt; 1 000 000 godzin.<\/li>\r\n<\/ul><ul>\r\n<li>Obudowa o klasie szczelno\u015bci do IP67.<\/li>\r\n<\/ul><\/div>\r\n\t<\/div>\r\n\t\t\t<\/div>\n\t\t\t\t\t<\/div>\n\t<\/div>\r\n\t<\/div>\r\n\r\n<div class=\"wrap smax_wrap\"  data-unique=\"1466a052_17\">\r\n\t\t\t\t<div class=\"smax_headline align_left textalign_left size_38\"data-unique=\"1466a052_18\">\r\n\t\t\t<div class=\"el\">\r\n\t\t\tChcia\u0142by\u015b dowiedzie\u0107 si\u0119 wi\u0119cej? Skontaktuj si\u0119 z Nami!\t\t<\/div>\r\n\t\t<\/div>\r\n<div class=\"rsce_form  block\"  >\n\t\n<div class=\"wpcf7 no-js\" id=\"wpcf7-f860-o1\" lang=\"de-DE\" dir=\"ltr\" data-wpcf7-id=\"860\">\n<div class=\"screen-reader-response\"><p role=\"status\" aria-live=\"polite\" aria-atomic=\"true\"><\/p> <ul><\/ul><\/div>\n<form action=\"\/railway-systems\/axlecounting\/wp-json\/wp\/v2\/pages\/1494#wpcf7-f860-o1\" method=\"post\" class=\"wpcf7-form init\" aria-label=\"Kontaktformular\" novalidate=\"novalidate\" data-status=\"init\">\n<fieldset class=\"hidden-fields-container\"><input type=\"hidden\" name=\"_wpcf7\" value=\"860\" \/><input type=\"hidden\" name=\"_wpcf7_version\" value=\"6.1\" \/><input type=\"hidden\" name=\"_wpcf7_locale\" value=\"de_DE\" \/><input type=\"hidden\" name=\"_wpcf7_unit_tag\" value=\"wpcf7-f860-o1\" \/><input type=\"hidden\" name=\"_wpcf7_container_post\" value=\"0\" \/><input type=\"hidden\" name=\"_wpcf7_posted_data_hash\" value=\"\" \/>\n<\/fieldset>\n<div class=\"widgets fields\">\n\t<div class=\"widget widget-text name\">\n\t\t<div class=\"inner\">\n\t\t\t<p><label for=\"ctrl_getintouch_fullname\">Imi\u0119 i nazwisko<span class=\"mandatory\">*<\/span><\/label>\n\t\t\t<\/p>\n\t\t\t<div class=\"input\">\n\t\t\t\t<p><span class=\"wpcf7-form-control-wrap\" data-name=\"fullname\"><input size=\"40\" maxlength=\"400\" class=\"wpcf7-form-control wpcf7-text wpcf7-validates-as-required\" id=\"ctrl_getintouch_fullname\" aria-required=\"true\" aria-invalid=\"false\" value=\"\" type=\"text\" name=\"fullname\" \/><\/span>\n\t\t\t\t<\/p>\n\t\t\t<\/div>\n\t\t<\/div>\n\t<\/div>\n\t<div class=\"widget widget-text company\">\n\t\t<div class=\"inner\">\n\t\t\t<p><label for=\"ctrl_getintouch_company\">Firma<span class=\"mandatory\">*<\/span><\/label>\n\t\t\t<\/p>\n\t\t\t<div class=\"input\">\n\t\t\t\t<p><span class=\"wpcf7-form-control-wrap\" data-name=\"company\"><input size=\"40\" maxlength=\"400\" class=\"wpcf7-form-control wpcf7-text wpcf7-validates-as-required\" id=\"ctrl_getintouch_company\" aria-required=\"true\" aria-invalid=\"false\" value=\"\" type=\"text\" name=\"company\" \/><\/span>\n\t\t\t\t<\/p>\n\t\t\t<\/div>\n\t\t<\/div>\n\t<\/div>\n\t<div class=\"widget widget-text email\">\n\t\t<div class=\"inner\">\n\t\t\t<p><label for=\"ctrl_getintouch_email\">Adres e-mail<span class=\"mandatory\">*<\/span><\/label>\n\t\t\t<\/p>\n\t\t\t<div class=\"input\">\n\t\t\t\t<p><span class=\"wpcf7-form-control-wrap\" data-name=\"email\"><input size=\"40\" maxlength=\"400\" class=\"wpcf7-form-control wpcf7-email wpcf7-validates-as-required wpcf7-text wpcf7-validates-as-email\" id=\"ctrl_getintouch_email\" aria-required=\"true\" aria-invalid=\"false\" value=\"\" type=\"email\" name=\"email\" \/><\/span>\n\t\t\t\t<\/p>\n\t\t\t<\/div>\n\t\t<\/div>\n\t<\/div>\n\t<div class=\"widget widget-text phone\">\n\t\t<div class=\"inner\">\n\t\t\t<p><label for=\"ctrl_getintouch_phone\">Numer telefonu<span class=\"mandatory\">*<\/span><\/label>\n\t\t\t<\/p>\n\t\t\t<div class=\"input\">\n\t\t\t\t<p><span class=\"wpcf7-form-control-wrap\" data-name=\"phone\"><input size=\"40\" maxlength=\"400\" class=\"wpcf7-form-control wpcf7-tel wpcf7-validates-as-required wpcf7-text wpcf7-validates-as-tel\" id=\"ctrl_getintouch_phone\" aria-required=\"true\" aria-invalid=\"false\" value=\"\" type=\"tel\" name=\"phone\" \/><\/span>\n\t\t\t\t<\/p>\n\t\t\t<\/div>\n\t\t<\/div>\n\t<\/div>\n\t<div class=\"widget widget-textarea message\">\n\t\t<div class=\"inner\">\n\t\t\t<p><label for=\"ctrl_getintouch_message\">Twoja wiadomo\u015b\u0107<span class=\"mandatory\">*<\/span><\/label>\n\t\t\t<\/p>\n\t\t\t<div class=\"input\">\n\t\t\t\t<p><span class=\"wpcf7-form-control-wrap\" data-name=\"message\"><textarea cols=\"40\" rows=\"10\" maxlength=\"2000\" class=\"wpcf7-form-control wpcf7-textarea wpcf7-validates-as-required\" id=\"ctrl_getintouch_message\" aria-required=\"true\" aria-invalid=\"false\" name=\"message\"><\/textarea><\/span>\n\t\t\t\t<\/p>\n\t\t\t<\/div>\n\t\t<\/div>\n\t<\/div>\n\t<div class=\"widget submit_container\">\n\t\t<div class=\"inner\">\n\t\t\t<div class=\"input\">\n\t\t\t\t<p><span class=\"wpcf7-form-control-wrap\" data-name=\"dsgvo\"><span class=\"wpcf7-form-control wpcf7-acceptance\"><span class=\"wpcf7-list-item\"><label><input type=\"checkbox\" name=\"dsgvo\" value=\"1\" aria-invalid=\"false\" \/><span class=\"wpcf7-list-item-label\">Niniejszym potwierdzam, \u017ce podane powy\u017cej dane b\u0119d\u0105 przechowywane i wykorzystywane do regularnego wysy\u0142ania wiadomo\u015bci o nowych funkcjach, ofertach, konkursach, produktach itp. zgodnie z polityk\u0105 prywatno\u015bci. Zgoda mo\u017ce zosta\u0107 wycofana w dowolnym momencie.<\/span><\/label><\/span><\/span><\/span><br \/>\n<input class=\"wpcf7-form-control wpcf7-submit has-spinner btn buttonBlue\" type=\"submit\" value=\"Wy\u015blij wiadomo\u015b\u0107\" \/>\n\t\t\t\t<\/p>\n\t\t\t<\/div>\n\t\t<\/div>\n\t<\/div>\n<\/div><div class=\"wpcf7-response-output\" aria-hidden=\"true\"><\/div>\n<\/form>\n<\/div>\n\n<\/div>\r\n\t<\/div>\r\n\r\n","protected":false},"excerpt":{"rendered":"","protected":false},"author":7,"featured_media":0,"parent":0,"menu_order":0,"comment_status":"closed","ping_status":"closed","template":"","meta":{"footnotes":""},"class_list":["post-1494","page","type-page","status-publish","hentry"],"_links":{"self":[{"href":"https:\/\/www.voestalpine.com\/railway-systems\/axlecounting\/wp-json\/wp\/v2\/pages\/1494","targetHints":{"allow":["GET"]}}],"collection":[{"href":"https:\/\/www.voestalpine.com\/railway-systems\/axlecounting\/wp-json\/wp\/v2\/pages"}],"about":[{"href":"https:\/\/www.voestalpine.com\/railway-systems\/axlecounting\/wp-json\/wp\/v2\/types\/page"}],"author":[{"embeddable":true,"href":"https:\/\/www.voestalpine.com\/railway-systems\/axlecounting\/wp-json\/wp\/v2\/users\/7"}],"replies":[{"embeddable":true,"href":"https:\/\/www.voestalpine.com\/railway-systems\/axlecounting\/wp-json\/wp\/v2\/comments?post=1494"}],"version-history":[{"count":12,"href":"https:\/\/www.voestalpine.com\/railway-systems\/axlecounting\/wp-json\/wp\/v2\/pages\/1494\/revisions"}],"predecessor-version":[{"id":1591,"href":"https:\/\/www.voestalpine.com\/railway-systems\/axlecounting\/wp-json\/wp\/v2\/pages\/1494\/revisions\/1591"}],"wp:attachment":[{"href":"https:\/\/www.voestalpine.com\/railway-systems\/axlecounting\/wp-json\/wp\/v2\/media?parent=1494"}],"curies":[{"name":"wp","href":"https:\/\/api.w.org\/{rel}","templated":true}]}}