{"id":1211,"date":"2023-07-27T21:15:26","date_gmt":"2023-07-27T19:15:26","guid":{"rendered":"https:\/\/www.voestalpine.com\/railway-systems\/axlecounting\/?page_id=1211"},"modified":"2023-09-08T13:30:56","modified_gmt":"2023-09-08T11:30:56","slug":"prywatnosc-danych-ochrona-danych","status":"publish","type":"page","link":"https:\/\/www.voestalpine.com\/railway-systems\/axlecounting\/pl\/prywatnosc-danych-ochrona-danych\/","title":{"rendered":"Prywatno\u015b\u0107 danych \/ ochrona danych"},"content":{"rendered":"<div class=\"wrap smax_wrap data_privacy_container\"  >\r\n\t\t\t\t<h2>Prywatno\u015b\u0107 danych \/ ochrona danych<\/h2><p>Ochrona bezpiecze\u0144stwa i prywatno\u015bci danych osobowych jest bardzo wa\u017cna dla voestalpine Signaling Poland sp. z o.o., Jana z Kolna 26c, 81-859 Sopot, Polska (dalej &#8216;my&#8217; i &#8216;nas&#8217;) i jej sp\u00f3\u0142ek zale\u017cnych. Przestrzegamy obowi\u0105zuj\u0105cych przepis\u00f3w prawa dotycz\u0105cych ochrony, w\u0142a\u015bciwego przetwarzania i poufno\u015bci danych osobowych, w szczeg\u00f3lno\u015bci polskiej ustawy z dnia 10 maja 2018 r. o ochronie danych osobowych (Dz.U. 2018 nr 1000) oraz unijnego og\u00f3lnego rozporz\u0105dzenia o ochronie danych (RODO).<\/p><p>Niniejsza polityka ochrony danych wyja\u015bnia charakter, zakres i cel gromadzenia i wykorzystywania przez nas danych osobowych u\u017cytkownika podczas odwiedzania i korzystania przez niego z naszej strony internetowej <a href=\"https:\/\/uniac.rittler.co\/\">https:\/\/voestalpine.com\/railway-systems\/axlecounting\/<\/a> (&#8216;strona internetowa&#8217;).<\/p><p>Istnieje r\u00f3wnie\u017c osobny dzia\u0142 dla partner\u00f3w biznesowych voestalpine Railway Systems GmbH.<\/p><div class=\"smax_accordion_container \">\n\t<div class=\"smax_accordion unselected data_accord\">\n\t<div class=\"accordion-title unselected\">\n\t\t<a name=\"kto-jest-odpowiedzialny-za-przetwarzanie-danych-i-z-kim-mo%c5%bcna-si%c4%99-skontaktowa%c4%87\">\n\t\t\t<i class=\"icon plus\"><\/i>\n\t\t\tKto jest odpowiedzialny za przetwarzanie danych i z kim mo\u017cna si\u0119 skontaktowa\u0107?\t\t\t\t\t<\/a>\n\t<\/div>\n\t<div class=\"accordion-content\"><p>Administratorem danych osobowych (w rozumieniu og\u00f3lnego rozporz\u0105dzenia o ochronie danych) w zwi\u0105zku z korzystaniem z niniejszej strony internetowej jest voestalpine Signaling Polnad sp. z o.o..<\/p><p>Mo\u017cna si\u0119 z nami skontaktowa\u0107 w nast\u0119puj\u0105cy spos\u00f3b:<\/p><p><strong>voestalpine Signaling Poland sp. z o.o.<\/strong><\/p><p><strong>Jana z Kolna 26c, 81-859 Sopot, Poland<\/strong><br><strong>Email: &nbsp;<a href=\"mailto:%20iod.sopot@voestalpine.com\">iod.sopot@voestalpine.com<\/a><\/strong><\/p><\/div>\n<\/div>\r\n<div class=\"smax_accordion unselected data_accord\">\n\t<div class=\"accordion-title unselected\">\n\t\t<a name=\"dane-osobowe\">\n\t\t\t<i class=\"icon plus\"><\/i>\n\t\t\tDane osobowe\t\t\t\t\t<\/a>\n\t<\/div>\n\t<div class=\"accordion-content\"><p>Dane osobowe to wszelkie informacje dotycz\u0105ce osoby, kt\u00f3rej dane dotycz\u0105 (osoby fizycznej), kt\u00f3r\u0105 mo\u017cna bezpo\u015brednio lub po\u015brednio zidentyfikowa\u0107 (np. imi\u0119 i nazwisko, adres e-mail lub adres IP).<\/p><p>U\u017cytkownik mo\u017ce odwiedza\u0107 nasz\u0105 witryn\u0119 bez podawania danych osobowych. Podczas odwiedzania i korzystania z naszej strony internetowej mo\u017cemy przetwarza\u0107 nast\u0119puj\u0105ce dane:<\/p><ul>\r\n<li>\r\n<p>Dane dotycz\u0105ce u\u017cytkowania (np. odwiedzane strony internetowe, zainteresowanie tre\u015bci\u0105, czasy dost\u0119pu, geotagi);<\/p>\r\n<\/li>\r\n<li>\r\n<p>Dane meta\/komunikacyjne (np. informacje o sprz\u0119cie, adresy IP (zanonimizowane));<\/p>\r\n<\/li>\r\n<li>\r\n<p>Anonimowy identyfikator pliku cookie, kt\u00f3ry nie pozwala na ustalenie adresu IP u\u017cytkownika.<\/p>\r\n<\/li>\r\n<\/ul><\/div>\n<\/div>\r\n<div class=\"smax_accordion unselected data_accord\">\n\t<div class=\"accordion-title unselected\">\n\t\t<a name=\"kontakt\">\n\t\t\t<i class=\"icon plus\"><\/i>\n\t\t\tKontakt\t\t\t\t\t<\/a>\n\t<\/div>\n\t<div class=\"accordion-content\"><p>Gdy u\u017cytkownik skontaktuje si\u0119 z nami za po\u015brednictwem poczty elektronicznej, telefonu lub faksu, b\u0119dziemy przetwarza\u0107 podane przez niego dane osobowe (e-mail, imi\u0119 i nazwisko, numer telefonu, numer faksu, zapytanie oraz wszystkie powi\u0105zane dokumenty) w celu obs\u0142ugi zapytania.<\/p><\/div>\n<\/div>\r\n<div class=\"smax_accordion unselected data_accord\">\n\t<div class=\"accordion-title unselected\">\n\t\t<a name=\"pliki-cookie\">\n\t\t\t<i class=\"icon plus\"><\/i>\n\t\t\tPliki cookie\t\t\t\t\t<\/a>\n\t<\/div>\n\t<div class=\"accordion-content\"><p>Nasza witryna internetowa wykorzystuje pliki cookie, kt\u00f3re pozwalaj\u0105 witrynie rozpozna\u0107 przegl\u0105dark\u0119 u\u017cytkownika podczas ponownej wizyty w witrynie. Pliki cookie to ma\u0142e pliki tekstowe, kt\u00f3re przegl\u0105darka przechowuje na urz\u0105dzeniu u\u017cytkownika. Pozwala to na optymalne dostosowanie strony internetowej do zainteresowa\u0144 u\u017cytkownika. Je\u015bli u\u017cytkownik nie chce, aby pliki cookie by\u0142y przechowywane na jego komputerze, mo\u017ce skonfigurowa\u0107 przegl\u0105dark\u0119 tak, aby informowa\u0142a go o ustawieniu plik\u00f3w cookie, tak aby m\u00f3g\u0142 zdecydowa\u0107, czy zezwoli\u0107 na nie w poszczeg\u00f3lnych przypadkach. U\u017cytkownik mo\u017ce r\u00f3wnie\u017c wy\u0142\u0105czy\u0107 obs\u0142ug\u0119 plik\u00f3w cookie w swojej przegl\u0105darce. Nale\u017cy pami\u0119ta\u0107, \u017ce w takim przypadku mo\u017ce nie by\u0107 mo\u017cliwe korzystanie ze wszystkich funkcji witryny w pe\u0142nym zakresie.<\/p><p>Odwiedzaj\u0105c nasz\u0105 witryn\u0119 po raz pierwszy, u\u017cytkownicy mog\u0105 zdecydowa\u0107, czy zaakceptowa\u0107 wszystkie pliki cookie, czy te\u017c przypisa\u0107 <a href=\"..\/..\/en\/data-privacy\/#uc-central-modal-show\">indywidualne ustawienia<\/a> dla ka\u017cdego pliku cookie. Ustawienia te mo\u017cna r\u00f3wnie\u017c zmieni\u0107 w p\u00f3\u017aniejszym czasie <a href=\"..\/..\/en\/data-privacy\/#uc-central-modal-show\">tutaj.<\/a><\/p><p>Ponadto na stronie <a href=\"http:\/\/www.youronlinechoices.eu\/\">http:\/\/www.youronlinechoices.eu<\/a> mo\u017cna w\u0142\u0105cza\u0107 i wy\u0142\u0105cza\u0107 \u015bledzenie w sieci dla wymienionych tam dostawc\u00f3w.<\/p><\/div>\n<\/div>\r\n<div class=\"smax_accordion unselected data_accord\">\n\t<div class=\"accordion-title unselected\">\n\t\t<a name=\"google-analytics-z-funkcj%c4%85-anonimizacji\">\n\t\t\t<i class=\"icon plus\"><\/i>\n\t\t\tGoogle Analytics (z funkcj\u0105 anonimizacji)\t\t\t\t\t<\/a>\n\t<\/div>\n\t<div class=\"accordion-content\"><p>Ta strona internetowa korzysta z Google Analytics (z funkcj\u0105 anonimizacji), us\u0142ugi analizy sieci Google Ireland Limited (&#8216;Google&#8217;), Gordon House, Barrow Street, Dublin 4.<\/p><p>Google Analytics to us\u0142uga analizy sieci. Analiza internetowa to pozyskiwanie, gromadzenie i ocena danych dotycz\u0105cych zachowania os\u00f3b odwiedzaj\u0105cych strony internetowe. Na przyk\u0142ad, us\u0142uga analizy sieci gromadzi dane na temat strony internetowej, z kt\u00f3rej osoba, kt\u00f3rej dane dotycz\u0105, przesz\u0142a na inn\u0105 stron\u0119 internetow\u0105 (tzw. referrer), kt\u00f3re podstrony strony internetowej by\u0142y odwiedzane lub jak cz\u0119sto i przez jaki czas podstrona by\u0142a przegl\u0105dana. Analiza internetowa jest wykorzystywana przede wszystkim do optymalizacji strony internetowej oraz do analizy koszt\u00f3w i korzy\u015bci reklamy internetowej.<\/p><p>U\u017cywamy sufiksu &#8216;_gat._anonymizeIp&#8217; do analizy sieci przez Google Analytics. Adres IP po\u0142\u0105czenia internetowego osoby, kt\u00f3rej dane dotycz\u0105, jest skracany i anonimizowany przez Google za pomoc\u0105 tego sufiksu, gdy nasze strony internetowe s\u0105 dost\u0119pne z pa\u0144stwa cz\u0142onkowskiego Unii Europejskiej lub innego pa\u0144stwa-sygnatariusza Porozumienia o Europejskim Obszarze Gospodarczym.<\/p><p>Celem komponentu Google Analytics jest analiza strumieni odwiedzaj\u0105cych nasz\u0105 stron\u0119 internetow\u0105. Google wykorzystuje uzyskane dane i informacje, mi\u0119dzy innymi, do oceny korzystania z naszej strony internetowej w celu tworzenia dla nas raport\u00f3w online, pokazuj\u0105cych aktywno\u015b\u0107 na naszych stronach internetowych oraz do \u015bwiadczenia dodatkowych us\u0142ug w zwi\u0105zku z korzystaniem z naszych stron internetowych.<\/p><p>Google Analytics umieszcza plik cookie w systemie informatycznym osoby, kt\u00f3rej dane dotycz\u0105. Pliki cookie zosta\u0142y ju\u017c wyja\u015bnione powy\u017cej. Umieszczenie pliku cookie umo\u017cliwia Google analiz\u0119 korzystania z naszej strony internetowej. Po wej\u015bciu na jedn\u0105 ze stron tej witryny internetowej, kt\u00f3ra jest obs\u0142ugiwana przez nas i na kt\u00f3rej zintegrowano komponent Google Analytics, odpowiedni komponent Google Analytics automatycznie powoduje, \u017ce przegl\u0105darka internetowa w systemie informatycznym osoby, kt\u00f3rej dane dotycz\u0105, wysy\u0142a dane do Google w celu analizy online.<\/p><p>Jak opisano powy\u017cej, osoba, kt\u00f3rej dane dotycz\u0105, mo\u017ce w dowolnym momencie zapobiec umieszczaniu plik\u00f3w cookie przez nasz\u0105 stron\u0119 internetow\u0105, dokonuj\u0105c odpowiedniego ustawienia w u\u017cywanej przegl\u0105darce internetowej, a tym samym trwale sprzeciwiaj\u0105c si\u0119 umieszczaniu plik\u00f3w cookie. Dokonanie takiego ustawienia w u\u017cywanej przegl\u0105darce internetowej uniemo\u017cliwia r\u00f3wnie\u017c Google umieszczenie pliku cookie w systemie informatycznym osoby, kt\u00f3rej dane dotycz\u0105. Ponadto plik cookie ju\u017c umieszczony przez Google Analytics mo\u017cna usun\u0105\u0107 w dowolnym momencie za pomoc\u0105 przegl\u0105darki internetowej lub innego oprogramowania.<\/p><p>Ponadto osoba, kt\u00f3rej dane dotycz\u0105, mo\u017ce sprzeciwi\u0107 si\u0119 i zapobiec gromadzeniu danych zwi\u0105zanych z korzystaniem z tej strony internetowej, kt\u00f3re s\u0105 generowane przez Google Analytics, oraz przetwarzaniu tych danych przez Google. W tym celu osoba, kt\u00f3rej dane dotycz\u0105, musi pobra\u0107 i zainstalowa\u0107 dodatek do przegl\u0105darki pod linkiem <a href=\"https:\/\/tools.google.com\/dlpage\/gaoptout?hl=en\">https:\/\/tools.google.com\/dlpage\/gaoptout?hl=en<\/a>. Ten dodatek do przegl\u0105darki wykorzystuje JavaScript do informowania Google Analytics, \u017ce \u017cadne dane i informacje dotycz\u0105ce wizyt na stronach internetowych nie mog\u0105 by\u0107 przesy\u0142ane do Google Analytics. Google uznaje instalacj\u0119 dodatku do przegl\u0105darki za sprzeciw. Je\u015bli system informatyczny osoby, kt\u00f3rej dane dotycz\u0105, zostanie p\u00f3\u017aniej usuni\u0119ty, sformatowany lub ponownie zainstalowany, osoba, kt\u00f3rej dane dotycz\u0105, musi ponownie zainstalowa\u0107 dodatek do przegl\u0105darki, aby dezaktywowa\u0107 Google Analytics. Je\u015bli dodatek do przegl\u0105darki zostanie odinstalowany lub dezaktywowany przez osob\u0119, kt\u00f3rej dane dotycz\u0105, lub inn\u0105 osob\u0119 znajduj\u0105c\u0105 si\u0119 pod jej kontrol\u0105, mo\u017cliwe jest ponowne zainstalowanie lub ponowne aktywowanie dodatku do przegl\u0105darki.<\/p><p>Dodatkowe informacje i obowi\u0105zuj\u0105ca polityka prywatno\u015bci Google s\u0105 dost\u0119pne pod adresem: <a href=\"https:\/\/policies.google.com\/privacy?hl=en&amp;gl=de\">https:\/\/policies.google.com\/privacy?hl=en&amp;gl=de <\/a> oraz <a href=\"https:\/\/www.google.com\/analytics\/terms\/us.html\">https:\/\/www.google.com\/analytics\/terms\/us.html<\/a>. Google Analytics wyja\u015bniono bardziej szczeg\u00f3\u0142owo pod tym linkiem: <a href=\"https:\/\/marketingplatform.google.com\/intl\/en_ALL\/about\/analytics\/\">https:\/\/marketingplatform.google.com\/intl\/en_ALL\/about\/analytics\/<\/a>.<\/p><\/div>\n<\/div>\r\n<div class=\"smax_accordion unselected data_accord\">\n\t<div class=\"accordion-title unselected\">\n\t\t<a name=\"google-maps\">\n\t\t\t<i class=\"icon plus\"><\/i>\n\t\t\tGoogle Maps\t\t\t\t\t<\/a>\n\t<\/div>\n\t<div class=\"accordion-content\"><p>Ponadto korzystamy z Google Maps na naszej firmowej stronie internetowej. Google Maps jest r\u00f3wnie\u017c us\u0142ug\u0105 Google Ireland Limited (&#8216;Google&#8217;), Gordon House, Barrow Street, Dublin 4.<\/p><p>Korzystanie z Google Maps podlega specjalnym Warunkom u\u017cytkowania i transakcji, kt\u00f3re mo\u017cna znale\u017a\u0107 tutaj: <a href=\"https:\/\/policies.google.com\/terms\">https:\/\/policies.google.com\/terms<\/a> i <a href=\"https:\/\/www.google.com\/intl\/en_en\/help\/terms_maps\/\">https:\/\/www.google.com\/intl\/en_en\/help\/terms_maps\/<\/a>.<\/p><\/div>\n<\/div>\r\n<div class=\"smax_accordion unselected data_accord\">\n\t<div class=\"accordion-title unselected\">\n\t\t<a name=\"youtube\">\n\t\t\t<i class=\"icon plus\"><\/i>\n\t\t\tYoutube\t\t\t\t\t<\/a>\n\t<\/div>\n\t<div class=\"accordion-content\"><p>Korzystamy z serwisu Youtube do osadzania film\u00f3w w naszej witrynie. Jest to us\u0142uga Youtube LLC, sp\u00f3\u0142ki zale\u017cnej Google Irland Limited.<\/p><p>Korzystanie z Youtube podlega specjalnym Warunkom u\u017cytkowania, kt\u00f3re mo\u017cna znale\u017a\u0107 tutaj: <a href=\"https:\/\/www.youtube.com\/t\/terms\">https:\/\/www.youtube.com\/t\/terms<\/a>.<\/p><\/div>\n<\/div>\r\n<div class=\"smax_accordion unselected data_accord\">\n\t<div class=\"accordion-title unselected\">\n\t\t<a name=\"podstawa-prawna-okresy-przechowywania\">\n\t\t\t<i class=\"icon plus\"><\/i>\n\t\t\tPodstawa prawna, okresy przechowywania\t\t\t\t\t<\/a>\n\t<\/div>\n\t<div class=\"accordion-content\"><p>Dane s\u0105 przetwarzane na podstawie art. 6 ust. 1 lit. f) (uzasadniony interes) i\/lub ust. 1 lit. a) RODO.<\/p><p>Przetwarzane dane osobowe s\u0105 wykorzystywane do analizy statystycznej oraz w celu obs\u0142ugi, ochrony i optymalizacji strony internetowej oraz w celu zwi\u0119kszenia atrakcyjno\u015bci naszych artyku\u0142\u00f3w i dzia\u0142a\u0144 dla u\u017cytkownika (uzasadniony interes). Jakiekolwiek inne wykorzystanie danych osobowych u\u017cytkownika (np. wysy\u0142anie newsletter\u00f3w) odbywa si\u0119 wy\u0142\u0105cznie za jego zgod\u0105.<\/p><p>O ile wyra\u017anie nie wskazano inaczej w momencie gromadzenia danych osobowych u\u017cytkownika (np. w o\u015bwiadczeniu o wyra\u017ceniu zgody), dane osobowe u\u017cytkownika zostan\u0105 usuni\u0119te (lub zanonimizowane), je\u015bli przechowywanie danych osobowych nie jest ju\u017c konieczne do realizacji cel\u00f3w, dla kt\u00f3rych zosta\u0142y zgromadzone, i je\u015bli \u017cadne ustawowe obowi\u0105zki w zakresie przechowywania (takie jak prawo podatkowe lub handlowe) nie wymagaj\u0105 od nas dalszego przechowywania danych.<\/p><\/div>\n<\/div>\r\n<div class=\"smax_accordion unselected data_accord\">\n\t<div class=\"accordion-title unselected\">\n\t\t<a name=\"przekazywanie-i-ujawnianie-danych-osobowych\">\n\t\t\t<i class=\"icon plus\"><\/i>\n\t\t\tPrzekazywanie i ujawnianie danych osobowych\t\t\t\t\t<\/a>\n\t<\/div>\n\t<div class=\"accordion-content\"><p>Bez zgody u\u017cytkownika nie b\u0119dziemy przekazywa\u0107 jego danych osobowych zebranych w oparciu o korzystanie przez niego z witryny internetowej stronom trzecim, chyba \u017ce jest to wymagane do wykonywania naszych obowi\u0105zk\u00f3w lub wymagane przez prawo\/w\u0142adze.<\/p><p>Anga\u017cujemy podmioty przetwarzaj\u0105ce (us\u0142ugodawc\u00f3w) do przetwarzania danych osobowych (np. w ramach umowy o wsparcie IT). Podmioty te s\u0105 zobowi\u0105zane umow\u0105 do przestrzegania obowi\u0105zuj\u0105cych przepis\u00f3w o ochronie danych.<\/p><\/div>\n<\/div>\r\n<div class=\"smax_accordion unselected data_accord\">\n\t<div class=\"accordion-title unselected\">\n\t\t<a name=\"prawa-u%c5%bcytkownika-dane-kontaktowe\">\n\t\t\t<i class=\"icon plus\"><\/i>\n\t\t\tPrawa u\u017cytkownika, dane kontaktowe\t\t\t\t\t<\/a>\n\t<\/div>\n\t<div class=\"accordion-content\"><p>Zasadniczo u\u017cytkownik ma prawo dost\u0119pu do danych, prawo do ich sprostowania, usuni\u0119cia, ograniczenia przetwarzania, prawo do przenoszenia danych oraz prawo do wniesienia sprzeciwu. Je\u015bli przetwarzanie danych osobowych odbywa si\u0119 na podstawie zgody u\u017cytkownika, ma on prawo do wycofania zgody w dowolnym momencie. Wycofanie zgody nie wp\u0142ywa na zgodno\u015b\u0107 z prawem przetwarzania opartego na zgodzie przed jej wycofaniem. U\u017cytkownik ma r\u00f3wnie\u017c prawo do wniesienia skargi do organu nadzorczego.<\/p><p>W przypadku jakichkolwiek pyta\u0144 zwi\u0105zanych z prywatno\u015bci\u0105 danych i dochodzeniem praw wymienionych powy\u017cej, prosimy o kontakt z organizacj\u0105 ochrony danych voestalpine Signaling Poland sp. z o.o. pod adresem <a href=\"mailto:iod.sopot@voestalpine.com\">iod.sopot@voestalpine.com<\/a>.<\/p><\/div>\n<\/div>\r\n<\/div>\r\n<p>Niniejsza polityka ochrony danych b\u0119dzie od czasu do czasu zmieniana.<\/p>\t<\/div>\r\n\r\n","protected":false},"excerpt":{"rendered":"","protected":false},"author":7,"featured_media":0,"parent":0,"menu_order":0,"comment_status":"closed","ping_status":"closed","template":"","meta":{"footnotes":""},"class_list":["post-1211","page","type-page","status-publish","hentry"],"_links":{"self":[{"href":"https:\/\/www.voestalpine.com\/railway-systems\/axlecounting\/wp-json\/wp\/v2\/pages\/1211","targetHints":{"allow":["GET"]}}],"collection":[{"href":"https:\/\/www.voestalpine.com\/railway-systems\/axlecounting\/wp-json\/wp\/v2\/pages"}],"about":[{"href":"https:\/\/www.voestalpine.com\/railway-systems\/axlecounting\/wp-json\/wp\/v2\/types\/page"}],"author":[{"embeddable":true,"href":"https:\/\/www.voestalpine.com\/railway-systems\/axlecounting\/wp-json\/wp\/v2\/users\/7"}],"replies":[{"embeddable":true,"href":"https:\/\/www.voestalpine.com\/railway-systems\/axlecounting\/wp-json\/wp\/v2\/comments?post=1211"}],"version-history":[{"count":5,"href":"https:\/\/www.voestalpine.com\/railway-systems\/axlecounting\/wp-json\/wp\/v2\/pages\/1211\/revisions"}],"predecessor-version":[{"id":1216,"href":"https:\/\/www.voestalpine.com\/railway-systems\/axlecounting\/wp-json\/wp\/v2\/pages\/1211\/revisions\/1216"}],"wp:attachment":[{"href":"https:\/\/www.voestalpine.com\/railway-systems\/axlecounting\/wp-json\/wp\/v2\/media?parent=1211"}],"curies":[{"name":"wp","href":"https:\/\/api.w.org\/{rel}","templated":true}]}}