{"id":1191,"date":"2023-07-27T17:07:10","date_gmt":"2023-07-27T15:07:10","guid":{"rendered":"https:\/\/www.voestalpine.com\/railway-systems\/axlecounting\/?page_id=1191"},"modified":"2024-02-22T10:21:15","modified_gmt":"2024-02-22T09:21:15","slug":"unibl","status":"publish","type":"page","link":"https:\/\/www.voestalpine.com\/railway-systems\/axlecounting\/pl\/unibl\/","title":{"rendered":"UniBL"},"content":{"rendered":"<div class=\"intro application-arch-img block\" data-unique=\"62c79636_1\" >\n\t<div class=\"inside\">\n\t\t<div class=\"background\">\n\t\t\t\t\t\t\t\t\t\t<img decoding=\"async\"   src=\"https:\/\/www.voestalpine.com\/railway-systems\/axlecounting\/wp-content\/uploads\/2023\/07\/UniBL_modules-3-scaled.jpg\" title=\"UniBL_modules\"  srcset=\"https:\/\/www.voestalpine.com\/railway-systems\/axlecounting\/wp-content\/uploads\/2023\/07\/UniBL_modules-3-scaled.jpg 2560w, https:\/\/www.voestalpine.com\/railway-systems\/axlecounting\/wp-content\/uploads\/2023\/07\/UniBL_modules-3-300x155.jpg 300w, https:\/\/www.voestalpine.com\/railway-systems\/axlecounting\/wp-content\/uploads\/2023\/07\/UniBL_modules-3-1024x529.jpg 1024w, https:\/\/www.voestalpine.com\/railway-systems\/axlecounting\/wp-content\/uploads\/2023\/07\/UniBL_modules-3-768x397.jpg 768w, https:\/\/www.voestalpine.com\/railway-systems\/axlecounting\/wp-content\/uploads\/2023\/07\/UniBL_modules-3-1536x794.jpg 1536w, https:\/\/www.voestalpine.com\/railway-systems\/axlecounting\/wp-content\/uploads\/2023\/07\/UniBL_modules-3-2048x1058.jpg 2048w, https:\/\/www.voestalpine.com\/railway-systems\/axlecounting\/wp-content\/uploads\/2023\/07\/UniBL_modules-3-1900x982.jpg 1900w, https:\/\/www.voestalpine.com\/railway-systems\/axlecounting\/wp-content\/uploads\/2023\/07\/UniBL_modules-3-1600x827.jpg 1600w, https:\/\/www.voestalpine.com\/railway-systems\/axlecounting\/wp-content\/uploads\/2023\/07\/UniBL_modules-3-1440x744.jpg 1440w, https:\/\/www.voestalpine.com\/railway-systems\/axlecounting\/wp-content\/uploads\/2023\/07\/UniBL_modules-3-1200x620.jpg 1200w, https:\/\/www.voestalpine.com\/railway-systems\/axlecounting\/wp-content\/uploads\/2023\/07\/UniBL_modules-3-900x465.jpg 900w, https:\/\/www.voestalpine.com\/railway-systems\/axlecounting\/wp-content\/uploads\/2023\/07\/UniBL_modules-3-600x310.jpg 600w, https:\/\/www.voestalpine.com\/railway-systems\/axlecounting\/wp-content\/uploads\/2023\/07\/UniBL_modules-3-450x233.jpg 450w\" sizes=\"(max-width: 2560px) 100vw, 2560px\"  \/>\r\n\t\t\t\n\t\t\t\t\t<\/div>\n\t\t<div class=\"text-container\">\n\t\t\t<div class=\"inner\">\n\t\t\t\t<h1 class=\"headline\">UniBL<\/h1>\t\t\t\t<div class=\"text\"><p>Uniwersalna Blokada Liniowa<\/p><\/div>\t\t\t<\/div>\n\t\t<\/div>\n\t<\/div>\n<\/div>\r\n\r\n<div class=\"wrap smax_wrap\"  >\r\n\t\t\t\t<p>Wsp\u00f3\u0142czesny system kolejowy wymaga przede wszystkim najwy\u017cszego poziomu bezpiecze\u0144stwa zar\u00f3wno dla pasa\u017cer\u00f3w, jak i personelu kolejowego. W tym celu nasi in\u017cynierowie i specjali\u015bci pracuj\u0105 nieustannie nad rozwijaniem nowych technologii i system\u00f3w zabezpiecze\u0144. Jednym z najnowocze\u015bniejszych rozwi\u0105za\u0144 jest <strong>Blokada Liniowa UniBL<\/strong> &#8211; system, kt\u00f3ry ma zastosowanie dla wszystkich kategorii linii kolejowych o dowolnej liczbie tor\u00f3w szlakowych.<\/p>\t<\/div>\r\n\r\n<div class=\"rsce_phasen \"data-unique=\"62c79636_4\">\n\t<div class=\"wrap\">\n\t\t<h2 class=\"headline\">Poznaj zalety blokady liniowej UniBL<\/h2>\t\t\n\t\t<div class=\"switcher\">\n\t\t\t<div class=\"animation\">\n\t\t\t\t<div class=\"steps\">\n\t\t\t\t\t\t\t\t\t\t\t<div class=\"step step1\">\n\t\t\t\t\t\t\t<div class=\"line\"><div class=\"dot dot-before\"><\/div><div class=\"colored\"><\/div><\/div>\n\t\t\t\t\t\t\t<span>Uniwersalno\u015b\u0107 blokady UniBL<\/span>\n\t\t\t\t\t\t<\/div>\n\t\t\t\t\t\t\t\t\t\t\t<div class=\"step step2\">\n\t\t\t\t\t\t\t<div class=\"line\"><div class=\"dot dot-before\"><\/div><div class=\"colored\"><\/div><\/div>\n\t\t\t\t\t\t\t<span>Wsp\u00f3\u0142praca z r\u00f3\u017cnymi systemami sygnalizacji<\/span>\n\t\t\t\t\t\t<\/div>\n\t\t\t\t\t\t\t\t\t\t\t<div class=\"step step3\">\n\t\t\t\t\t\t\t<div class=\"line\"><div class=\"dot dot-before\"><\/div><div class=\"colored\"><\/div><\/div>\n\t\t\t\t\t\t\t<span>Wsp\u00f3\u0142praca z innymi urz\u0105dzeniami i systemami<\/span>\n\t\t\t\t\t\t<\/div>\n\t\t\t\t\t\t\t\t\t\t\t<div class=\"step step4\">\n\t\t\t\t\t\t\t<div class=\"line\"><div class=\"dot dot-before\"><\/div><div class=\"colored\"><\/div><div class=\"dot dot-after\"><\/div><\/div>\n\t\t\t\t\t\t\t<span>Sp\u00f3jny i kompletny system<\/span>\n\t\t\t\t\t\t<\/div>\n\t\t\t\t\t\t\t\t\t<\/div>\n\t\t\t<\/div>\n\t\t\t\n\t\t\t<ul class=\"phasen\">\n\t\t\t\t\t\t\t\t<li data-pos=\"0\">\n\t\t\t<figure>\n\t\t\t\t\t\t\t<div class=\"icon\">\n\t\t\t\t\t<div class=\"border\">\n\t\t\t\t\t\t\t\t\t<img decoding=\"async\"   src=\"https:\/\/www.voestalpine.com\/railway-systems\/axlecounting\/wp-content\/uploads\/2022\/03\/interoperability.svg\" title=\"interoperability\"  srcset=\"\" sizes=\"(max-width: 30px) 100vw, 30px\"  \/>\r\n\t\t\t\n\t\t\t\t\t<\/div>\n\t\t\t\t<\/div>\n\t\t\t\t\t\t<div class=\"line\"><\/div>\n\t\t\t\t\t<\/figure>\n\t\t\n\t<div class=\"text-container\">\n\t\t<h3 class=\"headline\">Uniwersalno\u015b\u0107 blokady UniBL<\/h3>\t\t<div class=\"text\"><p>Jedn\u0105 z najwa\u017cniejszych cech UniBL jest jej uniwersalno\u015b\u0107. Mo\u017ce by\u0107 stosowana zar\u00f3wno na liniach kolejowych u\u017cytecznych publicznie, takich jak PKP PLK, jak i na kolei niepublicznych, bocznicach czy kolei zak\u0142adowych. Jest to rozwi\u0105zanie, kt\u00f3re mo\u017cna zastosowa\u0107 w r\u00f3\u017cnych konfiguracjach i przy r\u00f3\u017cnych wersjach kolejowych system\u00f3w sygnalizacji, dzi\u0119ki czemu idealnie sprawdza si\u0119 na ka\u017cdej trasie.<\/p><\/div>\t<\/div>\n<\/li>\n\r\n<li data-pos=\"1\">\n\t\t\t<figure>\n\t\t\t\t\t\t\t<div class=\"icon\">\n\t\t\t\t\t<div class=\"border\">\n\t\t\t\t\t\t\t\t\t<img decoding=\"async\"   src=\"https:\/\/www.voestalpine.com\/railway-systems\/axlecounting\/wp-content\/uploads\/2022\/03\/interfaces.svg\" title=\"interfaces\"  srcset=\"\" sizes=\"(max-width: 29px) 100vw, 29px\"  \/>\r\n\t\t\t\n\t\t\t\t\t<\/div>\n\t\t\t\t<\/div>\n\t\t\t\t\t\t<div class=\"line\"><\/div>\n\t\t\t\t\t<\/figure>\n\t\t\n\t<div class=\"text-container\">\n\t\t<h3 class=\"headline\">Wsp\u00f3\u0142praca z r\u00f3\u017cnymi systemami sygnalizacji<\/h3>\t\t<div class=\"text\"><p>Blokada liniowa UniBL jest wszechstronnym systemem, kt\u00f3ry mo\u017ce wsp\u00f3\u0142pracowa\u0107 z r\u00f3\u017cnymi rodzajami urz\u0105dze\u0144 sygnalizacyjnych dla wjazd\u00f3w i wyjazd\u00f3w na szlak. Mo\u017ce to obejmowa\u0107 zar\u00f3wno sygnalizacj\u0119 mechaniczn\u0105 z sygnalizacj\u0105 \u015bwietln\u0105, przeka\u017anikow\u0105, komputerow\u0105, jak i hybrydow\u0105. Wszystkie te systemy mog\u0105 by\u0107 zintegrowane z blokad\u0105 UniBL, co czyni j\u0105 jeszcze bardziej elastyczn\u0105 i dostosowan\u0105 do r\u00f3\u017cnych warunk\u00f3w.<\/p><p>Powi\u0105zanie UniBL z sygnalizacj\u0105 kszta\u0142tow\u0105 po uprzedniej analizie bezpiecze\u0144stwa.<\/p><\/div>\t<\/div>\n<\/li>\n\r\n<li data-pos=\"2\">\n\t\t\t<figure>\n\t\t\t\t\t\t\t<div class=\"icon\">\n\t\t\t\t\t<div class=\"border\">\n\t\t\t\t\t\t\t\t\t<img decoding=\"async\"   src=\"https:\/\/www.voestalpine.com\/railway-systems\/axlecounting\/wp-content\/uploads\/2022\/03\/interfaces.svg\" title=\"interfaces\"  srcset=\"\" sizes=\"(max-width: 29px) 100vw, 29px\"  \/>\r\n\t\t\t\n\t\t\t\t\t<\/div>\n\t\t\t\t<\/div>\n\t\t\t\t\t\t<div class=\"line\"><\/div>\n\t\t\t\t\t<\/figure>\n\t\t\n\t<div class=\"text-container\">\n\t\t<h3 class=\"headline\">Wsp\u00f3\u0142praca z innymi urz\u0105dzeniami i systemami<\/h3>\t\t<div class=\"text\"><p>Blokada UniBL to nie tylko samodzielny system zabezpiecze\u0144, ale tak\u017ce doskonale wsp\u00f3\u0142pracuj\u0105cy z innymi urz\u0105dzeniami i systemami pomocniczymi. Mo\u017ce to obejmowa\u0107 urz\u0105dzenia zabezpieczaj\u0105ce przejazdy kolejowo-drogowe i przej\u015bcia dla pieszych, posterunki bocznicowe, systemy ETCS, systemy odstraszania zwierz\u0105t czy informacyjne dla podr\u00f3\u017cnych. Blokada UniBL jest wysoce zaawansowanym narz\u0119dziem, kt\u00f3re idealnie \u0142\u0105czy si\u0119 z innymi rozwi\u0105zaniami kolejowymi.<\/p><\/div>\t<\/div>\n<\/li>\n\r\n<li data-pos=\"3\">\n\t\t\t<figure>\n\t\t\t\t\t\t\t<div class=\"icon\">\n\t\t\t\t\t<div class=\"border\">\n\t\t\t\t\t\t\t\t\t<img decoding=\"async\"   src=\"https:\/\/www.voestalpine.com\/railway-systems\/axlecounting\/wp-content\/uploads\/2022\/03\/safety-level.svg\" title=\"safety-level\"  srcset=\"\" sizes=\"(max-width: 32px) 100vw, 32px\"  \/>\r\n\t\t\t\n\t\t\t\t\t<\/div>\n\t\t\t\t<\/div>\n\t\t\t\t\t\t<div class=\"line\"><\/div>\n\t\t\t\t\t<\/figure>\n\t\t\n\t<div class=\"text-container\">\n\t\t<h3 class=\"headline\">Kompletny system dla bezpiecze\u0144stwa<\/h3>\t\t<div class=\"text\"><p>UniBL to kompletny system, kt\u00f3ry zawiera wszystkie niezb\u0119dne elementy do skutecznego zarz\u0105dzania bezpiecze\u0144stwem na trasach kolejowych. Urz\u0105dzenia kontroli niezaj\u0119to\u015bci odcink\u00f3w, sterowniki \u015bwiate\u0142 sygnalizator\u00f3w, interfejsy z urz\u0105dzeniami stacyjnymi &#8211; wszystko to sk\u0142ada si\u0119 na sp\u00f3jny i kompletny system, kt\u00f3ry mo\u017ce by\u0107 dostosowany do specyfiki ka\u017cdej trasy.<\/p><\/div>\t<\/div>\n<\/li>\n\r\n\t\t\t\t\t\t\t<\/ul>\n\t\t<\/div>\n\t<\/div>\n<\/div>\n\r\n\r\n<div class=\"wrap smax_wrap  custom_bg_color full_width\"  data-unique=\"62c79636_13\">\r\n\t\t\t<div class=\"bg_color\" style=\"background-color:#f2f2f2;\"><\/div>\r\n\t\t\t\t<div class=\"wrap smax_wrap   \"  >\r\n\t\t\t\t<div class=\"rsce_imgtext  image_position_left block\"  data-unique=\"62c79636_15\">\n\t<div class=\"inside\">\n\t\t\t\t<div class=\"image-container col\">\n\t\t\t\t\t\t<img decoding=\"async\"   src=\"https:\/\/www.voestalpine.com\/railway-systems\/axlecounting\/wp-content\/uploads\/2022\/02\/further_advantages-900x600.jpg\" title=\"further_advantages\"  srcset=\"https:\/\/www.voestalpine.com\/railway-systems\/axlecounting\/wp-content\/uploads\/2022\/02\/further_advantages-900x600.jpg 900w, https:\/\/www.voestalpine.com\/railway-systems\/axlecounting\/wp-content\/uploads\/2022\/02\/further_advantages-450x300.jpg 450w\" sizes=\"(max-width: 900px) 100vw, 900px\"  \/>\r\n\t\t\t\n\t\t<\/div>\n\t\t\t\t<div class=\"text-container col\">\n\t\t\t<div class=\"inner\">\n\t\t\t\t<h2 class=\"headline\">Zintegrowana kontrola niezaj\u0119to\u015bci<\/h2>\t\t\t\t\n\t\t\t\t\t\t\t\t\t<div class=\"texts\"><div class=\"content\"><p>Architektura UniBL oparta jest na systemie liczenia osi UniAC[2], z kt\u00f3rym jest zintegrowana. To sprawia, \u017ce system jest jeszcze bardziej niezawodny i skuteczny. Bezpiecze\u0144stwo na szlaku jest zapewnione poprzez zastosowanie inteligentnych rozwi\u0105za\u0144 i monitorowanie w czasie rzeczywistym.<\/p><\/div><\/div>\n\t\t\t\t\t\t\t\t\n\t\t\t\t\t\t\t\t\t\t<div   class=\"rsce_button btn_container align_left \">\r\n\t\t<a href=\"uniac2-2\/\" class=\"btn buttonBlue\" >Wi\u0119cej o UniAC&#x5B;2&#x5D;<\/a>\r\n\t\t\t<\/div>\r\n\n\t\t\t\t\t\t\t\n\t\t\t<\/div>\n\t\t<\/div>\n\t\t\t<\/div>\n<\/div>\r\n\t<\/div> \r\n\t<\/div>\r\n\r\n<div class=\"wrap smax_wrap\"  data-unique=\"62c79636_18\">\r\n\t\t\t\t<div class=\"smax_headline align_left textalign_left size_38\"data-unique=\"62c79636_19\">\r\n\t\t\t<h4 class=\"el\">\r\n\t\t\tSkontaktuj si\u0119 z nami\t\t<\/h4>\r\n\t\t<\/div>\r\n<div class=\"rsce_form  block\" data-unique=\"62c79636_20\" >\n\t\n<div class=\"wpcf7 no-js\" id=\"wpcf7-f860-o1\" lang=\"de-DE\" dir=\"ltr\" data-wpcf7-id=\"860\">\n<div class=\"screen-reader-response\"><p role=\"status\" aria-live=\"polite\" aria-atomic=\"true\"><\/p> <ul><\/ul><\/div>\n<form action=\"\/railway-systems\/axlecounting\/wp-json\/wp\/v2\/pages\/1191#wpcf7-f860-o1\" method=\"post\" class=\"wpcf7-form init\" aria-label=\"Kontaktformular\" novalidate=\"novalidate\" data-status=\"init\">\n<fieldset class=\"hidden-fields-container\"><input type=\"hidden\" name=\"_wpcf7\" value=\"860\" \/><input type=\"hidden\" name=\"_wpcf7_version\" value=\"6.1\" \/><input type=\"hidden\" name=\"_wpcf7_locale\" value=\"de_DE\" \/><input type=\"hidden\" name=\"_wpcf7_unit_tag\" value=\"wpcf7-f860-o1\" \/><input type=\"hidden\" name=\"_wpcf7_container_post\" value=\"0\" \/><input type=\"hidden\" name=\"_wpcf7_posted_data_hash\" value=\"\" \/>\n<\/fieldset>\n<div class=\"widgets fields\">\n\t<div class=\"widget widget-text name\">\n\t\t<div class=\"inner\">\n\t\t\t<p><label for=\"ctrl_getintouch_fullname\">Imi\u0119 i nazwisko<span class=\"mandatory\">*<\/span><\/label>\n\t\t\t<\/p>\n\t\t\t<div class=\"input\">\n\t\t\t\t<p><span class=\"wpcf7-form-control-wrap\" data-name=\"fullname\"><input size=\"40\" maxlength=\"400\" class=\"wpcf7-form-control wpcf7-text wpcf7-validates-as-required\" id=\"ctrl_getintouch_fullname\" aria-required=\"true\" aria-invalid=\"false\" value=\"\" type=\"text\" name=\"fullname\" \/><\/span>\n\t\t\t\t<\/p>\n\t\t\t<\/div>\n\t\t<\/div>\n\t<\/div>\n\t<div class=\"widget widget-text company\">\n\t\t<div class=\"inner\">\n\t\t\t<p><label for=\"ctrl_getintouch_company\">Firma<span class=\"mandatory\">*<\/span><\/label>\n\t\t\t<\/p>\n\t\t\t<div class=\"input\">\n\t\t\t\t<p><span class=\"wpcf7-form-control-wrap\" data-name=\"company\"><input size=\"40\" maxlength=\"400\" class=\"wpcf7-form-control wpcf7-text wpcf7-validates-as-required\" id=\"ctrl_getintouch_company\" aria-required=\"true\" aria-invalid=\"false\" value=\"\" type=\"text\" name=\"company\" \/><\/span>\n\t\t\t\t<\/p>\n\t\t\t<\/div>\n\t\t<\/div>\n\t<\/div>\n\t<div class=\"widget widget-text email\">\n\t\t<div class=\"inner\">\n\t\t\t<p><label for=\"ctrl_getintouch_email\">Adres e-mail<span class=\"mandatory\">*<\/span><\/label>\n\t\t\t<\/p>\n\t\t\t<div class=\"input\">\n\t\t\t\t<p><span class=\"wpcf7-form-control-wrap\" data-name=\"email\"><input size=\"40\" maxlength=\"400\" class=\"wpcf7-form-control wpcf7-email wpcf7-validates-as-required wpcf7-text wpcf7-validates-as-email\" id=\"ctrl_getintouch_email\" aria-required=\"true\" aria-invalid=\"false\" value=\"\" type=\"email\" name=\"email\" \/><\/span>\n\t\t\t\t<\/p>\n\t\t\t<\/div>\n\t\t<\/div>\n\t<\/div>\n\t<div class=\"widget widget-text phone\">\n\t\t<div class=\"inner\">\n\t\t\t<p><label for=\"ctrl_getintouch_phone\">Numer telefonu<span class=\"mandatory\">*<\/span><\/label>\n\t\t\t<\/p>\n\t\t\t<div class=\"input\">\n\t\t\t\t<p><span class=\"wpcf7-form-control-wrap\" data-name=\"phone\"><input size=\"40\" maxlength=\"400\" class=\"wpcf7-form-control wpcf7-tel wpcf7-validates-as-required wpcf7-text wpcf7-validates-as-tel\" id=\"ctrl_getintouch_phone\" aria-required=\"true\" aria-invalid=\"false\" value=\"\" type=\"tel\" name=\"phone\" \/><\/span>\n\t\t\t\t<\/p>\n\t\t\t<\/div>\n\t\t<\/div>\n\t<\/div>\n\t<div class=\"widget widget-textarea message\">\n\t\t<div class=\"inner\">\n\t\t\t<p><label for=\"ctrl_getintouch_message\">Twoja wiadomo\u015b\u0107<span class=\"mandatory\">*<\/span><\/label>\n\t\t\t<\/p>\n\t\t\t<div class=\"input\">\n\t\t\t\t<p><span class=\"wpcf7-form-control-wrap\" data-name=\"message\"><textarea cols=\"40\" rows=\"10\" maxlength=\"2000\" class=\"wpcf7-form-control wpcf7-textarea wpcf7-validates-as-required\" id=\"ctrl_getintouch_message\" aria-required=\"true\" aria-invalid=\"false\" name=\"message\"><\/textarea><\/span>\n\t\t\t\t<\/p>\n\t\t\t<\/div>\n\t\t<\/div>\n\t<\/div>\n\t<div class=\"widget submit_container\">\n\t\t<div class=\"inner\">\n\t\t\t<div class=\"input\">\n\t\t\t\t<p><span class=\"wpcf7-form-control-wrap\" data-name=\"dsgvo\"><span class=\"wpcf7-form-control wpcf7-acceptance\"><span class=\"wpcf7-list-item\"><label><input type=\"checkbox\" name=\"dsgvo\" value=\"1\" aria-invalid=\"false\" \/><span class=\"wpcf7-list-item-label\">Niniejszym potwierdzam, \u017ce podane powy\u017cej dane b\u0119d\u0105 przechowywane i wykorzystywane do regularnego wysy\u0142ania wiadomo\u015bci o nowych funkcjach, ofertach, konkursach, produktach itp. zgodnie z polityk\u0105 prywatno\u015bci. Zgoda mo\u017ce zosta\u0107 wycofana w dowolnym momencie.<\/span><\/label><\/span><\/span><\/span><br \/>\n<input class=\"wpcf7-form-control wpcf7-submit has-spinner btn buttonBlue\" type=\"submit\" value=\"Wy\u015blij wiadomo\u015b\u0107\" \/>\n\t\t\t\t<\/p>\n\t\t\t<\/div>\n\t\t<\/div>\n\t<\/div>\n<\/div><div class=\"wpcf7-response-output\" aria-hidden=\"true\"><\/div>\n<\/form>\n<\/div>\n\n<\/div>\r\n\t<\/div>\r\n\r\n","protected":false},"excerpt":{"rendered":"","protected":false},"author":7,"featured_media":0,"parent":0,"menu_order":0,"comment_status":"closed","ping_status":"closed","template":"","meta":{"footnotes":""},"class_list":["post-1191","page","type-page","status-publish","hentry"],"_links":{"self":[{"href":"https:\/\/www.voestalpine.com\/railway-systems\/axlecounting\/wp-json\/wp\/v2\/pages\/1191","targetHints":{"allow":["GET"]}}],"collection":[{"href":"https:\/\/www.voestalpine.com\/railway-systems\/axlecounting\/wp-json\/wp\/v2\/pages"}],"about":[{"href":"https:\/\/www.voestalpine.com\/railway-systems\/axlecounting\/wp-json\/wp\/v2\/types\/page"}],"author":[{"embeddable":true,"href":"https:\/\/www.voestalpine.com\/railway-systems\/axlecounting\/wp-json\/wp\/v2\/users\/7"}],"replies":[{"embeddable":true,"href":"https:\/\/www.voestalpine.com\/railway-systems\/axlecounting\/wp-json\/wp\/v2\/comments?post=1191"}],"version-history":[{"count":15,"href":"https:\/\/www.voestalpine.com\/railway-systems\/axlecounting\/wp-json\/wp\/v2\/pages\/1191\/revisions"}],"predecessor-version":[{"id":1435,"href":"https:\/\/www.voestalpine.com\/railway-systems\/axlecounting\/wp-json\/wp\/v2\/pages\/1191\/revisions\/1435"}],"wp:attachment":[{"href":"https:\/\/www.voestalpine.com\/railway-systems\/axlecounting\/wp-json\/wp\/v2\/media?parent=1191"}],"curies":[{"name":"wp","href":"https:\/\/api.w.org\/{rel}","templated":true}]}}