{"id":1161,"date":"2023-07-25T20:01:43","date_gmt":"2023-07-25T18:01:43","guid":{"rendered":"https:\/\/www.voestalpine.com\/railway-systems\/axlecounting\/?page_id=1161"},"modified":"2023-09-08T13:46:20","modified_gmt":"2023-09-08T11:46:20","slug":"asdek","status":"publish","type":"page","link":"https:\/\/www.voestalpine.com\/railway-systems\/axlecounting\/pl\/asdek\/","title":{"rendered":"ASDEK"},"content":{"rendered":"<div class=\"intro  block\" data-unique=\"e55f8af9_1\" >\n\t<div class=\"inside\">\n\t\t<div class=\"background\">\n\t\t\t\t\t\t\t\t\t\t<img decoding=\"async\"   src=\"https:\/\/www.voestalpine.com\/railway-systems\/axlecounting\/wp-content\/uploads\/2023\/07\/DSC01324-scaled.jpg\" title=\"DSC01324\"  srcset=\"https:\/\/www.voestalpine.com\/railway-systems\/axlecounting\/wp-content\/uploads\/2023\/07\/DSC01324-scaled.jpg 2560w, https:\/\/www.voestalpine.com\/railway-systems\/axlecounting\/wp-content\/uploads\/2023\/07\/DSC01324-300x200.jpg 300w, https:\/\/www.voestalpine.com\/railway-systems\/axlecounting\/wp-content\/uploads\/2023\/07\/DSC01324-1024x681.jpg 1024w, https:\/\/www.voestalpine.com\/railway-systems\/axlecounting\/wp-content\/uploads\/2023\/07\/DSC01324-768x511.jpg 768w, https:\/\/www.voestalpine.com\/railway-systems\/axlecounting\/wp-content\/uploads\/2023\/07\/DSC01324-1536x1022.jpg 1536w, https:\/\/www.voestalpine.com\/railway-systems\/axlecounting\/wp-content\/uploads\/2023\/07\/DSC01324-2048x1363.jpg 2048w, https:\/\/www.voestalpine.com\/railway-systems\/axlecounting\/wp-content\/uploads\/2023\/07\/DSC01324-450x299.jpg 450w, https:\/\/www.voestalpine.com\/railway-systems\/axlecounting\/wp-content\/uploads\/2023\/07\/DSC01324-900x599.jpg 900w, https:\/\/www.voestalpine.com\/railway-systems\/axlecounting\/wp-content\/uploads\/2023\/07\/DSC01324-1900x1264.jpg 1900w, https:\/\/www.voestalpine.com\/railway-systems\/axlecounting\/wp-content\/uploads\/2023\/07\/DSC01324-1600x1065.jpg 1600w, https:\/\/www.voestalpine.com\/railway-systems\/axlecounting\/wp-content\/uploads\/2023\/07\/DSC01324-1440x958.jpg 1440w, https:\/\/www.voestalpine.com\/railway-systems\/axlecounting\/wp-content\/uploads\/2023\/07\/DSC01324-1200x798.jpg 1200w, https:\/\/www.voestalpine.com\/railway-systems\/axlecounting\/wp-content\/uploads\/2023\/07\/DSC01324-600x399.jpg 600w\" sizes=\"(max-width: 2560px) 100vw, 2560px\"  \/>\r\n\t\t\t\n\t\t\t\t\t<\/div>\n\t\t<div class=\"text-container\">\n\t\t\t<div class=\"inner\">\n\t\t\t\t<h1 class=\"headline\">ASDEK <\/h1>\t\t\t\t<div class=\"text\"><p>system wykrywania stan&oacute;w awaryjnych taboru kolejowego podczas jazdy<\/p><\/div>\t\t\t<\/div>\n\t\t<\/div>\n\t<\/div>\n<\/div>\r\n\r\n<div class=\"wrap smax_wrap\"  data-unique=\"e55f8af9_3\">\r\n\t\t\t\t<div class=\"smax_headline align_center textalign_left size_38  inline_content onlycontent\"data-unique=\"e55f8af9_4\">\r\n\t\t\t\t<div class=\"content\"><p>Rodzina nowoczesnych, modularnych urz\u0105dze\u0144 przeznaczonych do detekcji stan\u00f3w awaryjnych taboru kolejowego (dSAT). Urz\u0105dzenia te wykrywaj\u0105 nieprawid\u0142owo\u015bci zagra\u017caj\u0105ce bezpiecze\u0144stwu ruchu kolejowego, takie jak zagrzane \u0142o\u017cyska osiowe, zakleszczone hamulce, deformacje bie\u017cni k\u00f3\u0142 oraz przekroczenia nacisk\u00f3w k\u00f3\u0142 wywieranych przez pojazdy szynowe.<\/p><p>&nbsp;<\/p><\/div>\r\n\t<\/div>\r\n<div class=\"rsce_imgtext  image_position_right block\"  data-unique=\"e55f8af9_5\">\n\t<div class=\"inside\">\n\t\t\t\t<div class=\"text-container col\">\n\t\t\t<div class=\"inner\">\n\t\t\t\t<div class=\"headline\">Funkcje systemu<\/div>\t\t\t\t\n\t\t\t\t\t\t\t\t\t<div class=\"texts\"><div class=\"content\"><p>Detekcja stan\u00f3w awaryjnych to zesp\u00f3\u0142 \u015brodk\u00f3w technicznych, kt\u00f3re pozwalaj\u0105 na wykrywanie r\u00f3\u017cnych typ\u00f3w niesprawno\u015bci taboru w trakcie normalnej eksploatacji. Typowo realizowane funkcje:<\/p><p><strong>funkcja GM<\/strong> <br>wykrywanie zagrzanych \u0142o\u017cysk osi pojazd\u00f3w szynowych,<\/p><p><strong>funkcja GH<br><\/strong>wykrywanie zagrzanych, zablokowanych hamulc\u00f3w pojazd\u00f3w szynowych,<\/p><p><strong>funkcja PM<br><\/strong>wykrywanie deformacji bie\u017cni k\u00f3\u0142 pojazd\u00f3w szynowych,<\/p><p><strong>funkcja OK<br><\/strong>ocena nacisku wywieranego przez pojazdy szynowe.<\/p><\/div><\/div>\n\t\t\t\t\t\t\t\t\n\t\t\t\t\t\t\t\n\t\t\t<\/div>\n\t\t<\/div>\n\t\t\t\t<div class=\"image-container col\">\n\t\t\t\t\t\t<img decoding=\"async\"   src=\"https:\/\/www.voestalpine.com\/railway-systems\/axlecounting\/wp-content\/uploads\/2023\/08\/DSC01598-900x600.jpg\" title=\"DSC01598\"  srcset=\"https:\/\/www.voestalpine.com\/railway-systems\/axlecounting\/wp-content\/uploads\/2023\/08\/DSC01598-900x599.jpg 900w, https:\/\/www.voestalpine.com\/railway-systems\/axlecounting\/wp-content\/uploads\/2023\/08\/DSC01598-300x200.jpg 300w, https:\/\/www.voestalpine.com\/railway-systems\/axlecounting\/wp-content\/uploads\/2023\/08\/DSC01598-1024x681.jpg 1024w, https:\/\/www.voestalpine.com\/railway-systems\/axlecounting\/wp-content\/uploads\/2023\/08\/DSC01598-768x511.jpg 768w, https:\/\/www.voestalpine.com\/railway-systems\/axlecounting\/wp-content\/uploads\/2023\/08\/DSC01598-1536x1022.jpg 1536w, https:\/\/www.voestalpine.com\/railway-systems\/axlecounting\/wp-content\/uploads\/2023\/08\/DSC01598-2048x1363.jpg 2048w, https:\/\/www.voestalpine.com\/railway-systems\/axlecounting\/wp-content\/uploads\/2023\/08\/DSC01598-450x299.jpg 450w, https:\/\/www.voestalpine.com\/railway-systems\/axlecounting\/wp-content\/uploads\/2023\/08\/DSC01598-1900x1264.jpg 1900w, https:\/\/www.voestalpine.com\/railway-systems\/axlecounting\/wp-content\/uploads\/2023\/08\/DSC01598-1600x1065.jpg 1600w, https:\/\/www.voestalpine.com\/railway-systems\/axlecounting\/wp-content\/uploads\/2023\/08\/DSC01598-1440x958.jpg 1440w, https:\/\/www.voestalpine.com\/railway-systems\/axlecounting\/wp-content\/uploads\/2023\/08\/DSC01598-1200x798.jpg 1200w, https:\/\/www.voestalpine.com\/railway-systems\/axlecounting\/wp-content\/uploads\/2023\/08\/DSC01598-600x399.jpg 600w\" sizes=\"(max-width: 900px) 100vw, 900px\"  \/>\r\n\t\t\t\n\t\t<\/div>\n\t\t\t<\/div>\n<\/div>\r\n\t<\/div>\r\n\r\n<div class=\"wrap smax_wrap  custom_bg_color add_shadow\"  data-unique=\"e55f8af9_7\">\r\n\t\t\t<div class=\"bg_color\" style=\"background-color:#fefefe;\"><\/div>\r\n\t\t\t\t<div class=\"wrap smax_wrap   add_shadow\"  >\r\n\t\t\t\t<div class=\"smax_headline align_left textalign_left size_38\"data-unique=\"e55f8af9_9\">\r\n\t\t\t<div class=\"el\">\r\n\t\t\tWarunki pomiarowe\t\t<\/div>\r\n\t\t\t\t<div class=\"content\"><p>Proces pomiarowy jest realizowany na szlaku kolejowym przy pr\u0119dko\u015bciach poci\u0105g\u00f3w do 350 km\/h, w odleg\u0142o\u015bci 5-50 km od stacji, gdzie znajduje si\u0119 odbiorca informacji nadzoruj\u0105cy ruch kolejowy. Informacje gromadzone przez urz\u0105dzenia mog\u0105 by\u0107 przes\u0142ane do nadrz\u0119dnej warstwy informatycznej. Jej zadaniem jest szybkie, sprawne i bezpieczne rozdzielenie informacji pomi\u0119dzy odbiorc\u00f3w.<\/p><\/div>\r\n\t<\/div>\r\n<div class=\"smax_accordion unselected \">\n\t<h3 class=\"accordion-title unselected has_icon has_arrow_right\">\n\t\t<a name=\"zasada-dzia%c5%82ania\">\n\t\t\t<i class=\"icon has_icon\">\t\t\t<img decoding=\"async\"   src=\"https:\/\/www.voestalpine.com\/railway-systems\/axlecounting\/wp-content\/uploads\/2022\/03\/interoperability.svg\" title=\"interoperability\"  srcset=\"\" sizes=\"(max-width: 30px) 100vw, 30px\"  \/>\r\n\t\t\t<\/i>\n\t\t\t<span>Zasada dzia\u0142ania<\/span>\t\t\t\t\t\t<svg class=\"arrow-down\" xmlns=\"http:\/\/www.w3.org\/2000\/svg\" width=\"22.472\" height=\"12.149\" viewBox=\"0 0 22.472 12.149\"><path d=\"M639.04,558.474l-10.327-10.3-.911.91,11.234,11.239,11.237-11.237-.91-.91Z\" transform=\"translate(-627.803 -548.174)\" fill=\"#262626\"\/><\/svg>\t\t\t\t\t<\/a>\n\t<\/h3>\n\t<div class=\"accordion-content\"><p>Zesp\u00f3\u0142 czujnik\u00f3w umieszczonych w torach pozwala na pomiary wybranych parametr\u00f3w w trakcie przejazdu poci\u0105gu. Informacje dostarczane przez czujniki s\u0105 automatycznie przetwarzane przez uk\u0142ady elektroniczne znajduj\u0105ce si\u0119 w pomieszczeniu przytorowym. Wyniki okre\u015blaj\u0105ce rodzaj, liczb\u0119, poziom oraz warto\u015b\u0107 niesprawno\u015bci s\u0105 przesy\u0142ane na stanowisko pracy os\u00f3b odpowiedzialnych za podejmowanie decyzji ruchowych. Niesprawny tabor jest wy\u0142\u0105czony z poci\u0105gu przyczyniaj\u0105c si\u0119 do zwi\u0119kszenia bezpiecze\u0144stwa prowadzenia ruchu kolejowego.<\/p><\/div>\n<\/div>\r\n<div class=\"smax_accordion unselected \">\n\t<h3 class=\"accordion-title unselected has_icon has_arrow_right\">\n\t\t<a name=\"pomiary-nacisk%c3%b3w\">\n\t\t\t<i class=\"icon has_icon\">\t\t\t<img decoding=\"async\"   src=\"https:\/\/www.voestalpine.com\/railway-systems\/axlecounting\/wp-content\/uploads\/2022\/03\/power-supply.svg\" title=\"power-supply\"  srcset=\"\" sizes=\"(max-width: 30px) 100vw, 30px\"  \/>\r\n\t\t\t<\/i>\n\t\t\t<span>Pomiary nacisk\u00f3w<\/span>\t\t\t\t\t\t<svg class=\"arrow-down\" xmlns=\"http:\/\/www.w3.org\/2000\/svg\" width=\"22.472\" height=\"12.149\" viewBox=\"0 0 22.472 12.149\"><path d=\"M639.04,558.474l-10.327-10.3-.911.91,11.234,11.239,11.237-11.237-.91-.91Z\" transform=\"translate(-627.803 -548.174)\" fill=\"#262626\"\/><\/svg>\t\t\t\t\t<\/a>\n\t<\/h3>\n\t<div class=\"accordion-content\"><p>Realizowane za pomoc\u0105 czujnik\u00f3w \u015bwiat\u0142owodowych. Oddzia\u0142ywanie mi\u0119dzy ko\u0142em a szyn\u0105 przek\u0142ada si\u0119 na zmiany nat\u0119\u017cenia \u015bwiat\u0142a prowadzonego przez \u015bwiat\u0142ow\u00f3d. Pomiar tych zmian pozwala na precyzyjne okre\u015blenie wielko\u015bci nacisku, zar\u00f3wno jego sk\u0142adowej quasi-statycznej, jak i dynamicznej. Zastosowanie \u015bwiat\u0142owodu pozwala na uniezale\u017cnienie si\u0119 od wp\u0142ywu zak\u0142\u00f3ce\u0144 elektromagnetycznych na wyniki pomiaru.<\/p><\/div>\n<\/div>\r\n<div class=\"smax_accordion unselected \">\n\t<h3 class=\"accordion-title unselected has_icon has_arrow_right\">\n\t\t<a name=\"pomiary-temperatury\">\n\t\t\t<i class=\"icon has_icon\">\t\t\t<img decoding=\"async\"   src=\"https:\/\/www.voestalpine.com\/railway-systems\/axlecounting\/wp-content\/uploads\/2022\/03\/ambience-conditions.svg\" title=\"ambience-conditions\"  srcset=\"\" sizes=\"(max-width: 27px) 100vw, 27px\"  \/>\r\n\t\t\t<\/i>\n\t\t\t<span>Pomiary temperatury<\/span>\t\t\t\t\t\t<svg class=\"arrow-down\" xmlns=\"http:\/\/www.w3.org\/2000\/svg\" width=\"22.472\" height=\"12.149\" viewBox=\"0 0 22.472 12.149\"><path d=\"M639.04,558.474l-10.327-10.3-.911.91,11.234,11.239,11.237-11.237-.91-.91Z\" transform=\"translate(-627.803 -548.174)\" fill=\"#262626\"\/><\/svg>\t\t\t\t\t<\/a>\n\t<\/h3>\n\t<div class=\"accordion-content\"><p>Realizowane bezkontaktowo dzi\u0119ki czujnikom pracuj\u0105cym w pa\u015bmie podczerwieni. Ka\u017cdy czujnik realizuje pomiary jednocze\u015bnie za pomoc\u0105 8 detektor\u00f3w. Mierzone wielko\u015bci s\u0105 przetwarzane do postaci cyfrowej ju\u017c w samym czujniku, co pozwala na zmniejszenie wp\u0142ywu zak\u0142\u00f3ce\u0144 na sygna\u0142. Wbudowany stabilizowany wzorzec temperatury pozwala na w\u0142a\u015bciw\u0105 ocen\u0119 temperatury.<\/p><\/div>\n<\/div>\r\n\t<\/div> \r\n\t<\/div>\r\n\r\n<div class=\"wrap smax_wrap  custom_bg_img custom_bg_color add_shadow full_width\"  data-unique=\"e55f8af9_19\">\r\n\t\t\t<div class=\"bg_image\">\r\n\t\t\t\t\t\t<img decoding=\"async\"   src=\"https:\/\/www.voestalpine.com\/railway-systems\/axlecounting\/wp-content\/uploads\/2023\/08\/DJI_0315-scaled-e1692900335738.jpg\" title=\"DJI_0315\"  srcset=\"\" sizes=\"(max-width: 2560px) 100vw, 2560px\"  \/>\r\n\t\t\t\r\n\t\t<\/div>\r\n\t\t\t\t<div class=\"wrap smax_wrap    add_shadow \"  >\r\n\t\t\t\t<p>&nbsp;<\/p><p>&nbsp;<\/p><p>&nbsp;<\/p><p>&nbsp;<\/p><p>&nbsp;<\/p>\t<\/div> \r\n\t<\/div>\r\n\r\n<div class=\"rsce_longtext  mode_gray butt-off\">\n\t<div class=\"wrap\">\n\t\t\t\t\t<div class=\"text-wrap\">\n\t\t\t\t<div class=\"headline\">Integracja<\/div>\t\t\t\t<div class=\"text\"><p style='text-align: center;'>Urz\u0105dzenia ASDEK zosta\u0142y zaprojektowane z my\u015bl\u0105 o nadrz\u0119dnej, elastycznej warstwie informatycznej, kt&oacute;ra pozwala na realizacj\u0119 dw&oacute;ch zasadniczych cel&oacute;w:<\/p><\/div>\t\t\t<\/div>\n\t\t\t\t\n\t\t\t\t\t<div class=\"blocks\">\n\t\t\t\t<div class=\"smax_headline align_left textalign_left size_38\"data-unique=\"e55f8af9_23\">\r\n\t\t\t<div class=\"el\">\r\n\t\t\tIntegracja z istniej\u0105cymi systemami prowadzenia ruchu\t\t<\/div>\r\n\t\t\t\t<div class=\"content\"><p>dopasowanie warstwy informacyjnej do struktur system\u00f3w srk (sterowania ruchem kolejowym), w szczeg\u00f3lno\u015bci z uwzgl\u0119dnieniem Lokalnych Centr\u00f3w Sterowania (LCS) obejmuj\u0105cych:<\/p><ul>\r\n<li>urz\u0105dzenia dSAT realizuj\u0105ce oczekiwane funkcje wykrywania stan\u00f3w awaryjnych i nieprawid\u0142owo\u015bci zwi\u0105zanych z taborem,<\/li>\r\n<li>serwer dSAT\/LCS gromadz\u0105cy i przetwarzaj\u0105cy informacje z urz\u0105dze\u0144 oraz zapewniaj\u0105cy integracj\u0119 systemu dSAT z systemem prowadzenia ruchu,<\/li>\r\n<li>terminale operatorskie udost\u0119pniaj\u0105ce informacje zgromadzone przez system DSAT, przeznaczone dla in\u017cynierii ruchu oraz obs\u0142ugi technicznej.<\/li>\r\n<\/ul><\/div>\r\n\t<\/div>\r\n<div class=\"smax_headline align_left textalign_left size_38\"data-unique=\"e55f8af9_24\">\r\n\t\t\t<div class=\"el\">\r\n\t\t\tPo\u0142\u0105czenie urz\u0105dze\u0144 w sie\u0107 informatyczn\u0105 dostarczaj\u0105c\u0105 syntetyczne informacje\t\t<\/div>\r\n\t\t\t\t<div class=\"content\"><p>Automatyczne synchronizacja czasu oraz przekazywanie informacji o numerze poci\u0105gu jest zapewnione dzi\u0119ki integracji z systemem prowadzenia ruchu na poziomie LCS. Skomunikowany z serwerem systemu dyspozytorskiego (np. Ebiscreen).<\/p><p>Mo\u017cliwo\u015b\u0107 po\u0142\u0105czenia serwer\u00f3w DSAT\/LCS w jeden system udost\u0119pniaj\u0105cy informacje o taborze na ca\u0142ej linii.<\/p><\/div>\r\n\t<\/div>\r\n\t\t\t<\/div>\n\t\t\t\t\t<\/div>\n\t<\/div>\r\n\r\n<div class=\"wrap smax_wrap\"  data-unique=\"e55f8af9_25\">\r\n\t\t\t\t<div class=\"smax_headline align_left textalign_left size_38\"data-unique=\"e55f8af9_26\">\r\n\t\t\t<h4 class=\"el\">\r\n\t\t\tSkontaktuj si\u0119 z nami\t\t<\/h4>\r\n\t\t<\/div>\r\n<div class=\"rsce_form  block\" data-unique=\"e55f8af9_27\" >\n\t\n<div class=\"wpcf7 no-js\" id=\"wpcf7-f860-o1\" lang=\"de-DE\" dir=\"ltr\" data-wpcf7-id=\"860\">\n<div class=\"screen-reader-response\"><p role=\"status\" aria-live=\"polite\" aria-atomic=\"true\"><\/p> <ul><\/ul><\/div>\n<form action=\"\/railway-systems\/axlecounting\/wp-json\/wp\/v2\/pages\/1161#wpcf7-f860-o1\" method=\"post\" class=\"wpcf7-form init\" aria-label=\"Kontaktformular\" novalidate=\"novalidate\" data-status=\"init\">\n<fieldset class=\"hidden-fields-container\"><input type=\"hidden\" name=\"_wpcf7\" value=\"860\" \/><input type=\"hidden\" name=\"_wpcf7_version\" value=\"6.1\" \/><input type=\"hidden\" name=\"_wpcf7_locale\" value=\"de_DE\" \/><input type=\"hidden\" name=\"_wpcf7_unit_tag\" value=\"wpcf7-f860-o1\" \/><input type=\"hidden\" name=\"_wpcf7_container_post\" value=\"0\" \/><input type=\"hidden\" name=\"_wpcf7_posted_data_hash\" value=\"\" \/>\n<\/fieldset>\n<div class=\"widgets fields\">\n\t<div class=\"widget widget-text name\">\n\t\t<div class=\"inner\">\n\t\t\t<p><label for=\"ctrl_getintouch_fullname\">Imi\u0119 i nazwisko<span class=\"mandatory\">*<\/span><\/label>\n\t\t\t<\/p>\n\t\t\t<div class=\"input\">\n\t\t\t\t<p><span class=\"wpcf7-form-control-wrap\" data-name=\"fullname\"><input size=\"40\" maxlength=\"400\" class=\"wpcf7-form-control wpcf7-text wpcf7-validates-as-required\" id=\"ctrl_getintouch_fullname\" aria-required=\"true\" aria-invalid=\"false\" value=\"\" type=\"text\" name=\"fullname\" \/><\/span>\n\t\t\t\t<\/p>\n\t\t\t<\/div>\n\t\t<\/div>\n\t<\/div>\n\t<div class=\"widget widget-text company\">\n\t\t<div class=\"inner\">\n\t\t\t<p><label for=\"ctrl_getintouch_company\">Firma<span class=\"mandatory\">*<\/span><\/label>\n\t\t\t<\/p>\n\t\t\t<div class=\"input\">\n\t\t\t\t<p><span class=\"wpcf7-form-control-wrap\" data-name=\"company\"><input size=\"40\" maxlength=\"400\" class=\"wpcf7-form-control wpcf7-text wpcf7-validates-as-required\" id=\"ctrl_getintouch_company\" aria-required=\"true\" aria-invalid=\"false\" value=\"\" type=\"text\" name=\"company\" \/><\/span>\n\t\t\t\t<\/p>\n\t\t\t<\/div>\n\t\t<\/div>\n\t<\/div>\n\t<div class=\"widget widget-text email\">\n\t\t<div class=\"inner\">\n\t\t\t<p><label for=\"ctrl_getintouch_email\">Adres e-mail<span class=\"mandatory\">*<\/span><\/label>\n\t\t\t<\/p>\n\t\t\t<div class=\"input\">\n\t\t\t\t<p><span class=\"wpcf7-form-control-wrap\" data-name=\"email\"><input size=\"40\" maxlength=\"400\" class=\"wpcf7-form-control wpcf7-email wpcf7-validates-as-required wpcf7-text wpcf7-validates-as-email\" id=\"ctrl_getintouch_email\" aria-required=\"true\" aria-invalid=\"false\" value=\"\" type=\"email\" name=\"email\" \/><\/span>\n\t\t\t\t<\/p>\n\t\t\t<\/div>\n\t\t<\/div>\n\t<\/div>\n\t<div class=\"widget widget-text phone\">\n\t\t<div class=\"inner\">\n\t\t\t<p><label for=\"ctrl_getintouch_phone\">Numer telefonu<span class=\"mandatory\">*<\/span><\/label>\n\t\t\t<\/p>\n\t\t\t<div class=\"input\">\n\t\t\t\t<p><span class=\"wpcf7-form-control-wrap\" data-name=\"phone\"><input size=\"40\" maxlength=\"400\" class=\"wpcf7-form-control wpcf7-tel wpcf7-validates-as-required wpcf7-text wpcf7-validates-as-tel\" id=\"ctrl_getintouch_phone\" aria-required=\"true\" aria-invalid=\"false\" value=\"\" type=\"tel\" name=\"phone\" \/><\/span>\n\t\t\t\t<\/p>\n\t\t\t<\/div>\n\t\t<\/div>\n\t<\/div>\n\t<div class=\"widget widget-textarea message\">\n\t\t<div class=\"inner\">\n\t\t\t<p><label for=\"ctrl_getintouch_message\">Twoja wiadomo\u015b\u0107<span class=\"mandatory\">*<\/span><\/label>\n\t\t\t<\/p>\n\t\t\t<div class=\"input\">\n\t\t\t\t<p><span class=\"wpcf7-form-control-wrap\" data-name=\"message\"><textarea cols=\"40\" rows=\"10\" maxlength=\"2000\" class=\"wpcf7-form-control wpcf7-textarea wpcf7-validates-as-required\" id=\"ctrl_getintouch_message\" aria-required=\"true\" aria-invalid=\"false\" name=\"message\"><\/textarea><\/span>\n\t\t\t\t<\/p>\n\t\t\t<\/div>\n\t\t<\/div>\n\t<\/div>\n\t<div class=\"widget submit_container\">\n\t\t<div class=\"inner\">\n\t\t\t<div class=\"input\">\n\t\t\t\t<p><span class=\"wpcf7-form-control-wrap\" data-name=\"dsgvo\"><span class=\"wpcf7-form-control wpcf7-acceptance\"><span class=\"wpcf7-list-item\"><label><input type=\"checkbox\" name=\"dsgvo\" value=\"1\" aria-invalid=\"false\" \/><span class=\"wpcf7-list-item-label\">Niniejszym potwierdzam, \u017ce podane powy\u017cej dane b\u0119d\u0105 przechowywane i wykorzystywane do regularnego wysy\u0142ania wiadomo\u015bci o nowych funkcjach, ofertach, konkursach, produktach itp. zgodnie z polityk\u0105 prywatno\u015bci. Zgoda mo\u017ce zosta\u0107 wycofana w dowolnym momencie.<\/span><\/label><\/span><\/span><\/span><br \/>\n<input class=\"wpcf7-form-control wpcf7-submit has-spinner btn buttonBlue\" type=\"submit\" value=\"Wy\u015blij wiadomo\u015b\u0107\" \/>\n\t\t\t\t<\/p>\n\t\t\t<\/div>\n\t\t<\/div>\n\t<\/div>\n<\/div><div class=\"wpcf7-response-output\" aria-hidden=\"true\"><\/div>\n<\/form>\n<\/div>\n\n<\/div>\r\n\t<\/div>\r\n\r\n","protected":false},"excerpt":{"rendered":"","protected":false},"author":7,"featured_media":0,"parent":0,"menu_order":0,"comment_status":"closed","ping_status":"closed","template":"","meta":{"footnotes":""},"class_list":["post-1161","page","type-page","status-publish","hentry"],"_links":{"self":[{"href":"https:\/\/www.voestalpine.com\/railway-systems\/axlecounting\/wp-json\/wp\/v2\/pages\/1161","targetHints":{"allow":["GET"]}}],"collection":[{"href":"https:\/\/www.voestalpine.com\/railway-systems\/axlecounting\/wp-json\/wp\/v2\/pages"}],"about":[{"href":"https:\/\/www.voestalpine.com\/railway-systems\/axlecounting\/wp-json\/wp\/v2\/types\/page"}],"author":[{"embeddable":true,"href":"https:\/\/www.voestalpine.com\/railway-systems\/axlecounting\/wp-json\/wp\/v2\/users\/7"}],"replies":[{"embeddable":true,"href":"https:\/\/www.voestalpine.com\/railway-systems\/axlecounting\/wp-json\/wp\/v2\/comments?post=1161"}],"version-history":[{"count":18,"href":"https:\/\/www.voestalpine.com\/railway-systems\/axlecounting\/wp-json\/wp\/v2\/pages\/1161\/revisions"}],"predecessor-version":[{"id":1398,"href":"https:\/\/www.voestalpine.com\/railway-systems\/axlecounting\/wp-json\/wp\/v2\/pages\/1161\/revisions\/1398"}],"wp:attachment":[{"href":"https:\/\/www.voestalpine.com\/railway-systems\/axlecounting\/wp-json\/wp\/v2\/media?parent=1161"}],"curies":[{"name":"wp","href":"https:\/\/api.w.org\/{rel}","templated":true}]}}