{"id":491,"date":"2018-10-15T11:22:00","date_gmt":"2018-10-15T09:22:00","guid":{"rendered":"https:\/\/voest.5q.at\/bestelehresteiermark\/?page_id=491"},"modified":"2025-09-29T14:31:53","modified_gmt":"2025-09-29T12:31:53","slug":"werkstofftechnik-mit-waermebehandlung","status":"publish","type":"page","link":"https:\/\/www.voestalpine.com\/bestelehresteiermark\/ausbildungen\/werkstofftechnik-mit-waermebehandlung\/","title":{"rendered":"Werkstofftechnik mit W\u00e4rmebehandlung"},"content":{"rendered":"\n\t\t\t\t<img loading=\"lazy\" decoding=\"async\" src=\"https:\/\/www.voestalpine.com\/bestelehresteiermark\/wp-content\/uploads\/2022\/09\/Werkstofftechnik_Header_web.jpg\" alt=\"Werkstofftechnik_Header_web\" itemprop=\"image\" height=\"950\" width=\"2340\" title=\"Werkstofftechnik_Header_web\" onerror=\"this.style.display='none'\"  \/>\n\t<h2>Lehre Werkstofftechnik mit W\u00e4rmebehandlung<\/h2>\n\t<p><img loading=\"lazy\" decoding=\"async\" src=\"..\/..\/wp-content\/uploads\/2018\/10\/Icons_lehrzeit-150x150.png\" alt=\"Lehrzeit\" width=\"100\" height=\"89\" \/><\/p>\n\t<p>Lehrzeit: 3 bzw. 3,5 Jahre<\/p>\n\t<h4>Der Job:<\/h4>\n<p>Das Ermitteln von physikalischen Kenngr\u00f6\u00dfen f\u00fcr Zertifikate unserer Kunden.<\/p>\n<h4>Die Aufgabe:<\/h4>\n<p>Bei der zerst\u00f6rungsfreien Pr\u00fcfung wird durch Ultraschallmessung und Eindringen von Pulvern das Metallgef\u00fcge auf Hohlr\u00e4ume, Risse und Fremdeinschl\u00fcsse untersucht. Bei der zerst\u00f6renden Pr\u00fcfung wird durch Zug-, Druck-, oder Biegeversuche die Festigkeit, Elastizit\u00e4t und Formbest\u00e4ndigkeit untersucht. Das Arbeitsgebiet der Werkstoffpr\u00fcfung reicht vom inneren Aufbau der Werkstoffe mit deren physikalischen Eigenschaften, den erforderlichen Pr\u00fcfmethoden bis zu Arbeiten in der Grundlagenforschung und der Qualit\u00e4tssicherung.<\/p>\n<h4>Die Voraussetzungen:<\/h4>\n<p>\u00dcberdurchschnittlicher Pflichtschulabschluss, technisches und mathematisches Verst\u00e4ndnis, geistige Beweglichkeit, Teamf\u00e4higkeit, Bereitschaft zum Weiterbilden und gute Beobachtungsgabe.<\/p>\n\t\t<h3><\/h3>\t\t\n\t\t\t\u201eIch arbeite gerne in dem Beruf als Werkstofftechnikerin, weil man viele verschiedene Bereiche der<br \/>\nWerkstoffpr\u00fcfung erlernt.\u201c\n<em>&#8211; Anja Edelbrunner, voestalpine Tubulars GmbH&amp;Co KG<br \/>\n<\/em>\n<hr \/>\n<p>\u201eWas mir an meinem Lehrberuf besonders gef\u00e4llt ist, dass meine Ausbildung so abwechslungsreich ist. Mir gef\u00e4llt auch unsere &#8220;Teamwork&#8221;, die meine Kolleginnen und Kollegen an den Tag legen sowie der Zusammenhalt wenn es darauf ankommt.&#8221;<\/p>\n<p><em>&#8211; Vanessa Stiegler, voestalpine Tubulars GmbH &amp; Co KG<\/em><\/p>\n\t<strong>Deine F\u00e4higkeiten<br \/>\n<\/strong>Pr\u00e4zision, Verl\u00e4sslichkeit, mathematisches &#038; technisches Verst\u00e4ndnis<br \/>\n<img loading=\"lazy\" decoding=\"async\" src=\"https:\/\/www.voestalpine.com\/bestelehresteiermark\/wp-content\/uploads\/2018\/10\/Icons_faehigkeiten_ohnentext_praezision.png\" alt=\"\" width=\"96\" height=\"85\" \/><img loading=\"lazy\" decoding=\"async\" src=\"https:\/\/www.voestalpine.com\/bestelehresteiermark\/wp-content\/uploads\/2018\/10\/Icons_faehigkeiten_ohnentext_verlaesslichkeit.png\" alt=\"\" width=\"100\" height=\"89\" \/><img loading=\"lazy\" decoding=\"async\" src=\"https:\/\/www.voestalpine.com\/bestelehresteiermark\/wp-content\/uploads\/2018\/10\/Icons_faehigkeiten_ohnentext_-mathematisches_verstaendnis.png\" alt=\"\" width=\"100\" height=\"89\" \/>\n\t<h2>Dein Einkommen<\/h2>\n<ul>\n<li>1. Lehrjahr: 1.050,00 \u20ac<\/li>\n<li>2. Lehrjahr: 1.270,00 \u20ac<\/li>\n<li>3. Lehrjahr: 1.625,00 \u20ac<\/li>\n<li>4. Lehrjahr: 2.110,00 \u20ac<\/li>\n<\/ul>\n\t<p><a href=\"#\"> Download Factsheet<\/a>\u00a0(<em>Verlinkung folgt)<\/em><\/p>\n<p><img loading=\"lazy\" decoding=\"async\" src=\"\/bestelehresteiermark\/wp-content\/uploads\/2018\/10\/Steiermarkkarte_Standort_Bruckandermur.png\" alt=\"\" width=\"463\" height=\"319\" \/><\/p>\n<p><img loading=\"lazy\" decoding=\"async\" src=\"\/bestelehresteiermark\/wp-content\/uploads\/2018\/10\/Steiermarkkarte_Standort_Kapfenberg.png\" alt=\"\" width=\"463\" height=\"319\" \/><\/p>\n<p><img loading=\"lazy\" decoding=\"async\" src=\"\/bestelehresteiermark\/wp-content\/uploads\/2018\/10\/Steiermarkkarte_Standort_Kindberg.png\" alt=\"\" width=\"463\" height=\"319\" \/><\/p>\n<p><img loading=\"lazy\" decoding=\"async\" src=\"\/bestelehresteiermark\/wp-content\/uploads\/2018\/10\/Steiermarkkarte_Standort_Krieglach.png\" alt=\"\" width=\"463\" height=\"319\" \/><\/p>\n<p><img loading=\"lazy\" decoding=\"async\" src=\"https:\/\/www.voestalpine.com\/bestelehresteiermark\/wp-content\/uploads\/2024\/09\/steiermarkkarte-standort-leoben-donawitz-1.png\" alt=\"\" width=\"463\" height=\"319\" \/><\/p>\n<p><img loading=\"lazy\" decoding=\"async\" src=\"\/bestelehresteiermark\/wp-content\/uploads\/2018\/10\/Steiermarkkarte_Standort_Muerzzuschlag.png\" alt=\"\" width=\"463\" height=\"319\" \/><\/p>\n<p><img loading=\"lazy\" decoding=\"async\" src=\"\/bestelehresteiermark\/wp-content\/uploads\/2018\/10\/Steiermarkkarte_Standort_stpeterfreienstein.png\" alt=\"\" width=\"463\" height=\"319\" \/><\/p>\n<p><img loading=\"lazy\" decoding=\"async\" src=\"\/bestelehresteiermark\/wp-content\/uploads\/2018\/10\/Steiermarkkarte_Standort_Zeltweg.png\" alt=\"\" width=\"463\" height=\"319\" \/><\/p>\n<p><img loading=\"lazy\" decoding=\"async\" src=\"\/bestelehresteiermark\/wp-content\/uploads\/2018\/10\/Steiermarkkarte_Standort.png\" alt=\"\" width=\"463\" height=\"319\" \/><\/p>\n\t<h2>Ausbildungsorte:<\/h2>\n<p>&nbsp;<\/p>\n\tKindberg \/ voestalpine Tubulars GmbH &amp; Co KG<br \/>\n<a href=\"https:\/\/jobs.voestalpine.com\/index.php?ac=jobad&amp;id=19319\">Zur Stellenanzeige im Jobportal<\/a>\nLeoben-Donawitz \/ voestalpine Stahl Donawitz GmbH<br \/>\n<a href=\"https:\/\/jobs.voestalpine.com\/index.php?ac=jobad&amp;id=19282\">Zur Stellenanzeige im Jobportal<\/a>\n\t<strong> Du interessierst dich f\u00fcr diese Ausbildung und m\u00f6chtest dich bewerben?<br \/>\n<\/strong>Die Checkliste hilft dir, dich bestm\u00f6glich vorzubereiten.<br \/>\n <a href=\"https:\/\/www.voestalpine.com\/bestelehresteiermark\/#checkliste\">Checkliste<\/a>\n\t<h3>Hast du eine Frage zu diesem Lehrberuf?<\/h3>\n<p>Wir helfen dir gerne weiter.<\/p>\n\t\n<div class=\"wpcf7 no-js\" id=\"wpcf7-f1992-o1\" lang=\"de-DE\" dir=\"ltr\" data-wpcf7-id=\"1992\">\n<div class=\"screen-reader-response\"><p role=\"status\" aria-live=\"polite\" aria-atomic=\"true\"><\/p> <ul><\/ul><\/div>\n<form action=\"\/bestelehresteiermark\/wp-json\/wp\/v2\/pages\/491#wpcf7-f1992-o1\" method=\"post\" class=\"wpcf7-form init\" aria-label=\"Kontaktformular\" novalidate=\"novalidate\" data-status=\"init\">\n<fieldset class=\"hidden-fields-container\"><input type=\"hidden\" name=\"_wpcf7\" value=\"1992\" \/><input type=\"hidden\" name=\"_wpcf7_version\" value=\"6.1.5\" \/><input type=\"hidden\" name=\"_wpcf7_locale\" value=\"de_DE\" \/><input type=\"hidden\" name=\"_wpcf7_unit_tag\" value=\"wpcf7-f1992-o1\" \/><input type=\"hidden\" name=\"_wpcf7_container_post\" value=\"0\" \/><input type=\"hidden\" name=\"_wpcf7_posted_data_hash\" value=\"\" \/>\n<\/fieldset>\n<p>Ich habe Fragen zum Lehrberuf <span style=\"font-weight:400;\">Werkstofftechnik mit W\u00e4rmebehandlung<\/span>\n<\/p>\n<p><label><span class=\"wpcf7-form-control-wrap\" data-name=\"your-standort\"><select class=\"wpcf7-form-control wpcf7-select wpcf7-validates-as-required\" aria-required=\"true\" aria-invalid=\"false\" name=\"your-standort\"><option value=\"\">Standort w\u00e4hlen<\/option><option value=\"Kindberg \/ voestalpine Tubulars GmbH &amp; Co KG\">Kindberg \/ voestalpine Tubulars GmbH &amp; Co KG<\/option><option value=\"Leoben-Donawitz \/ voestalpine Stahl Donawitz GmbH\">Leoben-Donawitz \/ voestalpine Stahl Donawitz GmbH<\/option><\/select><\/span><\/label>\n<\/p>\n<p><label><span class=\"wpcf7-form-control-wrap\" data-name=\"your-name\"><input size=\"40\" maxlength=\"400\" class=\"wpcf7-form-control wpcf7-text wpcf7-validates-as-required\" aria-required=\"true\" aria-invalid=\"false\" placeholder=\"Dein Name\" value=\"\" type=\"text\" name=\"your-name\" \/><\/span> <\/label>\n<\/p>\n<p><label><span class=\"wpcf7-form-control-wrap\" data-name=\"your-email\"><input size=\"40\" maxlength=\"400\" class=\"wpcf7-form-control wpcf7-email wpcf7-validates-as-required wpcf7-text wpcf7-validates-as-email\" aria-required=\"true\" aria-invalid=\"false\" placeholder=\"Deine E-Mail\" value=\"\" type=\"email\" name=\"your-email\" \/><\/span> <\/label>\n<\/p>\n<p><label><span class=\"wpcf7-form-control-wrap\" data-name=\"your-message\"><textarea cols=\"40\" rows=\"10\" maxlength=\"2000\" class=\"wpcf7-form-control wpcf7-textarea\" aria-invalid=\"false\" placeholder=\"Deine Nachricht\" name=\"your-message\"><\/textarea><\/span> <\/label>\n<\/p>\n<p><label><span class=\"wpcf7-form-control-wrap\" data-name=\"quiz-113\"><label><span class=\"wpcf7-quiz-label\">Wieviel ist 1 + 9<\/span> <input size=\"40\" class=\"wpcf7-form-control wpcf7-quiz\" autocomplete=\"off\" aria-required=\"true\" aria-invalid=\"false\" type=\"text\" name=\"quiz-113\" \/><\/label><input type=\"hidden\" name=\"_wpcf7_quiz_answer_quiz-113\" value=\"a582ac202470fbb15ac42aa9d1d65a60\" \/><\/span><\/label>\n<\/p>\n<p><span class=\"wpcf7-form-control-wrap\" data-name=\"acceptance-20\"><span class=\"wpcf7-form-control wpcf7-acceptance\"><span class=\"wpcf7-list-item\"><label><input type=\"checkbox\" name=\"acceptance-20\" value=\"1\" aria-invalid=\"false\" \/><span class=\"wpcf7-list-item-label\"><span class=\"datenschutzlink\">Ich akzeptiere die <a  href=\"https:\/\/www.voestalpine.com\/bestelehresteiermark\/datenschutz\/\" target=\"_blank\" title=\"Datenschutzbedingungen\">Datenschutzbedingungen<\/a><\/span><\/span><\/label><\/span><\/span><\/span>\n<\/p>\n<p><input class=\"wpcf7-form-control wpcf7-submit has-spinner\" type=\"submit\" value=\"Absenden\" \/><input type=\"reset\" class='button btn btn-primary' \/>\n<\/p><div class=\"wpcf7-response-output\" aria-hidden=\"true\"><\/div>\n<\/form>\n<\/div>\n\n\t<p><strong>Link zur Ausbildung teilen<\/strong><\/p>\n<div class=\"addtoany_shortcode\"><div class=\"a2a_kit a2a_kit_size_32 addtoany_list\" data-a2a-url=\"https:\/\/www.voestalpine.com\/bestelehresteiermark\/ausbildungen\/werkstofftechnik-mit-waermebehandlung\/\" data-a2a-title=\"Werkstofftechnik mit W\u00e4rmebehandlung\"><a class=\"a2a_button_facebook\" href=\"https:\/\/www.addtoany.com\/add_to\/facebook?linkurl=https%3A%2F%2Fwww.voestalpine.com%2Fbestelehresteiermark%2Fausbildungen%2Fwerkstofftechnik-mit-waermebehandlung%2F&amp;linkname=Werkstofftechnik%20mit%20W%C3%A4rmebehandlung\" title=\"Facebook\" rel=\"nofollow noopener\" target=\"_blank\"><\/a><a class=\"a2a_button_twitter\" href=\"https:\/\/www.addtoany.com\/add_to\/twitter?linkurl=https%3A%2F%2Fwww.voestalpine.com%2Fbestelehresteiermark%2Fausbildungen%2Fwerkstofftechnik-mit-waermebehandlung%2F&amp;linkname=Werkstofftechnik%20mit%20W%C3%A4rmebehandlung\" title=\"Twitter\" rel=\"nofollow noopener\" target=\"_blank\"><\/a><a class=\"a2a_button_pinterest\" href=\"https:\/\/www.addtoany.com\/add_to\/pinterest?linkurl=https%3A%2F%2Fwww.voestalpine.com%2Fbestelehresteiermark%2Fausbildungen%2Fwerkstofftechnik-mit-waermebehandlung%2F&amp;linkname=Werkstofftechnik%20mit%20W%C3%A4rmebehandlung\" title=\"Pinterest\" rel=\"nofollow noopener\" target=\"_blank\"><\/a><a class=\"a2a_button_whatsapp\" href=\"https:\/\/www.addtoany.com\/add_to\/whatsapp?linkurl=https%3A%2F%2Fwww.voestalpine.com%2Fbestelehresteiermark%2Fausbildungen%2Fwerkstofftechnik-mit-waermebehandlung%2F&amp;linkname=Werkstofftechnik%20mit%20W%C3%A4rmebehandlung\" title=\"WhatsApp\" rel=\"nofollow noopener\" target=\"_blank\"><\/a><a class=\"a2a_button_email\" href=\"https:\/\/www.addtoany.com\/add_to\/email?linkurl=https%3A%2F%2Fwww.voestalpine.com%2Fbestelehresteiermark%2Fausbildungen%2Fwerkstofftechnik-mit-waermebehandlung%2F&amp;linkname=Werkstofftechnik%20mit%20W%C3%A4rmebehandlung\" title=\"Email\" rel=\"nofollow noopener\" target=\"_blank\"><\/a><\/div><\/div>\n","protected":false},"excerpt":{"rendered":"<p>Lehre Werkstofftechnik mit W\u00e4rmebehandlung Lehrzeit: 3 bzw. 3,5 Jahre Der Job: Das Ermitteln von physikalischen Kenngr\u00f6\u00dfen f\u00fcr Zertifikate unserer Kunden. Die Aufgabe: Bei der zerst\u00f6rungsfreien Pr\u00fcfung wird durch Ultraschallmessung und Eindringen von Pulvern das Metallgef\u00fcge auf Hohlr\u00e4ume, Risse und Fremdeinschl\u00fcsse untersucht. Bei der zerst\u00f6renden Pr\u00fcfung wird durch Zug-, Druck-, oder Biegeversuche die Festigkeit, Elastizit\u00e4t und Formbest\u00e4ndigkeit untersucht. Das Arbeitsgebiet der Werkstoffpr\u00fcfung reicht vom inneren Aufbau &hellip; <a href=\"https:\/\/www.voestalpine.com\/bestelehresteiermark\/ausbildungen\/werkstofftechnik-mit-waermebehandlung\/\" class=\"more-link\">Continue reading <span class=\"screen-reader-text\">Werkstofftechnik mit W\u00e4rmebehandlung<\/span> <span class=\"meta-nav\">&raquo;<\/span><\/a><\/p>\n","protected":false},"author":2,"featured_media":0,"parent":8,"menu_order":0,"comment_status":"closed","ping_status":"closed","template":"page-templates\/full-width.php","meta":{"footnotes":""},"class_list":["post-491","page","type-page","status-publish","hentry"],"_links":{"self":[{"href":"https:\/\/www.voestalpine.com\/bestelehresteiermark\/wp-json\/wp\/v2\/pages\/491","targetHints":{"allow":["GET"]}}],"collection":[{"href":"https:\/\/www.voestalpine.com\/bestelehresteiermark\/wp-json\/wp\/v2\/pages"}],"about":[{"href":"https:\/\/www.voestalpine.com\/bestelehresteiermark\/wp-json\/wp\/v2\/types\/page"}],"author":[{"embeddable":true,"href":"https:\/\/www.voestalpine.com\/bestelehresteiermark\/wp-json\/wp\/v2\/users\/2"}],"replies":[{"embeddable":true,"href":"https:\/\/www.voestalpine.com\/bestelehresteiermark\/wp-json\/wp\/v2\/comments?post=491"}],"version-history":[{"count":54,"href":"https:\/\/www.voestalpine.com\/bestelehresteiermark\/wp-json\/wp\/v2\/pages\/491\/revisions"}],"predecessor-version":[{"id":5305,"href":"https:\/\/www.voestalpine.com\/bestelehresteiermark\/wp-json\/wp\/v2\/pages\/491\/revisions\/5305"}],"up":[{"embeddable":true,"href":"https:\/\/www.voestalpine.com\/bestelehresteiermark\/wp-json\/wp\/v2\/pages\/8"}],"wp:attachment":[{"href":"https:\/\/www.voestalpine.com\/bestelehresteiermark\/wp-json\/wp\/v2\/media?parent=491"}],"curies":[{"name":"wp","href":"https:\/\/api.w.org\/{rel}","templated":true}]}}