{"id":481,"date":"2018-10-15T11:19:22","date_gmt":"2018-10-15T09:19:22","guid":{"rendered":"https:\/\/voest.5q.at\/bestelehresteiermark\/?page_id=481"},"modified":"2025-09-29T14:28:07","modified_gmt":"2025-09-29T12:28:07","slug":"metallurgie-umformtechnik","status":"publish","type":"page","link":"https:\/\/www.voestalpine.com\/bestelehresteiermark\/ausbildungen\/metallurgie-umformtechnik\/","title":{"rendered":"Metallurgie &#038; Umformtechnik"},"content":{"rendered":"\n\t\t\t\t<img loading=\"lazy\" decoding=\"async\" src=\"https:\/\/www.voestalpine.com\/bestelehresteiermark\/wp-content\/uploads\/2022\/09\/Metallurgie_Umformtechnik_Header_web.jpg\" alt=\"Metallurgie_Umformtechnik_Header_web\" itemprop=\"image\" height=\"950\" width=\"2340\" title=\"Metallurgie_Umformtechnik_Header_web\" onerror=\"this.style.display='none'\"  \/>\n\t<h2>Lehre Metallurgie &amp; Umformtechnik<\/h2>\n\t<p><img loading=\"lazy\" decoding=\"async\" src=\"..\/..\/wp-content\/uploads\/2018\/10\/Icons_lehrzeit-150x150.png\" alt=\"Lehrzeit\" width=\"100\" height=\"89\" \/><\/p>\n\t<p>Lehrzeit: 3,5 Jahre<\/p>\n\t<h4>Der Job:<\/h4>\n<p>Umformtechniker\/innen sind die Motoren der Produktion. Sie \u00fcberwachen die Produktion, sorgen f\u00fcr einen reibungslosen Ablauf und greifen rasch ein, wenn Unregelm\u00e4\u00dfigkeiten auftreten.<\/p>\n<h4>Die Aufgabe:<\/h4>\n<p>Dein Job ist die Bedienung von mechanisierten und automatisierten Anlagen. Du musst Unregelm\u00e4\u00dfigkeiten im Betriebsablauf rechtzeitig erkennen und unverz\u00fcglich Gegenma\u00dfnahmen einleiten, um gr\u00f6\u00dferen Schaden zu vermeiden. Au\u00dferdem bist du f\u00fcr einfache Wartungs- und Instandhaltungsarbeiten zust\u00e4ndig, damit alles am Laufen bleibt.<\/p>\n<h4>Die Voraussetzungen:<\/h4>\n<p>Pr\u00e4zision und Genauigkeit kennzeichnen den Bereich der Umformtechnik<\/p>\n\t<p><strong>Spezialisierungen<\/strong><\/p>\n<ul>\n<li>Elektro- und Geb\u00e4udetechnik<\/li>\n<li>Energietechnik<\/li>\n<li>Anlagen- und Betriebstechnik<\/li>\n<li>Automatisierungs- und Prozessleittechnik<\/li>\n<\/ul>\n\t\t<h3><\/h3>\t\t\n\t\t\t<p>\u201eAm Bahnhof zu stehen und die Schienen anzuschauen und wissen, dass ich ein Teil der Produktion bin ist einfach geil.\u201c<\/p>\n<em>&#8211; David Machaceck, voestalpine Stahl Donawitz GmbH<br \/>\n<\/em>\n<hr \/>\n<p>\u201eMich hat die Stahlproduktion schon immer fasziniert, speziell der Hochofen! Aber auch die Aufstiegschancen sind bei diesem Beruf sehr gut.\u201c<\/p>\n<p><em>&#8211; Marcus Kienbink, voestalpine Stahl Donawitz GmbH<\/em><\/p>\n<hr \/>\n<p>\u201eWas mir daran besonders gef\u00e4llt ist die Vielf\u00e4ltigkeit meines Berufes, da ich sehr viele Arbeitspl\u00e4tze in unserem Konzern sehe und auch \u00fcberall mitarbeiten darf sowie der Kontakt zu den anderen Mitarbeitern, die mir sehr viel beibringen und erkl\u00e4ren. Ich kann jedem Interessierten meinen Lehrberuf nur empfehlen\u201c<\/p>\n<p><em>&#8211; Robert Bauer, voestalpine Tubulars GmbH &amp; Co KG<\/em><\/p>\n\t<strong>Deine F\u00e4higkeiten<br \/>\n<\/strong>k\u00f6rperliche Fitness, Teamf\u00e4higkeit, Verl\u00e4sslichkeit<br \/>\n<img loading=\"lazy\" decoding=\"async\" src=\"https:\/\/www.voestalpine.com\/bestelehresteiermark\/wp-content\/uploads\/2018\/10\/Icons_faehigkeiten_ohnentext_fitness.png\" alt=\"koerperliche Fitness\" width=\"100\" height=\"89\" \/><img loading=\"lazy\" decoding=\"async\" src=\"https:\/\/www.voestalpine.com\/bestelehresteiermark\/wp-content\/uploads\/2018\/10\/Icons_faehigkeiten_ohnentext_teamfaehigkeit.png\" alt=\"\" width=\"100\" height=\"89\" \/><img loading=\"lazy\" decoding=\"async\" src=\"https:\/\/www.voestalpine.com\/bestelehresteiermark\/wp-content\/uploads\/2018\/10\/Icons_faehigkeiten_ohnentext_verlaesslichkeit.png\" alt=\"\" width=\"100\" height=\"89\" \/>\n\t<h2>Dein Einkommen<\/h2>\n<ul>\n<li>1. Lehrjahr: 1.050,00 \u20ac<\/li>\n<li>2. Lehrjahr: 1.270,00 \u20ac<\/li>\n<li>3. Lehrjahr: 1.625,00 \u20ac<\/li>\n<li>4. Lehrjahr: 2.110,00 \u20ac<\/li>\n<\/ul>\n\t<p><a href=\"#\"> Download Factsheet<\/a>\u00a0(<em>Verlinkung folgt)<\/em><\/p>\n<p><img loading=\"lazy\" decoding=\"async\" src=\"\/bestelehresteiermark\/wp-content\/uploads\/2018\/10\/Steiermarkkarte_Standort_Bruckandermur.png\" alt=\"\" width=\"463\" height=\"319\" \/><\/p>\n<p><img loading=\"lazy\" decoding=\"async\" src=\"\/bestelehresteiermark\/wp-content\/uploads\/2018\/10\/Steiermarkkarte_Standort_Kapfenberg.png\" alt=\"\" width=\"463\" height=\"319\" \/><\/p>\n<p><img loading=\"lazy\" decoding=\"async\" src=\"\/bestelehresteiermark\/wp-content\/uploads\/2018\/10\/Steiermarkkarte_Standort_Kindberg.png\" alt=\"\" width=\"463\" height=\"319\" \/><\/p>\n<p><img loading=\"lazy\" decoding=\"async\" src=\"\/bestelehresteiermark\/wp-content\/uploads\/2018\/10\/Steiermarkkarte_Standort_Krieglach.png\" alt=\"\" width=\"463\" height=\"319\" \/><\/p>\n<p><img loading=\"lazy\" decoding=\"async\" src=\"https:\/\/www.voestalpine.com\/bestelehresteiermark\/wp-content\/uploads\/2024\/09\/steiermarkkarte-standort-leoben-donawitz-1.png\" alt=\"\" width=\"463\" height=\"319\" \/><\/p>\n<p><img loading=\"lazy\" decoding=\"async\" src=\"\/bestelehresteiermark\/wp-content\/uploads\/2018\/10\/Steiermarkkarte_Standort_Muerzzuschlag.png\" alt=\"\" width=\"463\" height=\"319\" \/><\/p>\n<p><img loading=\"lazy\" decoding=\"async\" src=\"\/bestelehresteiermark\/wp-content\/uploads\/2018\/10\/Steiermarkkarte_Standort_stpeterfreienstein.png\" alt=\"\" width=\"463\" height=\"319\" \/><\/p>\n<p><img loading=\"lazy\" decoding=\"async\" src=\"\/bestelehresteiermark\/wp-content\/uploads\/2018\/10\/Steiermarkkarte_Standort_Zeltweg.png\" alt=\"\" width=\"463\" height=\"319\" \/><\/p>\n<p><img loading=\"lazy\" decoding=\"async\" src=\"\/bestelehresteiermark\/wp-content\/uploads\/2018\/10\/Steiermarkkarte_Standort.png\" alt=\"\" width=\"463\" height=\"319\" \/><\/p>\n\t<h2>Ausbildungsorte:<\/h2>\n<p>&nbsp;<\/p>\n\tKindberg \/ voestalpine Tubulars GmbH &amp; Co KG<br \/>\n<a href=\"https:\/\/jobs.voestalpine.com\/index.php?ac=jobad&amp;id=19321\">Zur Stellenanzeige im Jobportal<\/a>\nLeoben-Donawitz \/ voestalpine Stahl Donawitz GmbH<br \/>\n<a href=\"https:\/\/jobs.voestalpine.com\/index.php?ac=jobad&amp;id=19280\">Zur Stellenanzeige im Jobportal<\/a>\n\t<strong> Du interessierst dich f\u00fcr diese Ausbildung und m\u00f6chtest dich bewerben?<br \/>\n<\/strong>Die Checkliste hilft dir, dich bestm\u00f6glich vorzubereiten.<br \/>\n <a href=\"https:\/\/www.voestalpine.com\/bestelehresteiermark\/#checkliste\">Checkliste<\/a>\n\t<h3>Hast du eine Frage zu diesem Lehrberuf?<\/h3>\n<p>Wir helfen dir gerne weiter.<\/p>\n\t\n<div class=\"wpcf7 no-js\" id=\"wpcf7-f1990-o1\" lang=\"de-DE\" dir=\"ltr\" data-wpcf7-id=\"1990\">\n<div class=\"screen-reader-response\"><p role=\"status\" aria-live=\"polite\" aria-atomic=\"true\"><\/p> <ul><\/ul><\/div>\n<form action=\"\/bestelehresteiermark\/wp-json\/wp\/v2\/pages\/481#wpcf7-f1990-o1\" method=\"post\" class=\"wpcf7-form init\" aria-label=\"Kontaktformular\" novalidate=\"novalidate\" data-status=\"init\">\n<fieldset class=\"hidden-fields-container\"><input type=\"hidden\" name=\"_wpcf7\" value=\"1990\" \/><input type=\"hidden\" name=\"_wpcf7_version\" value=\"6.1.5\" \/><input type=\"hidden\" name=\"_wpcf7_locale\" value=\"de_DE\" \/><input type=\"hidden\" name=\"_wpcf7_unit_tag\" value=\"wpcf7-f1990-o1\" \/><input type=\"hidden\" name=\"_wpcf7_container_post\" value=\"0\" \/><input type=\"hidden\" name=\"_wpcf7_posted_data_hash\" value=\"\" \/>\n<\/fieldset>\n<p>Ich habe Fragen zum Lehrberuf <span style=\"font-weight:400;\">Metallurgie &#038; Umformtechnik<\/span>\n<\/p>\n<p><label><span class=\"wpcf7-form-control-wrap\" data-name=\"your-standort\"><select class=\"wpcf7-form-control wpcf7-select wpcf7-validates-as-required\" aria-required=\"true\" aria-invalid=\"false\" name=\"your-standort\"><option value=\"\">Standort w\u00e4hlen<\/option><option value=\"Kindberg \/ voestalpine Tubulars GmbH &amp; Co KG\">Kindberg \/ voestalpine Tubulars GmbH &amp; Co KG<\/option><option value=\"Leoben-Donawitz \/ voestalpine Stahl Donawitz GmbH\">Leoben-Donawitz \/ voestalpine Stahl Donawitz GmbH<\/option><\/select><\/span><\/label>\n<\/p>\n<p><label><span class=\"wpcf7-form-control-wrap\" data-name=\"your-name\"><input size=\"40\" maxlength=\"400\" class=\"wpcf7-form-control wpcf7-text wpcf7-validates-as-required\" aria-required=\"true\" aria-invalid=\"false\" placeholder=\"Dein Name\" value=\"\" type=\"text\" name=\"your-name\" \/><\/span> <\/label>\n<\/p>\n<p><label><span class=\"wpcf7-form-control-wrap\" data-name=\"your-email\"><input size=\"40\" maxlength=\"400\" class=\"wpcf7-form-control wpcf7-email wpcf7-validates-as-required wpcf7-text wpcf7-validates-as-email\" aria-required=\"true\" aria-invalid=\"false\" placeholder=\"Deine E-Mail\" value=\"\" type=\"email\" name=\"your-email\" \/><\/span> <\/label>\n<\/p>\n<p><label><span class=\"wpcf7-form-control-wrap\" data-name=\"your-message\"><textarea cols=\"40\" rows=\"10\" maxlength=\"2000\" class=\"wpcf7-form-control wpcf7-textarea\" aria-invalid=\"false\" placeholder=\"Deine Nachricht\" name=\"your-message\"><\/textarea><\/span> <\/label>\n<\/p>\n<p><label><span class=\"wpcf7-form-control-wrap\" data-name=\"quiz-113\"><label><span class=\"wpcf7-quiz-label\">Wieviel ist 1 + 9<\/span> <input size=\"40\" class=\"wpcf7-form-control wpcf7-quiz\" autocomplete=\"off\" aria-required=\"true\" aria-invalid=\"false\" type=\"text\" name=\"quiz-113\" \/><\/label><input type=\"hidden\" name=\"_wpcf7_quiz_answer_quiz-113\" value=\"a582ac202470fbb15ac42aa9d1d65a60\" \/><\/span><\/label>\n<\/p>\n<p><span class=\"wpcf7-form-control-wrap\" data-name=\"acceptance-20\"><span class=\"wpcf7-form-control wpcf7-acceptance\"><span class=\"wpcf7-list-item\"><label><input type=\"checkbox\" name=\"acceptance-20\" value=\"1\" aria-invalid=\"false\" \/><span class=\"wpcf7-list-item-label\"><span class=\"datenschutzlink\">Ich akzeptiere die <a  href=\"https:\/\/www.voestalpine.com\/bestelehresteiermark\/datenschutz\/\" target=\"_blank\" title=\"Datenschutzbedingungen\">Datenschutzbedingungen<\/a><\/span><\/span><\/label><\/span><\/span><\/span>\n<\/p>\n<p><input class=\"wpcf7-form-control wpcf7-submit has-spinner\" type=\"submit\" value=\"Absenden\" \/><input type=\"reset\" class='button btn btn-primary' \/>\n<\/p><div class=\"wpcf7-response-output\" aria-hidden=\"true\"><\/div>\n<\/form>\n<\/div>\n\n\t<p><strong>Link zur Ausbildung teilen<\/strong><\/p>\n<div class=\"addtoany_shortcode\"><div class=\"a2a_kit a2a_kit_size_32 addtoany_list\" data-a2a-url=\"https:\/\/www.voestalpine.com\/bestelehresteiermark\/ausbildungen\/metallurgie-umformtechnik\/\" data-a2a-title=\"Metallurgie &amp; Umformtechnik\"><a class=\"a2a_button_facebook\" href=\"https:\/\/www.addtoany.com\/add_to\/facebook?linkurl=https%3A%2F%2Fwww.voestalpine.com%2Fbestelehresteiermark%2Fausbildungen%2Fmetallurgie-umformtechnik%2F&amp;linkname=Metallurgie%20%26%20Umformtechnik\" title=\"Facebook\" rel=\"nofollow noopener\" target=\"_blank\"><\/a><a class=\"a2a_button_twitter\" href=\"https:\/\/www.addtoany.com\/add_to\/twitter?linkurl=https%3A%2F%2Fwww.voestalpine.com%2Fbestelehresteiermark%2Fausbildungen%2Fmetallurgie-umformtechnik%2F&amp;linkname=Metallurgie%20%26%20Umformtechnik\" title=\"Twitter\" rel=\"nofollow noopener\" target=\"_blank\"><\/a><a class=\"a2a_button_pinterest\" href=\"https:\/\/www.addtoany.com\/add_to\/pinterest?linkurl=https%3A%2F%2Fwww.voestalpine.com%2Fbestelehresteiermark%2Fausbildungen%2Fmetallurgie-umformtechnik%2F&amp;linkname=Metallurgie%20%26%20Umformtechnik\" title=\"Pinterest\" rel=\"nofollow noopener\" target=\"_blank\"><\/a><a class=\"a2a_button_whatsapp\" href=\"https:\/\/www.addtoany.com\/add_to\/whatsapp?linkurl=https%3A%2F%2Fwww.voestalpine.com%2Fbestelehresteiermark%2Fausbildungen%2Fmetallurgie-umformtechnik%2F&amp;linkname=Metallurgie%20%26%20Umformtechnik\" title=\"WhatsApp\" rel=\"nofollow noopener\" target=\"_blank\"><\/a><a class=\"a2a_button_email\" href=\"https:\/\/www.addtoany.com\/add_to\/email?linkurl=https%3A%2F%2Fwww.voestalpine.com%2Fbestelehresteiermark%2Fausbildungen%2Fmetallurgie-umformtechnik%2F&amp;linkname=Metallurgie%20%26%20Umformtechnik\" title=\"Email\" rel=\"nofollow noopener\" target=\"_blank\"><\/a><\/div><\/div>\n","protected":false},"excerpt":{"rendered":"<p>Lehre Metallurgie &amp; Umformtechnik Lehrzeit: 3,5 Jahre Der Job: Umformtechniker\/innen sind die Motoren der Produktion. Sie \u00fcberwachen die Produktion, sorgen f\u00fcr einen reibungslosen Ablauf und greifen rasch ein, wenn Unregelm\u00e4\u00dfigkeiten auftreten. Die Aufgabe: Dein Job ist die Bedienung von mechanisierten und automatisierten Anlagen. Du musst Unregelm\u00e4\u00dfigkeiten im Betriebsablauf rechtzeitig erkennen und unverz\u00fcglich Gegenma\u00dfnahmen einleiten, um gr\u00f6\u00dferen Schaden zu vermeiden. Au\u00dferdem bist du f\u00fcr einfache Wartungs- &hellip; <a href=\"https:\/\/www.voestalpine.com\/bestelehresteiermark\/ausbildungen\/metallurgie-umformtechnik\/\" class=\"more-link\">Continue reading <span class=\"screen-reader-text\">Metallurgie &#038; Umformtechnik<\/span> <span class=\"meta-nav\">&raquo;<\/span><\/a><\/p>\n","protected":false},"author":2,"featured_media":0,"parent":8,"menu_order":0,"comment_status":"closed","ping_status":"closed","template":"page-templates\/full-width.php","meta":{"footnotes":""},"class_list":["post-481","page","type-page","status-publish","hentry"],"_links":{"self":[{"href":"https:\/\/www.voestalpine.com\/bestelehresteiermark\/wp-json\/wp\/v2\/pages\/481","targetHints":{"allow":["GET"]}}],"collection":[{"href":"https:\/\/www.voestalpine.com\/bestelehresteiermark\/wp-json\/wp\/v2\/pages"}],"about":[{"href":"https:\/\/www.voestalpine.com\/bestelehresteiermark\/wp-json\/wp\/v2\/types\/page"}],"author":[{"embeddable":true,"href":"https:\/\/www.voestalpine.com\/bestelehresteiermark\/wp-json\/wp\/v2\/users\/2"}],"replies":[{"embeddable":true,"href":"https:\/\/www.voestalpine.com\/bestelehresteiermark\/wp-json\/wp\/v2\/comments?post=481"}],"version-history":[{"count":55,"href":"https:\/\/www.voestalpine.com\/bestelehresteiermark\/wp-json\/wp\/v2\/pages\/481\/revisions"}],"predecessor-version":[{"id":5303,"href":"https:\/\/www.voestalpine.com\/bestelehresteiermark\/wp-json\/wp\/v2\/pages\/481\/revisions\/5303"}],"up":[{"embeddable":true,"href":"https:\/\/www.voestalpine.com\/bestelehresteiermark\/wp-json\/wp\/v2\/pages\/8"}],"wp:attachment":[{"href":"https:\/\/www.voestalpine.com\/bestelehresteiermark\/wp-json\/wp\/v2\/media?parent=481"}],"curies":[{"name":"wp","href":"https:\/\/api.w.org\/{rel}","templated":true}]}}