{"id":479,"date":"2018-10-15T11:18:45","date_gmt":"2018-10-15T09:18:45","guid":{"rendered":"https:\/\/voest.5q.at\/bestelehresteiermark\/?page_id=479"},"modified":"2025-09-25T15:15:29","modified_gmt":"2025-09-25T13:15:29","slug":"metalltechnik-stahlbautechnik-schweisstechnik-doppellehrberuf","status":"publish","type":"page","link":"https:\/\/www.voestalpine.com\/bestelehresteiermark\/ausbildungen\/metalltechnik-stahlbautechnik-schweisstechnik-doppellehrberuf\/","title":{"rendered":"MT \u2013 Stahlbautechnik \/ Schwei\u00dftechnik (Doppellehrberuf)"},"content":{"rendered":"\n\t\t\t\t<img loading=\"lazy\" decoding=\"async\" src=\"https:\/\/www.voestalpine.com\/bestelehresteiermark\/wp-content\/uploads\/2023\/10\/Metalltechnik_Stahlbautechnik_Schweisstechnik_2340x950.jpg\" alt=\"Metalltechnik Stahlbautechnik Schweisstechnik\" itemprop=\"image\" height=\"950\" width=\"2340\" title=\"Metalltechnik_Stahlbautechnik_Schweisstechnik_2340x950\" onerror=\"this.style.display='none'\"  \/>\n\t<h2>Lehre Metalltechnik \/ Stahlbautechnik \/ Schweisstechnik (Doppellehrberuf)<\/h2>\n\t<p><img loading=\"lazy\" decoding=\"async\" src=\"..\/..\/wp-content\/uploads\/2018\/10\/Icons_lehrzeit-150x150.png\" alt=\"Lehrzeit\" width=\"100\" height=\"89\" \/><\/p>\n\t<p>Lehrzeit: 4 Jahre<\/p>\n\t<h4>Der Job:<\/h4>\n<p>Dein Geschick schafft solide St\u00fctzen f\u00fcr den Betrieb. Du nutzt immer das richtige Schwei\u00dfverfahren f\u00fcr die richtige Konstruktion und setzt die geplanten Erweiterungen im Betrieb erfolgreich um.<\/p>\n<h4>Die Aufgabe:<\/h4>\n<p>Stahlbautechniker\/-innen mit zus\u00e4tzlicher Schwei\u00dftechnik im R\u00fccken stellen die unl\u00f6sbaren Verbindungen f\u00fcr unsere Stahlbaukonstruktionen her. Du sorgst f\u00fcr dauerhaften Halt bei Rahmen- und Tra\u0308gerteilen fu\u0308r Hallen, Fahrzeuge, Kra\u0308ne und Kabinen sowie fu\u0308r Hocho\u0308fen, O\u0308ltanks, Kessel oder Aufzu\u0308ge und\u00a0 Lu\u0308ftungsscha\u0308chte.<\/p>\n<h4>Die Voraussetzungen:<\/h4>\n<p>Gef\u00fchl und Pr\u00e4zision sollten Hand in Hand gehen. Eine Portion Verantwortungsgef\u00fchl, Motivation &amp; Lernbereitschaft solltest du ebenfalls mitbringen, schlie\u00dflich h\u00e4ngen viele sensible Produktionseinheiten (wie Versorgungsleitungen) von deinem Geschick ab.<\/p>\n\t<p><strong>Spezialisierungen<\/strong><\/p>\n<ul>\n<li>Elektro- und Geb\u00e4udetechnik<\/li>\n<li>Energietechnik<\/li>\n<li>Anlagen- und Betriebstechnik<\/li>\n<li>Automatisierungs- und Prozessleittechnik<\/li>\n<\/ul>\n\t\t<h3><\/h3>\t\t\n\t\t\t<p>\u201eIch habe mich fu\u0308r den Lehrberuf Schwei\u00dftechnik entschieden, weil ich schon immer die verschiedensten Schwei\u00dfverfahren spannend gefunden habe und lernen wollte.\u201c\u00a0<\/p>\n<em>&#8211; Jason Benk\u00f6, voestalpine B\u00f6hler Welding Austria GmbH<br \/>\n<\/em>\n<hr \/>\n<p>\u201eAls Schwei\u00dftechniker hat man t\u00e4glich Abwechslung, erlebt immer neue Dinge und zudem bietet der Job viele Weiterentwicklungsm\u00f6glichkeiten. Eine gute M\u00f6glichkeit seine F\u00e4higkeiten laufend weiter zu verbessern!\u201c<\/p>\n<p><em>&#8211; Lukas Grabenbauer, voestalpine Stahl Donawitz GmbH<\/em><\/p>\n<hr \/>\n<p>\u201eAm besten gef\u00e4llt mir an meiner Arbeit das Erlernen und Ausu\u0308ben der verschiedenen Schwei\u00dfverfahren und die Zusammenarbeit mit meinen Kollegen.\u201c\u00a0<\/p>\n<p><em>&#8211; Sebastian Bruggraber, voestalpine B\u00f6hler Welding Austria GmbH<\/em><\/p>\n\t<strong>Deine F\u00e4higkeiten<br \/>\n<\/strong>Verantwortungsbewusstsein, Motivation &amp; Lernbereitschaft, Teamf\u00e4higkeit<br \/>\n<img loading=\"lazy\" decoding=\"async\" src=\"https:\/\/www.voestalpine.com\/bestelehresteiermark\/wp-content\/uploads\/2018\/10\/Icons_faehigkeiten_ohnentext_verantwortungsbewusstsein.png\" alt=\"\" width=\"100\" height=\"89\" \/><img loading=\"lazy\" decoding=\"async\" src=\"https:\/\/www.voestalpine.com\/bestelehresteiermark\/wp-content\/uploads\/2018\/10\/Icons_faehigkeiten_ohnentext_motivation_lernbereitschaft.png\" alt=\"\" width=\"100\" height=\"89\" \/><img loading=\"lazy\" decoding=\"async\" src=\"https:\/\/www.voestalpine.com\/bestelehresteiermark\/wp-content\/uploads\/2018\/10\/Icons_faehigkeiten_ohnentext_teamfaehigkeit.png\" alt=\"\" width=\"100\" height=\"89\" \/>\n\t<h2>Dein Einkommen<\/h2>\n<ul>\n<li>1. Lehrjahr: 1.050,00 \u20ac<\/li>\n<li>2. Lehrjahr: 1.270,00 \u20ac<\/li>\n<li>3. Lehrjahr: 1.625,00 \u20ac<\/li>\n<li>4. Lehrjahr: 2.110,00 \u20ac<\/li>\n<\/ul>\n\t<p><a href=\"#\"> Download Factsheet<\/a>\u00a0(<em>Verlinkung folgt)<\/em><\/p>\n<p><img loading=\"lazy\" decoding=\"async\" src=\"https:\/\/www.voestalpine.com\/bestelehresteiermark\/wp-content\/uploads\/2018\/10\/Steiermarkkarte_Standort_Bruckandermur.png\" alt=\"\" width=\"463\" height=\"319\" \/><\/p>\n<p><img loading=\"lazy\" decoding=\"async\" src=\"https:\/\/www.voestalpine.com\/bestelehresteiermark\/wp-content\/uploads\/2018\/10\/Steiermarkkarte_Standort_Kapfenberg.png\" alt=\"\" width=\"463\" height=\"319\" \/><\/p>\n<p><img loading=\"lazy\" decoding=\"async\" src=\"https:\/\/www.voestalpine.com\/bestelehresteiermark\/wp-content\/uploads\/2018\/10\/Steiermarkkarte_Standort_Kindberg.png\" alt=\"\" width=\"463\" height=\"319\" \/><\/p>\n<p><img loading=\"lazy\" decoding=\"async\" src=\"https:\/\/www.voestalpine.com\/bestelehresteiermark\/wp-content\/uploads\/2018\/10\/Steiermarkkarte_Standort_Krieglach.png\" alt=\"\" width=\"463\" height=\"319\" \/><\/p>\n<p><img loading=\"lazy\" decoding=\"async\" src=\"https:\/\/www.voestalpine.com\/bestelehresteiermark\/wp-content\/uploads\/2024\/09\/steiermarkkarte-standort-leoben-donawitz-1.png\" alt=\"\" width=\"463\" height=\"319\" \/><\/p>\n<p><img loading=\"lazy\" decoding=\"async\" src=\"https:\/\/www.voestalpine.com\/bestelehresteiermark\/wp-content\/uploads\/2018\/10\/Steiermarkkarte_Standort_Muerzzuschlag.png\" alt=\"\" width=\"463\" height=\"319\" \/><\/p>\n<p><img loading=\"lazy\" decoding=\"async\" src=\"https:\/\/www.voestalpine.com\/bestelehresteiermark\/wp-content\/uploads\/2018\/10\/Steiermarkkarte_Standort_stpeterfreienstein.png\" alt=\"\" width=\"463\" height=\"319\" \/><\/p>\n<p><img loading=\"lazy\" decoding=\"async\" src=\"https:\/\/www.voestalpine.com\/bestelehresteiermark\/wp-content\/uploads\/2018\/10\/Steiermarkkarte_Standort_Zeltweg.png\" alt=\"\" width=\"463\" height=\"319\" \/><\/p>\n<p><img loading=\"lazy\" decoding=\"async\" src=\"https:\/\/www.voestalpine.com\/bestelehresteiermark\/wp-content\/uploads\/2018\/10\/Steiermarkkarte_Standort.png\" alt=\"\" width=\"463\" height=\"319\" \/><\/p>\n\t<h2>Ausbildungsorte:<\/h2>\n<p>&nbsp;<\/p>\n\tLeoben-Donawitz \/ voestalpine Stahl Donawitz GmbH<br \/>\n<a href=\"https:\/\/jobs.voestalpine.com\/index.php?ac=jobad&amp;id=19283\">Zur Stellenanzeige im Jobportal<\/a>\n\t<strong> Du interessierst dich f\u00fcr diese Ausbildung und m\u00f6chtest dich bewerben?<br \/>\n<\/strong>Die Checkliste hilft dir, dich bestm\u00f6glich vorzubereiten.<br \/>\n <a href=\"https:\/\/www.voestalpine.com\/bestelehresteiermark\/#checkliste\">Checkliste<\/a>\n\t<h3>Hast du eine Frage zu diesem Lehrberuf?<\/h3>\n<p>Wir helfen dir gerne weiter.<\/p>\n\t\n<div class=\"wpcf7 no-js\" id=\"wpcf7-f957-o1\" lang=\"de-DE\" dir=\"ltr\" data-wpcf7-id=\"957\">\n<div class=\"screen-reader-response\"><p role=\"status\" aria-live=\"polite\" aria-atomic=\"true\"><\/p> <ul><\/ul><\/div>\n<form action=\"\/bestelehresteiermark\/wp-json\/wp\/v2\/pages\/479#wpcf7-f957-o1\" method=\"post\" class=\"wpcf7-form init\" aria-label=\"Kontaktformular\" novalidate=\"novalidate\" data-status=\"init\">\n<fieldset class=\"hidden-fields-container\"><input type=\"hidden\" name=\"_wpcf7\" value=\"957\" \/><input type=\"hidden\" name=\"_wpcf7_version\" value=\"6.1.5\" \/><input type=\"hidden\" name=\"_wpcf7_locale\" value=\"de_DE\" \/><input type=\"hidden\" name=\"_wpcf7_unit_tag\" value=\"wpcf7-f957-o1\" \/><input type=\"hidden\" name=\"_wpcf7_container_post\" value=\"0\" \/><input type=\"hidden\" name=\"_wpcf7_posted_data_hash\" value=\"\" \/>\n<\/fieldset>\n<p>Ich m\u00f6chte mehr wissen \u00fcber den Lehrberuf: <span style=\"font-weight:400;\">MT \u2013 Stahlbautechnik \/ Schwei\u00dftechnik (Doppellehrberuf)<\/span>\n<\/p>\n<p><label><span class=\"wpcf7-form-control-wrap\" data-name=\"your-standort\"><select class=\"wpcf7-form-control wpcf7-select wpcf7-validates-as-required\" aria-required=\"true\" aria-invalid=\"false\" name=\"your-standort\"><option value=\"\">Standort w\u00e4hlen<\/option><option value=\"Leoben-Donawitz \/ voestalpine Stahl Donawitz GmbH\">Leoben-Donawitz \/ voestalpine Stahl Donawitz GmbH<\/option><\/select><\/span><\/label>\n<\/p>\n<p><label><span class=\"wpcf7-form-control-wrap\" data-name=\"your-name\"><input size=\"40\" maxlength=\"400\" class=\"wpcf7-form-control wpcf7-text wpcf7-validates-as-required\" aria-required=\"true\" aria-invalid=\"false\" placeholder=\"Vorname Nachname\" value=\"\" type=\"text\" name=\"your-name\" \/><\/span> <\/label>\n<\/p>\n<p><label><span class=\"wpcf7-form-control-wrap\" data-name=\"your-email\"><input size=\"40\" maxlength=\"400\" class=\"wpcf7-form-control wpcf7-email wpcf7-validates-as-required wpcf7-text wpcf7-validates-as-email\" aria-required=\"true\" aria-invalid=\"false\" placeholder=\"Meine E-Mail\" value=\"\" type=\"email\" name=\"your-email\" \/><\/span> <\/label>\n<\/p>\n<p><label><span class=\"wpcf7-form-control-wrap\" data-name=\"your-tel\"><input size=\"40\" maxlength=\"400\" class=\"wpcf7-form-control wpcf7-tel wpcf7-validates-as-required wpcf7-text wpcf7-validates-as-tel\" aria-required=\"true\" aria-invalid=\"false\" placeholder=\"Meine Telefonnummer\" value=\"\" type=\"tel\" name=\"your-tel\" \/><\/span> <\/label>\n<\/p>\n<p><label><span class=\"wpcf7-form-control-wrap\" data-name=\"your-message\"><textarea cols=\"40\" rows=\"10\" maxlength=\"2000\" class=\"wpcf7-form-control wpcf7-textarea\" aria-invalid=\"false\" placeholder=\"Meine Frage\" name=\"your-message\"><\/textarea><\/span> <\/label>\n<\/p>\n<p><label><span class=\"wpcf7-form-control-wrap\" data-name=\"quiz-113\"><label><span class=\"wpcf7-quiz-label\">Wieviel ist 1 + 9<\/span> <input size=\"40\" class=\"wpcf7-form-control wpcf7-quiz\" autocomplete=\"off\" aria-required=\"true\" aria-invalid=\"false\" type=\"text\" name=\"quiz-113\" \/><\/label><input type=\"hidden\" name=\"_wpcf7_quiz_answer_quiz-113\" value=\"a582ac202470fbb15ac42aa9d1d65a60\" \/><\/span><\/label>\n<\/p>\n<p><span class=\"wpcf7-form-control-wrap\" data-name=\"acceptance-20\"><span class=\"wpcf7-form-control wpcf7-acceptance\"><span class=\"wpcf7-list-item\"><label><input type=\"checkbox\" name=\"acceptance-20\" value=\"1\" aria-invalid=\"false\" \/><span class=\"wpcf7-list-item-label\"><span class=\"datenschutzlink\">Ich akzeptiere die <a  href=\"https:\/\/www.voestalpine.com\/bestelehresteiermark\/datenschutz\/\" target=\"_blank\" title=\"Datenschutzbedingungen\">Datenschutzbedingungen<\/a><\/span><\/span><\/label><\/span><\/span><\/span>\n<\/p>\n<p><input class=\"wpcf7-form-control wpcf7-submit has-spinner\" type=\"submit\" value=\"Absenden\" \/><input type=\"reset\" class='button btn btn-primary' \/>\n<\/p><div class=\"wpcf7-response-output\" aria-hidden=\"true\"><\/div>\n<\/form>\n<\/div>\n\n\t<p><strong>Link zur Ausbildung teilen<\/strong><\/p>\n<div class=\"addtoany_shortcode\"><div class=\"a2a_kit a2a_kit_size_32 addtoany_list\" data-a2a-url=\"https:\/\/www.voestalpine.com\/bestelehresteiermark\/ausbildungen\/metalltechnik-stahlbautechnik-schweisstechnik-doppellehrberuf\/\" data-a2a-title=\"MT \u2013 Stahlbautechnik \/ Schwei\u00dftechnik (Doppellehrberuf)\"><a class=\"a2a_button_facebook\" href=\"https:\/\/www.addtoany.com\/add_to\/facebook?linkurl=https%3A%2F%2Fwww.voestalpine.com%2Fbestelehresteiermark%2Fausbildungen%2Fmetalltechnik-stahlbautechnik-schweisstechnik-doppellehrberuf%2F&amp;linkname=MT%20%E2%80%93%20Stahlbautechnik%20%2F%20Schwei%C3%9Ftechnik%20%28Doppellehrberuf%29\" title=\"Facebook\" rel=\"nofollow noopener\" target=\"_blank\"><\/a><a class=\"a2a_button_twitter\" href=\"https:\/\/www.addtoany.com\/add_to\/twitter?linkurl=https%3A%2F%2Fwww.voestalpine.com%2Fbestelehresteiermark%2Fausbildungen%2Fmetalltechnik-stahlbautechnik-schweisstechnik-doppellehrberuf%2F&amp;linkname=MT%20%E2%80%93%20Stahlbautechnik%20%2F%20Schwei%C3%9Ftechnik%20%28Doppellehrberuf%29\" title=\"Twitter\" rel=\"nofollow noopener\" target=\"_blank\"><\/a><a class=\"a2a_button_pinterest\" href=\"https:\/\/www.addtoany.com\/add_to\/pinterest?linkurl=https%3A%2F%2Fwww.voestalpine.com%2Fbestelehresteiermark%2Fausbildungen%2Fmetalltechnik-stahlbautechnik-schweisstechnik-doppellehrberuf%2F&amp;linkname=MT%20%E2%80%93%20Stahlbautechnik%20%2F%20Schwei%C3%9Ftechnik%20%28Doppellehrberuf%29\" title=\"Pinterest\" rel=\"nofollow noopener\" target=\"_blank\"><\/a><a class=\"a2a_button_whatsapp\" href=\"https:\/\/www.addtoany.com\/add_to\/whatsapp?linkurl=https%3A%2F%2Fwww.voestalpine.com%2Fbestelehresteiermark%2Fausbildungen%2Fmetalltechnik-stahlbautechnik-schweisstechnik-doppellehrberuf%2F&amp;linkname=MT%20%E2%80%93%20Stahlbautechnik%20%2F%20Schwei%C3%9Ftechnik%20%28Doppellehrberuf%29\" title=\"WhatsApp\" rel=\"nofollow noopener\" target=\"_blank\"><\/a><a class=\"a2a_button_email\" href=\"https:\/\/www.addtoany.com\/add_to\/email?linkurl=https%3A%2F%2Fwww.voestalpine.com%2Fbestelehresteiermark%2Fausbildungen%2Fmetalltechnik-stahlbautechnik-schweisstechnik-doppellehrberuf%2F&amp;linkname=MT%20%E2%80%93%20Stahlbautechnik%20%2F%20Schwei%C3%9Ftechnik%20%28Doppellehrberuf%29\" title=\"Email\" rel=\"nofollow noopener\" target=\"_blank\"><\/a><\/div><\/div>\n","protected":false},"excerpt":{"rendered":"<p>Lehre Metalltechnik \/ Stahlbautechnik \/ Schweisstechnik (Doppellehrberuf) Lehrzeit: 4 Jahre Der Job: Dein Geschick schafft solide St\u00fctzen f\u00fcr den Betrieb. Du nutzt immer das richtige Schwei\u00dfverfahren f\u00fcr die richtige Konstruktion und setzt die geplanten Erweiterungen im Betrieb erfolgreich um. Die Aufgabe: Stahlbautechniker\/-innen mit zus\u00e4tzlicher Schwei\u00dftechnik im R\u00fccken stellen die unl\u00f6sbaren Verbindungen f\u00fcr unsere Stahlbaukonstruktionen her. Du sorgst f\u00fcr dauerhaften Halt bei Rahmen- und Tra\u0308gerteilen fu\u0308r &hellip; <a href=\"https:\/\/www.voestalpine.com\/bestelehresteiermark\/ausbildungen\/metalltechnik-stahlbautechnik-schweisstechnik-doppellehrberuf\/\" class=\"more-link\">Continue reading <span class=\"screen-reader-text\">MT \u2013 Stahlbautechnik \/ Schwei\u00dftechnik (Doppellehrberuf)<\/span> <span class=\"meta-nav\">&raquo;<\/span><\/a><\/p>\n","protected":false},"author":2,"featured_media":0,"parent":8,"menu_order":0,"comment_status":"closed","ping_status":"closed","template":"page-templates\/full-width.php","meta":{"footnotes":""},"class_list":["post-479","page","type-page","status-publish","hentry"],"_links":{"self":[{"href":"https:\/\/www.voestalpine.com\/bestelehresteiermark\/wp-json\/wp\/v2\/pages\/479","targetHints":{"allow":["GET"]}}],"collection":[{"href":"https:\/\/www.voestalpine.com\/bestelehresteiermark\/wp-json\/wp\/v2\/pages"}],"about":[{"href":"https:\/\/www.voestalpine.com\/bestelehresteiermark\/wp-json\/wp\/v2\/types\/page"}],"author":[{"embeddable":true,"href":"https:\/\/www.voestalpine.com\/bestelehresteiermark\/wp-json\/wp\/v2\/users\/2"}],"replies":[{"embeddable":true,"href":"https:\/\/www.voestalpine.com\/bestelehresteiermark\/wp-json\/wp\/v2\/comments?post=479"}],"version-history":[{"count":51,"href":"https:\/\/www.voestalpine.com\/bestelehresteiermark\/wp-json\/wp\/v2\/pages\/479\/revisions"}],"predecessor-version":[{"id":5270,"href":"https:\/\/www.voestalpine.com\/bestelehresteiermark\/wp-json\/wp\/v2\/pages\/479\/revisions\/5270"}],"up":[{"embeddable":true,"href":"https:\/\/www.voestalpine.com\/bestelehresteiermark\/wp-json\/wp\/v2\/pages\/8"}],"wp:attachment":[{"href":"https:\/\/www.voestalpine.com\/bestelehresteiermark\/wp-json\/wp\/v2\/media?parent=479"}],"curies":[{"name":"wp","href":"https:\/\/api.w.org\/{rel}","templated":true}]}}