{"id":475,"date":"2018-10-15T11:16:55","date_gmt":"2018-10-15T09:16:55","guid":{"rendered":"https:\/\/voest.5q.at\/bestelehresteiermark\/?page_id=475"},"modified":"2024-09-23T10:07:08","modified_gmt":"2024-09-23T08:07:08","slug":"metalltechnik-werkzeugbautechnik","status":"publish","type":"page","link":"https:\/\/www.voestalpine.com\/bestelehresteiermark\/ausbildungen\/metalltechnik-werkzeugbautechnik\/","title":{"rendered":"MT \u2013 Werkzeugbautechnik"},"content":{"rendered":"\n\t\t\t\t<img loading=\"lazy\" decoding=\"async\" src=\"https:\/\/www.voestalpine.com\/bestelehresteiermark\/wp-content\/uploads\/2019\/10\/WBT2_Header_Berufe_2340x950px.jpg\" alt=\"WBT2_Header_Berufe_2340x950px\" itemprop=\"image\" height=\"950\" width=\"2340\" title=\"WBT2_Header_Berufe_2340x950px\" onerror=\"this.style.display='none'\"  \/>\n\t<h2>Lehre Metalltechnik \/ Werkzeugbautechnik<\/h2>\n\t<p><img loading=\"lazy\" decoding=\"async\" src=\"..\/..\/wp-content\/uploads\/2018\/10\/Icons_lehrzeit-150x150.png\" alt=\"Lehrzeit\" width=\"100\" height=\"89\" \/><\/p>\n\t<p>Lehrzeit: 3,5 Jahre<\/p>\n\t<p>Du kannst erfolgreich aus einem St\u00fcck viele machen. Mit deinen breiten F\u00e4higkeiten entstehen die Formen und Werkzeuge, mit denen wir Metall und Kunststoff in Serie produzieren k\u00f6nnen.<\/p>\n<p>Werkzeugbautechniker\/-innen fertigen aus Metall oder Kunststoff Einzelteile an und bauen sie zu funktionstu\u0308chtigen Werkzeugen und Werkzeugmaschinen zusammen. Du beherrscht sowohl konventionelle Bearbeitungstechniken wie Drehen oder Fra\u0308sen als auch computergesteuerte CNC-Maschinen. Du stellst die Produktionswerkzeuge oder Gussformen her, mit denen die Serienherstellung reibungslos l\u00e4uft.<\/p>\n\t<p><strong>Spezialisierungen<\/strong><\/p>\n<ul>\n<li>Elektro- und Geb\u00e4udetechnik<\/li>\n<li>Energietechnik<\/li>\n<li>Anlagen- und Betriebstechnik<\/li>\n<li>Automatisierungs- und Prozessleittechnik<\/li>\n<\/ul>\n\t\t<h3><\/h3>\t\t\n\t\t\t<p>\u201eIch habe mich f\u00fcr eine Metalltechnik\/Werkzeugbautechnik-Lehre entschieden, weil man mit guten Zukunftschancen rechnen kann. An meinem Beruf gef\u00e4llt mir am meisten, dass er sehr abwechslungsreich und vielseitig ist.\u201c<\/p>\n<em>&#8211; Jan Schmied, voestalpine B\u00f6hler Edelstahl GmbH<br \/>\n<\/em>\n<hr \/>\n<p>\u201eWeil ich schon seit meiner Kindheit ein handwerkliches Geschick hatte und immer am Arbeiten interessiert war, stand f\u00fcr mich bald fest, einen Beruf zu erlernen. Nach ein paar Schnuppertagen in der voestalpine Rotec war f\u00fcr mich klar, den Beruf des Werkzeugbautechnikers zu erlernen. Im Betrieb in Krieglach darf ich auch selbst\u00e4ndig Arbeiten verrichten. Dies macht mir viel Spa\u00df. Au\u00dferdem bin ich froh, dass mir nette Kollegen immer zur Seite stehen.\u00a0 Ich habe viele neue interessante T\u00e4tigkeiten f\u00fcr mich entdecken k\u00f6nnen und freue mich jeden Tag auf neue Herausforderungen.\u201c<\/p>\n<p><em>&#8211; Alexander Kreidl, voestalpine Rotec GmbH<\/em><\/p>\n<hr \/>\n<p>\u201eMir gef\u00e4llt die Lehre in der voestalpine Rotec Krieglach sehr gut, da man ein sehr abwechslungsreiches Aufgabenfeld hat. Au\u00dferdem hat man die M\u00f6glichkeit an den verschiedensten Kursen teilzunehmen um sich weiterzubilden.\u201c<\/p>\n<p><em>&#8211; Daniel Knollm\u00fcller, voestalpine Rotec GmbH<\/em><\/p>\n<hr \/>\n<p>\u201eIch habe mich f\u00fcr die Lehre in der voestalpine entschieden, da ich schon immer technisch interessiert war und mir die Bearbeitung verschiedener metallischer Werkstoffe stets Spa\u00df gemacht hat. Au\u00dferdem ist die voestalpine eines der gr\u00f6\u00dften und modernsten Unternehmen weltweit und bietet mir so eine abwechslungsreiche und sichere Lehrstelle.\u201c<\/p>\n<p><em>&#8211; David Zuschnig, voestalpine Rotec GmbH<\/em><\/p>\n\t<strong>Deine F\u00e4higkeiten<br \/>\n<\/strong>Verl\u00e4sslichkeit, Motivation &amp; Lernbereitschaft, Teamf\u00e4higkeit<br \/>\n<img loading=\"lazy\" decoding=\"async\" src=\"https:\/\/www.voestalpine.com\/bestelehresteiermark\/wp-content\/uploads\/2018\/10\/Icons_faehigkeiten_ohnentext_verlaesslichkeit.png\" alt=\"\" width=\"100\" height=\"89\" \/><img loading=\"lazy\" decoding=\"async\" src=\"https:\/\/www.voestalpine.com\/bestelehresteiermark\/wp-content\/uploads\/2018\/10\/Icons_faehigkeiten_ohnentext_motivation_lernbereitschaft.png\" alt=\"\" width=\"100\" height=\"89\" \/><img loading=\"lazy\" decoding=\"async\" src=\"https:\/\/www.voestalpine.com\/bestelehresteiermark\/wp-content\/uploads\/2018\/10\/Icons_faehigkeiten_ohnentext_teamfaehigkeit.png\" alt=\"\" width=\"100\" height=\"89\" \/>\n\t<h2>Dein Einkommen<\/h2>\n<ul>\n<li>1. Lehrjahr: 1.000,00 \u20ac<\/li>\n<li>2. Lehrjahr: 1.182,65 \u20ac<\/li>\n<li>3. Lehrjahr: 1.546,13 \u20ac<\/li>\n<li>4. Lehrjahr: 2.028,95 \u20ac<\/li>\n<\/ul>\n\t<p><a href=\"#\"> Download Factsheet<\/a>\u00a0(<em>Verlinkung folgt)<\/em><\/p>\n<p><img loading=\"lazy\" decoding=\"async\" src=\"\/bestelehresteiermark\/wp-content\/uploads\/2018\/10\/Steiermarkkarte_Standort_Bruckandermur.png\" alt=\"\" width=\"463\" height=\"319\" \/><\/p>\n<p><img loading=\"lazy\" decoding=\"async\" src=\"\/bestelehresteiermark\/wp-content\/uploads\/2018\/10\/Steiermarkkarte_Standort_Kapfenberg.png\" alt=\"\" width=\"463\" height=\"319\" \/><\/p>\n<p><img loading=\"lazy\" decoding=\"async\" src=\"\/bestelehresteiermark\/wp-content\/uploads\/2018\/10\/Steiermarkkarte_Standort_Kindberg.png\" alt=\"\" width=\"463\" height=\"319\" \/><\/p>\n<p><img loading=\"lazy\" decoding=\"async\" src=\"\/bestelehresteiermark\/wp-content\/uploads\/2018\/10\/Steiermarkkarte_Standort_Krieglach.png\" alt=\"\" width=\"463\" height=\"319\" \/><\/p>\n<p><img loading=\"lazy\" decoding=\"async\" src=\"https:\/\/www.voestalpine.com\/bestelehresteiermark\/wp-content\/uploads\/2024\/09\/steiermarkkarte-standort-leoben-donawitz-1.png\" alt=\"\" width=\"463\" height=\"319\" \/><\/p>\n<p><img loading=\"lazy\" decoding=\"async\" src=\"\/bestelehresteiermark\/wp-content\/uploads\/2018\/10\/Steiermarkkarte_Standort_Muerzzuschlag.png\" alt=\"\" width=\"463\" height=\"319\" \/><\/p>\n<p><img loading=\"lazy\" decoding=\"async\" src=\"\/bestelehresteiermark\/wp-content\/uploads\/2018\/10\/Steiermarkkarte_Standort_stpeterfreienstein.png\" alt=\"\" width=\"463\" height=\"319\" \/><\/p>\n<p><img loading=\"lazy\" decoding=\"async\" src=\"\/bestelehresteiermark\/wp-content\/uploads\/2018\/10\/Steiermarkkarte_Standort_Zeltweg.png\" alt=\"\" width=\"463\" height=\"319\" \/><\/p>\n<p><img loading=\"lazy\" decoding=\"async\" src=\"\/bestelehresteiermark\/wp-content\/uploads\/2018\/10\/Steiermarkkarte_Standort.png\" alt=\"\" width=\"463\" height=\"319\" \/><\/p>\n<h2>Ausbildungsorte:<\/h2>\n<p>Dieser Lehrberuf wird im Moment nicht angeboten.<\/p>\n\t<strong> Du interessierst dich f\u00fcr diese Ausbildung und m\u00f6chtest dich bewerben?<br \/>\n<\/strong>Die Checkliste hilft dir, dich bestm\u00f6glich vorzubereiten.<br \/>\n <a href=\"https:\/\/www.voestalpine.com\/bestelehresteiermark\/#checkliste\">Checkliste<\/a>\n\t<h3>Hast du eine Frage zu diesem Lehrberuf?<\/h3>\n<p>Wir helfen dir gerne weiter.<\/p>\n\t\n<div class=\"wpcf7 no-js\" id=\"wpcf7-f959-o1\" lang=\"de-DE\" dir=\"ltr\" data-wpcf7-id=\"959\">\n<div class=\"screen-reader-response\"><p role=\"status\" aria-live=\"polite\" aria-atomic=\"true\"><\/p> <ul><\/ul><\/div>\n<form action=\"\/bestelehresteiermark\/wp-json\/wp\/v2\/pages\/475#wpcf7-f959-o1\" method=\"post\" class=\"wpcf7-form init\" aria-label=\"Kontaktformular\" novalidate=\"novalidate\" data-status=\"init\">\n<fieldset class=\"hidden-fields-container\"><input type=\"hidden\" name=\"_wpcf7\" value=\"959\" \/><input type=\"hidden\" name=\"_wpcf7_version\" value=\"6.1.5\" \/><input type=\"hidden\" name=\"_wpcf7_locale\" value=\"de_DE\" \/><input type=\"hidden\" name=\"_wpcf7_unit_tag\" value=\"wpcf7-f959-o1\" \/><input type=\"hidden\" name=\"_wpcf7_container_post\" value=\"0\" \/><input type=\"hidden\" name=\"_wpcf7_posted_data_hash\" value=\"\" \/>\n<\/fieldset>\n<p>Ich m\u00f6chte mehr wissen \u00fcber den Lehrberuf: <span style=\"font-weight:400;\">MT \u2013 Werkzeugbautechnik<\/span>\n<\/p>\n<p><label><span class=\"wpcf7-form-control-wrap\" data-name=\"your-standort\"><select class=\"wpcf7-form-control wpcf7-select wpcf7-validates-as-required\" aria-required=\"true\" aria-invalid=\"false\" name=\"your-standort\"><option value=\"\">Standort w\u00e4hlen<\/option><option value=\"Kapfenberg \/ voestalpine B\u00d6HLER Edelstahl GmbH &amp; Co KG\">Kapfenberg \/ voestalpine B\u00d6HLER Edelstahl GmbH &amp; Co KG<\/option><option value=\"Krieglach \/ voestalpine Rotec GmbH\">Krieglach \/ voestalpine Rotec GmbH<\/option><\/select><\/span><\/label>\n<\/p>\n<p><label><span class=\"wpcf7-form-control-wrap\" data-name=\"your-name\"><input size=\"40\" maxlength=\"400\" class=\"wpcf7-form-control wpcf7-text wpcf7-validates-as-required\" aria-required=\"true\" aria-invalid=\"false\" placeholder=\"Vorname Nachname\" value=\"\" type=\"text\" name=\"your-name\" \/><\/span> <\/label>\n<\/p>\n<p><label><span class=\"wpcf7-form-control-wrap\" data-name=\"your-email\"><input size=\"40\" maxlength=\"400\" class=\"wpcf7-form-control wpcf7-email wpcf7-validates-as-required wpcf7-text wpcf7-validates-as-email\" aria-required=\"true\" aria-invalid=\"false\" placeholder=\"Meine E-Mail\" value=\"\" type=\"email\" name=\"your-email\" \/><\/span> <\/label>\n<\/p>\n<p><label><span class=\"wpcf7-form-control-wrap\" data-name=\"your-tel\"><input size=\"40\" maxlength=\"400\" class=\"wpcf7-form-control wpcf7-tel wpcf7-validates-as-required wpcf7-text wpcf7-validates-as-tel\" aria-required=\"true\" aria-invalid=\"false\" placeholder=\"Meine Telefonnummer\" value=\"\" type=\"tel\" name=\"your-tel\" \/><\/span> <\/label>\n<\/p>\n<p><label><span class=\"wpcf7-form-control-wrap\" data-name=\"your-message\"><textarea cols=\"40\" rows=\"10\" maxlength=\"2000\" class=\"wpcf7-form-control wpcf7-textarea\" aria-invalid=\"false\" placeholder=\"Meine Frage\" name=\"your-message\"><\/textarea><\/span> <\/label>\n<\/p>\n<p><label><span class=\"wpcf7-form-control-wrap\" data-name=\"quiz-113\"><label><span class=\"wpcf7-quiz-label\">Wieviel ist 3 + 7<\/span> <input size=\"40\" class=\"wpcf7-form-control wpcf7-quiz\" autocomplete=\"off\" aria-required=\"true\" aria-invalid=\"false\" type=\"text\" name=\"quiz-113\" \/><\/label><input type=\"hidden\" name=\"_wpcf7_quiz_answer_quiz-113\" value=\"a582ac202470fbb15ac42aa9d1d65a60\" \/><\/span><\/label>\n<\/p>\n<p><span class=\"wpcf7-form-control-wrap\" data-name=\"acceptance-20\"><span class=\"wpcf7-form-control wpcf7-acceptance\"><span class=\"wpcf7-list-item\"><label><input type=\"checkbox\" name=\"acceptance-20\" value=\"1\" aria-invalid=\"false\" \/><span class=\"wpcf7-list-item-label\"><span class=\"datenschutzlink\">Ich akzeptiere die <a  href=\"https:\/\/www.voestalpine.com\/bestelehresteiermark\/datenschutz\/\" target=\"_blank\" title=\"Datenschutzbedingungen\">Datenschutzbedingungen<\/a><\/span><\/span><\/label><\/span><\/span><\/span>\n<\/p>\n<p><input class=\"wpcf7-form-control wpcf7-submit has-spinner\" type=\"submit\" value=\"Absenden\" \/><input type=\"reset\" class='button btn btn-primary' \/>\n<\/p><div class=\"wpcf7-response-output\" aria-hidden=\"true\"><\/div>\n<\/form>\n<\/div>\n\n\t<p><strong>Link zur Ausbildung teilen<\/strong><\/p>\n<div class=\"addtoany_shortcode\"><div class=\"a2a_kit a2a_kit_size_32 addtoany_list\" data-a2a-url=\"https:\/\/www.voestalpine.com\/bestelehresteiermark\/ausbildungen\/metalltechnik-werkzeugbautechnik\/\" data-a2a-title=\"MT \u2013 Werkzeugbautechnik\"><a class=\"a2a_button_facebook\" href=\"https:\/\/www.addtoany.com\/add_to\/facebook?linkurl=https%3A%2F%2Fwww.voestalpine.com%2Fbestelehresteiermark%2Fausbildungen%2Fmetalltechnik-werkzeugbautechnik%2F&amp;linkname=MT%20%E2%80%93%20Werkzeugbautechnik\" title=\"Facebook\" rel=\"nofollow noopener\" target=\"_blank\"><\/a><a class=\"a2a_button_twitter\" href=\"https:\/\/www.addtoany.com\/add_to\/twitter?linkurl=https%3A%2F%2Fwww.voestalpine.com%2Fbestelehresteiermark%2Fausbildungen%2Fmetalltechnik-werkzeugbautechnik%2F&amp;linkname=MT%20%E2%80%93%20Werkzeugbautechnik\" title=\"Twitter\" rel=\"nofollow noopener\" target=\"_blank\"><\/a><a class=\"a2a_button_pinterest\" href=\"https:\/\/www.addtoany.com\/add_to\/pinterest?linkurl=https%3A%2F%2Fwww.voestalpine.com%2Fbestelehresteiermark%2Fausbildungen%2Fmetalltechnik-werkzeugbautechnik%2F&amp;linkname=MT%20%E2%80%93%20Werkzeugbautechnik\" title=\"Pinterest\" rel=\"nofollow noopener\" target=\"_blank\"><\/a><a class=\"a2a_button_whatsapp\" href=\"https:\/\/www.addtoany.com\/add_to\/whatsapp?linkurl=https%3A%2F%2Fwww.voestalpine.com%2Fbestelehresteiermark%2Fausbildungen%2Fmetalltechnik-werkzeugbautechnik%2F&amp;linkname=MT%20%E2%80%93%20Werkzeugbautechnik\" title=\"WhatsApp\" rel=\"nofollow noopener\" target=\"_blank\"><\/a><a class=\"a2a_button_email\" href=\"https:\/\/www.addtoany.com\/add_to\/email?linkurl=https%3A%2F%2Fwww.voestalpine.com%2Fbestelehresteiermark%2Fausbildungen%2Fmetalltechnik-werkzeugbautechnik%2F&amp;linkname=MT%20%E2%80%93%20Werkzeugbautechnik\" title=\"Email\" rel=\"nofollow noopener\" target=\"_blank\"><\/a><\/div><\/div>\n","protected":false},"excerpt":{"rendered":"<p>Lehre Metalltechnik \/ Werkzeugbautechnik Lehrzeit: 3,5 Jahre Du kannst erfolgreich aus einem St\u00fcck viele machen. Mit deinen breiten F\u00e4higkeiten entstehen die Formen und Werkzeuge, mit denen wir Metall und Kunststoff in Serie produzieren k\u00f6nnen. Werkzeugbautechniker\/-innen fertigen aus Metall oder Kunststoff Einzelteile an und bauen sie zu funktionstu\u0308chtigen Werkzeugen und Werkzeugmaschinen zusammen. Du beherrscht sowohl konventionelle Bearbeitungstechniken wie Drehen oder Fra\u0308sen als auch computergesteuerte CNC-Maschinen. Du &hellip; <a href=\"https:\/\/www.voestalpine.com\/bestelehresteiermark\/ausbildungen\/metalltechnik-werkzeugbautechnik\/\" class=\"more-link\">Continue reading <span class=\"screen-reader-text\">MT \u2013 Werkzeugbautechnik<\/span> <span class=\"meta-nav\">&raquo;<\/span><\/a><\/p>\n","protected":false},"author":2,"featured_media":0,"parent":8,"menu_order":0,"comment_status":"closed","ping_status":"closed","template":"page-templates\/full-width.php","meta":{"footnotes":""},"class_list":["post-475","page","type-page","status-publish","hentry"],"_links":{"self":[{"href":"https:\/\/www.voestalpine.com\/bestelehresteiermark\/wp-json\/wp\/v2\/pages\/475","targetHints":{"allow":["GET"]}}],"collection":[{"href":"https:\/\/www.voestalpine.com\/bestelehresteiermark\/wp-json\/wp\/v2\/pages"}],"about":[{"href":"https:\/\/www.voestalpine.com\/bestelehresteiermark\/wp-json\/wp\/v2\/types\/page"}],"author":[{"embeddable":true,"href":"https:\/\/www.voestalpine.com\/bestelehresteiermark\/wp-json\/wp\/v2\/users\/2"}],"replies":[{"embeddable":true,"href":"https:\/\/www.voestalpine.com\/bestelehresteiermark\/wp-json\/wp\/v2\/comments?post=475"}],"version-history":[{"count":43,"href":"https:\/\/www.voestalpine.com\/bestelehresteiermark\/wp-json\/wp\/v2\/pages\/475\/revisions"}],"predecessor-version":[{"id":4821,"href":"https:\/\/www.voestalpine.com\/bestelehresteiermark\/wp-json\/wp\/v2\/pages\/475\/revisions\/4821"}],"up":[{"embeddable":true,"href":"https:\/\/www.voestalpine.com\/bestelehresteiermark\/wp-json\/wp\/v2\/pages\/8"}],"wp:attachment":[{"href":"https:\/\/www.voestalpine.com\/bestelehresteiermark\/wp-json\/wp\/v2\/media?parent=475"}],"curies":[{"name":"wp","href":"https:\/\/api.w.org\/{rel}","templated":true}]}}