{"id":465,"date":"2018-10-15T11:04:15","date_gmt":"2018-10-15T09:04:15","guid":{"rendered":"https:\/\/voest.5q.at\/bestelehresteiermark\/?page_id=465"},"modified":"2025-11-27T09:52:58","modified_gmt":"2025-11-27T08:52:58","slug":"mechatronik","status":"publish","type":"page","link":"https:\/\/www.voestalpine.com\/bestelehresteiermark\/ausbildungen\/mechatronik\/","title":{"rendered":"Mechatronik \/ Automatisierungstechnik"},"content":{"rendered":"\n\t\t\t\t<img loading=\"lazy\" decoding=\"async\" src=\"https:\/\/www.voestalpine.com\/bestelehresteiermark\/wp-content\/uploads\/2024\/08\/1-mechatronik-automatisierungstechnik-christof-winter-header-klein.jpg\" alt=\"1_Mechatronik_Automatisierungstechnik_Christof_Winter_Header_klein\" itemprop=\"image\" height=\"950\" width=\"2340\" title=\"1_Mechatronik_Automatisierungstechnik_Christof_Winter_Header_klein\" onerror=\"this.style.display='none'\"  \/>\n\t<p><strong>Link zur Ausbildung teilen<\/strong><\/p>\n<div class=\"addtoany_shortcode\"><div class=\"a2a_kit a2a_kit_size_32 addtoany_list\" data-a2a-url=\"https:\/\/www.voestalpine.com\/bestelehresteiermark\/ausbildungen\/mechatronik\/\" data-a2a-title=\"Mechatronik \/ Automatisierungstechnik\"><a class=\"a2a_button_facebook\" href=\"https:\/\/www.addtoany.com\/add_to\/facebook?linkurl=https%3A%2F%2Fwww.voestalpine.com%2Fbestelehresteiermark%2Fausbildungen%2Fmechatronik%2F&amp;linkname=Mechatronik%20%2F%20Automatisierungstechnik\" title=\"Facebook\" rel=\"nofollow noopener\" target=\"_blank\"><\/a><a class=\"a2a_button_twitter\" href=\"https:\/\/www.addtoany.com\/add_to\/twitter?linkurl=https%3A%2F%2Fwww.voestalpine.com%2Fbestelehresteiermark%2Fausbildungen%2Fmechatronik%2F&amp;linkname=Mechatronik%20%2F%20Automatisierungstechnik\" title=\"Twitter\" rel=\"nofollow noopener\" target=\"_blank\"><\/a><a class=\"a2a_button_pinterest\" href=\"https:\/\/www.addtoany.com\/add_to\/pinterest?linkurl=https%3A%2F%2Fwww.voestalpine.com%2Fbestelehresteiermark%2Fausbildungen%2Fmechatronik%2F&amp;linkname=Mechatronik%20%2F%20Automatisierungstechnik\" title=\"Pinterest\" rel=\"nofollow noopener\" target=\"_blank\"><\/a><a class=\"a2a_button_whatsapp\" href=\"https:\/\/www.addtoany.com\/add_to\/whatsapp?linkurl=https%3A%2F%2Fwww.voestalpine.com%2Fbestelehresteiermark%2Fausbildungen%2Fmechatronik%2F&amp;linkname=Mechatronik%20%2F%20Automatisierungstechnik\" title=\"WhatsApp\" rel=\"nofollow noopener\" target=\"_blank\"><\/a><a class=\"a2a_button_email\" href=\"https:\/\/www.addtoany.com\/add_to\/email?linkurl=https%3A%2F%2Fwww.voestalpine.com%2Fbestelehresteiermark%2Fausbildungen%2Fmechatronik%2F&amp;linkname=Mechatronik%20%2F%20Automatisierungstechnik\" title=\"Email\" rel=\"nofollow noopener\" target=\"_blank\"><\/a><\/div><\/div>\n\t<h2>Lehre Mechatronik \/ Automatisierungstechnik<\/h2>\n\t<p><img loading=\"lazy\" decoding=\"async\" src=\"..\/..\/wp-content\/uploads\/2018\/10\/Icons_lehrzeit-150x150.png\" alt=\"Lehrzeit\" width=\"100\" height=\"89\" \/><\/p>\n\t<p>Lehrzeit: 3,5 Jahre<\/p>\n\t<h4>Der Job:<\/h4>\nMechatroniker\/innen sitzen genau genommen eigentlich zwischen drei Berufssparten:<br \/>\nden Elektroberufen, den Informatikberufen und den Metallberufen.<br \/>\nDeshalb verwundert auch nicht, dass sie als absolute Allroundtalente gelten.\n<h4>Die Aufgabe:<\/h4>\n<p>Dein Job ist es, verkettete mechanische, pneumatisch\/hydraulische, elektrische\/elektronische und informationstechnische Anlagen, Maschinen und Fertigungssysteme herzustellen, zu montieren, zu warten und gegebenenfalls zu reparieren. Die st\u00e4ndige Funktions\u00fcberwachung und Pr\u00fcfung der Anlagen geh\u00f6rt genauso in dein Fachgebiet wie die Inbetriebnahme neuer Maschinen und Systeme.<\/p>\n<h4>Die Voraussetzungen:<\/h4>\n<p>Du verf\u00fcgst \u00fcber Interesse an Technik. Du bist flexibel genug, alle Anforderungen zu erf\u00fcllen. Du hast keine Scheu vor Herausforderungen, kannst vernetzt denken und bist bereit, st\u00e4ndig dazuzulernen.<\/p>\n\t<h2>Spezialisierungen<\/h2>\n<p><strong>Hauptmodule<\/strong><\/p>\n<ul>\n<li>Automatisierungstechnik<\/li>\n<\/ul>\n\t\t<h3><\/h3>\t\t\n\t\t\t<p>\u201eNach der Schulzeit war ich hin- und hergerissen zwischen den Berufen \u201eMaschinenbautechniker\u201c und \u201eElektriker\u201c. Gut, dass der Lehrberuf \u201eMechatronik\u201c beides miteinander vereint. Das war perfekt f\u00fcr mich und machte meine Entscheidung einfacher.\u201c<\/p>\n<em>&#8211; Elias Auer, voestalpine Turnout Technology Zeltweg GmbH<br \/>\n<\/em>\n<hr \/>\n<p>\u201eIch finde den Beruf Mechatroniker wirklich toll, weil der Beruf sowohl die Mechanik als auch die Elektrik umfasst und daher sehr abwechslungsreich und vielseitig ist.\u201c<\/p>\n<p><em>&#8211; Toni Sekic, voestalpine Signaling Austria GmbH <\/em><\/p>\n<hr \/>\n<p>\u201eDie Ausbildung Mechatronik in der voestalpine ist sehr zukunftsorientiert und verschafft mir gro\u00dfe Chancen f\u00fcr meinen weiteren Berufsweg.\u201c<\/p>\n<p><em>&#8211; Xaver Mandl, voestalpine Signaling Austria GmbH <\/em><\/p>\n<hr \/>\n<p>\u201eIch habe mich f\u00fcr die Lehre Mechatronik und Automatisierungstechnik entschieden, weil ich damit zwei Berufe in einem habe. Ich habe mich immer schon f\u00fcr Elektrik interessiert und in Kombination mit Mechanik finde ich das besonders spannend.\u201c<\/p>\n<p><em>&#8211; Christof Winter, voestalpine Turnout Technology Zeltweg GmbH<\/em><\/p>\n\t<strong>Deine F\u00e4higkeiten<br \/>\n<\/strong>vernetztes Denken &amp; geistige Beweglichkeit, Verl\u00e4sslichkeit<br \/>\n<img loading=\"lazy\" decoding=\"async\" src=\"https:\/\/www.voestalpine.com\/bestelehresteiermark\/wp-content\/uploads\/2018\/10\/Icons_faehigkeiten_ohnentext_vernetztesdenken.png\" alt=\"\" width=\"100\" height=\"89\" \/><img loading=\"lazy\" decoding=\"async\" src=\"https:\/\/www.voestalpine.com\/bestelehresteiermark\/wp-content\/uploads\/2018\/10\/Icons_faehigkeiten_ohnentext_verlaesslichkeit.png\" alt=\"\" width=\"100\" height=\"89\" \/>\n\t<h2>Dein Einkommen<\/h2>\n<ul>\n<li>1. Lehrjahr: 1.071,00 \u20ac<\/li>\n<li>2. Lehrjahr: 1.295,40 \u20ac<\/li>\n<li>3. Lehrjahr: 1.657,50 \u20ac<\/li>\n<li>4. Lehrjahr: 2.152,20 \u20ac<\/li>\n<\/ul>\n\t<p><a href=\"#\"> Download Factsheet<\/a>\u00a0(<em>Verlinkung folgt)<\/em><\/p>\n<p><img loading=\"lazy\" decoding=\"async\" src=\"\/bestelehresteiermark\/wp-content\/uploads\/2018\/10\/Steiermarkkarte_Standort_Bruckandermur.png\" alt=\"\" width=\"463\" height=\"319\" \/><\/p>\n<p><img loading=\"lazy\" decoding=\"async\" src=\"\/bestelehresteiermark\/wp-content\/uploads\/2018\/10\/Steiermarkkarte_Standort_Kapfenberg.png\" alt=\"\" width=\"463\" height=\"319\" \/><\/p>\n<p><img loading=\"lazy\" decoding=\"async\" src=\"\/bestelehresteiermark\/wp-content\/uploads\/2018\/10\/Steiermarkkarte_Standort_Kindberg.png\" alt=\"\" width=\"463\" height=\"319\" \/><\/p>\n<p><img loading=\"lazy\" decoding=\"async\" src=\"\/bestelehresteiermark\/wp-content\/uploads\/2018\/10\/Steiermarkkarte_Standort_Krieglach.png\" alt=\"\" width=\"463\" height=\"319\" \/><\/p>\n<p><img loading=\"lazy\" decoding=\"async\" src=\"https:\/\/www.voestalpine.com\/bestelehresteiermark\/wp-content\/uploads\/2024\/09\/steiermarkkarte-standort-leoben-donawitz-1.png\" alt=\"\" width=\"463\" height=\"319\" \/><\/p>\n<p><img loading=\"lazy\" decoding=\"async\" src=\"\/bestelehresteiermark\/wp-content\/uploads\/2018\/10\/Steiermarkkarte_Standort_Muerzzuschlag.png\" alt=\"\" width=\"463\" height=\"319\" \/><\/p>\n<p><img loading=\"lazy\" decoding=\"async\" src=\"\/bestelehresteiermark\/wp-content\/uploads\/2018\/10\/Steiermarkkarte_Standort_stpeterfreienstein.png\" alt=\"\" width=\"463\" height=\"319\" \/><\/p>\n<p><img loading=\"lazy\" decoding=\"async\" src=\"\/bestelehresteiermark\/wp-content\/uploads\/2018\/10\/Steiermarkkarte_Standort_Zeltweg.png\" alt=\"\" width=\"463\" height=\"319\" \/><\/p>\n<p><img loading=\"lazy\" decoding=\"async\" src=\"\/bestelehresteiermark\/wp-content\/uploads\/2018\/10\/Steiermarkkarte_Standort.png\" alt=\"\" width=\"463\" height=\"319\" \/><\/p>\n\t<h2>Ausbildungsorte:<\/h2>\n<p>&nbsp;<\/p>\n\tZeltweg \/ voestalpine Signaling Austria GmbH<br \/>\n<a href=\"https:\/\/jobs.voestalpine.com\/index.php?ac=jobad&amp;id=19413\">Zur Stellenanzeige im Jobportal<\/a>\nKindberg \/ voestalpine Tubulars GmbH &amp; Co KG<br \/>\n<a href=\"https:\/\/jobs.voestalpine.com\/index.php?ac=jobad&amp;id=19672\">Zur Stellenanzeige im Jobportal<\/a>\n\t<strong> Du interessierst dich f\u00fcr diese Ausbildung und m\u00f6chtest dich bewerben?<br \/>\n<\/strong>Die Checkliste hilft dir, dich bestm\u00f6glich vorzubereiten.<br \/>\n <a href=\"https:\/\/www.voestalpine.com\/bestelehresteiermark\/#checkliste\">Checkliste<\/a>\n\t<h3>Hast du eine Frage zu diesem Lehrberuf?<\/h3>\n<p>Wir helfen dir gerne weiter.<\/p>\n\t\n<div class=\"wpcf7 no-js\" id=\"wpcf7-f945-o1\" lang=\"de-DE\" dir=\"ltr\" data-wpcf7-id=\"945\">\n<div class=\"screen-reader-response\"><p role=\"status\" aria-live=\"polite\" aria-atomic=\"true\"><\/p> <ul><\/ul><\/div>\n<form action=\"\/bestelehresteiermark\/wp-json\/wp\/v2\/pages\/465#wpcf7-f945-o1\" method=\"post\" class=\"wpcf7-form init\" aria-label=\"Kontaktformular\" novalidate=\"novalidate\" data-status=\"init\">\n<fieldset class=\"hidden-fields-container\"><input type=\"hidden\" name=\"_wpcf7\" value=\"945\" \/><input type=\"hidden\" name=\"_wpcf7_version\" value=\"6.1.5\" \/><input type=\"hidden\" name=\"_wpcf7_locale\" value=\"de_DE\" \/><input type=\"hidden\" name=\"_wpcf7_unit_tag\" value=\"wpcf7-f945-o1\" \/><input type=\"hidden\" name=\"_wpcf7_container_post\" value=\"0\" \/><input type=\"hidden\" name=\"_wpcf7_posted_data_hash\" value=\"\" \/>\n<\/fieldset>\n<p>Ich m\u00f6chte mehr wissen \u00fcber den Lehrberuf: <span style=\"font-weight:400;\">Mechatronik \/ Automatisierungstechnik<\/span>\n<\/p>\n<p><label><span class=\"wpcf7-form-control-wrap\" data-name=\"your-standort\"><select class=\"wpcf7-form-control wpcf7-select wpcf7-validates-as-required\" aria-required=\"true\" aria-invalid=\"false\" name=\"your-standort\"><option value=\"\">Standort w\u00e4hlen<\/option><option value=\"Zeltweg \/ voestalpine Signaling Austria GmbH\">Zeltweg \/ voestalpine Signaling Austria GmbH<\/option><\/select><\/span><\/label>\n<\/p>\n<p><label><span class=\"wpcf7-form-control-wrap\" data-name=\"your-name\"><input size=\"40\" maxlength=\"400\" class=\"wpcf7-form-control wpcf7-text wpcf7-validates-as-required\" aria-required=\"true\" aria-invalid=\"false\" placeholder=\"Vorname Nachname\" value=\"\" type=\"text\" name=\"your-name\" \/><\/span> <\/label>\n<\/p>\n<p><label><span class=\"wpcf7-form-control-wrap\" data-name=\"your-email\"><input size=\"40\" maxlength=\"400\" class=\"wpcf7-form-control wpcf7-email wpcf7-validates-as-required wpcf7-text wpcf7-validates-as-email\" aria-required=\"true\" aria-invalid=\"false\" placeholder=\"Meine E-Mail\" value=\"\" type=\"email\" name=\"your-email\" \/><\/span> <\/label>\n<\/p>\n<p><label><span class=\"wpcf7-form-control-wrap\" data-name=\"your-tel\"><input size=\"40\" maxlength=\"400\" class=\"wpcf7-form-control wpcf7-tel wpcf7-validates-as-required wpcf7-text wpcf7-validates-as-tel\" aria-required=\"true\" aria-invalid=\"false\" placeholder=\"Meine Telefonnummer\" value=\"\" type=\"tel\" name=\"your-tel\" \/><\/span> <\/label>\n<\/p>\n<p><label><span class=\"wpcf7-form-control-wrap\" data-name=\"your-message\"><textarea cols=\"40\" rows=\"10\" maxlength=\"2000\" class=\"wpcf7-form-control wpcf7-textarea\" aria-invalid=\"false\" placeholder=\"Meine Frage\" name=\"your-message\"><\/textarea><\/span> <\/label>\n<\/p>\n<p><label><span class=\"wpcf7-form-control-wrap\" data-name=\"quiz-113\"><label><span class=\"wpcf7-quiz-label\">Wieviel ist 3 + 7<\/span> <input size=\"40\" class=\"wpcf7-form-control wpcf7-quiz\" autocomplete=\"off\" aria-required=\"true\" aria-invalid=\"false\" type=\"text\" name=\"quiz-113\" \/><\/label><input type=\"hidden\" name=\"_wpcf7_quiz_answer_quiz-113\" value=\"a582ac202470fbb15ac42aa9d1d65a60\" \/><\/span><\/label>\n<\/p>\n<p><span class=\"wpcf7-form-control-wrap\" data-name=\"acceptance-20\"><span class=\"wpcf7-form-control wpcf7-acceptance\"><span class=\"wpcf7-list-item\"><label><input type=\"checkbox\" name=\"acceptance-20\" value=\"1\" aria-invalid=\"false\" \/><span class=\"wpcf7-list-item-label\"><span class=\"datenschutzlink\">Ich akzeptiere die <a  href=\"https:\/\/www.voestalpine.com\/bestelehresteiermark\/datenschutz\/\" target=\"_blank\" title=\"Datenschutzbedingungen\">Datenschutzbedingungen<\/a><\/span><\/span><\/label><\/span><\/span><\/span>\n<\/p>\n<p><input class=\"wpcf7-form-control wpcf7-submit has-spinner\" type=\"submit\" value=\"Absenden\" \/><input type=\"reset\" class='button btn btn-primary' \/>\n<\/p><div class=\"wpcf7-response-output\" aria-hidden=\"true\"><\/div>\n<\/form>\n<\/div>\n\n\t<p><strong>Link zur Ausbildung teilen<\/strong><\/p>\n<div class=\"addtoany_shortcode\"><div class=\"a2a_kit a2a_kit_size_32 addtoany_list\" data-a2a-url=\"https:\/\/www.voestalpine.com\/bestelehresteiermark\/ausbildungen\/mechatronik\/\" data-a2a-title=\"Mechatronik \/ Automatisierungstechnik\"><a class=\"a2a_button_facebook\" href=\"https:\/\/www.addtoany.com\/add_to\/facebook?linkurl=https%3A%2F%2Fwww.voestalpine.com%2Fbestelehresteiermark%2Fausbildungen%2Fmechatronik%2F&amp;linkname=Mechatronik%20%2F%20Automatisierungstechnik\" title=\"Facebook\" rel=\"nofollow noopener\" target=\"_blank\"><\/a><a class=\"a2a_button_twitter\" href=\"https:\/\/www.addtoany.com\/add_to\/twitter?linkurl=https%3A%2F%2Fwww.voestalpine.com%2Fbestelehresteiermark%2Fausbildungen%2Fmechatronik%2F&amp;linkname=Mechatronik%20%2F%20Automatisierungstechnik\" title=\"Twitter\" rel=\"nofollow noopener\" target=\"_blank\"><\/a><a class=\"a2a_button_pinterest\" href=\"https:\/\/www.addtoany.com\/add_to\/pinterest?linkurl=https%3A%2F%2Fwww.voestalpine.com%2Fbestelehresteiermark%2Fausbildungen%2Fmechatronik%2F&amp;linkname=Mechatronik%20%2F%20Automatisierungstechnik\" title=\"Pinterest\" rel=\"nofollow noopener\" target=\"_blank\"><\/a><a class=\"a2a_button_whatsapp\" href=\"https:\/\/www.addtoany.com\/add_to\/whatsapp?linkurl=https%3A%2F%2Fwww.voestalpine.com%2Fbestelehresteiermark%2Fausbildungen%2Fmechatronik%2F&amp;linkname=Mechatronik%20%2F%20Automatisierungstechnik\" title=\"WhatsApp\" rel=\"nofollow noopener\" target=\"_blank\"><\/a><a class=\"a2a_button_email\" href=\"https:\/\/www.addtoany.com\/add_to\/email?linkurl=https%3A%2F%2Fwww.voestalpine.com%2Fbestelehresteiermark%2Fausbildungen%2Fmechatronik%2F&amp;linkname=Mechatronik%20%2F%20Automatisierungstechnik\" title=\"Email\" rel=\"nofollow noopener\" target=\"_blank\"><\/a><\/div><\/div>\n","protected":false},"excerpt":{"rendered":"<p>Link zur Ausbildung teilen Lehre Mechatronik \/ Automatisierungstechnik Lehrzeit: 3,5 Jahre Der Job: Mechatroniker\/innen sitzen genau genommen eigentlich zwischen drei Berufssparten: den Elektroberufen, den Informatikberufen und den Metallberufen. Deshalb verwundert auch nicht, dass sie als absolute Allroundtalente gelten. Die Aufgabe: Dein Job ist es, verkettete mechanische, pneumatisch\/hydraulische, elektrische\/elektronische und informationstechnische Anlagen, Maschinen und Fertigungssysteme herzustellen, zu montieren, zu warten und gegebenenfalls zu reparieren. Die st\u00e4ndige &hellip; <a href=\"https:\/\/www.voestalpine.com\/bestelehresteiermark\/ausbildungen\/mechatronik\/\" class=\"more-link\">Continue reading <span class=\"screen-reader-text\">Mechatronik \/ Automatisierungstechnik<\/span> <span class=\"meta-nav\">&raquo;<\/span><\/a><\/p>\n","protected":false},"author":2,"featured_media":0,"parent":8,"menu_order":0,"comment_status":"closed","ping_status":"closed","template":"page-templates\/full-width.php","meta":{"footnotes":""},"class_list":["post-465","page","type-page","status-publish","hentry"],"_links":{"self":[{"href":"https:\/\/www.voestalpine.com\/bestelehresteiermark\/wp-json\/wp\/v2\/pages\/465","targetHints":{"allow":["GET"]}}],"collection":[{"href":"https:\/\/www.voestalpine.com\/bestelehresteiermark\/wp-json\/wp\/v2\/pages"}],"about":[{"href":"https:\/\/www.voestalpine.com\/bestelehresteiermark\/wp-json\/wp\/v2\/types\/page"}],"author":[{"embeddable":true,"href":"https:\/\/www.voestalpine.com\/bestelehresteiermark\/wp-json\/wp\/v2\/users\/2"}],"replies":[{"embeddable":true,"href":"https:\/\/www.voestalpine.com\/bestelehresteiermark\/wp-json\/wp\/v2\/comments?post=465"}],"version-history":[{"count":93,"href":"https:\/\/www.voestalpine.com\/bestelehresteiermark\/wp-json\/wp\/v2\/pages\/465\/revisions"}],"predecessor-version":[{"id":5365,"href":"https:\/\/www.voestalpine.com\/bestelehresteiermark\/wp-json\/wp\/v2\/pages\/465\/revisions\/5365"}],"up":[{"embeddable":true,"href":"https:\/\/www.voestalpine.com\/bestelehresteiermark\/wp-json\/wp\/v2\/pages\/8"}],"wp:attachment":[{"href":"https:\/\/www.voestalpine.com\/bestelehresteiermark\/wp-json\/wp\/v2\/media?parent=465"}],"curies":[{"name":"wp","href":"https:\/\/api.w.org\/{rel}","templated":true}]}}