{"id":3918,"date":"2023-09-15T11:31:54","date_gmt":"2023-09-15T09:31:54","guid":{"rendered":"https:\/\/www.voestalpine.com\/bestelehresteiermark\/?page_id=3918"},"modified":"2025-09-01T14:55:58","modified_gmt":"2025-09-01T12:55:58","slug":"insights-behind-the-scenes","status":"publish","type":"page","link":"https:\/\/www.voestalpine.com\/bestelehresteiermark\/insights-behind-the-scenes\/","title":{"rendered":"Insights Behind the Scenes"},"content":{"rendered":"\r\n<h1>voestalpine Lehre<br \/>\u201cInsights behind the scenes\u201d<\/h1>\r\n<p>&nbsp;<\/p>\r\n<h4>Was:<\/h4>\r\n<p><strong>Berufeparcours &amp; Infotage bei der voestalpine Leoben-Donawitz<\/strong><br \/>Erlebe hautnah unsere Lehrberufe, informiere dich \u00fcber deine M\u00f6glichkeiten und werde selbst aktiv!<\/p>\r\n<h4>Wann:<\/h4>\r\n<p><b>Dienstag 11.11. und Mittwoch, 12.11.2025 jeweils von 8:00 -14:00 Uhr<\/b><\/p>\r\n<h4>Wo:<\/h4>\r\n<p>voestalpine Stahl Donawitz, CCD (Kommunikationszentrum Donawitz), Kerpelystra\u00dfe 199, 8700 Leoben<\/p>\r\n<h4>Ablauf:<\/h4>\r\n<p><strong>Liebe Sch\u00fcler:innen!<\/strong><\/p>\r\n<p>Auch heuer freuen wir uns, euch wieder zu unseren beliebten Infotagen bei der voestalpine Leoben-Donawitz einzuladen!<\/p>\r\n<p>Unsere Lehrlinge stellen euch die vielf\u00e4ltigen Berufsm\u00f6glichkeiten in der voestalpine vor und geben euch hilfreiche Tipps \u2013 etwa zur Bewerbung oder zur Vorbereitung auf den Aufnahmetest.<\/p>\r\n<p>Ein besonderes Highlight ist unser\u00a0<strong>Berufeparcours mit sieben Mitmachstationen<\/strong>! Hier k\u00f6nnt ihr selbst aktiv werden und spannende Einblicke in unsere Fachbereiche gewinnen. Ob Schwei\u00dfen am Simulator, handwerkliches Arbeiten mit Schrauben und Dr\u00e4hten oder andere praktische Aufgaben \u2013 ihr seid mittendrin statt nur dabei.<\/p>\r\n<p>Gemeinsam mit unseren Lehrlingen fertigt ihr au\u00dferdem ein\u00a0<strong>tolles Werkst\u00fcck<\/strong>, das ihr als Erinnerung mit nach Hause nehmen k\u00f6nnt \u2013 kreativ, individuell und selbst gemacht!<\/p>\r\n<p>Bei der F\u00fchrung durch unser Drahtwalzwerk erlebt ihr hautnah, wie aus Stahl hochwertiger Draht entsteht \u2013 ein faszinierender Prozess, den ihr so schnell nicht vergessen werdet.<\/p>\r\n<p>Nat\u00fcrlich gibt es auch wieder ein\u00a0<strong>Gewinnspiel<\/strong>\u00a0mit tollen Preisen und wir sorgen bestens f\u00fcr euer leibliches Wohl.<\/p>\r\n<p><strong>Meldet euch gleich \u00fcber das untenstehende Formular an \u2013 die Pl\u00e4tze sind hei\u00df begehrt!<\/strong><\/p>\r\n<p><strong>Wir freuen uns auf euch und auf zwei spannende Tage voller Action, Information und Spa\u00df!<\/strong><\/p>\r\n<h3>Anmeldung Schulklassen<\/h3>\r\n<p>Das Angebot richtet sich speziell an Sch\u00fcler:innen Region Leoben (4. MS, PTS, FS). Aufgrund der limitierten Pl\u00e4tze, werden die Anmeldungen nach dem \u201cFirst come &#8211; first served\u201d Prinzip bearbeitet.<\/p>\r\n<p>Bitte f\u00fcllen Sie das Formular aus, wir melden uns dann ehestm\u00f6glich bei Ihnen zur\u00fcck.<\/p>\r\n<p>&nbsp;<\/p>\r\n\n<div class=\"wpcf7 no-js\" id=\"wpcf7-f3920-o1\" lang=\"de-DE\" dir=\"ltr\" data-wpcf7-id=\"3920\">\n<div class=\"screen-reader-response\"><p role=\"status\" aria-live=\"polite\" aria-atomic=\"true\"><\/p> <ul><\/ul><\/div>\n<form action=\"\/bestelehresteiermark\/wp-json\/wp\/v2\/pages\/3918#wpcf7-f3920-o1\" method=\"post\" class=\"wpcf7-form init\" aria-label=\"Kontaktformular\" novalidate=\"novalidate\" data-status=\"init\">\n<fieldset class=\"hidden-fields-container\"><input type=\"hidden\" name=\"_wpcf7\" value=\"3920\" \/><input type=\"hidden\" name=\"_wpcf7_version\" value=\"6.1.5\" \/><input type=\"hidden\" name=\"_wpcf7_locale\" value=\"de_DE\" \/><input type=\"hidden\" name=\"_wpcf7_unit_tag\" value=\"wpcf7-f3920-o1\" \/><input type=\"hidden\" name=\"_wpcf7_container_post\" value=\"0\" \/><input type=\"hidden\" name=\"_wpcf7_posted_data_hash\" value=\"\" \/>\n<\/fieldset>\n<style>\n.va-behind-the-scenes-form p {\n font-weight: 500;\n}\n\n.va-behind-the-scenes-form label {\n font-size: 14px;\n font-weight: 300;\n}\n\n@media all and (min-width: 600px) {\n .content-column.one_half:not(.last_column) {\n padding-right: 20px;\n }\n}\n<\/style>\n<div class=\"va-behind-the-scenes-form\">\n\t<p>Name der Schule*\n\t<\/p>\n\t<div class=\"content-column one_half\">\n\t\t<div style=\"padding:\"0;\">\n\t\t\t<p><label> <span class=\"wpcf7-form-control-wrap\" data-name=\"your-school\"><input size=\"40\" maxlength=\"400\" class=\"wpcf7-form-control wpcf7-text wpcf7-validates-as-required\" aria-required=\"true\" aria-invalid=\"false\" value=\"\" type=\"text\" name=\"your-school\" \/><\/span> <\/label>\n\t\t\t<\/p>\n\t\t<\/div>\n\t<\/div>\n\t<div class=\"clear_column\">\n\t<\/div>\n\t<p>Kontaktperson\n\t<\/p>\n\t<div class=\"content-column one_half\">\n\t\t<div style=\"padding:\"0;\">\n\t\t\t<p><label>Vorname* <span class=\"wpcf7-form-control-wrap\" data-name=\"your-vorname\"><input size=\"40\" maxlength=\"400\" class=\"wpcf7-form-control wpcf7-text wpcf7-validates-as-required\" aria-required=\"true\" aria-invalid=\"false\" value=\"\" type=\"text\" name=\"your-vorname\" \/><\/span><\/label>\n\t\t\t<\/p>\n\t\t<\/div>\n\t<\/div>\n\t<div class=\"content-column one_half last_column\">\n\t\t<p><label> Nachname* <span class=\"wpcf7-form-control-wrap\" data-name=\"your-nachname\"><input size=\"40\" maxlength=\"400\" class=\"wpcf7-form-control wpcf7-text wpcf7-validates-as-required\" aria-required=\"true\" aria-invalid=\"false\" value=\"\" type=\"text\" name=\"your-nachname\" \/><\/span> <\/label>\n\t\t<\/p>\n\t<\/div>\n\t<div class=\"clear_column\">\n\t<\/div>\n\t<div class=\"content-column one_half\">\n\t\t<div style=\"padding:\"0;\">\n\t\t\t<p><label>Email-Adresse* <span class=\"wpcf7-form-control-wrap\" data-name=\"your-email\"><input size=\"40\" maxlength=\"400\" class=\"wpcf7-form-control wpcf7-email wpcf7-validates-as-required wpcf7-text wpcf7-validates-as-email\" aria-required=\"true\" aria-invalid=\"false\" value=\"\" type=\"email\" name=\"your-email\" \/><\/span><\/label>\n\t\t\t<\/p>\n\t\t<\/div>\n\t<\/div>\n\t<div class=\"content-column one_half last_column\">\n\t\t<p><label> Telefonnummer <span class=\"wpcf7-form-control-wrap\" data-name=\"your-phone\"><input size=\"40\" maxlength=\"400\" class=\"wpcf7-form-control wpcf7-tel wpcf7-text wpcf7-validates-as-tel\" aria-invalid=\"false\" value=\"\" type=\"tel\" name=\"your-phone\" \/><\/span> <\/label>\n\t\t<\/p>\n\t<\/div>\n\t<div class=\"clear_column\">\n\t<\/div>\n\t<p>Wunschtermin*\n\t<\/p>\n\t<p><span class=\"wpcf7-form-control-wrap\" data-name=\"wunschtermin\"><select class=\"wpcf7-form-control wpcf7-select wpcf7-validates-as-required\" aria-required=\"true\" aria-invalid=\"false\" name=\"wunschtermin\"><option value=\"\">&#8211; Bitte ausw\u00e4hlen &#8211;<\/option><option value=\"Di, 11.11.2025, 08:00 - 14:00 Uhr\">Di, 11.11.2025, 08:00 - 14:00 Uhr<\/option><\/select><\/span>\n\t<\/p>\n\t<p>Anzahl Sch\u00fcler:innen\n\t<\/p>\n\t<div class=\"content-column one_half\">\n\t\t<div style=\"padding:\"0;\">\n\t\t\t<p><label>weiblich* <span class=\"wpcf7-form-control-wrap\" data-name=\"your-weiblich\"><input size=\"40\" maxlength=\"400\" class=\"wpcf7-form-control wpcf7-text wpcf7-validates-as-required\" aria-required=\"true\" aria-invalid=\"false\" value=\"0\" type=\"text\" name=\"your-weiblich\" \/><\/span><\/label>\n\t\t\t<\/p>\n\t\t<\/div>\n\t<\/div>\n\t<div class=\"content-column one_half last_column\">\n\t\t<p><label> m\u00e4nnlich* <span class=\"wpcf7-form-control-wrap\" data-name=\"your-maennlich\"><input size=\"40\" maxlength=\"400\" class=\"wpcf7-form-control wpcf7-text wpcf7-validates-as-required\" aria-required=\"true\" aria-invalid=\"false\" value=\"0\" type=\"text\" name=\"your-maennlich\" \/><\/span> <\/label>\n\t\t<\/p>\n\t<\/div>\n\t<div class=\"clear_column\">\n\t<\/div>\n\t<p>Anzahl Lehrpersonal\n\t<\/p>\n\t<div class=\"content-column one_half\">\n\t\t<div style=\"padding:\"0;\">\n\t\t\t<p><label>weiblich* <span class=\"wpcf7-form-control-wrap\" data-name=\"your-frauen\"><input size=\"40\" maxlength=\"400\" class=\"wpcf7-form-control wpcf7-text wpcf7-validates-as-required\" aria-required=\"true\" aria-invalid=\"false\" value=\"0\" type=\"text\" name=\"your-frauen\" \/><\/span><\/label>\n\t\t\t<\/p>\n\t\t<\/div>\n\t<\/div>\n\t<div class=\"content-column one_half last_column\">\n\t\t<p><label> m\u00e4nnlich* <span class=\"wpcf7-form-control-wrap\" data-name=\"your-maenner\"><input size=\"40\" maxlength=\"400\" class=\"wpcf7-form-control wpcf7-text wpcf7-validates-as-required\" aria-required=\"true\" aria-invalid=\"false\" value=\"0\" type=\"text\" name=\"your-maenner\" \/><\/span> <\/label>\n\t\t<\/p>\n\t<\/div>\n\t<div class=\"clear_column\">\n\t<\/div>\n\t<p>Pr\u00e4ferenz f\u00fcr Jause? (Bitte genaue Anzahl von Pr\u00e4ferenzen f\u00fcr Sch\u00fcler:innen und Lehrpersonal eintragen)\n\t<\/p>\n\t<div class=\"content-column one_half\">\n\t\t<div style=\"padding:\"0;\">\n\t\t\t<p><label> Es gibt keine Einschr\u00e4nkungen* <span class=\"wpcf7-form-control-wrap\" data-name=\"your-essealles\"><input size=\"40\" maxlength=\"400\" class=\"wpcf7-form-control wpcf7-text wpcf7-validates-as-required\" aria-required=\"true\" aria-invalid=\"false\" value=\"0\" type=\"text\" name=\"your-essealles\" \/><\/span> <\/label>\n\t\t\t<\/p>\n\t\t<\/div>\n\t<\/div>\n\t<div class=\"content-column one_half last_column\">\n\t\t<p><label>vegetarisch* <span class=\"wpcf7-form-control-wrap\" data-name=\"your-vegetarisch\"><input size=\"40\" maxlength=\"400\" class=\"wpcf7-form-control wpcf7-text wpcf7-validates-as-required\" aria-required=\"true\" aria-invalid=\"false\" value=\"0\" type=\"text\" name=\"your-vegetarisch\" \/><\/span><\/label>\n\t\t<\/p>\n\t<\/div>\n\t<div class=\"clear_column\">\n\t<\/div>\n\t<div class=\"content-column one_half\">\n\t\t<div style=\"padding:\"0;\">\n\t\t\t<p><label> vegan* <span class=\"wpcf7-form-control-wrap\" data-name=\"your-vegan\"><input size=\"40\" maxlength=\"400\" class=\"wpcf7-form-control wpcf7-text wpcf7-validates-as-required\" aria-required=\"true\" aria-invalid=\"false\" value=\"0\" type=\"text\" name=\"your-vegan\" \/><\/span> <\/label>\n\t\t\t<\/p>\n\t\t<\/div>\n\t<\/div>\n\t<div class=\"content-column one_half last_column\">\n\t\t<p><label> Unvertr\u00e4glichkeiten (Laktose, Histamin, etc.)* <span class=\"wpcf7-form-control-wrap\" data-name=\"your-unvertraeglichkeiten\"><input size=\"40\" maxlength=\"400\" class=\"wpcf7-form-control wpcf7-text wpcf7-validates-as-required\" aria-required=\"true\" aria-invalid=\"false\" value=\"0\" type=\"text\" name=\"your-unvertraeglichkeiten\" \/><\/span> <\/label>\n\t\t<\/p>\n\t<\/div>\n\t<div class=\"clear_column\">\n\t<\/div>\n\t<p>Wir m\u00f6chten den kostenlosen Bus-Shuttle in Anspruch nehmen*<br \/>\n(Organisation und Kosten werden von der voestalpine \u00fcbernommen)\n\t<\/p>\n\t<p><span class=\"wpcf7-form-control-wrap\" data-name=\"shuttle\"><select class=\"wpcf7-form-control wpcf7-select wpcf7-validates-as-required\" aria-required=\"true\" aria-invalid=\"false\" name=\"shuttle\"><option value=\"\">&#8211; Bitte ausw\u00e4hlen &#8211;<\/option><option value=\"Ja, gerne.\">Ja, gerne.<\/option><option value=\"Nein, wir organisieren An-\/Abreise selbst.\">Nein, wir organisieren An-\/Abreise selbst.<\/option><\/select><\/span>\n\t<\/p>\n\t<p><label><span class=\"wpcf7-form-control-wrap\" data-name=\"quiz-113\"><label><span class=\"wpcf7-quiz-label\">Wieviel ist 2 + 8<\/span> <input size=\"40\" class=\"wpcf7-form-control wpcf7-quiz\" autocomplete=\"off\" aria-required=\"true\" aria-invalid=\"false\" type=\"text\" name=\"quiz-113\" \/><\/label><input type=\"hidden\" name=\"_wpcf7_quiz_answer_quiz-113\" value=\"a582ac202470fbb15ac42aa9d1d65a60\" \/><\/span><\/label>\n\t<\/p>\n\t<p><span class=\"wpcf7-form-control-wrap\" data-name=\"acceptance-20\"><span class=\"wpcf7-form-control wpcf7-acceptance\"><span class=\"wpcf7-list-item\"><label><input type=\"checkbox\" name=\"acceptance-20\" value=\"1\" aria-invalid=\"false\" \/><span class=\"wpcf7-list-item-label\"><span class=\"datenschutzlink\">Ich akzeptiere die <a  href=\"https:\/\/www.voestalpine.com\/bestelehresteiermark\/datenschutz\/\" target=\"_blank\" title=\"Datenschutzbedingungen\">Datenschutzbedingungen<\/a><\/span><\/span><\/label><\/span><\/span><\/span>\n\t<\/p>\n\t<p><input class=\"wpcf7-form-control wpcf7-submit has-spinner\" type=\"submit\" value=\"Absenden\" \/><input type=\"reset\" class='button btn btn-primary' \/>\n\t<\/p>\n<\/div><div class=\"wpcf7-response-output\" aria-hidden=\"true\"><\/div>\n<\/form>\n<\/div>\n\r\n","protected":false},"excerpt":{"rendered":"<p>voestalpine Lehre\u201cInsights behind the scenes\u201d &nbsp; Was: Berufeparcours &amp; Infotage bei der voestalpine Leoben-DonawitzErlebe hautnah unsere Lehrberufe, informiere dich \u00fcber deine M\u00f6glichkeiten und werde selbst aktiv! Wann: Dienstag 11.11. und Mittwoch, 12.11.2025 jeweils von 8:00 -14:00 Uhr Wo: voestalpine Stahl Donawitz, CCD (Kommunikationszentrum Donawitz), Kerpelystra\u00dfe 199, 8700 Leoben Ablauf: Liebe Sch\u00fcler:innen! Auch heuer freuen wir uns, euch wieder zu unseren beliebten Infotagen bei der voestalpine &hellip; <a href=\"https:\/\/www.voestalpine.com\/bestelehresteiermark\/insights-behind-the-scenes\/\" class=\"more-link\">Continue reading <span class=\"screen-reader-text\">Insights Behind the Scenes<\/span> <span class=\"meta-nav\">&raquo;<\/span><\/a><\/p>\n","protected":false},"author":2,"featured_media":0,"parent":0,"menu_order":0,"comment_status":"closed","ping_status":"closed","template":"","meta":{"footnotes":""},"class_list":["post-3918","page","type-page","status-publish","hentry"],"_links":{"self":[{"href":"https:\/\/www.voestalpine.com\/bestelehresteiermark\/wp-json\/wp\/v2\/pages\/3918","targetHints":{"allow":["GET"]}}],"collection":[{"href":"https:\/\/www.voestalpine.com\/bestelehresteiermark\/wp-json\/wp\/v2\/pages"}],"about":[{"href":"https:\/\/www.voestalpine.com\/bestelehresteiermark\/wp-json\/wp\/v2\/types\/page"}],"author":[{"embeddable":true,"href":"https:\/\/www.voestalpine.com\/bestelehresteiermark\/wp-json\/wp\/v2\/users\/2"}],"replies":[{"embeddable":true,"href":"https:\/\/www.voestalpine.com\/bestelehresteiermark\/wp-json\/wp\/v2\/comments?post=3918"}],"version-history":[{"count":20,"href":"https:\/\/www.voestalpine.com\/bestelehresteiermark\/wp-json\/wp\/v2\/pages\/3918\/revisions"}],"predecessor-version":[{"id":5158,"href":"https:\/\/www.voestalpine.com\/bestelehresteiermark\/wp-json\/wp\/v2\/pages\/3918\/revisions\/5158"}],"wp:attachment":[{"href":"https:\/\/www.voestalpine.com\/bestelehresteiermark\/wp-json\/wp\/v2\/media?parent=3918"}],"curies":[{"name":"wp","href":"https:\/\/api.w.org\/{rel}","templated":true}]}}