{"id":377,"date":"2018-10-12T11:20:20","date_gmt":"2018-10-12T09:20:20","guid":{"rendered":"https:\/\/voest.5q.at\/bestelehresteiermark\/?page_id=377"},"modified":"2026-01-13T09:57:17","modified_gmt":"2026-01-13T08:57:17","slug":"metalltechnik-maschinenbautechnik","status":"publish","type":"page","link":"https:\/\/www.voestalpine.com\/bestelehresteiermark\/ausbildungen\/metalltechnik-maschinenbautechnik\/","title":{"rendered":"MT &#8211; Maschinenbautechnik"},"content":{"rendered":"\n\t\t\t\t<img loading=\"lazy\" decoding=\"async\" src=\"https:\/\/www.voestalpine.com\/bestelehresteiermark\/wp-content\/uploads\/2024\/08\/2-metalltechnik-maschinenbautechnik-maximilian-przewoznik-header.jpg\" alt=\"2_Metalltechnik_Maschinenbautechnik_Maximilian_Przewoznik_Header\" itemprop=\"image\" height=\"950\" width=\"2340\" title=\"2_Metalltechnik_Maschinenbautechnik_Maximilian_Przewoznik_Header\" onerror=\"this.style.display='none'\"  \/>\n\t<h2>Lehre Metalltechnik \/ Maschinenbautechnik<\/h2>\n\t<p><img loading=\"lazy\" decoding=\"async\" src=\"..\/..\/wp-content\/uploads\/2018\/10\/Icons_lehrzeit-150x150.png\" alt=\"Lehrzeit\" width=\"100\" height=\"89\" \/><\/p>\n\t<p>Lehrzeit: 3,5 Jahre<\/p>\n\t<h4>Der Job:<\/h4>\n<p>Maschinenbautechniker\/innen bauen \u2013 wie schon der Name verr\u00e4t \u2013 Maschinen und Anlagen. Sie gelten als industrielle \u201eBaumeister\u201c.<\/p>\n<h4>Die Aufgabe:<\/h4>\n<p>Du stellst Maschinenteile her und baust sie zusammen. Nach genauen Pl\u00e4nen, Vorschriften und Normen stellst du die Anlagen auf und nimmst sie in Betrieb. Durch dein umfassendes Know-how bist du selbstverst\u00e4ndlich auch f\u00fcr die Wartung und Reparatur der Maschinen verantwortlich.<\/p>\n<h4>Die Voraussetzungen:<\/h4>\n<p>Handwerkliches Geschick geh\u00f6ren genauso zum R\u00fcstzeug eines\/r Maschinenbautechnikers\/in wie schnelle Auffassungsgabe und logisches Denken. Kopf und K\u00f6rper sind bei diesem Job gleichsam gefragt.<\/p>\n\t<p><strong>Spezialisierungen<\/strong><\/p>\n<ul>\n<li>Elektro- und Geb\u00e4udetechnik<\/li>\n<li>Energietechnik<\/li>\n<li>Anlagen- und Betriebstechnik<\/li>\n<li>Automatisierungs- und Prozessleittechnik<\/li>\n<\/ul>\n\t\t<h3><\/h3>\t\t\n\t\t\t<p>\u201eDa wir Zuhause eine Landwirtschaft haben, war mir sofort klar, dass ich Maschinenbautechnik lernen m\u00f6chte. Es war und ist eine gro\u00dfe Ehre f\u00fcr mich, dass mich ein Weltmarktf\u00fchrerbetrieb wie die voestalpine aufnahm.\u201c<\/p>\n<em>&#8211; Johannes Gappmeier, voestalpine Turnout Technology Zeltweg GmbH<br \/>\n<\/em>\n<hr \/>\n<p>\u201eAn meiner Lehre zum Maschinenbautechniker gef\u00e4llt mir die abwechslungsreiche und interessante Arbeit und die gute Zusammenarbeit mit meinen Kollegen.\u201c<\/p>\n<p><em>&#8211; Marcel Lackner, voestalpine Tubulars GmbH &amp; Co KG<\/em><\/p>\n<hr \/>\n\u201eVergleicht man die Lehre bei der voestalpine mit Fu\u00dfball, ist das sicher<br \/>\nChampions League.\u201c\n<em>&#8211; Johanna Kislick, voestalpine Stahl Donawitz GmbH<br \/>\n<\/em>\n<hr \/>\n<p>\u201eIch bin gl\u00fccklich mit meiner Berufswahl. Wer handwerklich geschickt ist, schnell lernt und engagiert ist, wird es hier sicher weit bringen.\u201c<\/p>\n<p><em>&#8211; Lukas Karpf, voestalpine Stahl Donawitz GmbH<\/em><\/p>\n<hr \/>\n\u201eAlles, was uns in der neuen Lehrwerkst\u00e4tte in Zeltweg an digitalen Tools zur<br \/>\nVerf\u00fcgung steht, bringt uns beruflich weit nach vorne.\u201c\n<p><em>&#8211; Sarah Dichtl, voestalpine Turnout Technology Zeltweg GmbH<\/em><\/p>\n<hr \/>\n<p>\u201eAls Metalltechnikerin im Maschinenbau stellt man Werkst\u00fccke, Bauteile und Ersatzteile f\u00fcr Maschinen und Produktionsanlagen her und baut diese dann auch zusammen. Da ein Stillstand der Anlagen sehr hohe Kosten verursacht, muss man sehr genau und trotzdem schnell arbeiten, um f\u00fcr einen m\u00f6glichst st\u00f6rungsfreien Betrieb der Maschinen und Anlagen zu sorgen. Auch die Programmierung, Inbetriebnahme und Bedienung von rechnergest\u00fctzten (CNC)- Werkzeugmaschinen sowie die Fehleranalyse bei Betriebsst\u00f6rungen geh\u00f6ren zu meinem Job.\u201c<\/p>\n<p>Was mir daran besonders gef\u00e4llt?<\/p>\n<p>\u201eDie spannende und abwechslungsreiche Arbeit und dass ich als M\u00e4dchen in diesem Beruf gut und nett aufgenommen wurde.\u201c<\/p>\n<p><em>&#8211; Selina Gruber, voestalpine Tubulars GmbH &amp; Co KG<\/em><\/p>\n<hr \/>\n<p>&#8220;Ich besch\u00e4ftige mich gerne mit handwerklichen T\u00e4tigkeiten und es hat mich schon immer interessiert wie und warum so gigantische Maschinen funktionieren und arbeiten k\u00f6nnen.\u201c<\/p>\n<p><em>&#8211; Maximilian Przewoznik, voestalpine Stahl Donawitz GmbH<\/em><\/p>\n\t<iframe loading=\"lazy\" width=\"1180\" height=\"664\" src=\"https:\/\/www.youtube-nocookie.com\/embed\/FAGyp9mbHXA\" title=\"Lehre Maschinenbautechnik | voestalpine Tubulars\" frameborder=\"0\" allow=\"accelerometer; autoplay; clipboard-write; encrypted-media; gyroscope; picture-in-picture; web-share\" referrerpolicy=\"strict-origin-when-cross-origin\" allowfullscreen><\/iframe>\n\t<strong>Deine F\u00e4higkeiten<br \/>\n<\/strong>schnelle Auffassungsgabe, logisches Denken, k\u00f6rperliche Fitness<br \/>\n<img loading=\"lazy\" decoding=\"async\" src=\"https:\/\/www.voestalpine.com\/bestelehresteiermark\/wp-content\/uploads\/2018\/10\/Icons_faehigkeiten_ohnentext_auffassungsgabe.png\" alt=\"schnelle Auffassungsgabe\" width=\"100\" height=\"89\" \/><img loading=\"lazy\" decoding=\"async\" src=\"https:\/\/www.voestalpine.com\/bestelehresteiermark\/wp-content\/uploads\/2018\/10\/Icons_faehigkeiten_ohnentext_-logischesdenken.png\" alt=\"logisches Denken\" width=\"100\" height=\"89\" \/><img loading=\"lazy\" decoding=\"async\" src=\"https:\/\/www.voestalpine.com\/bestelehresteiermark\/wp-content\/uploads\/2018\/10\/Icons_faehigkeiten_ohnentext_fitness.png\" alt=\"koerperliche Fitness\" width=\"100\" height=\"89\" \/>\n\t<h2>Dein Einkommen<\/h2>\n<ul>\n<li>1. Lehrjahr: 1.071,00 \u20ac<\/li>\n<li>2. Lehrjahr: 1.295,40 \u20ac<\/li>\n<li>3. Lehrjahr: 1.657,50 \u20ac<\/li>\n<li>4. Lehrjahr: 2.152,20 \u20ac<\/li>\n<\/ul>\n\t<p><a href=\"#\"> Download Factsheet<\/a>\u00a0(<em>Verlinkung folgt)<\/em><\/p>\n<p><img loading=\"lazy\" decoding=\"async\" src=\"\/bestelehresteiermark\/wp-content\/uploads\/2018\/10\/Steiermarkkarte_Standort_Bruckandermur.png\" alt=\"\" width=\"463\" height=\"319\" \/><\/p>\n<p><img loading=\"lazy\" decoding=\"async\" src=\"\/bestelehresteiermark\/wp-content\/uploads\/2018\/10\/Steiermarkkarte_Standort_Kapfenberg.png\" alt=\"\" width=\"463\" height=\"319\" \/><\/p>\n<p><img loading=\"lazy\" decoding=\"async\" src=\"\/bestelehresteiermark\/wp-content\/uploads\/2018\/10\/Steiermarkkarte_Standort_Zeltweg.png\" alt=\"\" width=\"463\" height=\"319\" \/><\/p>\n<p><img loading=\"lazy\" decoding=\"async\" src=\"\/bestelehresteiermark\/wp-content\/uploads\/2018\/10\/Steiermarkkarte_Standort_Kindberg.png\" alt=\"\" width=\"463\" height=\"319\" \/><\/p>\n<p><img loading=\"lazy\" decoding=\"async\" src=\"\/bestelehresteiermark\/wp-content\/uploads\/2018\/10\/Steiermarkkarte_Standort_Krieglach.png\" alt=\"\" width=\"463\" height=\"319\" \/><\/p>\n<p><img loading=\"lazy\" decoding=\"async\" src=\"https:\/\/www.voestalpine.com\/bestelehresteiermark\/wp-content\/uploads\/2024\/09\/steiermarkkarte-standort-leoben-donawitz-1.png\" alt=\"\" width=\"463\" height=\"319\" \/><\/p>\n<p><img loading=\"lazy\" decoding=\"async\" src=\"\/bestelehresteiermark\/wp-content\/uploads\/2018\/10\/Steiermarkkarte_Standort_Muerzzuschlag.png\" alt=\"\" width=\"463\" height=\"319\" \/><\/p>\n<p><img loading=\"lazy\" decoding=\"async\" src=\"\/bestelehresteiermark\/wp-content\/uploads\/2018\/10\/Steiermarkkarte_Standort_stpeterfreienstein.png\" alt=\"\" width=\"463\" height=\"319\" \/><\/p>\n<p><img loading=\"lazy\" decoding=\"async\" src=\"\/bestelehresteiermark\/wp-content\/uploads\/2018\/10\/Steiermarkkarte_Standort.png\" alt=\"\" width=\"463\" height=\"319\" \/><\/p>\n\t<h2>Ausbildungsorte:<\/h2>\n<p>&nbsp;<\/p>\n\tBruck an der Mur \/ voestalpine Wire Austria GmbH<br \/>\n<a href=\"https:\/\/jobs.voestalpine.com\/index.php?ac=jobad&amp;id=19340\">Zur Stellenanzeige im Jobportal<\/a>\nKapfenberg \/ voestalpine B\u00f6hler Welding Austria GmbH<br \/>\n<a href=\"https:\/\/jobs.voestalpine.com\/index.php?ac=jobad&amp;id=19193\">Zur Stellenanzeige im Jobportal<\/a>\nKindberg \/ voestalpine Tubulars GmbH &amp; Co KG<br \/>\n<a href=\"https:\/\/jobs.voestalpine.com\/index.php?ac=jobad&amp;id=19328\">Zur Stellenanzeige im Jobportal<\/a>\nLeoben-Donawitz \/ voestalpine Stahl Donawitz GmbH<br \/>\n<a href=\"https:\/\/jobs.voestalpine.com\/index.php?ac=jobad&amp;id=19279\">Zur Stellenanzeige im Jobportal<\/a>\nZeltweg \/ voestalpine Turnout Technology Zeltweg GmbH<br \/>\n<a href=\"https:\/\/jobs.voestalpine.com\/index.php?ac=jobad&amp;id=19411\">Zur Stellenanzeige im Jobportal<\/a>\n\t<strong> Du interessierst dich f\u00fcr diese Ausbildung und m\u00f6chtest dich bewerben?<br \/>\n<\/strong>Die Checkliste hilft dir, dich bestm\u00f6glich vorzubereiten.<br \/>\n <a href=\"https:\/\/www.voestalpine.com\/bestelehresteiermark\/#checkliste\">Checkliste<\/a>\n\t<h3>Hast du eine Frage zu diesem Lehrberuf?<\/h3>\n<p>Wir helfen dir gerne weiter.<\/p>\n\t\n<div class=\"wpcf7 no-js\" id=\"wpcf7-f951-o1\" lang=\"de-DE\" dir=\"ltr\" data-wpcf7-id=\"951\">\n<div class=\"screen-reader-response\"><p role=\"status\" aria-live=\"polite\" aria-atomic=\"true\"><\/p> <ul><\/ul><\/div>\n<form action=\"\/bestelehresteiermark\/wp-json\/wp\/v2\/pages\/377#wpcf7-f951-o1\" method=\"post\" class=\"wpcf7-form init\" aria-label=\"Kontaktformular\" novalidate=\"novalidate\" data-status=\"init\">\n<fieldset class=\"hidden-fields-container\"><input type=\"hidden\" name=\"_wpcf7\" value=\"951\" \/><input type=\"hidden\" name=\"_wpcf7_version\" value=\"6.1.5\" \/><input type=\"hidden\" name=\"_wpcf7_locale\" value=\"de_DE\" \/><input type=\"hidden\" name=\"_wpcf7_unit_tag\" value=\"wpcf7-f951-o1\" \/><input type=\"hidden\" name=\"_wpcf7_container_post\" value=\"0\" \/><input type=\"hidden\" name=\"_wpcf7_posted_data_hash\" value=\"\" \/>\n<\/fieldset>\n<p>Ich m\u00f6chte mehr wissen \u00fcber den Lehrberuf: <span style=\"font-weight:400;\">MT &#8211; Maschinenbautechnik<\/span>\n<\/p>\n<p><label><span class=\"wpcf7-form-control-wrap\" data-name=\"your-standort\"><select class=\"wpcf7-form-control wpcf7-select wpcf7-validates-as-required\" aria-required=\"true\" aria-invalid=\"false\" name=\"your-standort\"><option value=\"\">Standort w\u00e4hlen<\/option><option value=\"Bruck an der Mur \/ voestalpine Wire Austria GmbH\">Bruck an der Mur \/ voestalpine Wire Austria GmbH<\/option><option value=\"Kindberg \/ voestalpine Tubulars GmbH &amp; Co KG\">Kindberg \/ voestalpine Tubulars GmbH &amp; Co KG<\/option><option value=\"Kapfenberg \/ voestalpine B\u00f6hler Welding Austria GmbH\">Kapfenberg \/ voestalpine B\u00f6hler Welding Austria GmbH<\/option><option value=\"Leoben-Donawitz \/ voestalpine Stahl Donawitz GmbH\">Leoben-Donawitz \/ voestalpine Stahl Donawitz GmbH<\/option><option value=\"Zeltweg \/ voestalpine Turnout Technology Zeltweg GmbH\">Zeltweg \/ voestalpine Turnout Technology Zeltweg GmbH<\/option><\/select><\/span><\/label>\n<\/p>\n<p><label><span class=\"wpcf7-form-control-wrap\" data-name=\"your-name\"><input size=\"40\" maxlength=\"400\" class=\"wpcf7-form-control wpcf7-text wpcf7-validates-as-required\" aria-required=\"true\" aria-invalid=\"false\" placeholder=\"Vorname Nachname\" value=\"\" type=\"text\" name=\"your-name\" \/><\/span> <\/label>\n<\/p>\n<p><label><span class=\"wpcf7-form-control-wrap\" data-name=\"your-email\"><input size=\"40\" maxlength=\"400\" class=\"wpcf7-form-control wpcf7-email wpcf7-validates-as-required wpcf7-text wpcf7-validates-as-email\" aria-required=\"true\" aria-invalid=\"false\" placeholder=\"Meine E-Mail\" value=\"\" type=\"email\" name=\"your-email\" \/><\/span> <\/label>\n<\/p>\n<p><label><span class=\"wpcf7-form-control-wrap\" data-name=\"your-tel\"><input size=\"40\" maxlength=\"400\" class=\"wpcf7-form-control wpcf7-tel wpcf7-validates-as-required wpcf7-text wpcf7-validates-as-tel\" aria-required=\"true\" aria-invalid=\"false\" placeholder=\"Meine Telefonnummer\" value=\"\" type=\"tel\" name=\"your-tel\" \/><\/span> <\/label>\n<\/p>\n<p><label><span class=\"wpcf7-form-control-wrap\" data-name=\"your-message\"><textarea cols=\"40\" rows=\"10\" maxlength=\"2000\" class=\"wpcf7-form-control wpcf7-textarea\" aria-invalid=\"false\" placeholder=\"Meine Frage\" name=\"your-message\"><\/textarea><\/span> <\/label>\n<\/p>\n<p><label><span class=\"wpcf7-form-control-wrap\" data-name=\"quiz-113\"><label><span class=\"wpcf7-quiz-label\">Wieviel ist 3 + 7<\/span> <input size=\"40\" class=\"wpcf7-form-control wpcf7-quiz\" autocomplete=\"off\" aria-required=\"true\" aria-invalid=\"false\" type=\"text\" name=\"quiz-113\" \/><\/label><input type=\"hidden\" name=\"_wpcf7_quiz_answer_quiz-113\" value=\"a582ac202470fbb15ac42aa9d1d65a60\" \/><\/span><\/label>\n<\/p>\n<p><span class=\"wpcf7-form-control-wrap\" data-name=\"acceptance-20\"><span class=\"wpcf7-form-control wpcf7-acceptance\"><span class=\"wpcf7-list-item\"><label><input type=\"checkbox\" name=\"acceptance-20\" value=\"1\" aria-invalid=\"false\" \/><span class=\"wpcf7-list-item-label\"><span class=\"datenschutzlink\">Ich akzeptiere die <a  href=\"https:\/\/www.voestalpine.com\/bestelehresteiermark\/datenschutz\/\" target=\"_blank\" title=\"Datenschutzbedingungen\">Datenschutzbedingungen<\/a><\/span><\/span><\/label><\/span><\/span><\/span>\n<\/p>\n<p><input class=\"wpcf7-form-control wpcf7-submit has-spinner\" type=\"submit\" value=\"Absenden\" \/><input type=\"reset\" class='button btn btn-primary' \/>\n<\/p><div class=\"wpcf7-response-output\" aria-hidden=\"true\"><\/div>\n<\/form>\n<\/div>\n\n\t<p><strong>Link zur Ausbildung teilen<\/strong><\/p>\n<div class=\"addtoany_shortcode\"><div class=\"a2a_kit a2a_kit_size_32 addtoany_list\" data-a2a-url=\"https:\/\/www.voestalpine.com\/bestelehresteiermark\/ausbildungen\/metalltechnik-maschinenbautechnik\/\" data-a2a-title=\"MT \u2013 Maschinenbautechnik\"><a class=\"a2a_button_facebook\" href=\"https:\/\/www.addtoany.com\/add_to\/facebook?linkurl=https%3A%2F%2Fwww.voestalpine.com%2Fbestelehresteiermark%2Fausbildungen%2Fmetalltechnik-maschinenbautechnik%2F&amp;linkname=MT%20%E2%80%93%20Maschinenbautechnik\" title=\"Facebook\" rel=\"nofollow noopener\" target=\"_blank\"><\/a><a class=\"a2a_button_twitter\" href=\"https:\/\/www.addtoany.com\/add_to\/twitter?linkurl=https%3A%2F%2Fwww.voestalpine.com%2Fbestelehresteiermark%2Fausbildungen%2Fmetalltechnik-maschinenbautechnik%2F&amp;linkname=MT%20%E2%80%93%20Maschinenbautechnik\" title=\"Twitter\" rel=\"nofollow noopener\" target=\"_blank\"><\/a><a class=\"a2a_button_pinterest\" href=\"https:\/\/www.addtoany.com\/add_to\/pinterest?linkurl=https%3A%2F%2Fwww.voestalpine.com%2Fbestelehresteiermark%2Fausbildungen%2Fmetalltechnik-maschinenbautechnik%2F&amp;linkname=MT%20%E2%80%93%20Maschinenbautechnik\" title=\"Pinterest\" rel=\"nofollow noopener\" target=\"_blank\"><\/a><a class=\"a2a_button_whatsapp\" href=\"https:\/\/www.addtoany.com\/add_to\/whatsapp?linkurl=https%3A%2F%2Fwww.voestalpine.com%2Fbestelehresteiermark%2Fausbildungen%2Fmetalltechnik-maschinenbautechnik%2F&amp;linkname=MT%20%E2%80%93%20Maschinenbautechnik\" title=\"WhatsApp\" rel=\"nofollow noopener\" target=\"_blank\"><\/a><a class=\"a2a_button_email\" href=\"https:\/\/www.addtoany.com\/add_to\/email?linkurl=https%3A%2F%2Fwww.voestalpine.com%2Fbestelehresteiermark%2Fausbildungen%2Fmetalltechnik-maschinenbautechnik%2F&amp;linkname=MT%20%E2%80%93%20Maschinenbautechnik\" title=\"Email\" rel=\"nofollow noopener\" target=\"_blank\"><\/a><\/div><\/div>\n","protected":false},"excerpt":{"rendered":"<p>Lehre Metalltechnik \/ Maschinenbautechnik Lehrzeit: 3,5 Jahre Der Job: Maschinenbautechniker\/innen bauen \u2013 wie schon der Name verr\u00e4t \u2013 Maschinen und Anlagen. Sie gelten als industrielle \u201eBaumeister\u201c. Die Aufgabe: Du stellst Maschinenteile her und baust sie zusammen. Nach genauen Pl\u00e4nen, Vorschriften und Normen stellst du die Anlagen auf und nimmst sie in Betrieb. Durch dein umfassendes Know-how bist du selbstverst\u00e4ndlich auch f\u00fcr die Wartung und Reparatur &hellip; <a href=\"https:\/\/www.voestalpine.com\/bestelehresteiermark\/ausbildungen\/metalltechnik-maschinenbautechnik\/\" class=\"more-link\">Continue reading <span class=\"screen-reader-text\">MT &#8211; Maschinenbautechnik<\/span> <span class=\"meta-nav\">&raquo;<\/span><\/a><\/p>\n","protected":false},"author":2,"featured_media":0,"parent":8,"menu_order":0,"comment_status":"closed","ping_status":"closed","template":"page-templates\/full-width.php","meta":{"footnotes":""},"class_list":["post-377","page","type-page","status-publish","hentry"],"_links":{"self":[{"href":"https:\/\/www.voestalpine.com\/bestelehresteiermark\/wp-json\/wp\/v2\/pages\/377","targetHints":{"allow":["GET"]}}],"collection":[{"href":"https:\/\/www.voestalpine.com\/bestelehresteiermark\/wp-json\/wp\/v2\/pages"}],"about":[{"href":"https:\/\/www.voestalpine.com\/bestelehresteiermark\/wp-json\/wp\/v2\/types\/page"}],"author":[{"embeddable":true,"href":"https:\/\/www.voestalpine.com\/bestelehresteiermark\/wp-json\/wp\/v2\/users\/2"}],"replies":[{"embeddable":true,"href":"https:\/\/www.voestalpine.com\/bestelehresteiermark\/wp-json\/wp\/v2\/comments?post=377"}],"version-history":[{"count":113,"href":"https:\/\/www.voestalpine.com\/bestelehresteiermark\/wp-json\/wp\/v2\/pages\/377\/revisions"}],"predecessor-version":[{"id":5436,"href":"https:\/\/www.voestalpine.com\/bestelehresteiermark\/wp-json\/wp\/v2\/pages\/377\/revisions\/5436"}],"up":[{"embeddable":true,"href":"https:\/\/www.voestalpine.com\/bestelehresteiermark\/wp-json\/wp\/v2\/pages\/8"}],"wp:attachment":[{"href":"https:\/\/www.voestalpine.com\/bestelehresteiermark\/wp-json\/wp\/v2\/media?parent=377"}],"curies":[{"name":"wp","href":"https:\/\/api.w.org\/{rel}","templated":true}]}}