{"id":3438,"date":"2022-11-22T12:01:11","date_gmt":"2022-11-22T11:01:11","guid":{"rendered":"https:\/\/www.voestalpine.com\/bestelehresteiermark\/?page_id=3438"},"modified":"2024-09-23T11:09:53","modified_gmt":"2024-09-23T09:09:53","slug":"bewerbungsprozess","status":"publish","type":"page","link":"https:\/\/www.voestalpine.com\/bestelehresteiermark\/bewerbungsprozess\/","title":{"rendered":"Bewerbungsprozess"},"content":{"rendered":"<h1>\r\n\t\tBestens vorbereitet f\u00fcr eine Bewerbung bei der voestalpine\r\n\t<\/h1>\r\n\t<p><strong> 1. Sammle deine Unterlagen<\/strong><\/p>\r\n<p>Was brauchen wir, damit wir uns ein gutes Bild von dir machen k\u00f6nnen? Eine vollst\u00e4ndige Bewerbung enth\u00e4lt:<\/p>\r\n<ul>\r\n<li>Dein Abschlusszeugnis der 8. und 9. Schulstufe (vor dem Abschluss: Semesterzeugnis 9. Schulstufe)<\/li>\r\n<li>Deinen Lebenslauf mit Foto<\/li>\r\n<li>Ein Motivationsschreiben<\/li>\r\n<\/ul>\r\n<p><strong> 2. Bewirb dich im Jobportal<\/strong><\/p>\r\n<p>F\u00fcr unsere Lehrstellen kannst du dich immer von Anfang Oktober bis Ende April f\u00fcr einen Start im darauffolgenden Herbst bewerben.<\/p>\r\n<p>W\u00e4hle deinen Wunschberuf unter <a href=\"http:\/\/jobs.voestalpine.com\" target=\"_blank\" rel=\"noopener\">http:\/\/jobs.voestalpine.com<\/a> und lade dort alle deine Unterlagen hoch.<\/p>\r\n<p><strong> 3. Zeig uns, was du kannst<\/strong><\/p>\r\n<p>Wir laden dich zu einem Eignungstest mit schriftlichem und m\u00fcndlichem Teil ein. Hier kannst du dein Wissen und dein Talent unter Beweis stellen.<\/p>\r\n\t<h2>Welche Fragen erwarten mich beim Eignungstest?<\/h2>\r\n<p>Wir testen dein Wissen in Mathematik, Deutsch, Englisch und bei der Allgemeinbildung. Wir stellen dir Aufgaben, die auf technisches Verst\u00e4ndnis, logisches Denken und Merkverm\u00f6gen abzielen. Zus\u00e4tzlich warten praktische \u00dcbungen und dein Pers\u00f6nlichkeits-Check auf dich.<\/p>\r\n<p>Einige Beispiele aus dem Eignungstest:<\/p>\r\n<p><img loading=\"lazy\" decoding=\"async\" src=\"https:\/\/www.voestalpine.com\/bestelehresteiermark\/wp-content\/uploads\/2022\/11\/eignungstest.png\" alt=\"\" width=\"600\" height=\"330\" \/><\/p>\r\n\t<p><strong>4. Jetzt wollen wir dich kennenlernen<\/strong><\/p>\r\n<p>Eine Einladung zum Vorstellungsgespr\u00e4ch bringt dich deiner Ausbildung bei der voestalpine einen bedeutenden Schritt n\u00e4her. Wie immer gibt es auch hier keine zweite Chance auf einen guten ersten Eindruck.<\/p>\r\n<p>Warum willst du gerade diesen Beruf ergreifen? Welche Ziele hast du nach deiner Ausbildung? Welche Erwartungen hast du an deine Lehrstelle? Auf welche drei St\u00e4rken bist du besonders stolz? K\u00f6nntest du dich auch mit einem anderen Lehrberuf anfreunden? Was wei\u00dft du \u00fcber die voestalpine?<\/p>\r\n<p>Diese und \u00e4hnliche Fragen stellen wir gerne im Vorstellungsgespr\u00e4ch. In den FAQs findest du weitere Beispiele, die du dir durchdenken oder von Freunden stellen lassen kannst. Ein bisschen \u00dcbung schadet nie. Eine Portion Nervosit\u00e4t ist \u00fcbrigens auch ganz normal.<\/p>\r\n<p>Kleiner Tipp: Informiere dich im Vorfeld dar\u00fcber, was die voestalpine macht. Solche Fragen kommen sicher.<\/p>\r\n<p>Und zur Kleidungsfrage: W\u00e4hle etwas, worin du dich wohlf\u00fchlst. Du musst keinen Auftritt im Anzug oder Abendkleid hinlegen, allzu knappe Shirts, kurze Hosen oder schulterfreie Tops bleiben bei der Gelegenheit aber ebenfalls besser im Schrank.<\/p>\r\n<p><strong>5. Dein Ausbildungsstart<\/strong><\/p>\r\n<p>Auf Basis aller Ergebnisse entscheiden wir uns f\u00fcr die bestgeeigneten Bewerber:innen. Hast du beim Eignungstest und Bewerbungsgespr\u00e4ch \u00fcberzeugt, bilden wir dich in den kommenden Jahren in deinem Wunschberuf aus. Deine Lehre bei uns beginnt immer im September.<\/p>\r\n<p>Zu deiner Sicherheit gibt es vor deinem Ausbildungsstart noch eine kleine Aufgabe. Gesundheitsuntersuchung und Fitnesstest zeigen eindeutig, dass du den k\u00f6rperlichen Herausforderungen gut gewachsen bist. Ab deinem ersten Arbeitstag bist du bei uns vollwertiges Mitglied des voestalpine-Teams.<\/p>\r\n\t<h2>Kann ich bei der voestalpine Schnuppern?<\/h2>\r\n<p>Du kannst und sollst bei uns gerne einen Blick hinter die Kulissen werfen, wir beantworten dir gerne alle deine Fragen. Am Standort Zeltweg bieten wir an festgelegten Terminen Einblick in das Unternehmen und die verschiedenen Lehrberufe. Bei allen anderen Standorten kannst du dein Schnuppern individuell vereinbaren.<\/p>\r\n<p>&nbsp;<\/p>\r\n<h2>Hier kannst du mit jedem unserer Standorte Kontakt aufnehmen<\/h2>\r\n\n<div class=\"wpcf7 no-js\" id=\"wpcf7-f3434-o1\" lang=\"de-DE\" dir=\"ltr\" data-wpcf7-id=\"3434\">\n<div class=\"screen-reader-response\"><p role=\"status\" aria-live=\"polite\" aria-atomic=\"true\"><\/p> <ul><\/ul><\/div>\n<form action=\"\/bestelehresteiermark\/wp-json\/wp\/v2\/pages\/3438#wpcf7-f3434-o1\" method=\"post\" class=\"wpcf7-form init\" aria-label=\"Kontaktformular\" novalidate=\"novalidate\" data-status=\"init\">\n<fieldset class=\"hidden-fields-container\"><input type=\"hidden\" name=\"_wpcf7\" value=\"3434\" \/><input type=\"hidden\" name=\"_wpcf7_version\" value=\"6.1.5\" \/><input type=\"hidden\" name=\"_wpcf7_locale\" value=\"de_DE\" \/><input type=\"hidden\" name=\"_wpcf7_unit_tag\" value=\"wpcf7-f3434-o1\" \/><input type=\"hidden\" name=\"_wpcf7_container_post\" value=\"0\" \/><input type=\"hidden\" name=\"_wpcf7_posted_data_hash\" value=\"\" \/>\n<\/fieldset>\n<p><label><span class=\"wpcf7-form-control-wrap\" data-name=\"your-standort\"><select class=\"wpcf7-form-control wpcf7-select wpcf7-validates-as-required\" aria-required=\"true\" aria-invalid=\"false\" name=\"your-standort\"><option value=\"\">Standort w\u00e4hlen<\/option><option value=\"Bruck an der Mur \/ voestalpine Wire Austria GmbH\">Bruck an der Mur \/ voestalpine Wire Austria GmbH<\/option><option value=\"Kapfenberg \/ voestalpine B\u00f6hler Welding Austria GmbH\">Kapfenberg \/ voestalpine B\u00f6hler Welding Austria GmbH<\/option><option value=\"Kindberg \/ voestalpine Tubulars GmbH &amp; Co KG\">Kindberg \/ voestalpine Tubulars GmbH &amp; Co KG<\/option><option value=\"Leoben-Donawitz \/ voestalpine Stahl Donawitz GmbH\">Leoben-Donawitz \/ voestalpine Stahl Donawitz GmbH<\/option><option value=\"St. Peter Freienstein \/ voestalpine Wire Rod GmbH\">St. Peter Freienstein \/ voestalpine Wire Rod GmbH<\/option><option value=\"Zeltweg \/ voestalpine Signaling Austria GmbH\">Zeltweg \/ voestalpine Signaling Austria GmbH<\/option><option value=\"Zeltweg \/ voestalpine Turnout Technology Zeltweg GmbH\">Zeltweg \/ voestalpine Turnout Technology Zeltweg GmbH<\/option><\/select><\/span><\/label>\n<\/p>\n<p><label><span class=\"wpcf7-form-control-wrap\" data-name=\"your-name\"><input size=\"40\" maxlength=\"400\" class=\"wpcf7-form-control wpcf7-text wpcf7-validates-as-required\" aria-required=\"true\" aria-invalid=\"false\" placeholder=\"Dein Name\" value=\"\" type=\"text\" name=\"your-name\" \/><\/span> <\/label>\n<\/p>\n<p><label><span class=\"wpcf7-form-control-wrap\" data-name=\"your-email\"><input size=\"40\" maxlength=\"400\" class=\"wpcf7-form-control wpcf7-email wpcf7-validates-as-required wpcf7-text wpcf7-validates-as-email\" aria-required=\"true\" aria-invalid=\"false\" placeholder=\"Deine E-Mail\" value=\"\" type=\"email\" name=\"your-email\" \/><\/span> <\/label>\n<\/p>\n<p><label><span class=\"wpcf7-form-control-wrap\" data-name=\"your-message\"><textarea cols=\"40\" rows=\"10\" maxlength=\"2000\" class=\"wpcf7-form-control wpcf7-textarea\" aria-invalid=\"false\" placeholder=\"Deine Nachricht\" name=\"your-message\"><\/textarea><\/span> <\/label>\n<\/p>\n<p><label><span class=\"wpcf7-form-control-wrap\" data-name=\"quiz-113\"><label><span class=\"wpcf7-quiz-label\">Wieviel ist 3 + 7<\/span> <input size=\"40\" class=\"wpcf7-form-control wpcf7-quiz\" autocomplete=\"off\" aria-required=\"true\" aria-invalid=\"false\" type=\"text\" name=\"quiz-113\" \/><\/label><input type=\"hidden\" name=\"_wpcf7_quiz_answer_quiz-113\" value=\"a582ac202470fbb15ac42aa9d1d65a60\" \/><\/span><\/label>\n<\/p>\n<p><span class=\"wpcf7-form-control-wrap\" data-name=\"acceptance-20\"><span class=\"wpcf7-form-control wpcf7-acceptance\"><span class=\"wpcf7-list-item\"><label><input type=\"checkbox\" name=\"acceptance-20\" value=\"1\" aria-invalid=\"false\" \/><span class=\"wpcf7-list-item-label\"><span class=\"datenschutzlink\">Ich akzeptiere die <a  href=\"https:\/\/www.voestalpine.com\/bestelehresteiermark\/datenschutz\/\" target=\"_blank\" title=\"Datenschutzbedingungen\">Datenschutzbedingungen<\/a><\/span><\/span><\/label><\/span><\/span><\/span>\n<\/p>\n<p><input class=\"wpcf7-form-control wpcf7-submit has-spinner\" type=\"submit\" value=\"Absenden\" \/><input type=\"reset\" class='button btn btn-primary' \/>\n<\/p><div class=\"wpcf7-response-output\" aria-hidden=\"true\"><\/div>\n<\/form>\n<\/div>\n\r\n","protected":false},"excerpt":{"rendered":"<p>Bestens vorbereitet f\u00fcr eine Bewerbung bei der voestalpine 1. Sammle deine Unterlagen Was brauchen wir, damit wir uns ein gutes Bild von dir machen k\u00f6nnen? Eine vollst\u00e4ndige Bewerbung enth\u00e4lt: Dein Abschlusszeugnis der 8. und 9. Schulstufe (vor dem Abschluss: Semesterzeugnis 9. Schulstufe) Deinen Lebenslauf mit Foto Ein Motivationsschreiben 2. Bewirb dich im Jobportal F\u00fcr unsere Lehrstellen kannst du dich immer von Anfang Oktober bis Ende &hellip; <a href=\"https:\/\/www.voestalpine.com\/bestelehresteiermark\/bewerbungsprozess\/\" class=\"more-link\">Continue reading <span class=\"screen-reader-text\">Bewerbungsprozess<\/span> <span class=\"meta-nav\">&raquo;<\/span><\/a><\/p>\n","protected":false},"author":2,"featured_media":0,"parent":0,"menu_order":0,"comment_status":"closed","ping_status":"closed","template":"page-templates\/full-width.php","meta":{"footnotes":""},"class_list":["post-3438","page","type-page","status-publish","hentry"],"_links":{"self":[{"href":"https:\/\/www.voestalpine.com\/bestelehresteiermark\/wp-json\/wp\/v2\/pages\/3438","targetHints":{"allow":["GET"]}}],"collection":[{"href":"https:\/\/www.voestalpine.com\/bestelehresteiermark\/wp-json\/wp\/v2\/pages"}],"about":[{"href":"https:\/\/www.voestalpine.com\/bestelehresteiermark\/wp-json\/wp\/v2\/types\/page"}],"author":[{"embeddable":true,"href":"https:\/\/www.voestalpine.com\/bestelehresteiermark\/wp-json\/wp\/v2\/users\/2"}],"replies":[{"embeddable":true,"href":"https:\/\/www.voestalpine.com\/bestelehresteiermark\/wp-json\/wp\/v2\/comments?post=3438"}],"version-history":[{"count":2,"href":"https:\/\/www.voestalpine.com\/bestelehresteiermark\/wp-json\/wp\/v2\/pages\/3438\/revisions"}],"predecessor-version":[{"id":3441,"href":"https:\/\/www.voestalpine.com\/bestelehresteiermark\/wp-json\/wp\/v2\/pages\/3438\/revisions\/3441"}],"wp:attachment":[{"href":"https:\/\/www.voestalpine.com\/bestelehresteiermark\/wp-json\/wp\/v2\/media?parent=3438"}],"curies":[{"name":"wp","href":"https:\/\/api.w.org\/{rel}","templated":true}]}}