{"id":3359,"date":"2022-11-22T11:47:33","date_gmt":"2022-11-22T10:47:33","guid":{"rendered":"https:\/\/www.voestalpine.com\/bestelehresteiermark\/?page_id=3359"},"modified":"2024-10-07T12:38:18","modified_gmt":"2024-10-07T10:38:18","slug":"faq","status":"publish","type":"page","link":"https:\/\/www.voestalpine.com\/bestelehresteiermark\/faq\/","title":{"rendered":"FAQ"},"content":{"rendered":"<h1>\n\t\tH\u00e4ufig gestellte Fragen\n\t<\/h1>\n\t<h2>Du willst noch mehr wissen? In unseren FAQs haben wir die h\u00e4ufigsten Fragen rund um deine Bewerbung zusammengestellt.<\/h2>\n\t\t\t<a href=\"#\" id=\"fl-accordion--label-0\" tabindex=\"0\" aria-controls=\"fl-accordion--panel-0\">Wie bewerbe ich mich bei der voestalpine?<\/a>\n\t\t\t\t\t\t\t<a href=\"#\" id=\"fl-accordion--icon-0\" tabindex=\"0\" aria-controls=\"fl-accordion--panel-0\"><i>Expand<\/i><\/a>\n\t\t<p>Idealerweise \u00fcber unser Portal <a href=\"http:\/\/jobs.voestalpine.com\" target=\"_blank\" rel=\"noopener\">http:\/\/jobs.voestalpine.com<\/a><\/p>\nBei jeder unserer Lehrstellen auf dieser Seite findest du einen direkten Link zur entsprechenden Ausschreibung.<br \/>\nMit einem Klick auf \u201eJetzt bewerben\u201c kannst du deinen Bewerbungsprozess direkt starten.\n<p>Alternativ kannst du deine gesammelten Unterlagen oder Fragen auch an <a href=\"mailto:mario.ruehrnoessl@voestalpine.com\">Mario R\u00fchrn\u00f6\u00dfl<\/a> schicken.<\/p>\n\t\t\t<a href=\"#\" id=\"fl-accordion--label-1\" tabindex=\"0\" aria-controls=\"fl-accordion--panel-1\">Wie muss ich mich auf eine Online-Bewerbung vorbereiten?<\/a>\n\t\t\t\t\t\t\t<a href=\"#\" id=\"fl-accordion--icon-1\" tabindex=\"0\" aria-controls=\"fl-accordion--panel-1\"><i>Expand<\/i><\/a>\n\t\t<p>Stelle alle n\u00f6tigen Unterlagen zusammen. Scanne dein Abschlusszeugnis der 8. und 9. Schulstufe (oder das Semesterzeugnis vor dem Jahresschluss). Erstelle einen Lebenslauf mit deinem Foto. Dein Motivationsschreiben ist freiwillig, hilft uns aber dabei dich besser kennenzulernen.<\/p>\n<p>Die Bewerbung dauert ca. 15 Minuten, wenn du alle Unterlagen vorab vorbereitest.<\/p>\n<p>Die vollst\u00e4ndigen Unterlagen kannst du direkt im Online-Portal hochladen. Jedes einzelne Dokument darf eine Gr\u00f6\u00dfe von 10mb dabei nicht \u00fcberschreiten.<\/p>\n<p><strong>Zul\u00e4ssige Dateiformate:<\/strong><\/p>\nMotivationsschreiben (pdf, doc, docx, odt, rtf)<br \/>\nLebenslauf (pdf, doc, docx, odt, rtf, pptx, xlsx, jpg, jpeg)<br \/>\nZeugnisse (pdf, doc, docx, odt, jpg, jpeg, png)<br \/>\nFoto (jpg, jpeg, png)<br \/>\nSonstiges (pdf, doc, docx, odt, jpg, jpeg, png)\n\t\t\t<a href=\"#\" id=\"fl-accordion--label-2\" tabindex=\"0\" aria-controls=\"fl-accordion--panel-2\">Wie stelle ich einen Lebenslauf zusammen?<\/a>\n\t\t\t\t\t\t\t<a href=\"#\" id=\"fl-accordion--icon-2\" tabindex=\"0\" aria-controls=\"fl-accordion--panel-2\"><i>Expand<\/i><\/a>\n\t\t<p>Beim Lebenslauf reicht uns eine Seite mit den wichtigsten Daten zu deiner Person und Ausbildung. Eine Vorlage f\u00fcr deinen Lebenslauf findest du <a href=\"https:\/\/www.voestalpine.com\/lehre\/wp-content\/uploads\/Vorlage_Lebenslauf.docx\" target=\"_blank\" rel=\"noopener\">hier<\/a>.<\/p>\n\t\t\t<a href=\"#\" id=\"fl-accordion--label-3\" tabindex=\"0\" aria-controls=\"fl-accordion--panel-3\">Was braucht ein gutes Motivationsschreiben?<\/a>\n\t\t\t\t\t\t\t<a href=\"#\" id=\"fl-accordion--icon-3\" tabindex=\"0\" aria-controls=\"fl-accordion--panel-3\"><i>Expand<\/i><\/a>\n\t\t<p>Verrate uns, warum du besonders geeignet f\u00fcr deinen Wunschberuf bist und warum wir keinesfalls auf dich verzichten sollten. Deinen Lebenslauf bekommen wir ohnehin, den brauchst du an dieser Stelle nicht wiederholen. Zeig lieber mit konkreten Beispielen aus deinem Leben, warum du die geforderten Eigenschaften mitbringst und wo deine Interessen liegen. Ehrenamtliches Engagement, besondere Lebenswege und private Interessen oder Projekte finden hier einen guten Platz.<\/p>\n\t\t\t<a href=\"#\" id=\"fl-accordion--label-4\" tabindex=\"0\" aria-controls=\"fl-accordion--panel-4\">Kann ich mehrere Lehrberufe als Wunsch angeben?<\/a>\n\t\t\t\t\t\t\t<a href=\"#\" id=\"fl-accordion--icon-4\" tabindex=\"0\" aria-controls=\"fl-accordion--panel-4\"><i>Expand<\/i><\/a>\n\t\t<p>Bietet ein Standort mehrere Lehrberufe an, kannst du bei der Online-Bewerbung bis zu drei Wunsch-Lehrberufe angeben. Es kommt immer wieder vor, dass sich nach dem Eignungstest bzw. im Bewerbungsgespr\u00e4ch herausstellt, dass ein anderer Lehrberuf besser zu dir passt. Mehrere Angaben erh\u00f6hen deine Chancen auf einen Lehrberuf bei uns.<\/p>\n\t\t\t<a href=\"#\" id=\"fl-accordion--label-5\" tabindex=\"0\" aria-controls=\"fl-accordion--panel-5\">Kann ich mich auf den Eignungstest vorbereiten?<\/a>\n\t\t\t\t\t\t\t<a href=\"#\" id=\"fl-accordion--icon-5\" tabindex=\"0\" aria-controls=\"fl-accordion--panel-5\"><i>Expand<\/i><\/a>\n\t\t<p>Unsere eigenen Tests stellen wir nicht online zur Verf\u00fcgung, sie sollen f\u00fcr alle die gleiche faire Herausforderung sein. \u00c4hnliche Fragen findest du auf der Onlineplattform <a href=\"https:\/\/www.playmit.com\" target=\"_blank\" rel=\"noopener\">https:\/\/www.playmit.com<\/a><\/p>\n<p>Diese Seite wurde extra f\u00fcr Jugendliche gestaltet, die sich bestens auf einen Eignungstest vorbereiten wollen.<\/p>\n<p>Unser Eignungstest hat einen schriftlichen Teil mit \u00fcberwiegend Multiple-Choice-Fragen und einen m\u00fcndlichen Teil.<\/p>\n<p>Je nach Beruf stellen wir Aufgaben aus Mathematik und Geometrischem Zeichnen, Fragen, die auf das Allgemeinwissen (bei kaufm\u00e4nnischen Lehrberufen) oder das technische Verst\u00e4ndnis abzielen. Wir stellen dich auch vor praktische \u00dcbungen. Wichtig ist uns Kopfrechnen \u2013 Taschenrechner oder Handy sind beim Test tabu.<\/p>\n\t\t\t<a href=\"#\" id=\"fl-accordion--label-6\" tabindex=\"0\" aria-controls=\"fl-accordion--panel-6\">Wie bereite ich mich auf das Bewerbungsgespr\u00e4ch vor?<\/a>\n\t\t\t\t\t\t\t<a href=\"#\" id=\"fl-accordion--icon-6\" tabindex=\"0\" aria-controls=\"fl-accordion--panel-6\"><i>Expand<\/i><\/a>\n\t\t<p>\u00dcbung macht die Meisterin oder den Meister. Gemeinsam mit Freunden oder Familie k\u00f6nnt ihr die Situation im Vorfeld durchspielen. Ein Bewerbungsgespr\u00e4ch bei uns dauert rund 20 Minuten. Aber keine Sorge, wir wollen dich wirklich kennenlernen und gehen entsprechend auf dich ein. Ein bisschen Nervosit\u00e4t ist in dieser Situation auch ganz normal.<\/p>\n<p>Auf diese Fragen kannst du dich einstellen:<\/p>\nErz\u00e4hl uns etwas \u00fcber dich.<br \/>\nWas machst du gerne in deiner Freizeit?<br \/>\nWas sind deine drei gr\u00f6\u00dften St\u00e4rken?<br \/>\nWie gehst du mit deinen Schw\u00e4chen um?<br \/>\nWas war bisher deine gr\u00f6\u00dfte Herausforderung?<br \/>\nWie gehst du mit Kritik um?<br \/>\nWie w\u00fcrden dich deine Freunde beschreiben?<br \/>\nWarum hast du dich bei unserem Unternehmen beworben?<br \/>\nWas wei\u00dft du \u00fcber die voestalpine?<br \/>\nWarum m\u00f6chtest du gerade diesen Lehrberuf ergreifen?<br \/>\nW\u00fcrde dir auch ein anderer Lehrberuf gefallen?<br \/>\nWelcher Erwartungen hast du an deine Lehrstelle?<br \/>\nWelche Ziele hast du nach deiner Ausbildung?<br \/>\nWas war dein Beweggrund f\u00fcr eine Lehre?<br \/>\nWas sind deine Lieblingsf\u00e4cher in der Schule?<br \/>\nWelche:n Lehrer:in hattest du in der Schule am liebsten und warum?<br \/>\nWas erwartest du dir von der Zusammenarbeit im Team und von den Vorgesetzten?\n\t\t\t<a href=\"#\" id=\"fl-accordion--label-7\" tabindex=\"0\" aria-controls=\"fl-accordion--panel-7\">Was soll ich zum Bewerbungsgespr\u00e4ch anziehen?<\/a>\n\t\t\t\t\t\t\t<a href=\"#\" id=\"fl-accordion--icon-7\" tabindex=\"0\" aria-controls=\"fl-accordion--panel-7\"><i>Expand<\/i><\/a>\n\t\t<p>Zieh an, worin du dich wohlf\u00fchlst, schlie\u00dflich ist dein Selbstvertrauen heute entscheidend. Aber zu locker-l\u00e4ssig kommt in dieser Situation nicht gut an. Kurze Hosen und \u00e4rmellose oder schulterfreie Shirts bleiben heute genauso im Kleiderschrank wie ein Anzug oder ein Abendkleid. Arbeitskleidung mit dem Logo einer anderen Firma ist in keiner Firma gerne gesehen. Gute und geputzte Schuhe werden bei einem Bewerbungsgespr\u00e4ch \u00fcbrigens oft untersch\u00e4tzt und hinterlassen beim Gegen\u00fcber h\u00e4ufig einen starken Eindruck.<\/p>\n\t\t\t<a href=\"#\" id=\"fl-accordion--label-8\" tabindex=\"0\" aria-controls=\"fl-accordion--panel-8\">Kann ich bei der voestalpine Schnuppern?<\/a>\n\t\t\t\t\t\t\t<a href=\"#\" id=\"fl-accordion--icon-8\" tabindex=\"0\" aria-controls=\"fl-accordion--panel-8\"><i>Expand<\/i><\/a>\n\t\t<p>Du kannst und sollst bei uns gerne einen Blick hinter die Kulissen werfen, wir beantworten dir gerne alle deine Fragen. Am Standort Zeltweg bieten wir an festgelegten Terminen Einblick in das Unternehmen und die verschiedenen Lehrberufe. Bei allen anderen Standorten kannst du dein Schnuppern individuell vereinbaren.<\/p>\n<p><a href=\"#kontakt\">Hier<\/a> kannst du mit jedem unserer Standorte Kontakt aufnehmen.<\/p>\n\t\t\t<a href=\"#\" id=\"fl-accordion--label-9\" tabindex=\"0\" aria-controls=\"fl-accordion--panel-9\">Bietet die voestalpine Lehre mit Matura an?<\/a>\n\t\t\t\t\t\t\t<a href=\"#\" id=\"fl-accordion--icon-9\" tabindex=\"0\" aria-controls=\"fl-accordion--panel-9\"><i>Expand<\/i><\/a>\n\t\t<p>Selbstverst\u00e4ndlich, wir f\u00f6rdern sie sogar. Lehre mit Matura beginnt bei der voestalpine im zweiten Jahr, du kannst deine Lehre also ganz normal bei uns starten. Wenn du dich eingelebt hast, nimmst du im ersten Jahr mit allen Lehrlingen an einem Test teil, der die pers\u00f6nliche Eignung f\u00fcr eine Lehre mit Matura zeigt. Anschlie\u00dfend kannst du dich f\u00fcr diesen Weg bei uns entscheiden und bekommst unsere volle Unterst\u00fctzung. Die wertvolle Weiterbildung findet halb in der Arbeitszeit und halb in der Freizeit statt. Im Rahmen der besten Ausbildung bei uns kannst du also Lehrabschluss und Matura bei uns verbinden.<\/p>\n\t<p>Standorte kontaktieren:<\/p>\n\n<div class=\"wpcf7 no-js\" id=\"wpcf7-f3434-o1\" lang=\"de-DE\" dir=\"ltr\" data-wpcf7-id=\"3434\">\n<div class=\"screen-reader-response\"><p role=\"status\" aria-live=\"polite\" aria-atomic=\"true\"><\/p> <ul><\/ul><\/div>\n<form action=\"\/bestelehresteiermark\/wp-json\/wp\/v2\/pages\/3359#wpcf7-f3434-o1\" method=\"post\" class=\"wpcf7-form init\" aria-label=\"Kontaktformular\" novalidate=\"novalidate\" data-status=\"init\">\n<fieldset class=\"hidden-fields-container\"><input type=\"hidden\" name=\"_wpcf7\" value=\"3434\" \/><input type=\"hidden\" name=\"_wpcf7_version\" value=\"6.1.5\" \/><input type=\"hidden\" name=\"_wpcf7_locale\" value=\"de_DE\" \/><input type=\"hidden\" name=\"_wpcf7_unit_tag\" value=\"wpcf7-f3434-o1\" \/><input type=\"hidden\" name=\"_wpcf7_container_post\" value=\"0\" \/><input type=\"hidden\" name=\"_wpcf7_posted_data_hash\" value=\"\" \/>\n<\/fieldset>\n<p><label><span class=\"wpcf7-form-control-wrap\" data-name=\"your-standort\"><select class=\"wpcf7-form-control wpcf7-select wpcf7-validates-as-required\" aria-required=\"true\" aria-invalid=\"false\" name=\"your-standort\"><option value=\"\">Standort w\u00e4hlen<\/option><option value=\"Bruck an der Mur \/ voestalpine Wire Austria GmbH\">Bruck an der Mur \/ voestalpine Wire Austria GmbH<\/option><option value=\"Kapfenberg \/ voestalpine B\u00f6hler Welding Austria GmbH\">Kapfenberg \/ voestalpine B\u00f6hler Welding Austria GmbH<\/option><option value=\"Kindberg \/ voestalpine Tubulars GmbH &amp; Co KG\">Kindberg \/ voestalpine Tubulars GmbH &amp; Co KG<\/option><option value=\"Leoben-Donawitz \/ voestalpine Stahl Donawitz GmbH\">Leoben-Donawitz \/ voestalpine Stahl Donawitz GmbH<\/option><option value=\"St. Peter Freienstein \/ voestalpine Wire Rod GmbH\">St. Peter Freienstein \/ voestalpine Wire Rod GmbH<\/option><option value=\"Zeltweg \/ voestalpine Signaling Austria GmbH\">Zeltweg \/ voestalpine Signaling Austria GmbH<\/option><option value=\"Zeltweg \/ voestalpine Turnout Technology Zeltweg GmbH\">Zeltweg \/ voestalpine Turnout Technology Zeltweg GmbH<\/option><\/select><\/span><\/label>\n<\/p>\n<p><label><span class=\"wpcf7-form-control-wrap\" data-name=\"your-name\"><input size=\"40\" maxlength=\"400\" class=\"wpcf7-form-control wpcf7-text wpcf7-validates-as-required\" aria-required=\"true\" aria-invalid=\"false\" placeholder=\"Dein Name\" value=\"\" type=\"text\" name=\"your-name\" \/><\/span> <\/label>\n<\/p>\n<p><label><span class=\"wpcf7-form-control-wrap\" data-name=\"your-email\"><input size=\"40\" maxlength=\"400\" class=\"wpcf7-form-control wpcf7-email wpcf7-validates-as-required wpcf7-text wpcf7-validates-as-email\" aria-required=\"true\" aria-invalid=\"false\" placeholder=\"Deine E-Mail\" value=\"\" type=\"email\" name=\"your-email\" \/><\/span> <\/label>\n<\/p>\n<p><label><span class=\"wpcf7-form-control-wrap\" data-name=\"your-message\"><textarea cols=\"40\" rows=\"10\" maxlength=\"2000\" class=\"wpcf7-form-control wpcf7-textarea\" aria-invalid=\"false\" placeholder=\"Deine Nachricht\" name=\"your-message\"><\/textarea><\/span> <\/label>\n<\/p>\n<p><label><span class=\"wpcf7-form-control-wrap\" data-name=\"quiz-113\"><label><span class=\"wpcf7-quiz-label\">Wieviel ist 3 + 7<\/span> <input size=\"40\" class=\"wpcf7-form-control wpcf7-quiz\" autocomplete=\"off\" aria-required=\"true\" aria-invalid=\"false\" type=\"text\" name=\"quiz-113\" \/><\/label><input type=\"hidden\" name=\"_wpcf7_quiz_answer_quiz-113\" value=\"a582ac202470fbb15ac42aa9d1d65a60\" \/><\/span><\/label>\n<\/p>\n<p><span class=\"wpcf7-form-control-wrap\" data-name=\"acceptance-20\"><span class=\"wpcf7-form-control wpcf7-acceptance\"><span class=\"wpcf7-list-item\"><label><input type=\"checkbox\" name=\"acceptance-20\" value=\"1\" aria-invalid=\"false\" \/><span class=\"wpcf7-list-item-label\"><span class=\"datenschutzlink\">Ich akzeptiere die <a  href=\"https:\/\/www.voestalpine.com\/bestelehresteiermark\/datenschutz\/\" target=\"_blank\" title=\"Datenschutzbedingungen\">Datenschutzbedingungen<\/a><\/span><\/span><\/label><\/span><\/span><\/span>\n<\/p>\n<p><input class=\"wpcf7-form-control wpcf7-submit has-spinner\" type=\"submit\" value=\"Absenden\" \/><input type=\"reset\" class='button btn btn-primary' \/>\n<\/p><div class=\"wpcf7-response-output\" aria-hidden=\"true\"><\/div>\n<\/form>\n<\/div>\n\n","protected":false},"excerpt":{"rendered":"<p>H\u00e4ufig gestellte Fragen Du willst noch mehr wissen? In unseren FAQs haben wir die h\u00e4ufigsten Fragen rund um deine Bewerbung zusammengestellt. Wie bewerbe ich mich bei der voestalpine? Expand Idealerweise \u00fcber unser Portal http:\/\/jobs.voestalpine.com Bei jeder unserer Lehrstellen auf dieser Seite findest du einen direkten Link zur entsprechenden Ausschreibung. Mit einem Klick auf \u201eJetzt bewerben\u201c kannst du deinen Bewerbungsprozess direkt starten. Alternativ kannst du deine &hellip; <a href=\"https:\/\/www.voestalpine.com\/bestelehresteiermark\/faq\/\" class=\"more-link\">Continue reading <span class=\"screen-reader-text\">FAQ<\/span> <span class=\"meta-nav\">&raquo;<\/span><\/a><\/p>\n","protected":false},"author":2,"featured_media":0,"parent":0,"menu_order":0,"comment_status":"closed","ping_status":"closed","template":"page-templates\/full-width.php","meta":{"footnotes":""},"class_list":["post-3359","page","type-page","status-publish","hentry"],"_links":{"self":[{"href":"https:\/\/www.voestalpine.com\/bestelehresteiermark\/wp-json\/wp\/v2\/pages\/3359","targetHints":{"allow":["GET"]}}],"collection":[{"href":"https:\/\/www.voestalpine.com\/bestelehresteiermark\/wp-json\/wp\/v2\/pages"}],"about":[{"href":"https:\/\/www.voestalpine.com\/bestelehresteiermark\/wp-json\/wp\/v2\/types\/page"}],"author":[{"embeddable":true,"href":"https:\/\/www.voestalpine.com\/bestelehresteiermark\/wp-json\/wp\/v2\/users\/2"}],"replies":[{"embeddable":true,"href":"https:\/\/www.voestalpine.com\/bestelehresteiermark\/wp-json\/wp\/v2\/comments?post=3359"}],"version-history":[{"count":15,"href":"https:\/\/www.voestalpine.com\/bestelehresteiermark\/wp-json\/wp\/v2\/pages\/3359\/revisions"}],"predecessor-version":[{"id":5001,"href":"https:\/\/www.voestalpine.com\/bestelehresteiermark\/wp-json\/wp\/v2\/pages\/3359\/revisions\/5001"}],"wp:attachment":[{"href":"https:\/\/www.voestalpine.com\/bestelehresteiermark\/wp-json\/wp\/v2\/media?parent=3359"}],"curies":[{"name":"wp","href":"https:\/\/api.w.org\/{rel}","templated":true}]}}