{"id":3358,"date":"2022-11-15T03:33:54","date_gmt":"2022-11-15T02:33:54","guid":{"rendered":"https:\/\/www.voestalpine.com\/bestelehresteiermark\/?page_id=3358"},"modified":"2024-09-12T17:29:10","modified_gmt":"2024-09-12T15:29:10","slug":"standorte","status":"publish","type":"page","link":"https:\/\/www.voestalpine.com\/bestelehresteiermark\/standorte\/","title":{"rendered":"Standorte"},"content":{"rendered":"<h1>\n\t\tStandorte der voestalpine Metal Engineering Division in der Steiermark\n\t<\/h1>\n\t\t\t<img decoding=\"async\" loading='false' src=\"https:\/\/www.voestalpine.com\/bestelehresteiermark\/wp-content\/uploads\/2018\/10\/leoben_donauwitz_c-regine-schoettl-0317.jpg\" alt=\"\" \/>\t\t\t\n\t\t\t\t<p>Leoben \/ voestalpine Stahl Donawitz GmbH<\/p>\n\t\t\t<img decoding=\"async\" loading='false' src=\"https:\/\/www.voestalpine.com\/bestelehresteiermark\/wp-content\/uploads\/2018\/10\/Tubulars_Kindberg.jpg\" alt=\"\" \/>\t\t\t\n\t\t\t\t<p>Kindberg \/ voestalpine Tubulars GmbH &amp; Co KG<\/p>\n\t\t\t<img decoding=\"async\" loading='false' src=\"https:\/\/www.voestalpine.com\/bestelehresteiermark\/wp-content\/uploads\/2018\/10\/Zeltweg-1.jpg\" alt=\"\" \/>\t\t\t\n\t\t\t\tZeltweg \/ voestalpine Turnout Technology Zeltweg GmbH<br \/>\nvoestalpine SIGNALING Austria GmbH\n\t\t\t<img decoding=\"async\" loading='false' src=\"https:\/\/www.voestalpine.com\/bestelehresteiermark\/wp-content\/uploads\/2018\/10\/Leoben_Schiene.jpg\" alt=\"\" \/>\t\t\t\n\t\t\t\t<p>Leoben \/ voestalpine Rail Technology GmbH<\/p>\n\t\t\t<img decoding=\"async\" loading='false' src=\"https:\/\/www.voestalpine.com\/bestelehresteiermark\/wp-content\/uploads\/2022\/11\/wire.jpg\" alt=\"\" \/>\t\t\t\n\t\t\t\t<p>Bruck an der Mur \/ voestalpine Wire Austria GmbH<\/p>\n\t\t\t<img decoding=\"async\" loading='false' src=\"https:\/\/www.voestalpine.com\/bestelehresteiermark\/wp-content\/uploads\/2024\/08\/6-6.jpg\" alt=\"\" \/>\t\t\t\n\t\t\t\t<p>Kapfenberg \/ voestalpine B\u00f6hler Welding Austria GmbH<\/p>\n\t\t\t<img decoding=\"async\" loading='false' src=\"https:\/\/www.voestalpine.com\/bestelehresteiermark\/wp-content\/uploads\/2024\/08\/7-8.jpg\" alt=\"\" \/>\t\t\t\n\t\t\t\t<p>St. Peter \u2013 Freienstein \/ vostalpine Wire Rod Austria GmbH<\/p>\n\t\t\t<img decoding=\"async\" loading='false' src=\"https:\/\/www.voestalpine.com\/bestelehresteiermark\/wp-content\/uploads\/2018\/10\/leoben_donauwitz_c-regine-schoettl-0317.jpg\" alt=\"\" \/>\t\t\t\n\t\t\t\t<p>Leoben \/ voestalpine Stahl Donawitz GmbH<\/p>\n\t\t\t<img decoding=\"async\" loading='false' src=\"https:\/\/www.voestalpine.com\/bestelehresteiermark\/wp-content\/uploads\/2018\/10\/Tubulars_Kindberg.jpg\" alt=\"\" \/>\t\t\t\n\t\t\t\t<p>Kindberg \/ voestalpine Tubulars GmbH &amp; Co KG<\/p>\n\t\t\t<img decoding=\"async\" loading='false' src=\"https:\/\/www.voestalpine.com\/bestelehresteiermark\/wp-content\/uploads\/2018\/10\/Zeltweg-1.jpg\" alt=\"\" \/>\t\t\t\n\t\t\t\tZeltweg \/ voestalpine Turnout Technology Zeltweg GmbH<br \/>\nvoestalpine SIGNALING Austria GmbH\n\t\t\t<img decoding=\"async\" loading='false' src=\"https:\/\/www.voestalpine.com\/bestelehresteiermark\/wp-content\/uploads\/2018\/10\/Leoben_Schiene.jpg\" alt=\"\" \/>\t\t\t\n\t\t\t\t<p>Leoben \/ voestalpine Rail Technology GmbH<\/p>\n\t\t\t<img decoding=\"async\" loading='false' src=\"https:\/\/www.voestalpine.com\/bestelehresteiermark\/wp-content\/uploads\/2024\/08\/5-8.jpg\" alt=\"\" \/>\t\t\t\n\t\t\t\t<p>Bruck an der Mur \/ voestalpine Wire Austria GmbH<\/p>\n\t\t\t<img decoding=\"async\" loading='false' src=\"https:\/\/www.voestalpine.com\/bestelehresteiermark\/wp-content\/uploads\/2024\/08\/6-6.jpg\" alt=\"\" \/>\t\t\t\n\t\t\t\t<p>Kapfenberg \/ voestalpine B\u00f6hler Welding Austria GmbH<\/p>\n\t\t\t<img decoding=\"async\" loading='false' src=\"https:\/\/www.voestalpine.com\/bestelehresteiermark\/wp-content\/uploads\/2024\/08\/7-8.jpg\" alt=\"\" \/>\t\t\t\n\t\t\t\t<p>St. Peter \u2013 Freienstein \/ vostalpine Wire Rod Austria GmbH<\/p>\n\t<h2>Die voestalpine Metal Engineering Division in der Steiermark<\/h2>\n<h3>6 Ausbildungsorte, 18 Lehrberufe, 80 &#8211; 100 Lehrstellen pro Jahr<\/h3>\n<h3><strong>Die Metal Engineering Division des voestalpine-Konzerns hat ihre Kompetenzen in den zwei Gesch\u00e4ftsbereichen \u201cRailway Systems\u201c und \u201eIndustrial Systems\u201c geb\u00fcndelt und bietet Kund:innen komplette, ma\u00dfgeschneiderte Systeml\u00f6sungen f\u00fcr anspruchsvollste Industriesegmente wie z.B. \u00a0Bahninfrastruktur, Automotive oder den Energiebereich an.<\/strong><\/h3>\n<p>Mit dem Gesch\u00e4ftsbereich\u00a0<a href=\"https:\/\/www.voestalpine.com\/railway-systems\/de\/\">Railway Systems<\/a>\u00a0ist die Division globaler Marktf\u00fchrer f\u00fcr Bahninfrastruktursysteme und Signaltechnik f\u00fcr Mischverkehr, Stadtbahnen, Schwerlast- und Hochgeschwindigkeitsstrecken. Mit dem Bereich Industrial Systems dar\u00fcber hinaus europ\u00e4ische Marktf\u00fchrerin f\u00fcr\u00a0<a href=\"https:\/\/www.voestalpine.com\/wiretechnology\/de\/\">Qualit\u00e4tsdraht<\/a>\u00a0sowie globale Anbieterin von\u00a0<a href=\"https:\/\/www.voestalpine.com\/welding\/de\/\">Schwei\u00dfkomplettl\u00f6sungen<\/a>. Vom Standort Kindberg in \u00d6sterreich werden zudem\u00a0<a href=\"https:\/\/www.voestalpine.com\/tubulars\/de\/\">Nahtlosrohre<\/a>\u00a0in die ganze Welt geliefert.\u00a0Die Kund:innen stammen aus der Bahninfrastrukturindustrie, dem Energiesektor, der Maschinenbau-, Automobil- sowie der Bauindustrie. Im Rahmen von greentec steel arbeitet und forscht die Metal Engineering Division zudem intensiv an unterschiedlichen innovativen, klimafreundlichen Technologien und Produktionsverfahren.<\/p>\n\t<p><strong>Metal Engineering Division<\/strong><\/p>\n\n<table id=\"tablepress-1\" class=\"tablepress tablepress-id-1\">\n<thead>\n<tr class=\"row-1\">\n\t<th class=\"column-1\">Ort<\/th><th class=\"column-2\">Gesellschaft<\/th><th class=\"column-3\">Lehrstellenpl\u00e4tze 2026<\/th>\n<\/tr>\n<\/thead>\n<tbody class=\"row-hover\">\n<tr class=\"row-2\">\n\t<td class=\"column-1\">8600 Bruck an der Mur<\/td><td class=\"column-2\">voestalpine Wire Austria GmbH <br \/>\n<a href=\"http:\/\/www.voestalpine.com\/wireaustria\" rel=\"noopener noreferrer\" target=\"_blank\">www.voestalpine.com\/wireaustria<\/a><\/td><td class=\"column-3\">insgesamt 6<\/td>\n<\/tr>\n<tr class=\"row-3\">\n\t<td class=\"column-1\">8605 Kapfenberg<\/td><td class=\"column-2\">voestalpine B\u00f6hler Welding Austria GmbH<br \/>\n<a href=\"http:\/\/www.voestalpine.com\/welding\" rel=\"noopener noreferrer\" target=\"_blank\">www.voestalpine.com\/welding<\/a><\/td><td class=\"column-3\">insgesamt 5<\/td>\n<\/tr>\n<tr class=\"row-4\">\n\t<td class=\"column-1\">8652 Kindberg<\/td><td class=\"column-2\">voestalpine Tubulars GmbH &amp; Co KG<br \/>\n<a href=\"http:\/\/www.voestalpine.com\/tubulars\" rel=\"noopener noreferrer\" target=\"_blank\">www.voestalpine.com\/tubulars<\/a><\/td><td class=\"column-3\">insgesamt 10<br \/>\n<\/td>\n<\/tr>\n<tr class=\"row-5\">\n\t<td class=\"column-1\">8700 Leoben-Donawitz<\/td><td class=\"column-2\">voestalpine Stahl Donawitz GmbH<br \/>\n<a href=\"http:\/\/www.voestalpine.com\/stahldonawitz\" rel=\"noopener noreferrer\" target=\"_blank\">www.voestalpine.com\/stahldonawitz<\/a><\/td><td class=\"column-3\">insgesamt 43<\/td>\n<\/tr>\n<tr class=\"row-6\">\n\t<td class=\"column-1\">8700 Leoben-Donawitz<\/td><td class=\"column-2\">voestalpine Rail Technology GmbH <br \/>\n<a href=\"https:\/\/www.voestalpine.com\/railway-systems\" rel=\"noopener noreferrer\" target=\"_blank\">www.voestalpine.com\/railway-systems<\/a><\/td><td class=\"column-3\">18 Lehrlingsausbildungen erfolgen \u00fcber die<br \/>\nvoestalpine Stahl Donawitz GmbH<br \/>\n<\/td>\n<\/tr>\n<tr class=\"row-7\">\n\t<td class=\"column-1\">8792 St. Peter-Freienstein<\/td><td class=\"column-2\">vostalpine Wire Rod Austria GmbH<br \/>\n<a href=\"http:\/\/www.voestalpine.com\/wiretechnology\" rel=\"noopener noreferrer\" target=\"_blank\">www.voestalpine.com\/wiretechnology<\/a><\/td><td class=\"column-3\">8 Lehrlingsausbildungen erfolgen \u00fcber die<br \/>\nvoestalpine Stahl Donawitz GmbH<\/td>\n<\/tr>\n<tr class=\"row-8\">\n\t<td class=\"column-1\">8740 Zeltweg<\/td><td class=\"column-2\">voestalpine Turnout Technology Zeltweg <br \/>\n<a href=\"https:\/\/www.voestalpine.com\/railway-systems\/de\/standorte\/voestalpine-turnout-technology-zeltweg\/\" rel=\"noopener noreferrer\" target=\"_blank\"> www.voestalpine.com\/railway-systems\/de\/standorte\/voestalpine-turnout-technology-zeltweg\/<\/a><\/td><td class=\"column-3\">insgesamt 5<\/td>\n<\/tr>\n<tr class=\"row-9\">\n\t<td class=\"column-1\">8740 Zeltweg<\/td><td class=\"column-2\">voestalpine Signaling Austria GmbH <br \/>\n<a href=\"https:\/\/www.voestalpine.com\/railway-systems\/de\/standorte\/voestalpine-signaling-austria\/\" rel=\"noopener noreferrer\" target=\"_blank\">www.voestalpine.com\/railway-systems\/de\/standorte\/voestalpine-signaling-austria\/<\/a><\/td><td class=\"column-3\">insgesamt 10<\/td>\n<\/tr>\n<\/tbody>\n<\/table>\n<!-- #tablepress-1 from cache -->\n","protected":false},"excerpt":{"rendered":"<p>Standorte der voestalpine Metal Engineering Division in der Steiermark Leoben \/ voestalpine Stahl Donawitz GmbH Kindberg \/ voestalpine Tubulars GmbH &amp; Co KG Zeltweg \/ voestalpine Turnout Technology Zeltweg GmbH voestalpine SIGNALING Austria GmbH Leoben \/ voestalpine Rail Technology GmbH Bruck an der Mur \/ voestalpine Wire Austria GmbH Kapfenberg \/ voestalpine B\u00f6hler Welding Austria GmbH St. Peter \u2013 Freienstein \/ vostalpine Wire Rod Austria &hellip; <a href=\"https:\/\/www.voestalpine.com\/bestelehresteiermark\/standorte\/\" class=\"more-link\">Continue reading <span class=\"screen-reader-text\">Standorte<\/span> <span class=\"meta-nav\">&raquo;<\/span><\/a><\/p>\n","protected":false},"author":2,"featured_media":0,"parent":0,"menu_order":0,"comment_status":"closed","ping_status":"closed","template":"page-templates\/full-width.php","meta":{"footnotes":""},"class_list":["post-3358","page","type-page","status-publish","hentry"],"_links":{"self":[{"href":"https:\/\/www.voestalpine.com\/bestelehresteiermark\/wp-json\/wp\/v2\/pages\/3358","targetHints":{"allow":["GET"]}}],"collection":[{"href":"https:\/\/www.voestalpine.com\/bestelehresteiermark\/wp-json\/wp\/v2\/pages"}],"about":[{"href":"https:\/\/www.voestalpine.com\/bestelehresteiermark\/wp-json\/wp\/v2\/types\/page"}],"author":[{"embeddable":true,"href":"https:\/\/www.voestalpine.com\/bestelehresteiermark\/wp-json\/wp\/v2\/users\/2"}],"replies":[{"embeddable":true,"href":"https:\/\/www.voestalpine.com\/bestelehresteiermark\/wp-json\/wp\/v2\/comments?post=3358"}],"version-history":[{"count":14,"href":"https:\/\/www.voestalpine.com\/bestelehresteiermark\/wp-json\/wp\/v2\/pages\/3358\/revisions"}],"predecessor-version":[{"id":4635,"href":"https:\/\/www.voestalpine.com\/bestelehresteiermark\/wp-json\/wp\/v2\/pages\/3358\/revisions\/4635"}],"wp:attachment":[{"href":"https:\/\/www.voestalpine.com\/bestelehresteiermark\/wp-json\/wp\/v2\/media?parent=3358"}],"curies":[{"name":"wp","href":"https:\/\/api.w.org\/{rel}","templated":true}]}}