{"id":33,"date":"2018-09-28T13:12:54","date_gmt":"2018-09-28T11:12:54","guid":{"rendered":"https:\/\/voest.5q.at\/bestelehresteiermark\/?page_id=33"},"modified":"2026-03-05T09:02:48","modified_gmt":"2026-03-05T08:02:48","slug":"impressum","status":"publish","type":"page","link":"https:\/\/www.voestalpine.com\/bestelehresteiermark\/impressum\/","title":{"rendered":"Impressum"},"content":{"rendered":"\r\n<h2>Impressum<\/h2>\r\n<section>\r\n<p>Bitte beachten Sie folgende rechtliche Hinweise zu dieser Site:<\/p>\r\n<p>Diese Website kann Hinweise auf andere Eigentumsrechte und Informationen zu Urheberrechten enthalten, die beachtet und befolgt werden m\u00fcssen. Dies gilt insbesondere f\u00fcr Logos, Bilder, Tondateien und Videos. Das Herunterladen, Drucken und Speichern von Dateien dieser Website f\u00fcr den ausschlie\u00dflich privaten Gebrauch ist gestattet, dar\u00fcber hinaus gehende Nutzung bedarf der ausdr\u00fccklichen Zustimmung der voestalpine AG. Die voestalpine AG \u00fcbernimmt keine Haftung f\u00fcr Datenverlust oder andere technische Beeintr\u00e4chtigungen, die beim Betrachten oder Herunterladen von Daten dieser Website entstehen k\u00f6nnen. Bei Links zu anderen Webseiten \u00fcbernimmt die voestalpine AG keine Haftung f\u00fcr deren Inhalt.<\/p>\r\nvoestalpine Metal Engineering GmbH<br \/>Kerpelystra\u00dfe 199<br \/>8700 Leoben T.: +43\/50304\/26-0<br \/>F. +43\/50304\/66-0<br \/><a href=\"https:\/\/www.voestalpine.com\" target=\"_blank\" rel=\"noopener noreferrer\">www.voestalpine.com<\/a> Rechtsform: Gesellschaft mit beschr\u00e4nkter Haftung<br \/>Sitz: Leoben\/Austria,<br \/>FN 365045g beim Landesgericht Leoben<br \/>UID: ATU66583146\r\n<p>Verbraucher haben die M\u00f6glichkeit, Beschwerden an die Online-Streitbeilegungsplattform der EU zu richten: <a href=\"http:\/\/ec.europa.eu\/odr\" target=\"_blank\" rel=\"noopener noreferrer\">http:\/\/ec.europa.eu\/odr<\/a>.<\/p>\r\n<p>Sie k\u00f6nnen allf\u00e4llige Beschwerde auch an die oben angegebene E-Mail-Adresse richten.<\/p>\r\n<p>Die voestalpine AG und die \u00f6sterreichischen Tochterunternehmen sind Mitglied der \u00f6sterreichischen Wirtschaftskammerorganisation gem\u00e4\u00df den entsprechenden Rechtsvorschriften. F\u00fcr die Zugeh\u00f6rigkeit zu K\u00f6rperschaften der Wirtschaftskammer siehe Firmen A-Z auf der website der WK\u00d6\u00a0<a title=\"WKO\" href=\"http:\/\/www.wko.at\/\" target=\"_blank\" rel=\"noopener noreferrer\">http:\/\/wko.at<\/a>.<\/p>\r\n<p>Aus Gr\u00fcnden der vereinfachten Lesbarkeit wurde von einer geschlechtsneutralen Schreibweise der auf nat\u00fcrliche Personen bezogenen Bezeichnungen gro\u00dfteils Abstand genommen. Soweit derartige Bezeichnungen nur in m\u00e4nnlicher Form angef\u00fchrt sind, beziehen sie sich in gleicher Weise auf weibliche Besch\u00e4ftigte.<\/p>\r\n<\/section>\r\n<h2>Fotocredits<\/h2>\r\n<p>voestalpine AG<br \/>voestalpine B\u00d6HLER Edelstahl GmbH &amp; Co KG<br \/>Regine Sch\u00f6ttl, <a href=\"http:\/\/www.pixelworker.com\">www.pixelworker.com<\/a><br \/>Stiefkind Fotografie,\u00a0<a href=\"http:\/\/www.stiefkind.at\/\">www.stiefkind.at<\/a><\/p>\r\n<h2>Datenschutz<\/h2>\r\n<p>Die <a href=\"https:\/\/www.voestalpine.com\/bestelehresteiermark\/datenschutz\/\">Datenschutzerkl\u00e4rung<\/a> informiert Sie \u00fcber die Art, den Umfang und die Zwecke der Erhebung und Verwendung Ihrer personenbezogenen Daten durch uns im Zusammenhang mit Ihrem Besuch und Ihrer Nutzung unserer Website.<\/p>\r\n<p>Die Datenschutzerkl\u00e4rung und alle weitere Informationen finden Sie auf der <a href=\"https:\/\/www.voestalpine.com\/bestelehresteiermark\/datenschutz\/\">Datenschutz-Seite<\/a>.<\/p>\r\n","protected":false},"excerpt":{"rendered":"<p>Impressum Bitte beachten Sie folgende rechtliche Hinweise zu dieser Site: Diese Website kann Hinweise auf andere Eigentumsrechte und Informationen zu Urheberrechten enthalten, die beachtet und befolgt werden m\u00fcssen. Dies gilt insbesondere f\u00fcr Logos, Bilder, Tondateien und Videos. Das Herunterladen, Drucken und Speichern von Dateien dieser Website f\u00fcr den ausschlie\u00dflich privaten Gebrauch ist gestattet, dar\u00fcber hinaus gehende Nutzung bedarf der ausdr\u00fccklichen Zustimmung der voestalpine AG. Die &hellip; <a href=\"https:\/\/www.voestalpine.com\/bestelehresteiermark\/impressum\/\" class=\"more-link\">Continue reading <span class=\"screen-reader-text\">Impressum<\/span> <span class=\"meta-nav\">&raquo;<\/span><\/a><\/p>\n","protected":false},"author":2,"featured_media":0,"parent":0,"menu_order":0,"comment_status":"closed","ping_status":"closed","template":"page-templates\/full-width.php","meta":{"footnotes":""},"class_list":["post-33","page","type-page","status-publish","hentry"],"_links":{"self":[{"href":"https:\/\/www.voestalpine.com\/bestelehresteiermark\/wp-json\/wp\/v2\/pages\/33","targetHints":{"allow":["GET"]}}],"collection":[{"href":"https:\/\/www.voestalpine.com\/bestelehresteiermark\/wp-json\/wp\/v2\/pages"}],"about":[{"href":"https:\/\/www.voestalpine.com\/bestelehresteiermark\/wp-json\/wp\/v2\/types\/page"}],"author":[{"embeddable":true,"href":"https:\/\/www.voestalpine.com\/bestelehresteiermark\/wp-json\/wp\/v2\/users\/2"}],"replies":[{"embeddable":true,"href":"https:\/\/www.voestalpine.com\/bestelehresteiermark\/wp-json\/wp\/v2\/comments?post=33"}],"version-history":[{"count":15,"href":"https:\/\/www.voestalpine.com\/bestelehresteiermark\/wp-json\/wp\/v2\/pages\/33\/revisions"}],"predecessor-version":[{"id":5211,"href":"https:\/\/www.voestalpine.com\/bestelehresteiermark\/wp-json\/wp\/v2\/pages\/33\/revisions\/5211"}],"wp:attachment":[{"href":"https:\/\/www.voestalpine.com\/bestelehresteiermark\/wp-json\/wp\/v2\/media?parent=33"}],"curies":[{"name":"wp","href":"https:\/\/api.w.org\/{rel}","templated":true}]}}