{"id":3,"date":"2018-09-28T10:33:21","date_gmt":"2018-09-28T10:33:21","guid":{"rendered":"https:\/\/voest.5q.at\/bestelehresteiermark\/?page_id=3"},"modified":"2023-11-15T10:33:09","modified_gmt":"2023-11-15T09:33:09","slug":"datenschutz","status":"publish","type":"page","link":"https:\/\/www.voestalpine.com\/bestelehresteiermark\/datenschutz\/","title":{"rendered":"Datenschutz"},"content":{"rendered":"\n\t<h2>Datenschutz<\/h2>\nDer Schutz Ihrer personenbezogenen Daten ist der voestalpine Metal Engineering GmbH<br \/>\nKerpelystra\u00dfe 199, 8700 Leoben (nachfolgend \u201ewir\u201c, \u201euns\u201c) sehr wichtig. voestalpine beachtet die anwendbaren Rechtsvorschriften zum Schutz, rechtm\u00e4\u00dfigen Umgang und zur Geheimhaltung personenbezogener Daten, sowie zur Datensicherheit, insbesondere das \u00f6sterreichische Datenschutzgesetz (&#8220;DSG&#8221;), die EU Datenschutzgrundverordnung (&#8220;DSGVO&#8221;) und das Telekommunikationsgesetz (&#8220;TKG&#8221;).\n<p>Diese Datenschutzerkl\u00e4rung informiert Sie \u00fcber die Art, den Umfang und die Zwecke der Erhebung und Verwendung Ihrer personenbezogenen Daten durch uns im Zusammenhang mit Ihrem Besuch und Ihrer Nutzung unserer Website.<\/p>\n<p>Dar\u00fcber hinaus finden Sie gesondert die Allgemeine Datenschutzerkl\u00e4rung f\u00fcr Gesch\u00e4ftspartner von voestalpine.<\/p>\n<p><strong>Personenbezogene Daten<\/strong><\/p>\n<p>Personenbezogene Daten sind Informationen \u00fcber Betroffene (nat\u00fcrliche Personen), deren Identit\u00e4t bestimmt oder zumindest bestimmbar ist (zB Name, E-Mail Adresse oder IP Adresse).<\/p>\n<p><strong>Kontaktaufnahme<\/strong><\/p>\n<p>Wenn Sie per E-Mail, Formular, telefonisch oder per Fax mit uns Kontakt aufnehmen, werden wir Ihre angegebenen personenbezogenen Daten (E-Mail, Name, Telefonnummer, Faxnummer sowie Ihre Anfrage bzw. die dazugeh\u00f6rigen Unterlagen) zum Zweck der Bearbeitung Ihrer Anfrage verarbeiten.<\/p>\n<p><strong>Newsletter<\/strong><\/p>\n<p>Sie haben die M\u00f6glichkeit, \u00fcber unsere Website unseren Newsletter zu abonnieren. Hierf\u00fcr ben\u00f6tigen wir Ihre Anrede, Ihren Namen, Ihre E-Mail-Adresse und Ihre Zustimmung, dass Sie mit dem Bezug des Newsletters sowie der Verarbeitung personenbezogener Daten einverstanden sind.<\/p>\n<p><strong>Cookies<\/strong><\/p>\n<p>Unsere Website verwendet so genannte \u201eCookies\u201c, die es der Website erlauben, Ihren Browser bei weiteren Besuchen wiederzuerkennen. Dabei handelt es sich um kleine Textdateien, die mit Hilfe des Browsers auf Ihrem Endger\u00e4t abgelegt werden. Hiermit kann die Website optimal an Ihre Interessen angepasst werden. Wenn Sie mit der Speicherung von Cookies auf Ihrem Rechner nicht einverstanden sind, so k\u00f6nnen Sie Ihren Browser so einrichten, dass er Sie \u00fcber das Setzen von Cookies informiert und Sie dies nur im Einzelfall erlauben. Dar\u00fcber hinaus k\u00f6nnen Sie die Verwendung von Cookies in Ihrem Browser deaktivieren. Wir weisen Sie jedoch darauf hin, dass Sie in diesem Fall gegebenenfalls nicht s\u00e4mtliche Funktionen dieser Website vollumf\u00e4nglich werden nutzen k\u00f6nnen.<\/p>\n<p><strong>Google Analytics<\/strong><\/p>\n<p>Diese Website benutzt Google Analytics, einen Webanalysedienst der Google Inc. (\u201eGoogle\u201c). Google Analytics verwendet sog. \u201eCookies\u201c, Textdateien, die auf Ihrem Computer gespeichert werden und die eine Analyse der Benutzung der Website durch Sie erm\u00f6glichen. Die durch den Cookie erzeugten Informationen \u00fcber Ihre Benutzung dieser Website werden in der Regel an einen Server von Google in den USA \u00fcbertragen und dort gespeichert. Wir setzen Google Analytics nur mit aktivierter IP-Adressen-Anonymisierung \u00a0ein. Dies bedeutet, dass Ihre IP-Adresse von Google innerhalb der Mitgliedstaaten der Europ\u00e4ischen Union oder in anderen Vertragsstaaten des Abkommens \u00fcber den Europ\u00e4ischen Wirtschaftsraum zuvor gek\u00fcrzt werden. Nur in Ausnahmef\u00e4llen wird die volle IP-Adresse an einen Server von Google in den USA \u00fcbertragen und dort gek\u00fcrzt. Im Auftrag des Betreibers dieser Website wird Google diese Informationen benutzen, um Ihre Nutzung der Website auszuwerten, um Reports \u00fcber die Websiteaktivit\u00e4ten zusammenzustellen und um weitere mit der Websitenutzung und der Internetnutzung verbundene Dienstleistungen gegen\u00fcber dem Websitebetreiber zu erbringen. Die im Rahmen von Google Analytics von Ihrem Browser \u00fcbermittelte IP-Adresse wird nicht mit anderen Daten von Google zusammengef\u00fchrt. Sie k\u00f6nnen die Speicherung der Cookies durch eine entsprechende Einstellung Ihrer Browser-Software verhindern; wir weisen Sie jedoch darauf hin, dass Sie in diesem Fall gegebenenfalls nicht s\u00e4mtliche Funktionen dieser Website vollumf\u00e4nglich werden nutzen k\u00f6nnen. Sie k\u00f6nnen dar\u00fcber hinaus die Erfassung der durch das Cookie erzeugten und auf Ihre Nutzung der Website bezogenen Daten (inkl. Ihrer IP-Adresse) an Google sowie die Verarbeitung dieser Daten durch Google verhindern, indem sie das unter dem folgenden Link (<a href=\"http:\/\/bit.ly\/14dUJXe\">http:\/\/tools.google.com\/dlpage\/gaoptout?hl=de<\/a>) verf\u00fcgbare Browser-Plugin herunterladen und installieren. N\u00e4here Informationen zu Nutzungsbedingungen und Datenschutz finden Sie unter <a href=\"http:\/\/bit.ly\/127TWE2\">http:\/\/www.google.com\/analytics\/terms\/de.html<\/a> bzw. unter <a href=\"https:\/\/support.google.com\/analytics\/answer\/6004245?hl=de\">https:\/\/support.google.com\/analytics\/answer\/6004245?hl=de<\/a>.<\/p>\n<p><strong>YouTube<\/strong><\/p>\n<p>Des Weiteren setzen wir YouTube ein, um Videos in unsere Website einzubetten. Dabei handelt es sich um einen Dienst der YouTube LLC, einem Tochterunternehmen von Google LLC. Die Nutzung von YouTube unterliegt besonderen Nutzungsbedingungen, die sie hier finden: <a href=\"https:\/\/www.youtube.com\/static?gl=DE&amp;template=terms&amp;hl=de\" target=\"_blank\" rel=\"noopener\">https:\/\/www.youtube.com\/static?gl=DE&amp;template=terms&amp;hl=de<\/a>.<\/p>\n<p><strong>Vimeo<\/strong><\/p>\n<p>Wir setzen Vimeo ein, um Videos in unsere Website einzubetten. Dabei handelt es sich um einen Dienst der Vimeo, LLC, mit Sitz in den USA. Wird ein Vimeo-Video in eine Website eingebunden, wird beim Besuchen der entsprechenden Seite automatisch eine Verbindung zum Vimeo-Server hergestellt, die Informationen \u00fcber das Nutzerverhalten \u00fcbermittelt und Cookies gesetzt.<\/p>\nZweck: Die vor\u00fcbergehende Speicherung der Daten ist erforderlich, um eine ansprechende Darstellung unseres Online-Angebots und eine Ausgabe von Videos gew\u00e4hrleisten zu k\u00f6nnen.<br \/>\nDatenkategorien: Zu den gesammelten Daten z\u00e4hlen unter anderem: IP-Adresse, Browsertyp, Browsersprache, Referrer-URL, besuchte Seiten, Betriebssystem, Ger\u00e4te-, Cookie- und Browserinformationen, Klickverhalten, Verweildauer, Informationen aus Drittanbieterquellen, Informationen, die Benutzer auf dieser Website bereitstellen.\nRechtsgrundlage: Die Nutzung von Vimeo erfolgt im Interesse einer ansprechenden Darstellung unserer Online-Angebote. Dies stellt ein berechtigtes Interesse im Sinne von Art. 6 Abs. 1 lit. f DSGVO dar.<br \/>\nSpeicherdauer: Ihre Daten bleiben bei Vimeo so lange gespeichert bis Vimeo selbst keinen wirtschaftlichen Grund mehr f\u00fcr die Speicherung hat. Weitere Informationen zum Umgang mit Nutzerdaten finden Sie in der Datenschutzerkl\u00e4rung von Vimeo unter: <a href=\"https:\/\/vimeo.com\/privacy\" target=\"_blank\" rel=\"noopener\">https:\/\/vimeo.com\/privacy<\/a>.\nEmpf\u00e4nger:innenkategorien: Wenn Sie eine Seite unseres Webauftritts aufrufen, die ein Vimeo Plugin enth\u00e4lt, stellt Ihr Browser eine direkte Verbindung zu den Servern von Vimeo her. Der Inhalt des Plugins wird von Vimeo direkt an Ihren Browser \u00fcbermittelt und in die Seite eingebunden. Durch diese Einbindung erh\u00e4lt Vimeo die Information, dass Ihr Browser die entsprechende Seite unseres Webauftritts aufgerufen hat, auch wenn Sie keinen Vimeo-Account besitzen oder gerade nicht bei Vimeo eingeloggt sind. Diese Information (einschlie\u00dflich Ihrer IP-Adresse) wird von Ihrem Browser direkt an einen Server von Vimeo in die USA \u00fcbermittelt und dort gespeichert. Vimeo LLC ist jedoch f\u00fcr das US-europ\u00e4ische Datenschutz\u00fcbereinkommen \u201cEU-U.S. Data Privacy Framework\u201d zertifiziert, welches die Einhaltung des in der EU geltenden Datenschutzniveaus gew\u00e4hrleistet.<br \/>\nWenn Sie nicht m\u00f6chten, dass Vimeo die \u00fcber unseren Webauftritt gesammelten Daten unmittelbar Ihrem Vimeo-Account zuordnet, m\u00fcssen Sie sich vor Ihrem Besuch unserer Website bei Vimeo ausloggen.<br \/>\nDatenempf\u00e4nger:innen: Google Analytics, Vimeo LLC, Service Partner\n<p><strong>Rechtsgrundlage, Speicherfristen<\/strong><\/p>\n<p>Die Datenverarbeitung erfolgt auf Basis des Art 6 Abs 1 lit a (Einwilligung) und\/oder lit f (berechtigtes Interesse) der DSGVO.<\/p>\n<p>Die verarbeiteten personenbezogenen Daten werden f\u00fcr statistische Auswertungen sowie zum Zweck des Betriebs, der Sicherheit und der Optimierung der Website verwendet (berechtigtes Interesse). Eine dar\u00fcberhinausgehende Verwendung Ihrer personenbezogenen Daten (zB Versand von Newslettern) findet lediglich mit Ihrer Einwilligung statt.<\/p>\n<p>Sofern bei der Erhebung (z.B. im Rahmen einer Einwilligungserkl\u00e4rung) keine ausdr\u00fcckliche Speicherdauer angegeben wird, werden Ihre personenbezogenen Daten gel\u00f6scht (bzw. anonymisiert), soweit diese nicht mehr zur Erf\u00fcllung des Zweckes der Speicherung erforderlich sind und keine gesetzlichen Aufbewahrungspflichten (z.B. handels- und steuerrechtliche Aufbewahrungspflichten) entgegenstehen.<\/p>\n<p>\u00dcbermittlung und Weitergabe der personenbezogenen Daten<\/p>\n<p>Wir werden ohne Ihre Einwilligung Ihre auf Basis Ihrer Nutzung der Website allenfalls erhobenen personenbezogenen Daten nicht an Dritte weitergeben, es sei denn, es ist zur Erf\u00fcllung unserer Pflichten erforderlich oder gesetzlich\/beh\u00f6rdlich verpflichtend.<\/p>\n<p>voestalpine beauftragt Auftragsverarbeiter (Dienstleister) mit der Verarbeitung personenbezogener Daten (zum Beispiel im Rahmen eines IT-Supportvertrages). Diese Auftragsverarbeiter sind zur Einhaltung der datenschutzrechtlichen Bestimmungen vertraglich verpflichtet.<\/p>\n<p><strong>Social Plugins<\/strong><\/p>\n<p>Diese Website verwendet Plugins\/Funktionen der sozialen Netzwerke Facebook, Twitter und Google+. Diese sind aus Datenschutzgr\u00fcnden standardm\u00e4\u00dfig deaktiviert und m\u00fcssen bei Verwendung explizit durch Sie aktiviert werden. Bitte beachten Sie vor Aktivierung folgende Hinweise zu den einzelnen Anbietern:<\/p>\n<p><strong>Facebook<\/strong><\/p>\n<p>Diese Website verwendet Social Plugins des sozialen Netzwerkes facebook.com, welches von der Facebook Inc., 1601 South California Avenue, Palo Alto, CA 94304, USA betrieben wird. Nach Aktivierung des Plugins wird eine direkte Verbindung zwischen Ihrem Browser und dem Facebook-Server hergestellt. Facebook erh\u00e4lt dadurch die Information, dass Sie mit Ihrer IP-Adresse unsere Seite besucht haben. Wenn Sie den Facebook &#8220;Like-Button&#8221; anklicken w\u00e4hrend Sie in Ihrem Facebook-Account eingeloggt sind, k\u00f6nnen Sie die Inhalte unserer Seiten auf Ihrem Facebook-Profil verlinken. Dadurch kann Facebook den Besuch unserer Seiten Ihrem Benutzerkonto zuordnen. Wir weisen darauf hin, dass wir als Anbieter der Seiten keine Kenntnis vom Inhalt der \u00fcbermittelten Daten sowie deren Nutzung durch Facebook erhalten. Weitere Informationen hierzu finden Sie in der Datenschutzerkl\u00e4rung von Facebook unter <a href=\"http:\/\/bit.ly\/12um03v\">http:\/\/de-de.facebook.com\/policy.php<\/a>. Wenn Sie nicht w\u00fcnschen, dass Facebook den Besuch unserer Seiten Ihrem Facebook-Nutzerkonto zuordnen kann, loggen Sie sich bitte aus Ihrem Facebook-Benutzerkonto aus.<\/p>\n<p><strong>Twitter<\/strong><\/p>\n<p>Auf unseren Seiten sind Funktionen des Dienstes Twitter eingebunden. Diese Funktionen werden angeboten durch die Twitter Inc., Twitter, Inc. 1355 Market St, Suite 900, San Francisco, CA 94103, USA. Durch das Benutzen von Twitter und der Funktion &#8220;Re-Tweet&#8221; werden die von Ihnen besuchten Webseiten mit Ihrem Twitter-Account verkn\u00fcpft und anderen Nutzern bekannt gegeben. Dabei werden auch Daten an Twitter \u00fcbertragen. Wir weisen darauf hin, dass wir als Anbieter der Seiten keine Kenntnis vom Inhalt der \u00fcbermittelten Daten sowie deren Nutzung durch Twitter erhalten. Weitere Informationen hierzu finden Sie in der Datenschutzerkl\u00e4rung von Twitter unter <a href=\"http:\/\/bit.ly\/11MQout\">http:\/\/twitter.com\/privacy<\/a>. Ihre Datenschutzeinstellungen bei Twitter k\u00f6nnen Sie in den Konto-Einstellungen \u00e4ndern. Google+<\/p>\n<p>Mithilfe der Google +1-Schaltfl\u00e4che k\u00f6nnen Sie Informationen weltweit ver\u00f6ffentlichen. \u00fcber die Google +1-Schaltfl\u00e4che erhalten Sie und andere Nutzer personalisierte Inhalte von Google und unseren Partnern. Google speichert sowohl die Information, dass Sie f\u00fcr einen Inhalt +1 gegeben haben, als auch Informationen \u00fcber die Seite, die Sie beim Klicken auf +1 angesehen haben. Ihre +1 k\u00f6nnen als Hinweise zusammen mit Ihrem Profilnamen und Ihrem Foto in Google-Diensten, wie etwa in Suchergebnissen oder in Ihrem Google-Profil, oder an anderen Stellen auf Websites und Anzeigen im Internet eingeblendet werden.<\/p>\n<p>Google zeichnet Informationen \u00fcber Ihre +1-Aktivit\u00e4ten auf, um die Google-Dienste f\u00fcr Sie und andere zu verbessern. Um die Google +1-Schaltfl\u00e4che verwenden zu k\u00f6nnen, ben\u00f6tigen Sie ein weltweit sichtbares, \u00f6ffentliches Google-Profil, das zumindest den f\u00fcr das Profil gew\u00e4hlten Namen enthalten muss. Dieser Name wird in allen Google-Diensten verwendet. In manchen F\u00e4llen kann dieser Name auch einen anderen Namen ersetzen, den Sie beim Teilen von Inhalten \u00fcber Ihr Google-Konto verwendet haben. Die Identit\u00e4t Ihres Google-Profils kann Nutzern angezeigt werden, die Ihre E-Mail-Adresse kennen oder \u00fcber andere identifizierende Informationen von Ihnen verf\u00fcgen. Neben den oben erl\u00e4uterten Verwendungszwecken werden die von Ihnen bereitgestellten Informationen gem\u00e4\u00df den geltenden Google-Datenschutzbestimmungen genutzt. Google ver\u00f6ffentlicht m\u00f6glicherweise zusammengefasste Statistiken \u00fcber die +1-Aktivit\u00e4ten der Nutzer bzw. gibt diese an Nutzer und Partner weiter, wie etwa Publisher, Inserenten oder verbundene Websites.<\/p>\n<p><strong>Ihre Rechte, Kontaktdaten<\/strong><\/p>\n<p>Ihnen stehen grunds\u00e4tzlich die Rechte auf Auskunft, Berichtigung, L\u00f6schung, Einschr\u00e4nkung, Daten\u00fcbertragbarkeit und Widerspruch zu. Erfolgt die Verarbeitung Ihrer Daten auf Basis Ihrer Einwilligung, so besteht das Recht, die Einwilligung jederzeit zu widerrufen, ohne dass die Rechtm\u00e4\u00dfigkeit der auf Grund der Einwilligung bis zum Widerruf erfolgten Verarbeitung ber\u00fchrt wird. Letztlich haben Sie die M\u00f6glichkeit, Beschwerde bei der Aufsichtsbeh\u00f6rde zu erheben.<\/p>\n<p>F\u00fcr Fragen zum Thema Datenschutz sowie die Geltendmachung Ihrer zuvor genannten Rechte erreichen Sie die voestalpine Datenschutzorganisation unter <a href=\"mailto:datenschutz-donawitz@voestalpine.com\">datenschutz-donawitz@voestalpine.com<\/a>.<\/p>\n<p>Diese Datenschutzerkl\u00e4rung wird von Zeit zu Zeit angepasst.<\/p>\n<p>&nbsp;<\/p>\n<p><a href=\"#uc-central-modal-show\">Cookie-Einstellungen anpassen<\/a><\/p>\n","protected":false},"excerpt":{"rendered":"<p>Datenschutz Der Schutz Ihrer personenbezogenen Daten ist der voestalpine Metal Engineering GmbH Kerpelystra\u00dfe 199, 8700 Leoben (nachfolgend \u201ewir\u201c, \u201euns\u201c) sehr wichtig. voestalpine beachtet die anwendbaren Rechtsvorschriften zum Schutz, rechtm\u00e4\u00dfigen Umgang und zur Geheimhaltung personenbezogener Daten, sowie zur Datensicherheit, insbesondere das \u00f6sterreichische Datenschutzgesetz (&#8220;DSG&#8221;), die EU Datenschutzgrundverordnung (&#8220;DSGVO&#8221;) und das Telekommunikationsgesetz (&#8220;TKG&#8221;). Diese Datenschutzerkl\u00e4rung informiert Sie \u00fcber die Art, den Umfang und die Zwecke der Erhebung &hellip; <a href=\"https:\/\/www.voestalpine.com\/bestelehresteiermark\/datenschutz\/\" class=\"more-link\">Continue reading <span class=\"screen-reader-text\">Datenschutz<\/span> <span class=\"meta-nav\">&raquo;<\/span><\/a><\/p>\n","protected":false},"author":2,"featured_media":0,"parent":0,"menu_order":0,"comment_status":"closed","ping_status":"open","template":"page-templates\/full-width.php","meta":{"footnotes":""},"class_list":["post-3","page","type-page","status-publish","hentry"],"_links":{"self":[{"href":"https:\/\/www.voestalpine.com\/bestelehresteiermark\/wp-json\/wp\/v2\/pages\/3","targetHints":{"allow":["GET"]}}],"collection":[{"href":"https:\/\/www.voestalpine.com\/bestelehresteiermark\/wp-json\/wp\/v2\/pages"}],"about":[{"href":"https:\/\/www.voestalpine.com\/bestelehresteiermark\/wp-json\/wp\/v2\/types\/page"}],"author":[{"embeddable":true,"href":"https:\/\/www.voestalpine.com\/bestelehresteiermark\/wp-json\/wp\/v2\/users\/2"}],"replies":[{"embeddable":true,"href":"https:\/\/www.voestalpine.com\/bestelehresteiermark\/wp-json\/wp\/v2\/comments?post=3"}],"version-history":[{"count":11,"href":"https:\/\/www.voestalpine.com\/bestelehresteiermark\/wp-json\/wp\/v2\/pages\/3\/revisions"}],"predecessor-version":[{"id":4182,"href":"https:\/\/www.voestalpine.com\/bestelehresteiermark\/wp-json\/wp\/v2\/pages\/3\/revisions\/4182"}],"wp:attachment":[{"href":"https:\/\/www.voestalpine.com\/bestelehresteiermark\/wp-json\/wp\/v2\/media?parent=3"}],"curies":[{"name":"wp","href":"https:\/\/api.w.org\/{rel}","templated":true}]}}