{"id":2733,"date":"2021-09-02T09:47:05","date_gmt":"2021-09-02T07:47:05","guid":{"rendered":"https:\/\/www.voestalpine.com\/bestelehresteiermark\/?page_id=2733"},"modified":"2025-11-25T11:02:31","modified_gmt":"2025-11-25T10:02:31","slug":"labortechnik-chemie","status":"publish","type":"page","link":"https:\/\/www.voestalpine.com\/bestelehresteiermark\/ausbildungen\/labortechnik-chemie\/","title":{"rendered":"Labortechnik \u2013 Chemie"},"content":{"rendered":"\r\n\t\t\t\t<img loading=\"lazy\" decoding=\"async\" src=\"https:\/\/www.voestalpine.com\/bestelehresteiermark\/wp-content\/uploads\/2022\/09\/Labortechnik_Chemie_Header_web.jpg\" alt=\"Labortechnik_Chemie_Header_web\" itemprop=\"image\" height=\"950\" width=\"2340\" title=\"Labortechnik_Chemie_Header_web\" onerror=\"this.style.display='none'\"  \/>\r\n\t<h2>Lehre Labortechnik \u2013 Chemie<\/h2>\r\n\t<p><img loading=\"lazy\" decoding=\"async\" src=\"..\/..\/wp-content\/uploads\/2018\/10\/Icons_lehrzeit-150x150.png\" alt=\"Lehrzeit\" width=\"100\" height=\"89\" \/><\/p>\r\n\t<p>Lehrzeit: 3,5 Jahre<\/p>\r\n\t<h4>Der Job:<\/h4>\r\n<p>Du sorgst f\u00fcr die Bereitstellung des Datenmaterials zum Steuern und \u00dcberwachen von chemischen und physikalischen Prozessen.<\/p>\r\n<h4>Die Aufgabe:<\/h4>\r\n<p>Im chemischen Labor werden Analysen zur Kontrolle der Rohstoffe, der Zwischenprodukte, der Hilfs- und Betriebsstoffe sowie zur Charakterisierung der Endprodukte erstellt. Weiters werden umweltrelevante Messungen zur Einhaltung von gesetzlichen Auflagen durchgef\u00fchrt. Das Arbeitsgebiet des\/der Chemielabortechnikers\/-in reicht vom klassischen Experimentieren \u00fcber den Aufbau, der Bedienung und Wartung von Untersuchungsapparaten sowie der Betreuung von Probenahme und Analyseautomaten bis zur Durchf\u00fchrung technisch wissenschaftlicher Berechnungen und EDV-m\u00e4\u00dfiger Verwaltung und Weiterleitung der Ereignisse.<\/p>\r\n<h4>Die Voraussetzungen:<\/h4>\r\n\u00dcberdurchschnittlicher Pflichtschulabschluss, gute Beobachtungsgabe, mathematisches und technisches Verst\u00e4ndnis, geistige Beweglichkeit,<br \/>\r\nTeamf\u00e4higkeit und Bereitschaft zur st\u00e4ndigen Weiterbildung.\r\n\t\t<h3><\/h3>\t\t\r\n\t\t\t<p>\u201eIch bin begeistert, dass ich als Lehrling bereits voll in alle Abl\u00e4ufe integriert werde und kann jeden der eine verantwortungsvolle und abwechslungsreiche T\u00e4tigkeit sucht, diesen Beruf nur empfehlen.\u201c<\/p>\r\n<em>&#8211; Tim W\u00fcnsche, voestalpine Stahl Donawitz GmbH<br \/>\r\n<\/em>\r\n<hr \/>\r\n<p>\u201eIch spielte als kleines Kind gerne mit Experimentierk\u00e4sten und dieses Hobby konnte ich bei der voestalpine zu meinem Beruf machen.\u201c<\/p>\r\n<p><em>&#8211; Nico Frech, voestalpine Stahl Donawitz GmbH<\/em><\/p>\r\n\t<strong>Deine F\u00e4higkeiten<br \/>\r\n<\/strong>Umweltbewusstsein, Verantwortungsbewusstsein, schnelle Auffassungsgabe<br \/>\r\n<img loading=\"lazy\" decoding=\"async\" src=\"https:\/\/www.voestalpine.com\/bestelehresteiermark\/wp-content\/uploads\/2018\/10\/Icons_faehigkeiten_ohnentext_umweltbewusstsein.png\" alt=\"\" width=\"100\" height=\"89\" \/><img loading=\"lazy\" decoding=\"async\" src=\"https:\/\/www.voestalpine.com\/bestelehresteiermark\/wp-content\/uploads\/2018\/10\/Icons_faehigkeiten_ohnentext_verantwortungsbewusstsein.png\" alt=\"\" width=\"100\" height=\"89\" \/><img loading=\"lazy\" decoding=\"async\" src=\"https:\/\/www.voestalpine.com\/bestelehresteiermark\/wp-content\/uploads\/2018\/10\/Icons_faehigkeiten_ohnentext_auffassungsgabe.png\" alt=\"\" width=\"104\" height=\"92\" \/>\r\n\t<h2>Dein Einkommen<\/h2>\r\n<ul>\r\n<li>1. Lehrjahr: 1.071,00 \u20ac<\/li>\r\n<li>2. Lehrjahr: 1.295,40 \u20ac<\/li>\r\n<li>3. Lehrjahr: 1.657,50 \u20ac<\/li>\r\n<li>4. Lehrjahr: 2.152,20 \u20ac<\/li>\r\n<\/ul>\r\n\t<p><a href=\"#\"> Download Factsheet<\/a>\u00a0(<em>Verlinkung folgt)<\/em><\/p>\r\n<p><img loading=\"lazy\" decoding=\"async\" src=\"\/bestelehresteiermark\/wp-content\/uploads\/2018\/10\/Steiermarkkarte_Standort_Bruckandermur.png\" alt=\"\" width=\"463\" height=\"319\" \/><\/p>\r\n<p><img loading=\"lazy\" decoding=\"async\" src=\"\/bestelehresteiermark\/wp-content\/uploads\/2018\/10\/Steiermarkkarte_Standort_Kapfenberg.png\" alt=\"\" width=\"463\" height=\"319\" \/><\/p>\r\n<p><img loading=\"lazy\" decoding=\"async\" src=\"\/bestelehresteiermark\/wp-content\/uploads\/2018\/10\/Steiermarkkarte_Standort_Kindberg.png\" alt=\"\" width=\"463\" height=\"319\" \/><\/p>\r\n<p><img loading=\"lazy\" decoding=\"async\" src=\"\/bestelehresteiermark\/wp-content\/uploads\/2018\/10\/Steiermarkkarte_Standort_Krieglach.png\" alt=\"\" width=\"463\" height=\"319\" \/><\/p>\r\n<p><img loading=\"lazy\" decoding=\"async\" src=\"https:\/\/www.voestalpine.com\/bestelehresteiermark\/wp-content\/uploads\/2024\/09\/steiermarkkarte-standort-leoben-donawitz-1.png\" alt=\"\" width=\"463\" height=\"319\" \/><\/p>\r\n<p><img loading=\"lazy\" decoding=\"async\" src=\"\/bestelehresteiermark\/wp-content\/uploads\/2018\/10\/Steiermarkkarte_Standort_Muerzzuschlag.png\" alt=\"\" width=\"463\" height=\"319\" \/><\/p>\r\n<p><img loading=\"lazy\" decoding=\"async\" src=\"\/bestelehresteiermark\/wp-content\/uploads\/2018\/10\/Steiermarkkarte_Standort_stpeterfreienstein.png\" alt=\"\" width=\"463\" height=\"319\" \/><\/p>\r\n<p><img loading=\"lazy\" decoding=\"async\" src=\"\/bestelehresteiermark\/wp-content\/uploads\/2018\/10\/Steiermarkkarte_Standort_Zeltweg.png\" alt=\"\" width=\"463\" height=\"319\" \/><\/p>\r\n<p><img loading=\"lazy\" decoding=\"async\" src=\"\/bestelehresteiermark\/wp-content\/uploads\/2018\/10\/Steiermarkkarte_Standort.png\" alt=\"\" width=\"463\" height=\"319\" \/><\/p>\r\n\t<h2>Ausbildungsorte:<\/h2>\r\n<p>&nbsp;<\/p>\r\n\t<p>Dieser Lehrberuf wird im Moment nicht angeboten.<\/p>\r\n\t<strong> Du interessierst dich f\u00fcr diese Ausbildung und m\u00f6chtest dich bewerben?<br \/>\r\n<\/strong>Die Checkliste hilft dir, dich bestm\u00f6glich vorzubereiten.<br \/>\r\n <a href=\"https:\/\/www.voestalpine.com\/bestelehresteiermark\/#checkliste\">Checkliste<\/a>\r\n\t<h3>Hast du eine Frage zu diesem Lehrberuf?<\/h3>\r\n<p>Wir helfen dir gerne weiter.<\/p>\r\n\t\n<div class=\"wpcf7 no-js\" id=\"wpcf7-f1986-o1\" lang=\"de-DE\" dir=\"ltr\" data-wpcf7-id=\"1986\">\n<div class=\"screen-reader-response\"><p role=\"status\" aria-live=\"polite\" aria-atomic=\"true\"><\/p> <ul><\/ul><\/div>\n<form action=\"\/bestelehresteiermark\/wp-json\/wp\/v2\/pages\/2733#wpcf7-f1986-o1\" method=\"post\" class=\"wpcf7-form init\" aria-label=\"Kontaktformular\" novalidate=\"novalidate\" data-status=\"init\">\n<fieldset class=\"hidden-fields-container\"><input type=\"hidden\" name=\"_wpcf7\" value=\"1986\" \/><input type=\"hidden\" name=\"_wpcf7_version\" value=\"6.1.5\" \/><input type=\"hidden\" name=\"_wpcf7_locale\" value=\"de_DE\" \/><input type=\"hidden\" name=\"_wpcf7_unit_tag\" value=\"wpcf7-f1986-o1\" \/><input type=\"hidden\" name=\"_wpcf7_container_post\" value=\"0\" \/><input type=\"hidden\" name=\"_wpcf7_posted_data_hash\" value=\"\" \/>\n<\/fieldset>\n<p>Ich m\u00f6chte mehr wissen \u00fcber den Lehrberuf: <span style=\"font-weight:400;\">Labortechnik \u2013 Chemie<\/span>\n<\/p>\n<p><label><span class=\"wpcf7-form-control-wrap\" data-name=\"your-standort\"><select class=\"wpcf7-form-control wpcf7-select wpcf7-validates-as-required\" aria-required=\"true\" aria-invalid=\"false\" name=\"your-standort\"><option value=\"\">Standort w\u00e4hlen<\/option><option value=\"Zeltweg \/ voestalpine Signaling Austria GmbH\">Zeltweg \/ voestalpine Signaling Austria GmbH<\/option><\/select><\/span><\/label>\n<\/p>\n<p><label><span class=\"wpcf7-form-control-wrap\" data-name=\"your-name\"><input size=\"40\" maxlength=\"400\" class=\"wpcf7-form-control wpcf7-text wpcf7-validates-as-required\" aria-required=\"true\" aria-invalid=\"false\" placeholder=\"Vorname Nachname\" value=\"\" type=\"text\" name=\"your-name\" \/><\/span> <\/label>\n<\/p>\n<p><label><span class=\"wpcf7-form-control-wrap\" data-name=\"your-email\"><input size=\"40\" maxlength=\"400\" class=\"wpcf7-form-control wpcf7-email wpcf7-validates-as-required wpcf7-text wpcf7-validates-as-email\" aria-required=\"true\" aria-invalid=\"false\" placeholder=\"Meine E-Mail\" value=\"\" type=\"email\" name=\"your-email\" \/><\/span> <\/label>\n<\/p>\n<p><label><span class=\"wpcf7-form-control-wrap\" data-name=\"your-tel\"><input size=\"40\" maxlength=\"400\" class=\"wpcf7-form-control wpcf7-tel wpcf7-validates-as-required wpcf7-text wpcf7-validates-as-tel\" aria-required=\"true\" aria-invalid=\"false\" placeholder=\"Meine Telefonnummer\" value=\"\" type=\"tel\" name=\"your-tel\" \/><\/span> <\/label>\n<\/p>\n<p><label><span class=\"wpcf7-form-control-wrap\" data-name=\"your-message\"><textarea cols=\"40\" rows=\"10\" maxlength=\"2000\" class=\"wpcf7-form-control wpcf7-textarea\" aria-invalid=\"false\" placeholder=\"Meine Frage\" name=\"your-message\"><\/textarea><\/span> <\/label>\n<\/p>\n<p><label><span class=\"wpcf7-form-control-wrap\" data-name=\"quiz-113\"><label><span class=\"wpcf7-quiz-label\">Wieviel ist 2 + 8<\/span> <input size=\"40\" class=\"wpcf7-form-control wpcf7-quiz\" autocomplete=\"off\" aria-required=\"true\" aria-invalid=\"false\" type=\"text\" name=\"quiz-113\" \/><\/label><input type=\"hidden\" name=\"_wpcf7_quiz_answer_quiz-113\" value=\"a582ac202470fbb15ac42aa9d1d65a60\" \/><\/span><\/label>\n<\/p>\n<p><span class=\"wpcf7-form-control-wrap\" data-name=\"acceptance-20\"><span class=\"wpcf7-form-control wpcf7-acceptance\"><span class=\"wpcf7-list-item\"><label><input type=\"checkbox\" name=\"acceptance-20\" value=\"1\" aria-invalid=\"false\" \/><span class=\"wpcf7-list-item-label\"><span class=\"datenschutzlink\">Ich akzeptiere die <a  href=\"https:\/\/www.voestalpine.com\/bestelehresteiermark\/datenschutz\/\" target=\"_blank\" title=\"Datenschutzbedingungen\">Datenschutzbedingungen<\/a><\/span><\/span><\/label><\/span><\/span><\/span>\n<\/p>\n<p><input class=\"wpcf7-form-control wpcf7-submit has-spinner\" type=\"submit\" value=\"Absenden\" \/><input type=\"reset\" class='button btn btn-primary' \/>\n<\/p><div class=\"wpcf7-response-output\" aria-hidden=\"true\"><\/div>\n<\/form>\n<\/div>\n\r\n\t<p><strong>Link zur Ausbildung teilen<\/strong><\/p>\r\n<div class=\"addtoany_shortcode\"><div class=\"a2a_kit a2a_kit_size_32 addtoany_list\" data-a2a-url=\"https:\/\/www.voestalpine.com\/bestelehresteiermark\/ausbildungen\/labortechnik-chemie\/\" data-a2a-title=\"Labortechnik \u2013 Chemie\"><a class=\"a2a_button_facebook\" href=\"https:\/\/www.addtoany.com\/add_to\/facebook?linkurl=https%3A%2F%2Fwww.voestalpine.com%2Fbestelehresteiermark%2Fausbildungen%2Flabortechnik-chemie%2F&amp;linkname=Labortechnik%20%E2%80%93%20Chemie\" title=\"Facebook\" rel=\"nofollow noopener\" target=\"_blank\"><\/a><a class=\"a2a_button_twitter\" href=\"https:\/\/www.addtoany.com\/add_to\/twitter?linkurl=https%3A%2F%2Fwww.voestalpine.com%2Fbestelehresteiermark%2Fausbildungen%2Flabortechnik-chemie%2F&amp;linkname=Labortechnik%20%E2%80%93%20Chemie\" title=\"Twitter\" rel=\"nofollow noopener\" target=\"_blank\"><\/a><a class=\"a2a_button_pinterest\" href=\"https:\/\/www.addtoany.com\/add_to\/pinterest?linkurl=https%3A%2F%2Fwww.voestalpine.com%2Fbestelehresteiermark%2Fausbildungen%2Flabortechnik-chemie%2F&amp;linkname=Labortechnik%20%E2%80%93%20Chemie\" title=\"Pinterest\" rel=\"nofollow noopener\" target=\"_blank\"><\/a><a class=\"a2a_button_whatsapp\" href=\"https:\/\/www.addtoany.com\/add_to\/whatsapp?linkurl=https%3A%2F%2Fwww.voestalpine.com%2Fbestelehresteiermark%2Fausbildungen%2Flabortechnik-chemie%2F&amp;linkname=Labortechnik%20%E2%80%93%20Chemie\" title=\"WhatsApp\" rel=\"nofollow noopener\" target=\"_blank\"><\/a><a class=\"a2a_button_email\" href=\"https:\/\/www.addtoany.com\/add_to\/email?linkurl=https%3A%2F%2Fwww.voestalpine.com%2Fbestelehresteiermark%2Fausbildungen%2Flabortechnik-chemie%2F&amp;linkname=Labortechnik%20%E2%80%93%20Chemie\" title=\"Email\" rel=\"nofollow noopener\" target=\"_blank\"><\/a><\/div><\/div>\r\n","protected":false},"excerpt":{"rendered":"<p>Lehre Labortechnik \u2013 Chemie Lehrzeit: 3,5 Jahre Der Job: Du sorgst f\u00fcr die Bereitstellung des Datenmaterials zum Steuern und \u00dcberwachen von chemischen und physikalischen Prozessen. Die Aufgabe: Im chemischen Labor werden Analysen zur Kontrolle der Rohstoffe, der Zwischenprodukte, der Hilfs- und Betriebsstoffe sowie zur Charakterisierung der Endprodukte erstellt. Weiters werden umweltrelevante Messungen zur Einhaltung von gesetzlichen Auflagen durchgef\u00fchrt. Das Arbeitsgebiet des\/der Chemielabortechnikers\/-in reicht vom klassischen &hellip; <a href=\"https:\/\/www.voestalpine.com\/bestelehresteiermark\/ausbildungen\/labortechnik-chemie\/\" class=\"more-link\">Continue reading <span class=\"screen-reader-text\">Labortechnik \u2013 Chemie<\/span> <span class=\"meta-nav\">&raquo;<\/span><\/a><\/p>\n","protected":false},"author":13,"featured_media":0,"parent":8,"menu_order":0,"comment_status":"closed","ping_status":"closed","template":"page-templates\/full-width.php","meta":{"footnotes":""},"class_list":["post-2733","page","type-page","status-publish","hentry"],"_links":{"self":[{"href":"https:\/\/www.voestalpine.com\/bestelehresteiermark\/wp-json\/wp\/v2\/pages\/2733","targetHints":{"allow":["GET"]}}],"collection":[{"href":"https:\/\/www.voestalpine.com\/bestelehresteiermark\/wp-json\/wp\/v2\/pages"}],"about":[{"href":"https:\/\/www.voestalpine.com\/bestelehresteiermark\/wp-json\/wp\/v2\/types\/page"}],"author":[{"embeddable":true,"href":"https:\/\/www.voestalpine.com\/bestelehresteiermark\/wp-json\/wp\/v2\/users\/13"}],"replies":[{"embeddable":true,"href":"https:\/\/www.voestalpine.com\/bestelehresteiermark\/wp-json\/wp\/v2\/comments?post=2733"}],"version-history":[{"count":30,"href":"https:\/\/www.voestalpine.com\/bestelehresteiermark\/wp-json\/wp\/v2\/pages\/2733\/revisions"}],"predecessor-version":[{"id":5360,"href":"https:\/\/www.voestalpine.com\/bestelehresteiermark\/wp-json\/wp\/v2\/pages\/2733\/revisions\/5360"}],"up":[{"embeddable":true,"href":"https:\/\/www.voestalpine.com\/bestelehresteiermark\/wp-json\/wp\/v2\/pages\/8"}],"wp:attachment":[{"href":"https:\/\/www.voestalpine.com\/bestelehresteiermark\/wp-json\/wp\/v2\/media?parent=2733"}],"curies":[{"name":"wp","href":"https:\/\/api.w.org\/{rel}","templated":true}]}}