{"id":2235,"date":"2021-01-19T15:22:43","date_gmt":"2021-01-19T14:22:43","guid":{"rendered":"https:\/\/www.voestalpine.com\/bestelehresteiermark\/?page_id=2235"},"modified":"2021-04-20T14:32:50","modified_gmt":"2021-04-20T12:32:50","slug":"von-der-htl-zur-elektronik-ausbildung-in-donawitz","status":"publish","type":"page","link":"https:\/\/www.voestalpine.com\/bestelehresteiermark\/von-der-htl-zur-elektronik-ausbildung-in-donawitz\/","title":{"rendered":"Von der HTL zur Elektronik-Ausbildung in Donawitz"},"content":{"rendered":"\r\n\t<p>Von der HTL zur Elektronik-Ausbildung in Donawitz<\/p>\r\n<h2>Fabian Tantscher und sein Faible f\u00fcr IT<\/h2>\r\n<h3>Immer auf dem Laufenden bleiben, lautet die Devise bei Fabian Tantscher aus Niklasdorf: Der 19-J\u00e4hrige kam nach zwei Jahren HTL zur Stahl Donawitz GmbH und ist derzeit im 3. Lehrjahr (Elektronik\/Nachrichtentechnik).<\/h3>\r\n\t<p>Aktuell befindet sich Fabian Tantscher bei voestalpine Stahl Donawitz GmbH im 3. Lehrjahr (Elektronik\/Nachrichtentechnik). \u201eImmer auf dem Laufenden bleiben\u201c, lautet seine Devise und deshalb haben wir bei ihm nachgefragt, was sich Neues tut:<\/p>\r\n<p><strong>Lieber Fabian, vielen Dank, dass du dir Zeit f\u00fcr uns genommen hast. Vorweg, wie geht\u2019s dir?<\/strong><\/p>\r\n<p>Fabian Tantscher: Gut, danke. Den Start ins neue Jahr habe ich gut verbracht. Um den Lockdown kommt man eh nicht herum. Ich freu mich aber drauf, wenn es hoffentlich bald wieder halbwegs normal wird. In der Berufsschule tut man sich auch leichter, wenn Labor\u00fcbungen im Pr\u00e4senzunterricht gemacht werden. Wenn man einen Versuch selbst aufbaut, merkt man ihn sich ja viel schneller.<\/p>\r\n<p><strong>Wo bist du gerade eingesetzt?<\/strong><\/p>\r\n<p>Wir sind im Servicecenter \u2013 zust\u00e4ndig f\u00fcr die Bereiche Draht, Schiene, Hochofen und Stahlwerk. Unsere Verantwortung liegt darin, dass wir Kamerasysteme, Funksysteme, Sprechfunk und alle Kransysteme in Betrieb nehmen, warten bzw. Fehlerquellen schnellstm\u00f6glich beheben.<\/p>\r\n<p><strong>Vor einem Jahr kam zum Beispiel ein neues Sprechfunksystem, sagtest du \u2026<\/strong><\/p>\r\n<p>\u2026 ja, unsere Aufgabe war, die alten Systeme gegen die neuen auszutauschen und mit allen Software-Komponenten zu versehen. Ich finde den Job extrem spannend \u2013 kein Tag verl\u00e4uft wie der andere.<\/p>\r\n<p><strong>Wusstest du in etwa, was in der Lehre auf dich zukommt?<\/strong><\/p>\r\n<p>Ja, ich habe mich intensiv daf\u00fcr interessiert und informiert, und ich w\u00fcrde jedem raten, dasselbe zu tun. Weil es einfach eine wichtige Entscheidung ist, die man trifft. Und je besser man vorbereitet ist, desto besser kann man absch\u00e4tzen, ob man f\u00fcr diesen Job auch die F\u00e4higkeiten mitbringt und ob der Job zu einem passt.<\/p>\r\n<p><strong>Du machst die Lehre zum Elektroniker mit dem Schwerpunkt Nachrichtentechnik, bist im 3. Lehrjahr \u2013 wie kam es zu dieser Lehre?<\/strong><\/p>\r\n<p>Ich war zwei Jahre an der HTL \u2013 mein Schwerpunkt lag damals auf der Informationstechnik. Dann habe ich aber realisiert, dass ich etwas anderes machen wollte, &#8211; das schulische System &#8220;war nicht mehr meines&#8221;. voestalpine war deshalb schnell ein Thema, weil mein Papa bei der voestalpine Rail Technology GmbH als Vorarbeiter t\u00e4tig ist. Was auch eine Rolle spielte, war die Erreichbarkeit. Ich wollte nicht irgendwohin zu einer Lehrstelle pendeln m\u00fcssen \u2013 jetzt bin ich in 10 Minuten mit dem Auto in Donawitz. Ab 14 Uhr habe ich dann noch den ganzen Nachmittag vor mir.<\/p>\r\n\t\t\t<img decoding=\"async\" loading='false' src=\"https:\/\/www.voestalpine.com\/bestelehresteiermark\/wp-content\/uploads\/2021\/01\/Fabian-Tantscher-300x179.jpg\" alt=\"\" \/>\t\t\t\r\n\t\t\t\t<p>\u201eMit den Kollegen ist es voll super &#8211; Wir sind eine klasse Partie im Servicecenter!\u201c<\/p>\r\n<strong>Fabian Tantscher<\/strong><br \/>\r\nElektroniker &#8211; 3. Lehrjahr<br \/>\r\nvoestalpine Stahl Donawitz GmbH\r\n<img decoding=\"async\" loading='false' src=\"https:\/\/www.voestalpine.com\/bestelehresteiermark\/wp-content\/uploads\/2021\/01\/VA_Microsite_Testimonials_Fabian-Tantscher.png\" alt=\"\" \/>\t\t\t\r\n\t<p><strong>Welche Skills sind von Vorteil, wenn man Elektroniker werden will?<\/strong><\/p>\r\n<p>Wie gesagt, das Interesse muss vorhanden sein &#8211; Grundbegriffe der IT sollte man beherrschen, und die Programme Word, Powerpoint und Excel sollten kein Problem darstellen. Zus\u00e4tzlich ist technisches Feingef\u00fchl von Vorteil, und Teamarbeit sollte einem Freude machen.<\/p>\r\n<p><strong>Elektronik spielt bei dir zu Hause sicher auch eine gro\u00dfe Rolle?<\/strong><\/p>\r\n<p>Ja, nat\u00fcrlich! Ich bin gerade dabei, mir daheim ein paar Features f\u00fcrs Smart Home einzurichten. Mit \u201eArduino\u201c, das ist eine Art Mini-PC, so gro\u00df wie eine Geldb\u00f6rse. Damit kann man vom Smart Home bis zu Modellautos alles programmieren. Am BFI haben wir damit einen selbstfahrenden Roboter programmiert.<\/p>\r\n<p><strong>W\u00fcrdest du dich f\u00fcr eine Lehre jederzeit wieder entscheiden, wenn du \u201edas Rad der Zeit zur\u00fcckdrehen\u201c k\u00f6nntest?<\/strong><\/p>\r\n<p>Ja. Du verdienst dein eigenes Geld und lernst, selbst abzusch\u00e4tzen, wie du damit auskommst. Und du kriegst ein Gef\u00fchl daf\u00fcr, was du tun musst, um dir deine Hobbies zu erm\u00f6glichen.<\/p>\r\n<p><strong>Wie sehen deine Freunde deine Lehre bei voestalpine?<\/strong><\/p>\r\n<p>Meine Freunde sind zum Gro\u00dfteil auch bei voestalpine und genauso gl\u00fccklich mit ihrer Lehre und Berufswahl.<\/p>\r\n<p><strong>Was sind deine Nah- und Fernziele?<\/strong><\/p>\r\n<p>Nach der Lehrabschlusspr\u00fcfung w\u00fcrde ich gern bei der voestalpine bleiben. Und dann interessieren mich Fortbildungsprogramme, z. B. die Meisterschule.<\/p>\r\n<p><strong>Lieblingssport:<\/strong> Basketball<\/p>\r\n<p><strong>Lieblingsfilm:<\/strong> Alles, was mit Comedy zu tun hat.<\/p>\r\n<p><strong>Lieblingsmusik:<\/strong> Ich h\u00f6re immer \u00d63.<\/p>\r\n<p><strong>Lieblingsauto:<\/strong> Ich habe mir vor Kurzem einen Seat Leon Kombi gekauft und bin gerade dabei, ihn umzubauen.<\/p>\r\n\t\t\t\t<img loading=\"lazy\" decoding=\"async\" src=\"https:\/\/www.voestalpine.com\/bestelehresteiermark\/wp-content\/uploads\/2021\/01\/lucaspripfl_20200909_044.jpg\" alt=\"lucaspripfl_20200909_044\" itemprop=\"image\" height=\"667\" width=\"1000\" title=\"lucaspripfl_20200909_044\" onerror=\"this.style.display='none'\"  \/>\r\n\t<p>Seit drei Jahren bei voestalpine: Teamplayer Fabian Tantscher<\/p>\r\n\t\t\t\t<img loading=\"lazy\" decoding=\"async\" src=\"https:\/\/www.voestalpine.com\/bestelehresteiermark\/wp-content\/uploads\/2021\/01\/Fabian-Tantscher-1-scaled-e1610801301166.jpg\" alt=\"Fabian Tantscher 1\" itemprop=\"image\" height=\"667\" width=\"1000\" title=\"Fabian Tantscher 1\" onerror=\"this.style.display='none'\"  \/>\r\n\t<p>Fabian ist Vorsitzender des Jugendvertrauensrates und als solcher Ansprechpartner f\u00fcr die Anliegen von 150 Lehrlingen<\/p>\r\n\t<h5>Weitere Erfolgsgeschichten<\/h5>\r\n<a href=\"https:\/\/www.voestalpine.com\/bestelehresteiermark\/lehre-fuer-die-zukunft\"> Lehre f\u00fcr die Zukunft<\/a><br \/>\r\n<a href=\"https:\/\/www.voestalpine.com\/bestelehresteiermark\/ausgezeichneter-lehrbetrieb\"> Ausgezeichnete Voraussetzungen<\/a><br \/>\r\n<a href=\"https:\/\/www.voestalpine.com\/bestelehresteiermark\/hierbleiben-weit-kommen\/\"> Hierbleiben, weit kommen<\/a><br \/>\r\n<a href=\"https:\/\/www.voestalpine.com\/bestelehresteiermark\/von-der-lehre-zur-karriere\/\"> Messen mit den Besten<\/a><br \/>\r\n<a href=\"https:\/\/www.voestalpine.com\/bestelehresteiermark\/immer-dort-wo-es-brennt\/\"> Immer dort, wo es brennt<\/a><br \/>\r\n<a href=\"https:\/\/www.voestalpine.com\/bestelehresteiermark\/programmierprojektroboterarm\/\"> Programmier-Projekt Roboterarm<\/a><br \/>\r\n<a href=\"https:\/\/www.voestalpine.com\/bestelehresteiermark\/es-gibt-immer-was-zum-zerlegen\/\"> Es gibt immer was zum Zerlegen!<\/a><br \/>\r\n<a href=\"https:\/\/www.voestalpine.com\/bestelehresteiermark\/heavy-metall\/\"> Heavy &#8220;Metall&#8221;<\/a><br \/>\r\n<a href=\"https:\/\/www.voestalpine.com\/bestelehresteiermark\/e-technik\/\"> E-Technik<\/a><br \/>\r\n<a href=\"https:\/\/www.voestalpine.com\/bestelehresteiermark\/schutzschilde\/\"> Teamwork f\u00fcr Schutzschilde<\/a><br \/>\r\n<a href=\"https:\/\/www.voestalpine.com\/bestelehresteiermark\/perspektive-lehre\/\"> Mehr Perspektive mit Lehre<\/a>\r\n<p>&nbsp;<\/p>\r\n\t<p><strong>Link zur Ausbildung teilen<\/strong><\/p>\r\n<div class=\"addtoany_shortcode\"><div class=\"a2a_kit a2a_kit_size_32 addtoany_list\" data-a2a-url=\"https:\/\/www.voestalpine.com\/bestelehresteiermark\/von-der-htl-zur-elektronik-ausbildung-in-donawitz\/\" data-a2a-title=\"Von der HTL zur Elektronik-Ausbildung in Donawitz\"><a class=\"a2a_button_facebook\" href=\"https:\/\/www.addtoany.com\/add_to\/facebook?linkurl=https%3A%2F%2Fwww.voestalpine.com%2Fbestelehresteiermark%2Fvon-der-htl-zur-elektronik-ausbildung-in-donawitz%2F&amp;linkname=Von%20der%20HTL%20zur%20Elektronik-Ausbildung%20in%20Donawitz\" title=\"Facebook\" rel=\"nofollow noopener\" target=\"_blank\"><\/a><a class=\"a2a_button_twitter\" href=\"https:\/\/www.addtoany.com\/add_to\/twitter?linkurl=https%3A%2F%2Fwww.voestalpine.com%2Fbestelehresteiermark%2Fvon-der-htl-zur-elektronik-ausbildung-in-donawitz%2F&amp;linkname=Von%20der%20HTL%20zur%20Elektronik-Ausbildung%20in%20Donawitz\" title=\"Twitter\" rel=\"nofollow noopener\" target=\"_blank\"><\/a><a class=\"a2a_button_pinterest\" href=\"https:\/\/www.addtoany.com\/add_to\/pinterest?linkurl=https%3A%2F%2Fwww.voestalpine.com%2Fbestelehresteiermark%2Fvon-der-htl-zur-elektronik-ausbildung-in-donawitz%2F&amp;linkname=Von%20der%20HTL%20zur%20Elektronik-Ausbildung%20in%20Donawitz\" title=\"Pinterest\" rel=\"nofollow noopener\" target=\"_blank\"><\/a><a class=\"a2a_button_whatsapp\" href=\"https:\/\/www.addtoany.com\/add_to\/whatsapp?linkurl=https%3A%2F%2Fwww.voestalpine.com%2Fbestelehresteiermark%2Fvon-der-htl-zur-elektronik-ausbildung-in-donawitz%2F&amp;linkname=Von%20der%20HTL%20zur%20Elektronik-Ausbildung%20in%20Donawitz\" title=\"WhatsApp\" rel=\"nofollow noopener\" target=\"_blank\"><\/a><a class=\"a2a_button_email\" href=\"https:\/\/www.addtoany.com\/add_to\/email?linkurl=https%3A%2F%2Fwww.voestalpine.com%2Fbestelehresteiermark%2Fvon-der-htl-zur-elektronik-ausbildung-in-donawitz%2F&amp;linkname=Von%20der%20HTL%20zur%20Elektronik-Ausbildung%20in%20Donawitz\" title=\"Email\" rel=\"nofollow noopener\" target=\"_blank\"><\/a><\/div><\/div>\r\n","protected":false},"excerpt":{"rendered":"<p>Von der HTL zur Elektronik-Ausbildung in Donawitz Fabian Tantscher und sein Faible f\u00fcr IT Immer auf dem Laufenden bleiben, lautet die Devise bei Fabian Tantscher aus Niklasdorf: Der 19-J\u00e4hrige kam nach zwei Jahren HTL zur Stahl Donawitz GmbH und ist derzeit im 3. Lehrjahr (Elektronik\/Nachrichtentechnik). Aktuell befindet sich Fabian Tantscher bei voestalpine Stahl Donawitz GmbH im 3. Lehrjahr (Elektronik\/Nachrichtentechnik). \u201eImmer auf dem Laufenden bleiben\u201c, lautet &hellip; <a href=\"https:\/\/www.voestalpine.com\/bestelehresteiermark\/von-der-htl-zur-elektronik-ausbildung-in-donawitz\/\" class=\"more-link\">Continue reading <span class=\"screen-reader-text\">Von der HTL zur Elektronik-Ausbildung in Donawitz<\/span> <span class=\"meta-nav\">&raquo;<\/span><\/a><\/p>\n","protected":false},"author":13,"featured_media":0,"parent":0,"menu_order":0,"comment_status":"closed","ping_status":"closed","template":"page-templates\/full-width.php","meta":{"footnotes":""},"class_list":["post-2235","page","type-page","status-publish","hentry"],"_links":{"self":[{"href":"https:\/\/www.voestalpine.com\/bestelehresteiermark\/wp-json\/wp\/v2\/pages\/2235","targetHints":{"allow":["GET"]}}],"collection":[{"href":"https:\/\/www.voestalpine.com\/bestelehresteiermark\/wp-json\/wp\/v2\/pages"}],"about":[{"href":"https:\/\/www.voestalpine.com\/bestelehresteiermark\/wp-json\/wp\/v2\/types\/page"}],"author":[{"embeddable":true,"href":"https:\/\/www.voestalpine.com\/bestelehresteiermark\/wp-json\/wp\/v2\/users\/13"}],"replies":[{"embeddable":true,"href":"https:\/\/www.voestalpine.com\/bestelehresteiermark\/wp-json\/wp\/v2\/comments?post=2235"}],"version-history":[{"count":10,"href":"https:\/\/www.voestalpine.com\/bestelehresteiermark\/wp-json\/wp\/v2\/pages\/2235\/revisions"}],"predecessor-version":[{"id":2258,"href":"https:\/\/www.voestalpine.com\/bestelehresteiermark\/wp-json\/wp\/v2\/pages\/2235\/revisions\/2258"}],"wp:attachment":[{"href":"https:\/\/www.voestalpine.com\/bestelehresteiermark\/wp-json\/wp\/v2\/media?parent=2235"}],"curies":[{"name":"wp","href":"https:\/\/api.w.org\/{rel}","templated":true}]}}