{"id":2067,"date":"2020-10-02T10:37:11","date_gmt":"2020-10-02T08:37:11","guid":{"rendered":"https:\/\/www.voestalpine.com\/bestelehresteiermark\/?page_id=2067"},"modified":"2025-11-18T13:09:20","modified_gmt":"2025-11-18T12:09:20","slug":"finanz-und-rechnungswesenassistentin","status":"publish","type":"page","link":"https:\/\/www.voestalpine.com\/bestelehresteiermark\/ausbildungen\/finanz-und-rechnungswesenassistentin\/","title":{"rendered":"Finanz- und Rechnungswesenassistenz"},"content":{"rendered":"\n\t\t\t\t<img loading=\"lazy\" decoding=\"async\" src=\"https:\/\/www.voestalpine.com\/bestelehresteiermark\/wp-content\/uploads\/2022\/11\/industriekaufmann-frau-header-web-2048x831.jpg\" alt=\"Industriekaufmann_frau_header_web-2048x831\" itemprop=\"image\" height=\"325\" width=\"800\" height=\"831\" width=\"2048\" title=\"Industriekaufmann_frau_header_web-2048x831\" onerror=\"this.style.display='none'\"  \/>\n\t<h2>Lehre Finanz- und Rechnungswesenassistenz (m\/w\/d)<\/h2>\n\t<p><img loading=\"lazy\" decoding=\"async\" src=\"https:\/\/www.voestalpine.com\/bestelehresteiermark\/wp-content\/uploads\/2018\/10\/Icons_lehrzeit-150x150.png\" alt=\"Lehrzeit\" width=\"100\" height=\"89\" \/><\/p>\n\t<p>Lehrzeit: 3 Jahre<\/p>\n\t<h4>Der Job:<\/h4>\nDer Lehrberuf \u201eFinanz- und Rechnungswesen Assistenz\u201c umfasst alle Aufgabengebiete des betrieblichen Rechnungswesens (Buchhaltung und Kostenrechnung). Im Aufgabenbereich Buchhaltung liegt die Erfassung s\u00e4mtlicher Unternehmenswerte (Geb\u00e4ude, Anlagen, Kapital) sowie<br \/>\ndie Aufw\u00e4nde und Ertr\u00e4ge (Kosten, Einnahmen). Auf den Daten der Buchhaltung basiert die Kostenrechnung, also die Berechnung der Fixkosten und der Herstellungskosten.\n<h4>Die Aufgabe:<\/h4>\n<p>Das Erstellen von betriebswirtschaftlichen Statistiken und Tabellen, Vorbereitungsarbeiten f\u00fcr die Jahresabschl\u00fcsse sowie auch administrative Arbeiten wie z.B. das Verwalten und Ablegen von wichtigen Schriftst\u00fccken (Rechnungen, Vertr\u00e4ge usw.) und das Verfassen von Briefen und E-Mails geh\u00f6ren zu deinem Berufsalltag.<\/p>\n<h4>Die Voraussetzungen:<\/h4>\n<p>Genauigkeit, Sorgfalt, gute Umgangsformen und Kontaktfreudigkeit kennzeichnen diesen Beruf. Zus\u00e4tzlich sind Teamf\u00e4higkeit, vernetztes Denken weitere Voraussetzungen f\u00fcr diese Aufgabe.<\/p>\n\t\t<h3><\/h3>\t\t\n\t\t\t\u201eWas meine Lehre so besonders macht, ist, dass man nicht nur den Beruf lernt, sondern auch ganz viele Soft Skills, wie Belastbarkeit, Flexibilit\u00e4t, Selbstst\u00e4ndigkeit und noch vieles mehr, was man in der Arbeitswelt sp\u00e4ter sicher gut brauchen kann.\u201c<br \/>\n\n<em>&#8211; Lisa Gach, voestalpine Turnout Technology Zeltweg GmbH<br \/>\n<\/em>\n<hr \/>\n<p>\u201eWas meine Lehre so besonders macht, dass eine Industriekauffrau in vielen verschiedenen Bereichen eingesetzt werden kann. Die Lehre in der voestalpine ist individuell, da den Lehrlingen auch viel an Ausbildungen und zus\u00e4tzlichen Aktivit\u00e4ten geboten wird (Sport, Englisch, Weiterbildungen, Ausfl\u00fcge etc.). Ich bin froh hier lernen zu d\u00fcrfen, da sich alle bem\u00fchen mir m\u00f6glichst viel beizubringen.\u201c<\/p>\n<em>&#8211; Valentina Gritz, voestalpine Stahl Donawitz GmbH<br \/>\n<\/em>\n\t<strong>Deine F\u00e4higkeiten<br \/>\n<\/strong>Genauigkeit, Sorgfalt, gute Umgangsformen, Kontaktfreudigkeit\/Teamf\u00e4higkeit, vernetztes Denken<br \/>\n<img loading=\"lazy\" decoding=\"async\" src=\"https:\/\/www.voestalpine.com\/bestelehresteiermark\/wp-content\/uploads\/2018\/10\/Icons_faehigkeiten_ohnentext_praezision.png\" alt=\"\" width=\"99\" height=\"88\" \/> <img loading=\"lazy\" decoding=\"async\" src=\"https:\/\/www.voestalpine.com\/bestelehresteiermark\/wp-content\/uploads\/2018\/10\/Icons_faehigkeiten_ohnentext_verlaesslichkeit.png\" alt=\"\" width=\"100\" height=\"89\" \/> <img loading=\"lazy\" decoding=\"async\" src=\"https:\/\/www.voestalpine.com\/bestelehresteiermark\/wp-content\/uploads\/2018\/10\/Icons_faehigkeiten_ohnentext_teamfaehigkeit.png\" alt=\"\" width=\"100\" height=\"89\" \/> <img loading=\"lazy\" decoding=\"async\" src=\"https:\/\/www.voestalpine.com\/bestelehresteiermark\/wp-content\/uploads\/2018\/10\/Icons_faehigkeiten_ohnentext_vernetztesdenken.png\" alt=\"\" width=\"100\" height=\"89\" \/>\n\t<h2>Dein Einkommen<\/h2>\n<ul>\n<li>1. Lehrjahr: 1.071,00 \u20ac<\/li>\n<li>2. Lehrjahr: 1.295,40 \u20ac<\/li>\n<li>3. Lehrjahr: 1.657,50 \u20ac<\/li>\n<\/ul>\n\t<p><a href=\"#\"> Download Factsheet<\/a>\u00a0(<em>Verlinkung folgt)<\/em><\/p>\n<p><img loading=\"lazy\" decoding=\"async\" src=\"\/bestelehresteiermark\/wp-content\/uploads\/2018\/10\/Steiermarkkarte_Standort_Bruckandermur.png\" alt=\"\" width=\"463\" height=\"319\" \/><\/p>\n<p><img loading=\"lazy\" decoding=\"async\" src=\"\/bestelehresteiermark\/wp-content\/uploads\/2018\/10\/Steiermarkkarte_Standort_Kapfenberg.png\" alt=\"\" width=\"463\" height=\"319\" \/><\/p>\n<p><img loading=\"lazy\" decoding=\"async\" src=\"\/bestelehresteiermark\/wp-content\/uploads\/2018\/10\/Steiermarkkarte_Standort_Kindberg.png\" alt=\"\" width=\"463\" height=\"319\" \/><\/p>\n<p><img loading=\"lazy\" decoding=\"async\" src=\"\/bestelehresteiermark\/wp-content\/uploads\/2018\/10\/Steiermarkkarte_Standort_Krieglach.png\" alt=\"\" width=\"463\" height=\"319\" \/><\/p>\n<p><img loading=\"lazy\" decoding=\"async\" src=\"https:\/\/www.voestalpine.com\/bestelehresteiermark\/wp-content\/uploads\/2024\/09\/steiermarkkarte-standort-leoben-donawitz-1.png\" alt=\"\" width=\"463\" height=\"319\" \/><\/p>\n<p><img loading=\"lazy\" decoding=\"async\" src=\"\/bestelehresteiermark\/wp-content\/uploads\/2018\/10\/Steiermarkkarte_Standort_Muerzzuschlag.png\" alt=\"\" width=\"463\" height=\"319\" \/><\/p>\n<p><img loading=\"lazy\" decoding=\"async\" src=\"\/bestelehresteiermark\/wp-content\/uploads\/2018\/10\/Steiermarkkarte_Standort_stpeterfreienstein.png\" alt=\"\" width=\"463\" height=\"319\" \/><\/p>\n<p><img loading=\"lazy\" decoding=\"async\" src=\"\/bestelehresteiermark\/wp-content\/uploads\/2018\/10\/Steiermarkkarte_Standort_Zeltweg.png\" alt=\"\" width=\"463\" height=\"319\" \/><\/p>\n<p><img loading=\"lazy\" decoding=\"async\" src=\"\/bestelehresteiermark\/wp-content\/uploads\/2018\/10\/Steiermarkkarte_Standort.png\" alt=\"\" width=\"463\" height=\"319\" \/><\/p>\n\t<h2>Ausbildungsorte:<\/h2>\nLeoben-Donawitz \/ voestalpine Stahl Donawitz GmbH<br \/>\n<a href=\"https:\/\/jobs.voestalpine.com\/index.php?ac=jobad&amp;id=19743\">Zur Stellenanzeige im Jobportal<\/a>\n<p>&nbsp;<\/p>\n\t<strong> Du interessierst dich f\u00fcr diese Ausbildung und m\u00f6chtest dich bewerben?<br \/>\n<\/strong>Die Checkliste hilft dir, dich bestm\u00f6glich vorzubereiten.<br \/>\n <a href=\"https:\/\/www.voestalpine.com\/bestelehresteiermark\/#checkliste\">Checkliste<\/a>\n\t<h3>Hast du eine Frage zu diesem Lehrberuf?<\/h3>\n<p>Wir helfen dir gerne weiter.<\/p>\n\t\n<div class=\"wpcf7 no-js\" id=\"wpcf7-f2070-o1\" lang=\"de-DE\" dir=\"ltr\" data-wpcf7-id=\"2070\">\n<div class=\"screen-reader-response\"><p role=\"status\" aria-live=\"polite\" aria-atomic=\"true\"><\/p> <ul><\/ul><\/div>\n<form action=\"\/bestelehresteiermark\/wp-json\/wp\/v2\/pages\/2067#wpcf7-f2070-o1\" method=\"post\" class=\"wpcf7-form init\" aria-label=\"Kontaktformular\" novalidate=\"novalidate\" data-status=\"init\">\n<fieldset class=\"hidden-fields-container\"><input type=\"hidden\" name=\"_wpcf7\" value=\"2070\" \/><input type=\"hidden\" name=\"_wpcf7_version\" value=\"6.1.5\" \/><input type=\"hidden\" name=\"_wpcf7_locale\" value=\"de_DE\" \/><input type=\"hidden\" name=\"_wpcf7_unit_tag\" value=\"wpcf7-f2070-o1\" \/><input type=\"hidden\" name=\"_wpcf7_container_post\" value=\"0\" \/><input type=\"hidden\" name=\"_wpcf7_posted_data_hash\" value=\"\" \/>\n<\/fieldset>\n<p>Ich m\u00f6chte mehr wissen \u00fcber den Lehrberuf: <span style=\"font-weight:400;\">Finanz- und Rechnungswesenassistenz<\/span>\n<\/p>\n<p><label><span class=\"wpcf7-form-control-wrap\" data-name=\"your-standort\"><select class=\"wpcf7-form-control wpcf7-select wpcf7-validates-as-required\" aria-required=\"true\" aria-invalid=\"false\" name=\"your-standort\"><option value=\"\">Standort w\u00e4hlen<\/option><option value=\"Leoben-Donawitz \/ voestalpine Stahl Donawitz GmbH\">Leoben-Donawitz \/ voestalpine Stahl Donawitz GmbH<\/option><\/select><\/span><\/label>\n<\/p>\n<p><label><span class=\"wpcf7-form-control-wrap\" data-name=\"your-name\"><input size=\"40\" maxlength=\"400\" class=\"wpcf7-form-control wpcf7-text wpcf7-validates-as-required\" aria-required=\"true\" aria-invalid=\"false\" placeholder=\"Vorname Nachname\" value=\"\" type=\"text\" name=\"your-name\" \/><\/span> <\/label>\n<\/p>\n<p><label><span class=\"wpcf7-form-control-wrap\" data-name=\"your-email\"><input size=\"40\" maxlength=\"400\" class=\"wpcf7-form-control wpcf7-email wpcf7-validates-as-required wpcf7-text wpcf7-validates-as-email\" aria-required=\"true\" aria-invalid=\"false\" placeholder=\"Meine E-Mail\" value=\"\" type=\"email\" name=\"your-email\" \/><\/span> <\/label>\n<\/p>\n<p><label><span class=\"wpcf7-form-control-wrap\" data-name=\"your-tel\"><input size=\"40\" maxlength=\"400\" class=\"wpcf7-form-control wpcf7-tel wpcf7-validates-as-required wpcf7-text wpcf7-validates-as-tel\" aria-required=\"true\" aria-invalid=\"false\" placeholder=\"Meine Telefonnummer\" value=\"\" type=\"tel\" name=\"your-tel\" \/><\/span> <\/label>\n<\/p>\n<p><label><span class=\"wpcf7-form-control-wrap\" data-name=\"your-message\"><textarea cols=\"40\" rows=\"10\" maxlength=\"2000\" class=\"wpcf7-form-control wpcf7-textarea\" aria-invalid=\"false\" placeholder=\"Meine Frage\" name=\"your-message\"><\/textarea><\/span> <\/label>\n<\/p>\n<p><label><span class=\"wpcf7-form-control-wrap\" data-name=\"quiz-113\"><label><span class=\"wpcf7-quiz-label\">Wieviel ist 3 + 7<\/span> <input size=\"40\" class=\"wpcf7-form-control wpcf7-quiz\" autocomplete=\"off\" aria-required=\"true\" aria-invalid=\"false\" type=\"text\" name=\"quiz-113\" \/><\/label><input type=\"hidden\" name=\"_wpcf7_quiz_answer_quiz-113\" value=\"a582ac202470fbb15ac42aa9d1d65a60\" \/><\/span><\/label>\n<\/p>\n<p><span class=\"wpcf7-form-control-wrap\" data-name=\"acceptance-20\"><span class=\"wpcf7-form-control wpcf7-acceptance\"><span class=\"wpcf7-list-item\"><label><input type=\"checkbox\" name=\"acceptance-20\" value=\"1\" aria-invalid=\"false\" \/><span class=\"wpcf7-list-item-label\"><span class=\"datenschutzlink\">Ich akzeptiere die <a  href=\"https:\/\/www.voestalpine.com\/bestelehresteiermark\/datenschutz\/\" target=\"_blank\" title=\"Datenschutzbedingungen\">Datenschutzbedingungen<\/a><\/span><\/span><\/label><\/span><\/span><\/span>\n<\/p>\n<p><input class=\"wpcf7-form-control wpcf7-submit has-spinner\" type=\"submit\" value=\"Absenden\" \/><input type=\"reset\" class='button btn btn-primary' \/>\n<\/p><div class=\"wpcf7-response-output\" aria-hidden=\"true\"><\/div>\n<\/form>\n<\/div>\n\n\t<p><strong>Link zur Ausbildung teilen<\/strong><\/p>\n<div class=\"addtoany_shortcode\"><div class=\"a2a_kit a2a_kit_size_32 addtoany_list\" data-a2a-url=\"https:\/\/www.voestalpine.com\/bestelehresteiermark\/ausbildungen\/finanz-und-rechnungswesenassistentin\/\" data-a2a-title=\"Finanz- und Rechnungswesenassistenz\"><a class=\"a2a_button_facebook\" href=\"https:\/\/www.addtoany.com\/add_to\/facebook?linkurl=https%3A%2F%2Fwww.voestalpine.com%2Fbestelehresteiermark%2Fausbildungen%2Ffinanz-und-rechnungswesenassistentin%2F&amp;linkname=Finanz-%20und%20Rechnungswesenassistenz\" title=\"Facebook\" rel=\"nofollow noopener\" target=\"_blank\"><\/a><a class=\"a2a_button_twitter\" href=\"https:\/\/www.addtoany.com\/add_to\/twitter?linkurl=https%3A%2F%2Fwww.voestalpine.com%2Fbestelehresteiermark%2Fausbildungen%2Ffinanz-und-rechnungswesenassistentin%2F&amp;linkname=Finanz-%20und%20Rechnungswesenassistenz\" title=\"Twitter\" rel=\"nofollow noopener\" target=\"_blank\"><\/a><a class=\"a2a_button_pinterest\" href=\"https:\/\/www.addtoany.com\/add_to\/pinterest?linkurl=https%3A%2F%2Fwww.voestalpine.com%2Fbestelehresteiermark%2Fausbildungen%2Ffinanz-und-rechnungswesenassistentin%2F&amp;linkname=Finanz-%20und%20Rechnungswesenassistenz\" title=\"Pinterest\" rel=\"nofollow noopener\" target=\"_blank\"><\/a><a class=\"a2a_button_whatsapp\" href=\"https:\/\/www.addtoany.com\/add_to\/whatsapp?linkurl=https%3A%2F%2Fwww.voestalpine.com%2Fbestelehresteiermark%2Fausbildungen%2Ffinanz-und-rechnungswesenassistentin%2F&amp;linkname=Finanz-%20und%20Rechnungswesenassistenz\" title=\"WhatsApp\" rel=\"nofollow noopener\" target=\"_blank\"><\/a><a class=\"a2a_button_email\" href=\"https:\/\/www.addtoany.com\/add_to\/email?linkurl=https%3A%2F%2Fwww.voestalpine.com%2Fbestelehresteiermark%2Fausbildungen%2Ffinanz-und-rechnungswesenassistentin%2F&amp;linkname=Finanz-%20und%20Rechnungswesenassistenz\" title=\"Email\" rel=\"nofollow noopener\" target=\"_blank\"><\/a><\/div><\/div>\n","protected":false},"excerpt":{"rendered":"<p>Lehre Finanz- und Rechnungswesenassistenz (m\/w\/d) Lehrzeit: 3 Jahre Der Job: Der Lehrberuf \u201eFinanz- und Rechnungswesen Assistenz\u201c umfasst alle Aufgabengebiete des betrieblichen Rechnungswesens (Buchhaltung und Kostenrechnung). Im Aufgabenbereich Buchhaltung liegt die Erfassung s\u00e4mtlicher Unternehmenswerte (Geb\u00e4ude, Anlagen, Kapital) sowie die Aufw\u00e4nde und Ertr\u00e4ge (Kosten, Einnahmen). Auf den Daten der Buchhaltung basiert die Kostenrechnung, also die Berechnung der Fixkosten und der Herstellungskosten. Die Aufgabe: Das Erstellen von betriebswirtschaftlichen &hellip; <a href=\"https:\/\/www.voestalpine.com\/bestelehresteiermark\/ausbildungen\/finanz-und-rechnungswesenassistentin\/\" class=\"more-link\">Continue reading <span class=\"screen-reader-text\">Finanz- und Rechnungswesenassistenz<\/span> <span class=\"meta-nav\">&raquo;<\/span><\/a><\/p>\n","protected":false},"author":13,"featured_media":0,"parent":8,"menu_order":1,"comment_status":"closed","ping_status":"closed","template":"page-templates\/full-width.php","meta":{"footnotes":""},"class_list":["post-2067","page","type-page","status-publish","hentry"],"_links":{"self":[{"href":"https:\/\/www.voestalpine.com\/bestelehresteiermark\/wp-json\/wp\/v2\/pages\/2067","targetHints":{"allow":["GET"]}}],"collection":[{"href":"https:\/\/www.voestalpine.com\/bestelehresteiermark\/wp-json\/wp\/v2\/pages"}],"about":[{"href":"https:\/\/www.voestalpine.com\/bestelehresteiermark\/wp-json\/wp\/v2\/types\/page"}],"author":[{"embeddable":true,"href":"https:\/\/www.voestalpine.com\/bestelehresteiermark\/wp-json\/wp\/v2\/users\/13"}],"replies":[{"embeddable":true,"href":"https:\/\/www.voestalpine.com\/bestelehresteiermark\/wp-json\/wp\/v2\/comments?post=2067"}],"version-history":[{"count":26,"href":"https:\/\/www.voestalpine.com\/bestelehresteiermark\/wp-json\/wp\/v2\/pages\/2067\/revisions"}],"predecessor-version":[{"id":5358,"href":"https:\/\/www.voestalpine.com\/bestelehresteiermark\/wp-json\/wp\/v2\/pages\/2067\/revisions\/5358"}],"up":[{"embeddable":true,"href":"https:\/\/www.voestalpine.com\/bestelehresteiermark\/wp-json\/wp\/v2\/pages\/8"}],"wp:attachment":[{"href":"https:\/\/www.voestalpine.com\/bestelehresteiermark\/wp-json\/wp\/v2\/media?parent=2067"}],"curies":[{"name":"wp","href":"https:\/\/api.w.org\/{rel}","templated":true}]}}