{"id":1394,"date":"2019-03-28T10:47:25","date_gmt":"2019-03-28T09:47:25","guid":{"rendered":"https:\/\/www.voestalpine.com\/bestelehresteiermark\/?page_id=1394"},"modified":"2021-04-21T14:52:52","modified_gmt":"2021-04-21T12:52:52","slug":"immer-dort-wo-es-brennt","status":"publish","type":"page","link":"https:\/\/www.voestalpine.com\/bestelehresteiermark\/immer-dort-wo-es-brennt\/","title":{"rendered":"Immer dort, wo es brennt"},"content":{"rendered":"\r\n\t<p>Lehre mit Leidenschaft<\/p>\r\n<h2>Immer dort, wo es brennt<\/h2>\r\n<h3>Pascal Huwar ist seit seinem neunten Lebensjahr leidenschaftlicher Feuerwehrmann. Durch die w\u00f6chentliche \u00dcbung bei der FF Parschlug ist er bestens auf alle Situationen vorbereitet. In seiner Lehre kann er davon ebenfalls einiges anwenden, Pascal bewahrt auch in anspruchsvollen Situationen immer einen k\u00fchlen Kopf.<\/h3>\r\n\t<p>Mit den Monteuren mitfahren, Maschinen warten und reparieren, Ger\u00e4te installieren und anschlie\u00dfen, der Job eines Betriebselektrikers ist \u00fcberaus abwechslungsreich. Und bei der Behebung von St\u00f6rungen im Betrieb muss man schnell sein wie die Feuerwehr, damit alles reibungslos weiterfunktionieren kann. F\u00fcr den Lehrling im 2. Lehrjahr ist es genau diese Vielfalt, die ihm so Spa\u00df macht. <em>\u201eDie Ausbildung ist top und das Arbeitsklima spitze\u201c<\/em>, fasst er seine Erfahrungen zusammen.<\/p>\r\n\t\t\t<img decoding=\"async\" loading='false' src=\"https:\/\/www.voestalpine.com\/bestelehresteiermark\/wp-content\/uploads\/2019\/03\/Erfolgsgeschichten_Pascal_Huwar_mobil.png\" alt=\"\" \/>\t\t\t\r\n\t\t\t\t<p>\u201eDer Umgang mit Strom ist genau meins, ich hab\u2019 schon immer gewusst, dass ich Elektriker werden will.\u201c<\/p>\r\n<strong>Pascal Huwar<\/strong><br \/>\r\nFeuerwehrmann und Betriebselektriker<br \/>\r\nvoestalpine Wire Austria GmbH, Bruck an der Mur\r\n<img decoding=\"async\" loading='false' src=\"https:\/\/www.voestalpine.com\/bestelehresteiermark\/wp-content\/uploads\/2019\/03\/VA_Microsite_Testimonials_Pascal-Huwar.png\" alt=\"\" \/>\t\t\t\r\n\t<p>Wie viele Lehrlinge der unterschiedlichen voestalpine-Unternehmen hat Pascal die ersten beiden Jahre im Ausbildungszentrum Kapfenberg absolviert. Die ausgezeichnete Lehrwerkst\u00e4tte \u00f6ffnet viele M\u00f6glichkeiten. Auch ein Schwei\u00dfkurs oder ein Schmiedekurs geh\u00f6ren dazu. Herausforderungen, die f\u00fcr Pascal gerade richtig kommen, schlie\u00dflich hat er f\u00fcr seine Ausbildung noch einiges vor. Abendschule, Weiterbildung und die Meisterschule stehen auf seinem (Schalt-)Plan f\u00fcr die Zukunft. Und wenn es darum geht, eine Photovoltaik-Anlage abzuschalten oder ein E-Auto zu sichern, kann er bei der Feuerwehr sein berufliches K\u00f6nnen gleich miteinsetzen.<\/p>\r\n\t\t\t<img decoding=\"async\" loading='false' src=\"https:\/\/www.voestalpine.com\/bestelehresteiermark\/wp-content\/uploads\/2019\/03\/Erfolgsgeschichten_Roland-Griessmaier-Christoefl_mobil.png\" alt=\"\" \/>\t\t\t\r\n\t\t\t\t<p>\u201eDass wir f\u00fcr unterschiedliche Gesellschaften Lehrlinge ausbilden, ist f\u00fcr alle ein gro\u00dfer Gewinn. Wir bieten das komplette Ausbildungspaket und f\u00f6rdern gleichzeitig den Austausch zwischen Jobs und Menschen.\u201c<\/p>\r\n<strong>Roland Grie\u00dfmaier-Christ\u00f6fl <\/strong><br \/>\r\nAusbildner in der voestalpine B\u00f6hler Edelstahl in Kapfenberg und f\u00fcr Hrn. Huwar als Ausbildner zust\u00e4ndig\r\n<img decoding=\"async\" loading='false' src=\"https:\/\/www.voestalpine.com\/bestelehresteiermark\/wp-content\/uploads\/2019\/03\/VA_Microsite_Testimonials_Roland-Grie\u00dfmaier-Christo\u0308fl.png\" alt=\"\" \/>\t\t\t\r\n\t<h5>Weitere Erfolgsgeschichten<\/h5>\r\n<a href=\"https:\/\/www.voestalpine.com\/bestelehresteiermark\/\/lehre-mit-leidenschaft\/\"> Besser im Team<\/a><br \/>\r\n<a href=\"https:\/\/www.voestalpine.com\/bestelehresteiermark\/lehre-fuer-die-zukunft\"> Lehre f\u00fcr die Zukunft<\/a><br \/>\r\n<a href=\"https:\/\/www.voestalpine.com\/bestelehresteiermark\/ausgezeichneter-lehrbetrieb\"> Ausgezeichnete Voraussetzungen<\/a><br \/>\r\n<a href=\"https:\/\/www.voestalpine.com\/bestelehresteiermark\/hierbleiben-weit-kommen\/\"> Hierbleiben, weit kommen<\/a><br \/>\r\n<a href=\"https:\/\/www.voestalpine.com\/bestelehresteiermark\/von-der-lehre-zur-karriere\/\"> Messen mit den Besten<\/a><br \/>\r\n<a href=\"https:\/\/www.voestalpine.com\/bestelehresteiermark\/programmierprojektroboterarm\/\"> Programmier-Projekt Roboterarm<\/a><br \/>\r\n<a href=\"https:\/\/www.voestalpine.com\/bestelehresteiermark\/es-gibt-immer-was-zum-zerlegen\/\"> Es gibt immer was zum Zerlegen!<\/a><br \/>\r\n<a href=\"https:\/\/www.voestalpine.com\/bestelehresteiermark\/heavy-metall\/\"> Heavy &#8220;Metall&#8221;<\/a><br \/>\r\n<a href=\"https:\/\/www.voestalpine.com\/bestelehresteiermark\/e-technik\/\"> E-Technik<\/a><br \/>\r\n<a href=\"https:\/\/www.voestalpine.com\/bestelehresteiermark\/schutzschilde\/\"> Teamwork f\u00fcr Schutzschilde<\/a><br \/>\r\n<a href=\"https:\/\/www.voestalpine.com\/bestelehresteiermark\/perspektive-lehre\/\"> Mehr Perspektive mit Lehre<\/a>\r\n\t<p><strong>Link zur Ausbildung teilen<\/strong><\/p>\r\n<div class=\"addtoany_shortcode\"><div class=\"a2a_kit a2a_kit_size_32 addtoany_list\" data-a2a-url=\"https:\/\/www.voestalpine.com\/bestelehresteiermark\/immer-dort-wo-es-brennt\/\" data-a2a-title=\"Immer dort, wo es brennt\"><a class=\"a2a_button_facebook\" href=\"https:\/\/www.addtoany.com\/add_to\/facebook?linkurl=https%3A%2F%2Fwww.voestalpine.com%2Fbestelehresteiermark%2Fimmer-dort-wo-es-brennt%2F&amp;linkname=Immer%20dort%2C%20wo%20es%20brennt\" title=\"Facebook\" rel=\"nofollow noopener\" target=\"_blank\"><\/a><a class=\"a2a_button_twitter\" href=\"https:\/\/www.addtoany.com\/add_to\/twitter?linkurl=https%3A%2F%2Fwww.voestalpine.com%2Fbestelehresteiermark%2Fimmer-dort-wo-es-brennt%2F&amp;linkname=Immer%20dort%2C%20wo%20es%20brennt\" title=\"Twitter\" rel=\"nofollow noopener\" target=\"_blank\"><\/a><a class=\"a2a_button_pinterest\" href=\"https:\/\/www.addtoany.com\/add_to\/pinterest?linkurl=https%3A%2F%2Fwww.voestalpine.com%2Fbestelehresteiermark%2Fimmer-dort-wo-es-brennt%2F&amp;linkname=Immer%20dort%2C%20wo%20es%20brennt\" title=\"Pinterest\" rel=\"nofollow noopener\" target=\"_blank\"><\/a><a class=\"a2a_button_whatsapp\" href=\"https:\/\/www.addtoany.com\/add_to\/whatsapp?linkurl=https%3A%2F%2Fwww.voestalpine.com%2Fbestelehresteiermark%2Fimmer-dort-wo-es-brennt%2F&amp;linkname=Immer%20dort%2C%20wo%20es%20brennt\" title=\"WhatsApp\" rel=\"nofollow noopener\" target=\"_blank\"><\/a><a class=\"a2a_button_email\" href=\"https:\/\/www.addtoany.com\/add_to\/email?linkurl=https%3A%2F%2Fwww.voestalpine.com%2Fbestelehresteiermark%2Fimmer-dort-wo-es-brennt%2F&amp;linkname=Immer%20dort%2C%20wo%20es%20brennt\" title=\"Email\" rel=\"nofollow noopener\" target=\"_blank\"><\/a><\/div><\/div>\r\n","protected":false},"excerpt":{"rendered":"<p>Lehre mit Leidenschaft Immer dort, wo es brennt Pascal Huwar ist seit seinem neunten Lebensjahr leidenschaftlicher Feuerwehrmann. Durch die w\u00f6chentliche \u00dcbung bei der FF Parschlug ist er bestens auf alle Situationen vorbereitet. In seiner Lehre kann er davon ebenfalls einiges anwenden, Pascal bewahrt auch in anspruchsvollen Situationen immer einen k\u00fchlen Kopf. Mit den Monteuren mitfahren, Maschinen warten und reparieren, Ger\u00e4te installieren und anschlie\u00dfen, der Job &hellip; <a href=\"https:\/\/www.voestalpine.com\/bestelehresteiermark\/immer-dort-wo-es-brennt\/\" class=\"more-link\">Continue reading <span class=\"screen-reader-text\">Immer dort, wo es brennt<\/span> <span class=\"meta-nav\">&raquo;<\/span><\/a><\/p>\n","protected":false},"author":2,"featured_media":0,"parent":0,"menu_order":0,"comment_status":"closed","ping_status":"closed","template":"page-templates\/full-width.php","meta":{"footnotes":""},"class_list":["post-1394","page","type-page","status-publish","hentry"],"_links":{"self":[{"href":"https:\/\/www.voestalpine.com\/bestelehresteiermark\/wp-json\/wp\/v2\/pages\/1394","targetHints":{"allow":["GET"]}}],"collection":[{"href":"https:\/\/www.voestalpine.com\/bestelehresteiermark\/wp-json\/wp\/v2\/pages"}],"about":[{"href":"https:\/\/www.voestalpine.com\/bestelehresteiermark\/wp-json\/wp\/v2\/types\/page"}],"author":[{"embeddable":true,"href":"https:\/\/www.voestalpine.com\/bestelehresteiermark\/wp-json\/wp\/v2\/users\/2"}],"replies":[{"embeddable":true,"href":"https:\/\/www.voestalpine.com\/bestelehresteiermark\/wp-json\/wp\/v2\/comments?post=1394"}],"version-history":[{"count":6,"href":"https:\/\/www.voestalpine.com\/bestelehresteiermark\/wp-json\/wp\/v2\/pages\/1394\/revisions"}],"predecessor-version":[{"id":1439,"href":"https:\/\/www.voestalpine.com\/bestelehresteiermark\/wp-json\/wp\/v2\/pages\/1394\/revisions\/1439"}],"wp:attachment":[{"href":"https:\/\/www.voestalpine.com\/bestelehresteiermark\/wp-json\/wp\/v2\/media?parent=1394"}],"curies":[{"name":"wp","href":"https:\/\/api.w.org\/{rel}","templated":true}]}}