{"id":1157,"date":"2019-02-20T14:41:40","date_gmt":"2019-02-20T13:41:40","guid":{"rendered":"https:\/\/www.voestalpine.com\/bestelehresteiermark\/?page_id=1157"},"modified":"2021-04-21T14:55:08","modified_gmt":"2021-04-21T12:55:08","slug":"lehre-mit-leidenschaft","status":"publish","type":"page","link":"https:\/\/www.voestalpine.com\/bestelehresteiermark\/lehre-mit-leidenschaft\/","title":{"rendered":"Lehre mit Leidenschaft"},"content":{"rendered":"\r\n\t<p>Lehre mit Leidenschaft<\/p>\r\n<h2>Besser im Team<\/h2>\r\n<h3>Was muss ein Lehrling mitbringen, wenn er bei voestalpine erfolgreich sein will? Freude am Beruf, Leidenschaft f\u00fcr Metall und Teamf\u00e4higkeit stehen auf jeden Fall ganz oben auf der Liste.<\/h3>\r\n\t<p>Bei der Auswahl der geeigneten Lehrlinge m\u00fcssen die Kandidatinnen und Kandidaten vor allem im pers\u00f6nlichen Gespr\u00e4ch \u00fcberzeugen, ein sicheres Auftreten ist gefragt. Schnell sp\u00fcren die erfahrenen Ausbildner, ob der Wille zu lernen und die entsprechende Motivation vorhanden sind.<\/p>\r\n<h4>Engagement und Teamf\u00e4higkeit als Rezept<\/h4>\r\n<p>Die voestalpine sucht Teamplayer, ohne Zusammenspiel kann der Produktionsfluss im Unternehmen nicht erfolgreich ablaufen. Von Anfang an nehmen Zusammenhalt und das richtige Miteinander deshalb einen hohen Stellenwert in der Ausbildung ein. In der zweiten Woche der Lehre starten die Lehrlinge ins erste Outdoortraining in der Eisenerzer Ramsau und absolvieren dort spannende Team\u00fcbungen. W\u00f6chentlicher Turnunterricht, eine Lehrlingsakademie, die Kommunikationsf\u00e4higkeiten f\u00f6rdert, sowie Lernbegleiter in allen Betrieben sorgen f\u00fcr pers\u00f6nliche Weiterentwicklung.<\/p>\r\n\t\t\t<img decoding=\"async\" loading='false' src=\"https:\/\/www.voestalpine.com\/bestelehresteiermark\/wp-content\/uploads\/2019\/02\/Erfolgsgeschichten_Johanna-Kislik_mobil.png\" alt=\"\" \/>\t\t\t\r\n\t\t\t\t<p>\u201eVergleicht man die Lehre bei der voestalpine mit Fu\u00dfball, ist das sicher Champions League.\u201c<\/p>\r\n<strong>Johanna Kislick<\/strong><br \/>\r\nEx-Nationalspielerin und Maschinenbautechnikerin<br \/>\r\nvoestalpine Stahl Donawitz GmbH\r\n<img decoding=\"async\" loading='false' src=\"https:\/\/www.voestalpine.com\/bestelehresteiermark\/wp-content\/uploads\/2019\/01\/VA_Microsite_Testimonials_Johanna-Kislik.png\" alt=\"\" \/>\t\t\t\r\n\t<h4>Erfolgreich an die Spitze spielen<\/h4>\r\n<p>Johanna Kislick hat viele Talente. Eine ihrer gr\u00f6\u00dften Begabungen ist wohl der Fu\u00dfball. Nachdem die Leidenschaft von ihrem Papa geweckt worden ist, f\u00e4ngt sie mit f\u00fcnf mit dem Fu\u00dfball an und spielt bis zum 13. Lebensjahr in den Mannschaften der Burschen mit. \u00dcber die 2. Bundesligamannschaft Leoben, die Fu\u00dfballakademie St. P\u00f6lten und den LUV Graz schafft die ehrgeizige Sportlerin den Weg ins Mittelfeld der weiblichen Nationalmannschaft. F\u00fcr die EM 2013 qualifiziert sich ihre U17-Mannschaft f\u00fcr die Eliterunde und holt den 5. Platz bei der WM nach \u00d6sterreich.<\/p>\r\n<p>Johanna h\u00e4tte bestimmt noch viele Erfolge gefeiert, wenn ihr Knie mitgespielt h\u00e4tte. Vier Kreuzbandrisse sorgen daf\u00fcr, dass sie ihre Karriere immer wieder auf Eis legen muss. Die Lehre als Maschinenbautechnikerin bei der Stahl Donawitz ist seit September 2016 ihr neues Standbein, dort kann sie ihre St\u00e4rken optimal ausspielen.<\/p>\r\n<p>Fu\u00dfball l\u00e4sst sie nat\u00fcrlich trotzdem nicht los, noch im April 2018 spielte sie ihre letzten Landesmeisterschaften als Lehrling. Nach einem erneuten Schlag aufs Knie wechselte sie hinter die Seitenlinie und coacht jetzt die U12 beim 1. DFC Leoben. F\u00fcr sie sind die Arbeitszeiten ein Traum, durch den fr\u00fchen Beginn hat sie den ganzen Tag noch vor sich.<\/p>\r\n\t\t\t\t<img loading=\"lazy\" decoding=\"async\" src=\"https:\/\/www.voestalpine.com\/bestelehresteiermark\/wp-content\/uploads\/2019\/03\/Johanna_Kislik_1.jpg\" alt=\"Johanna_Kislik_1\" itemprop=\"image\" height=\"1066\" width=\"1599\" title=\"Johanna_Kislik_1\" onerror=\"this.style.display='none'\"  \/>\r\n\t\t\t\t<img loading=\"lazy\" decoding=\"async\" src=\"https:\/\/www.voestalpine.com\/bestelehresteiermark\/wp-content\/uploads\/2019\/03\/Johanna_Kislik_3.jpg\" alt=\"Johanna_Kislik_3\" itemprop=\"image\" height=\"1066\" width=\"711\" title=\"Johanna_Kislik_3\" onerror=\"this.style.display='none'\"  \/>\r\n\t<p>Ihre Lehrabschlusspr\u00fcfung feierte sie 2020 feiert wie eine Meisterschaft.<\/p>\r\n\t\t\t<img decoding=\"async\" loading='false' src=\"https:\/\/www.voestalpine.com\/bestelehresteiermark\/wp-content\/uploads\/2019\/02\/Erfolgsgeschichten_Markus_Heuratschek_mobil.png\" alt=\"\" \/>\t\t\t\r\n\t\t\t\t<p>\u201eDas Team muss gefestigt sein, damit wir erfolgreich sein k\u00f6nnen. Es ist uns wichtig, dass unsere Ausbildung auch die sozialen F\u00e4higkeiten f\u00f6rdert und daf\u00fcr sorgt, dass zus\u00e4tzlich zur beruflichen Ausbildung auch eine pers\u00f6nliche Weiterentwicklung bei den Lehrlingen erfolgt.\u201c<\/p>\r\n<strong>Markus Heuratschek<\/strong><br \/>\r\nLehrlingsbeauftragter, voestalpine Stahl Donawitz GmbH\r\n<img decoding=\"async\" loading='false' src=\"https:\/\/www.voestalpine.com\/bestelehresteiermark\/wp-content\/uploads\/2019\/01\/VA_Microsite_Testimonials_Markus-Heuratschek.png\" alt=\"\" \/>\t\t\t\r\n\t<h5>Weitere Erfolgsgeschichten<\/h5>\r\n<a href=\"https:\/\/www.voestalpine.com\/bestelehresteiermark\/lehre-fuer-die-zukunft\"> Lehre f\u00fcr die Zukunft<\/a><br \/>\r\n<a href=\"https:\/\/www.voestalpine.com\/bestelehresteiermark\/ausgezeichneter-lehrbetrieb\"> Ausgezeichnete Voraussetzungen<\/a><br \/>\r\n<a href=\"https:\/\/www.voestalpine.com\/bestelehresteiermark\/hierbleiben-weit-kommen\/\"> Hierbleiben, weit kommen<\/a><br \/>\r\n<a href=\"https:\/\/www.voestalpine.com\/bestelehresteiermark\/von-der-lehre-zur-karriere\/\"> Messen mit den Besten<\/a><br \/>\r\n<a href=\"https:\/\/www.voestalpine.com\/bestelehresteiermark\/immer-dort-wo-es-brennt\/\"> Immer dort, wo es brennt<\/a><br \/>\r\n<a href=\"https:\/\/www.voestalpine.com\/bestelehresteiermark\/programmierprojektroboterarm\/\"> Programmier-Projekt Roboterarm<\/a><br \/>\r\n<a href=\"https:\/\/www.voestalpine.com\/bestelehresteiermark\/es-gibt-immer-was-zum-zerlegen\/\"> Es gibt immer was zum Zerlegen!<\/a><br \/>\r\n<a href=\"https:\/\/www.voestalpine.com\/bestelehresteiermark\/heavy-metall\/\"> Heavy &#8220;Metall&#8221;<\/a><br \/>\r\n<a href=\"https:\/\/www.voestalpine.com\/bestelehresteiermark\/e-technik\/\"> E-Technik<\/a><br \/>\r\n<a href=\"https:\/\/www.voestalpine.com\/bestelehresteiermark\/schutzschilde\/\"> Teamwork f\u00fcr Schutzschilde<\/a><br \/>\r\n<a href=\"https:\/\/www.voestalpine.com\/bestelehresteiermark\/perspektive-lehre\/\"> Mehr Perspektive mit Lehre<\/a><br \/>\r\n<a href=\"https:\/\/www.voestalpine.com\/bestelehresteiermark\/verantwortung-uebernehmen-und-vom-wissen-profitieren\/\">Verantwortung \u00fcbernehmen und vom Wissen profitieren<\/a>\r\n\t<p><strong>Link zur Ausbildung teilen<\/strong><\/p>\r\n<div class=\"addtoany_shortcode\"><div class=\"a2a_kit a2a_kit_size_32 addtoany_list\" data-a2a-url=\"https:\/\/www.voestalpine.com\/bestelehresteiermark\/lehre-mit-leidenschaft\/\" data-a2a-title=\"Lehre mit Leidenschaft\"><a class=\"a2a_button_facebook\" href=\"https:\/\/www.addtoany.com\/add_to\/facebook?linkurl=https%3A%2F%2Fwww.voestalpine.com%2Fbestelehresteiermark%2Flehre-mit-leidenschaft%2F&amp;linkname=Lehre%20mit%20Leidenschaft\" title=\"Facebook\" rel=\"nofollow noopener\" target=\"_blank\"><\/a><a class=\"a2a_button_twitter\" href=\"https:\/\/www.addtoany.com\/add_to\/twitter?linkurl=https%3A%2F%2Fwww.voestalpine.com%2Fbestelehresteiermark%2Flehre-mit-leidenschaft%2F&amp;linkname=Lehre%20mit%20Leidenschaft\" title=\"Twitter\" rel=\"nofollow noopener\" target=\"_blank\"><\/a><a class=\"a2a_button_pinterest\" href=\"https:\/\/www.addtoany.com\/add_to\/pinterest?linkurl=https%3A%2F%2Fwww.voestalpine.com%2Fbestelehresteiermark%2Flehre-mit-leidenschaft%2F&amp;linkname=Lehre%20mit%20Leidenschaft\" title=\"Pinterest\" rel=\"nofollow noopener\" target=\"_blank\"><\/a><a class=\"a2a_button_whatsapp\" href=\"https:\/\/www.addtoany.com\/add_to\/whatsapp?linkurl=https%3A%2F%2Fwww.voestalpine.com%2Fbestelehresteiermark%2Flehre-mit-leidenschaft%2F&amp;linkname=Lehre%20mit%20Leidenschaft\" title=\"WhatsApp\" rel=\"nofollow noopener\" target=\"_blank\"><\/a><a class=\"a2a_button_email\" href=\"https:\/\/www.addtoany.com\/add_to\/email?linkurl=https%3A%2F%2Fwww.voestalpine.com%2Fbestelehresteiermark%2Flehre-mit-leidenschaft%2F&amp;linkname=Lehre%20mit%20Leidenschaft\" title=\"Email\" rel=\"nofollow noopener\" target=\"_blank\"><\/a><\/div><\/div>\r\n","protected":false},"excerpt":{"rendered":"<p>Lehre mit Leidenschaft Besser im Team Was muss ein Lehrling mitbringen, wenn er bei voestalpine erfolgreich sein will? Freude am Beruf, Leidenschaft f\u00fcr Metall und Teamf\u00e4higkeit stehen auf jeden Fall ganz oben auf der Liste. Bei der Auswahl der geeigneten Lehrlinge m\u00fcssen die Kandidatinnen und Kandidaten vor allem im pers\u00f6nlichen Gespr\u00e4ch \u00fcberzeugen, ein sicheres Auftreten ist gefragt. Schnell sp\u00fcren die erfahrenen Ausbildner, ob der Wille &hellip; <a href=\"https:\/\/www.voestalpine.com\/bestelehresteiermark\/lehre-mit-leidenschaft\/\" class=\"more-link\">Continue reading <span class=\"screen-reader-text\">Lehre mit Leidenschaft<\/span> <span class=\"meta-nav\">&raquo;<\/span><\/a><\/p>\n","protected":false},"author":2,"featured_media":0,"parent":0,"menu_order":0,"comment_status":"closed","ping_status":"closed","template":"page-templates\/full-width.php","meta":{"footnotes":""},"class_list":["post-1157","page","type-page","status-publish","hentry"],"_links":{"self":[{"href":"https:\/\/www.voestalpine.com\/bestelehresteiermark\/wp-json\/wp\/v2\/pages\/1157","targetHints":{"allow":["GET"]}}],"collection":[{"href":"https:\/\/www.voestalpine.com\/bestelehresteiermark\/wp-json\/wp\/v2\/pages"}],"about":[{"href":"https:\/\/www.voestalpine.com\/bestelehresteiermark\/wp-json\/wp\/v2\/types\/page"}],"author":[{"embeddable":true,"href":"https:\/\/www.voestalpine.com\/bestelehresteiermark\/wp-json\/wp\/v2\/users\/2"}],"replies":[{"embeddable":true,"href":"https:\/\/www.voestalpine.com\/bestelehresteiermark\/wp-json\/wp\/v2\/comments?post=1157"}],"version-history":[{"count":42,"href":"https:\/\/www.voestalpine.com\/bestelehresteiermark\/wp-json\/wp\/v2\/pages\/1157\/revisions"}],"predecessor-version":[{"id":2522,"href":"https:\/\/www.voestalpine.com\/bestelehresteiermark\/wp-json\/wp\/v2\/pages\/1157\/revisions\/2522"}],"wp:attachment":[{"href":"https:\/\/www.voestalpine.com\/bestelehresteiermark\/wp-json\/wp\/v2\/media?parent=1157"}],"curies":[{"name":"wp","href":"https:\/\/api.w.org\/{rel}","templated":true}]}}