{"id":1148,"date":"2019-02-20T14:21:12","date_gmt":"2019-02-20T13:21:12","guid":{"rendered":"https:\/\/www.voestalpine.com\/bestelehresteiermark\/?page_id=1148"},"modified":"2021-05-17T12:54:37","modified_gmt":"2021-05-17T10:54:37","slug":"hierbleiben-weit-kommen","status":"publish","type":"page","link":"https:\/\/www.voestalpine.com\/bestelehresteiermark\/hierbleiben-weit-kommen\/","title":{"rendered":"Hierbleiben weit kommen"},"content":{"rendered":"\n\t<p>Erfolgreicher Aufstieg<\/p>\n<h2>Hierbleiben, weit kommen<\/h2>\n<h3>Eine Ausbildung bei der voestalpine liefert den Startvorsprung f\u00fcr eine richtig gute Karriere. Dass sich Leistung und Einsatz bezahlt machen, sieht man immer wieder an unseren Mitarbeitern, die sich in Positionen mit Verantwortung hinaufarbeiten.<\/h3>\n\t<p>Josef Maier kann auf viele Erfolge mit der voestalpine zur\u00fcckblicken. 1976 tritt er in die Fu\u00dfstapfen seiner beiden Gro\u00dfv\u00e4ter und seines Vaters und beginnt die Lehre als Werkstoffpr\u00fcfer in Kapfenberg. Seiner umfangreichen Grundausbildung bei B\u00f6hler und in der hauseigenen Lehrwerkstatt sowie seinem pers\u00f6nlichen Engagement verdankt er seinen Aufstieg.<\/p>\n\t\t\t<img decoding=\"async\" loading='false' src=\"https:\/\/www.voestalpine.com\/bestelehresteiermark\/wp-content\/uploads\/2019\/02\/Erfolgsgeschichten_Josef-Maier_mobil.png\" alt=\"\" \/>\t\t\t\n\t\t\t\t<p>\u201eMeine umfangreiche Ausbildung in der B\u00f6hler Lehrwerkst\u00e4tte im Jahr 1976 war der Grundstein f\u00fcr meinen Job und vieles mehr. Die abwechslungsreiche Aufgabe mit viel Verantwortung gef\u00e4llt mir bis heute.\u201c<\/p>\n<strong>Josef Maier<\/strong><br \/>\nvoestalpine B\u00d6HLER Edelstahl GmbH &amp; Co KG<br \/>\nLeiter zerst\u00f6rungsfreie Pr\u00fcfung Walzlinie\n<img decoding=\"async\" loading='false' src=\"https:\/\/www.voestalpine.com\/bestelehresteiermark\/wp-content\/uploads\/2019\/02\/Josef-Maier.png\" alt=\"\" \/>\t\t\t\n\t<p>Foto:\u00a0Klaus Morgenstern<\/p>\n\t<h4>Spitzen-Know-how ist immer gefragt<\/h4>\n<p>Berufsbegleitend besuchte er die Abendschule f\u00fcr Maschinenbau und schloss sie mit Matura ab. Verantwortung \u00fcbernehmen, sich laufend weiterbilden waren die n\u00e4chsten Schritte zur F\u00fchrungsposition, die Josef Maier mit Zielstrebigkeit und Ehrgeiz erreicht hat. Sein technisches Know-how ist hochbegehrt: Er wei\u00df, welche Verfahren angewendet werden m\u00fcssen, um den strengsten Qualit\u00e4tsanforderungen gerecht zu werden. Als Mitglied im \u00f6sterreichischen Normeninstitut ASI und dem internationalen ISO-Ausschuss ist er beim Festschreiben neuer Normen ganz vorne dabei.<\/p>\n\t<iframe loading=\"lazy\" width=\"800\" height=\"450\" src=\"https:\/\/www.youtube.com\/embed\/jUlVY97_dGE?feature=oembed\" frameborder=\"0\" allow=\"accelerometer; autoplay; encrypted-media; gyroscope; picture-in-picture\" allowfullscreen><\/iframe>\n\t<h2>Vom Lehrling zum Angestellten<\/h2>\n<h3>Kevin Willingshofer ist ein Pionier im Betrieb. Als er 2008 seine Lehre als Produktionstechniker beginnt, startet mit ihm auch ein neues Ausbildungskonzept. Er lernt alle Produktionsabl\u00e4ufe von Anfang bis Ende kennen und bekommt so den kompletten \u00dcberblick \u00fcber den Betrieb. Nach ausgezeichnetem Lehrabschluss und der Bundesheerzeit kommt er als Arbeiter zur\u00fcck in den Betrieb, wird Vorarbeiter und steigt 2017 als erster Lehrling des Betriebs zum Angestellten auf.<\/h3>\n\t\t\t<img decoding=\"async\" loading='false' src=\"https:\/\/www.voestalpine.com\/bestelehresteiermark\/wp-content\/uploads\/2019\/03\/Erfolgsgeschichten_Kevin_Willingsdorfer_mobil.png\" alt=\"\" \/>\t\t\t\n\t\t\t\t<p>\u201eIch bin gro\u00df geworden mit der voestalpine, die B\u00d6HLER Bleche sind meine berufliche Heimat. F\u00fcr mich ist es nur logisch, hier zum Erfolg beizutragen zu wollen.\u201c<\/p>\n<strong>Kevin Willingshofer<\/strong><br \/>\nvoestalpine B\u00d6HLER Bleche GmbH &amp; Co KG, M\u00fcrzzuschlag<br \/>\n\n<img decoding=\"async\" loading='false' src=\"https:\/\/www.voestalpine.com\/bestelehresteiermark\/wp-content\/uploads\/2019\/03\/VA_Microsite_Testimonials_Kevin_Willingsdorfer.png\" alt=\"\" \/>\t\t\t\n\t<p>Sein praktisches Wissen aus der Produktion verschafft ihm bei der internen Ausschreibung f\u00fcr den freiwerdenden Job den entscheidenden Vorteil f\u00fcr die Karriere. Seine Schwerpunkte in den Bereichen Logistik, Kennzahlen, Zeitwirtschaft und Planung sind hochgefragt. In seiner Position mit Verantwortung ist er heute zust\u00e4ndig f\u00fcr Lean Management und Prozessoptimierung im Betrieb. Eine Aufgabe, die ihm sichtlich Spa\u00df macht.<\/p>\n<p>Verbesserung strebt er f\u00fcr die Abl\u00e4ufe genauso an wie f\u00fcr sich selbst. Schon in seiner Lehrzeit hat er viel Zeit in die gebotenen Ausbildungsm\u00f6glichkeiten investiert. Mit gezielten Weiterbildungen im Lean Management und dem Austausch im Konzern f\u00f6rdert er seine eigenen F\u00e4higkeiten und damit seine Karriere. Das Train-the-Trainer Prinzip der voestalpine ist ein wirkungsvoller Weg, F\u00fchrungsst\u00e4rke zu lernen und die Herausforderungen der Zukunft im Team bestm\u00f6glich bew\u00e4ltigen zu k\u00f6nnen.<\/p>\n<p>Hier sieht man ganz deutlich: Unsere Lehrberufe sind das ideale Sprungbrett f\u00fcr spannende Aufgaben und beste Jobaussichten. Wer will, kann sich weltweit entfalten.<\/p>\n\t<p><strong>Link zur Ausbildung teilen<\/strong><\/p>\n<div class=\"addtoany_shortcode\"><div class=\"a2a_kit a2a_kit_size_32 addtoany_list\" data-a2a-url=\"https:\/\/www.voestalpine.com\/bestelehresteiermark\/hierbleiben-weit-kommen\/\" data-a2a-title=\"Hierbleiben weit kommen\"><a class=\"a2a_button_facebook\" href=\"https:\/\/www.addtoany.com\/add_to\/facebook?linkurl=https%3A%2F%2Fwww.voestalpine.com%2Fbestelehresteiermark%2Fhierbleiben-weit-kommen%2F&amp;linkname=Hierbleiben%20weit%20kommen\" title=\"Facebook\" rel=\"nofollow noopener\" target=\"_blank\"><\/a><a class=\"a2a_button_twitter\" href=\"https:\/\/www.addtoany.com\/add_to\/twitter?linkurl=https%3A%2F%2Fwww.voestalpine.com%2Fbestelehresteiermark%2Fhierbleiben-weit-kommen%2F&amp;linkname=Hierbleiben%20weit%20kommen\" title=\"Twitter\" rel=\"nofollow noopener\" target=\"_blank\"><\/a><a class=\"a2a_button_pinterest\" href=\"https:\/\/www.addtoany.com\/add_to\/pinterest?linkurl=https%3A%2F%2Fwww.voestalpine.com%2Fbestelehresteiermark%2Fhierbleiben-weit-kommen%2F&amp;linkname=Hierbleiben%20weit%20kommen\" title=\"Pinterest\" rel=\"nofollow noopener\" target=\"_blank\"><\/a><a class=\"a2a_button_whatsapp\" href=\"https:\/\/www.addtoany.com\/add_to\/whatsapp?linkurl=https%3A%2F%2Fwww.voestalpine.com%2Fbestelehresteiermark%2Fhierbleiben-weit-kommen%2F&amp;linkname=Hierbleiben%20weit%20kommen\" title=\"WhatsApp\" rel=\"nofollow noopener\" target=\"_blank\"><\/a><a class=\"a2a_button_email\" href=\"https:\/\/www.addtoany.com\/add_to\/email?linkurl=https%3A%2F%2Fwww.voestalpine.com%2Fbestelehresteiermark%2Fhierbleiben-weit-kommen%2F&amp;linkname=Hierbleiben%20weit%20kommen\" title=\"Email\" rel=\"nofollow noopener\" target=\"_blank\"><\/a><\/div><\/div>\n","protected":false},"excerpt":{"rendered":"<p>Erfolgreicher Aufstieg Hierbleiben, weit kommen Eine Ausbildung bei der voestalpine liefert den Startvorsprung f\u00fcr eine richtig gute Karriere. Dass sich Leistung und Einsatz bezahlt machen, sieht man immer wieder an unseren Mitarbeitern, die sich in Positionen mit Verantwortung hinaufarbeiten. Josef Maier kann auf viele Erfolge mit der voestalpine zur\u00fcckblicken. 1976 tritt er in die Fu\u00dfstapfen seiner beiden Gro\u00dfv\u00e4ter und seines Vaters und beginnt die Lehre &hellip; <a href=\"https:\/\/www.voestalpine.com\/bestelehresteiermark\/hierbleiben-weit-kommen\/\" class=\"more-link\">Continue reading <span class=\"screen-reader-text\">Hierbleiben weit kommen<\/span> <span class=\"meta-nav\">&raquo;<\/span><\/a><\/p>\n","protected":false},"author":2,"featured_media":0,"parent":0,"menu_order":0,"comment_status":"closed","ping_status":"closed","template":"page-templates\/full-width.php","meta":{"footnotes":""},"class_list":["post-1148","page","type-page","status-publish","hentry"],"_links":{"self":[{"href":"https:\/\/www.voestalpine.com\/bestelehresteiermark\/wp-json\/wp\/v2\/pages\/1148","targetHints":{"allow":["GET"]}}],"collection":[{"href":"https:\/\/www.voestalpine.com\/bestelehresteiermark\/wp-json\/wp\/v2\/pages"}],"about":[{"href":"https:\/\/www.voestalpine.com\/bestelehresteiermark\/wp-json\/wp\/v2\/types\/page"}],"author":[{"embeddable":true,"href":"https:\/\/www.voestalpine.com\/bestelehresteiermark\/wp-json\/wp\/v2\/users\/2"}],"replies":[{"embeddable":true,"href":"https:\/\/www.voestalpine.com\/bestelehresteiermark\/wp-json\/wp\/v2\/comments?post=1148"}],"version-history":[{"count":44,"href":"https:\/\/www.voestalpine.com\/bestelehresteiermark\/wp-json\/wp\/v2\/pages\/1148\/revisions"}],"predecessor-version":[{"id":2618,"href":"https:\/\/www.voestalpine.com\/bestelehresteiermark\/wp-json\/wp\/v2\/pages\/1148\/revisions\/2618"}],"wp:attachment":[{"href":"https:\/\/www.voestalpine.com\/bestelehresteiermark\/wp-json\/wp\/v2\/media?parent=1148"}],"curies":[{"name":"wp","href":"https:\/\/api.w.org\/{rel}","templated":true}]}}