{"id":1144,"date":"2019-02-20T14:14:34","date_gmt":"2019-02-20T13:14:34","guid":{"rendered":"https:\/\/www.voestalpine.com\/bestelehresteiermark\/?page_id=1144"},"modified":"2020-10-23T10:56:39","modified_gmt":"2020-10-23T08:56:39","slug":"ausgezeichneter-lehrbetrieb","status":"publish","type":"page","link":"https:\/\/www.voestalpine.com\/bestelehresteiermark\/ausgezeichneter-lehrbetrieb\/","title":{"rendered":"Ausgezeichneter Lehrbetrieb"},"content":{"rendered":"\n\t<p>Ausgezeichnter Lehrbetrieb<\/p>\n<h2>Ausgezeichnete Voraussetzungen<\/h2>\n<h3>In Kapfenberg l\u00e4uft die Vorbereitung f\u00fcr die Zukunft. 3D-Drucker, Schwei\u00dfsimulator, Roboter und ein modulares Produktionssystem f\u00fcr die Digitalisierungs- und Automatisierungsausbildung stehen f\u00fcr die Lehrlinge bereit.<\/h3>\n\t<strong>Staatspreis 2017: Bester Lehrbetrieb \u00d6sterreichs \u2013 Fit For Future<\/strong><br \/>\nvoeststalpine B\u00f6hler Edelstahl GmbH &amp; Co KG\n\t\t\t\t<img loading=\"lazy\" decoding=\"async\" src=\"https:\/\/www.voestalpine.com\/bestelehresteiermark\/wp-content\/uploads\/2019\/02\/Ausgezeichneter-Lehrbetrieb_Kapfenberg_voestalpine_boehler_edelstahl_web.jpg\" alt=\"Ausgezeichneter Lehrbetrieb_Kapfenberg_voestalpine_boehler_edelstahl_web\" itemprop=\"image\" height=\"629\" width=\"943\" title=\"Ausgezeichneter Lehrbetrieb_Kapfenberg_voestalpine_boehler_edelstahl_web\" onerror=\"this.style.display='none'\"  \/>\n\t<p>Das Ausbildungszentrum der voestalpine BO\u0308HLER Edelstahl in Kapfenberg ist ein leuchtendes Beispiel f\u00fcr eine hervorragende Ausbildungsst\u00e4tte. Mit modernsten Maschinen und Lehrmitteln machen wir unsere Lehrlinge fit f\u00fcr die Zukunft. Wer schlau ist, nutzt die Chance, in dieser ausgezeichneten Umgebung seine Berufskarriere zu starten.<\/p>\n\t\t\t\t<img loading=\"lazy\" decoding=\"async\" src=\"https:\/\/www.voestalpine.com\/bestelehresteiermark\/wp-content\/uploads\/2019\/02\/Staatspreis_2017_Oesterreich-_FitforFuture.png\" alt=\"Staatspreis_2017_Oesterreich _FitforFuture\" itemprop=\"image\" height=\"529\" width=\"943\" title=\"Staatspreis_2017_Oesterreich _FitforFuture\" onerror=\"this.style.display='none'\"  \/>\n\t<h4>Hightech und Menschlichkeit<\/h4>\n<p>Modernste Ausbildungsst\u00e4tten und Lehrs\u00e4le bilden die Grundlage f\u00fcr unseren Erfolg. Regelm\u00e4\u00dfig werden bei uns ganze Berufe neu gedacht, die Digitalisierung h\u00e4lt schrittweise Einzug in alle Unternehmensbereiche. Trotz aller Technik vergessen wir dabei nie auf eine menschliche Umgangskultur. Wir legen Wert auf ein offenes Gespr\u00e4chsklima, weil es Verst\u00e4ndnis und Zusammenhalt schafft. Ein starkes Team mit viel Unterst\u00fctzung und Vorgesetzte, die hilfreich zur Seite stehen, zeichnen die voestalpine aus.<\/p>\n\t<h2>Einblick in den Ausblick<\/h2>\n\t<iframe loading=\"lazy\" width=\"800\" height=\"450\" src=\"https:\/\/www.youtube.com\/embed\/1QRN1Yv0OQY?feature=oembed\" frameborder=\"0\" allow=\"accelerometer; autoplay; encrypted-media; gyroscope; picture-in-picture\" allowfullscreen><\/iframe>\n\t<h4>Digitale Lernfabrik<\/h4>\n<p>Das Digi-LAB ist die Kaderschmiede f\u00fcr die Fachkr\u00e4fte von morgen mit einer fundierten theoretischen und praktischen Ausbildung. Im Ausbildungszentrum erlernst du praxisnah den richtigen Umgang und M\u00f6glichkeiten mit den modernsten Maschinen.<\/p>\n<p>Spannende Herausforderungen und knifflige Projekte rufen deine F\u00e4higkeiten ab und geben einen Vorgeschmack auf die Aufgaben von morgen. Bei der \u201eDigitalen Lernfabrik\u201c planten und bauten 60 Lehrlinge eine digitale Miniaturfabrik. Insgesamt acht Tage lang t\u00fcftelten sie mit f\u00fcnf Coaches vom FH Technikum Wien an dem Projekt und das Ergebnis kann sich wirklich sehen lassen.<\/p>\n\t<iframe loading=\"lazy\" width=\"800\" height=\"450\" src=\"https:\/\/www.youtube.com\/embed\/gTEXZifltoQ?feature=oembed\" frameborder=\"0\" allow=\"accelerometer; autoplay; encrypted-media; gyroscope; picture-in-picture\" allowfullscreen><\/iframe>\n\t<p>Die gemeinsam bew\u00e4ltigten Herausforderungen schwei\u00dfen nicht nur Werkst\u00fccke zusammen. Schnell entwickeln sich aus den Allianzen auch Freundschaften. So macht die Ausbildung Freude und Spa\u00df.<\/p>\n<h4>Investition in die Zukunft<\/h4>\n<p>Die voestalpine setzt weiter auf Digitalisierung f\u00fcr den zuk\u00fcnftigen Erfolg. Mit dem neuen Digi-LAB f\u00fcr Elektro- und Automatisierungstechnik wurde die Zahl der Ausbildungspl\u00e4tze im digitalen Bereich von 8 auf 21 erh\u00f6ht. F\u00fcr die Anwendung des Wissens und bessere Produkte investiert die voestalpine derzeit rund 350 Millionen Euro in ein neues Werk.<\/p>\n<p>Das neue Edelstahlwerk Kapfenberg ist mit seiner volldigitalisierten Prozesssteuerung technisch ausgereift wie kein anderes auf der Welt. Bei der Fertigung von Hochleistungsst\u00e4hlen f\u00fcr die internationale Flugzeug- und Automobilindustrie wird es neue Ma\u00dfst\u00e4be setzen. Ab 2021 tun sich f\u00fcr unsere Experten und Fachkr\u00e4fte damit v\u00f6llig neue Chancen auf.<\/p>\n\t<h5>Weitere Erfolgsgeschichten<\/h5>\n<a href=\"https:\/\/www.voestalpine.com\/bestelehresteiermark\/\/lehre-mit-leidenschaft\/\"> Besser im Team<\/a><br \/>\n<a href=\"https:\/\/www.voestalpine.com\/bestelehresteiermark\/lehre-fuer-die-zukunft\"> Lehre f\u00fcr die Zukunft<\/a><br \/>\n<a href=\"https:\/\/www.voestalpine.com\/bestelehresteiermark\/hierbleiben-weit-kommen\/\"> Hierbleiben, weit kommen<\/a><br \/>\n<a href=\"https:\/\/www.voestalpine.com\/bestelehresteiermark\/von-der-lehre-zur-karriere\/\"> Messen mit den Besten<\/a><br \/>\n<a href=\"https:\/\/www.voestalpine.com\/bestelehresteiermark\/immer-dort-wo-es-brennt\/\"> Immer dort, wo es brennt<\/a><br \/>\n<a href=\"https:\/\/www.voestalpine.com\/bestelehresteiermark\/programmierprojektroboterarm\/\"> Programmier-Projekt Roboterarm<\/a><br \/>\n<a href=\"https:\/\/www.voestalpine.com\/bestelehresteiermark\/heavy-metall\/\"> Heavy &#8220;Metall&#8221;<\/a><br \/>\n<a href=\"https:\/\/www.voestalpine.com\/bestelehresteiermark\/e-technik\/\"> E-Technik<\/a><br \/>\n<a href=\"https:\/\/www.voestalpine.com\/bestelehresteiermark\/schutzschilde\/\"> Teamwork f\u00fcr Schutzschilde<\/a><br \/>\n<a href=\"https:\/\/www.voestalpine.com\/bestelehresteiermark\/perspektive-lehre\/\"> Mehr Perspektive mit Lehre<\/a>\n\t<p><strong>Link zur Ausbildung teilen<\/strong><\/p>\n<div class=\"addtoany_shortcode\"><div class=\"a2a_kit a2a_kit_size_32 addtoany_list\" data-a2a-url=\"https:\/\/www.voestalpine.com\/bestelehresteiermark\/ausgezeichneter-lehrbetrieb\/\" data-a2a-title=\"Ausgezeichneter Lehrbetrieb\"><a class=\"a2a_button_facebook\" href=\"https:\/\/www.addtoany.com\/add_to\/facebook?linkurl=https%3A%2F%2Fwww.voestalpine.com%2Fbestelehresteiermark%2Fausgezeichneter-lehrbetrieb%2F&amp;linkname=Ausgezeichneter%20Lehrbetrieb\" title=\"Facebook\" rel=\"nofollow noopener\" target=\"_blank\"><\/a><a class=\"a2a_button_twitter\" href=\"https:\/\/www.addtoany.com\/add_to\/twitter?linkurl=https%3A%2F%2Fwww.voestalpine.com%2Fbestelehresteiermark%2Fausgezeichneter-lehrbetrieb%2F&amp;linkname=Ausgezeichneter%20Lehrbetrieb\" title=\"Twitter\" rel=\"nofollow noopener\" target=\"_blank\"><\/a><a class=\"a2a_button_pinterest\" href=\"https:\/\/www.addtoany.com\/add_to\/pinterest?linkurl=https%3A%2F%2Fwww.voestalpine.com%2Fbestelehresteiermark%2Fausgezeichneter-lehrbetrieb%2F&amp;linkname=Ausgezeichneter%20Lehrbetrieb\" title=\"Pinterest\" rel=\"nofollow noopener\" target=\"_blank\"><\/a><a class=\"a2a_button_whatsapp\" href=\"https:\/\/www.addtoany.com\/add_to\/whatsapp?linkurl=https%3A%2F%2Fwww.voestalpine.com%2Fbestelehresteiermark%2Fausgezeichneter-lehrbetrieb%2F&amp;linkname=Ausgezeichneter%20Lehrbetrieb\" title=\"WhatsApp\" rel=\"nofollow noopener\" target=\"_blank\"><\/a><a class=\"a2a_button_email\" href=\"https:\/\/www.addtoany.com\/add_to\/email?linkurl=https%3A%2F%2Fwww.voestalpine.com%2Fbestelehresteiermark%2Fausgezeichneter-lehrbetrieb%2F&amp;linkname=Ausgezeichneter%20Lehrbetrieb\" title=\"Email\" rel=\"nofollow noopener\" target=\"_blank\"><\/a><\/div><\/div>\n","protected":false},"excerpt":{"rendered":"<p>Ausgezeichnter Lehrbetrieb Ausgezeichnete Voraussetzungen In Kapfenberg l\u00e4uft die Vorbereitung f\u00fcr die Zukunft. 3D-Drucker, Schwei\u00dfsimulator, Roboter und ein modulares Produktionssystem f\u00fcr die Digitalisierungs- und Automatisierungsausbildung stehen f\u00fcr die Lehrlinge bereit. Staatspreis 2017: Bester Lehrbetrieb \u00d6sterreichs \u2013 Fit For Future voeststalpine B\u00f6hler Edelstahl GmbH &amp; Co KG Das Ausbildungszentrum der voestalpine BO\u0308HLER Edelstahl in Kapfenberg ist ein leuchtendes Beispiel f\u00fcr eine hervorragende Ausbildungsst\u00e4tte. Mit modernsten Maschinen und &hellip; <a href=\"https:\/\/www.voestalpine.com\/bestelehresteiermark\/ausgezeichneter-lehrbetrieb\/\" class=\"more-link\">Continue reading <span class=\"screen-reader-text\">Ausgezeichneter Lehrbetrieb<\/span> <span class=\"meta-nav\">&raquo;<\/span><\/a><\/p>\n","protected":false},"author":2,"featured_media":0,"parent":0,"menu_order":0,"comment_status":"closed","ping_status":"closed","template":"page-templates\/full-width.php","meta":{"footnotes":""},"class_list":["post-1144","page","type-page","status-publish","hentry"],"_links":{"self":[{"href":"https:\/\/www.voestalpine.com\/bestelehresteiermark\/wp-json\/wp\/v2\/pages\/1144","targetHints":{"allow":["GET"]}}],"collection":[{"href":"https:\/\/www.voestalpine.com\/bestelehresteiermark\/wp-json\/wp\/v2\/pages"}],"about":[{"href":"https:\/\/www.voestalpine.com\/bestelehresteiermark\/wp-json\/wp\/v2\/types\/page"}],"author":[{"embeddable":true,"href":"https:\/\/www.voestalpine.com\/bestelehresteiermark\/wp-json\/wp\/v2\/users\/2"}],"replies":[{"embeddable":true,"href":"https:\/\/www.voestalpine.com\/bestelehresteiermark\/wp-json\/wp\/v2\/comments?post=1144"}],"version-history":[{"count":36,"href":"https:\/\/www.voestalpine.com\/bestelehresteiermark\/wp-json\/wp\/v2\/pages\/1144\/revisions"}],"predecessor-version":[{"id":2552,"href":"https:\/\/www.voestalpine.com\/bestelehresteiermark\/wp-json\/wp\/v2\/pages\/1144\/revisions\/2552"}],"wp:attachment":[{"href":"https:\/\/www.voestalpine.com\/bestelehresteiermark\/wp-json\/wp\/v2\/media?parent=1144"}],"curies":[{"name":"wp","href":"https:\/\/api.w.org\/{rel}","templated":true}]}}