{"id":1142,"date":"2019-02-20T14:11:51","date_gmt":"2019-02-20T13:11:51","guid":{"rendered":"https:\/\/www.voestalpine.com\/bestelehresteiermark\/?page_id=1142"},"modified":"2021-04-21T14:54:05","modified_gmt":"2021-04-21T12:54:05","slug":"lehre-fuer-die-zukunft","status":"publish","type":"page","link":"https:\/\/www.voestalpine.com\/bestelehresteiermark\/lehre-fuer-die-zukunft\/","title":{"rendered":"Lehre f\u00fcr die Zukunft"},"content":{"rendered":"\r\n\t<p>Erfolgreiche Ausbildung<\/p>\r\n<h2>Lehre f\u00fcr die Zukunft<\/h2>\r\n<h3>Eine Ausbildung bei der voestalpine ist der Grundstein f\u00fcr ein gutes Leben. Alle Lehrlinge aus den Standorten rund um Kapfenberg verbringen die ersten beiden Lehrjahre im hochmodernen Ausbildungszentrum und die zweite H\u00e4lfte ihrer Ausbildung in den Betrieben. Zus\u00e4tzlich dazu besuchen sie w\u00e4hrend ihrer Lehrzeit immer wieder entsprechende Fachkurse im Ausbildungszentrum.<\/h3>\r\n\t\t\t<img decoding=\"async\" loading='false' src=\"https:\/\/www.voestalpine.com\/bestelehresteiermark\/wp-content\/uploads\/2019\/02\/Erfolgsgeschichten_Alexander-Tretnjack_mobil.png\" alt=\"\" \/>\t\t\t\r\n\t\t\t\t<p>\u201eMir gef\u00e4llt der Zusammenhalt, die Herausforderungen und das Arbeitsklima. Genau die richtige Entscheidung, wenn man etwas Handfestes f\u00fcr die Zukunft sucht.\u201c<\/p>\r\n<strong>Alexander Tretnjack<\/strong><br \/>\r\nMaschinenbautechniker voestalpine B\u00f6hler Edelstahl GmbH &amp; Co KG\r\n<img decoding=\"async\" loading='false' src=\"https:\/\/www.voestalpine.com\/bestelehresteiermark\/wp-content\/uploads\/2019\/01\/VA_Microsite_Testimonials_Alexander-Tretnjack.png\" alt=\"\" \/>\t\t\t\r\n\t<h4>Die beste Grundlage<\/h4>\r\n<p>Alexander hat knapp vor der Matura einen neuen Weg eingeschlagen, weil er schneller eine Ausbildung abschlie\u00dfen und Geld verdienen wollte, und hat das bis heute nicht bereut. Die voestalpine B\u00f6hler Edelstahl war f\u00fcr den Maschinenbautechniker dabei die erste Wahl.<\/p>\r\n<p>Die Ausbildung hat bei Alexander das Interesse an der Technik richtig geweckt. In der ersten Zeit werden in der Lehrwerkst\u00e4tte wesentliche Grundlagen vermittelt. Die Basics im Umgang mit dem Werkstoff Metall, die n\u00f6tige Disziplin und die Genauigkeit bei der Arbeit stehen hier im Vordergrund. Kurse in Klassenr\u00e4umen wechseln sich mit mechanischen \u00dcbungen und der Herstellung m\u00f6glichst genauer Pr\u00fcfst\u00fccke in der Werkstatt ab. Schritt f\u00fcr Schritt lernt man alle spannenden Maschinen kennen, ein Teil, der einen Maschinenbautechniker nat\u00fcrlich besonders interessiert.<\/p>\r\n<p>Im zweiten Teil der Ausbildung lernt man das gesamte Unternehmen kennen. Alle zwei Monate wechseln die Lehrlinge in der Regel den Betrieb und k\u00f6nnen so ihre F\u00e4higkeiten an unterschiedlichen Aufgaben entwickeln. Eine gute Grundlage f\u00fcr die Weiterbesch\u00e4ftigung, denn die jungen Fachkr\u00e4fte k\u00f6nnen so nach St\u00e4rken und individuellen W\u00fcnschen ihren Platz im Unternehmen finden.<\/p>\r\n<p>Alexander freut sich auf seinen Start im Block- und Grobwalzwerk nach der Lehrabschlusspr\u00fcfung und hat jetzt schon einiges vor f\u00fcr die Zukunft. Die Matura nachholen in der Abendschule, Weiterbildungen nutzen und sich Schritt f\u00fcr Schritt hocharbeiten. Bei der voestalpine warten viele spannende Aufgaben auf ihn und seine Kollegen. Das weltweit modernste Edelstahlwerk in Kapfenberg sichert ab 2021 zum Beispiel langfristig 3.000 hochqualifizierte Arbeitspl\u00e4tze. H\u00f6chste Zeit, dass sich Mechatroniker und Maschinenbauer speziell daf\u00fcr ausbilden lassen.<\/p>\r\n\t\t\t<img decoding=\"async\" loading='false' src=\"https:\/\/www.voestalpine.com\/bestelehresteiermark\/wp-content\/uploads\/2019\/02\/Erfolgsgeschichten_Maximilian-Bader_mobil.png\" alt=\"\" \/>\t\t\t\r\n\t\t\t\t<p>\u201eGute Stimmung, gute Leistung. Rund zwei Drittel unserer Lehrlinge schlie\u00dfen ihre Ausbildung mit ausgezeichnetem oder gutem Erfolg ab.\u201c<\/p>\r\n<strong>Maximilian Bader<\/strong><br \/>\r\nAusbilder voestalpine B\u00f6hler Edelstahl GmbH &amp; Co KG\r\n<img decoding=\"async\" loading='false' src=\"https:\/\/www.voestalpine.com\/bestelehresteiermark\/wp-content\/uploads\/2019\/01\/VA_Microsite_Testimonials_Maximilian-Bader.png\" alt=\"\" \/>\t\t\t\r\n\t<h5>Weitere Erfolgsgeschichten<\/h5>\r\n<a href=\"https:\/\/www.voestalpine.com\/bestelehresteiermark\/lehre-mit-leidenschaft\"> Besser im Team<\/a><br \/>\r\n<a href=\"https:\/\/www.voestalpine.com\/bestelehresteiermark\/ausgezeichneter-lehrbetrieb\"> Ausgezeichnete Voraussetzungen<\/a><br \/>\r\n<a href=\"https:\/\/www.voestalpine.com\/bestelehresteiermark\/hierbleiben-weit-kommen\/\"> Hierbleiben, weit kommen<\/a><br \/>\r\n<a href=\"https:\/\/www.voestalpine.com\/bestelehresteiermark\/von-der-lehre-zur-karriere\/\"> Messen mit den Besten<\/a><br \/>\r\n<a href=\"https:\/\/www.voestalpine.com\/bestelehresteiermark\/immer-dort-wo-es-brennt\/\"> Immer dort, wo es brennt<\/a><br \/>\r\n<a href=\"https:\/\/www.voestalpine.com\/bestelehresteiermark\/programmierprojektroboterarm\/\"> Programmier-Projekt Roboterarm<\/a><br \/>\r\n<a href=\"https:\/\/www.voestalpine.com\/bestelehresteiermark\/es-gibt-immer-was-zum-zerlegen\/\"> Es gibt immer was zum Zerlegen!<\/a><br \/>\r\n<a href=\"https:\/\/www.voestalpine.com\/bestelehresteiermark\/heavy-metall\/\"> Heavy &#8220;Metall&#8221;<\/a><br \/>\r\n<a href=\"https:\/\/www.voestalpine.com\/bestelehresteiermark\/e-technik\/\"> E-Technik<\/a><br \/>\r\n<a href=\"https:\/\/www.voestalpine.com\/bestelehresteiermark\/schutzschilde\/\"> Teamwork f\u00fcr Schutzschilde<\/a><br \/>\r\n<a href=\"https:\/\/www.voestalpine.com\/bestelehresteiermark\/perspektive-lehre\/\"> Mehr Perspektive mit Lehre<\/a>\r\n\t<p><strong>Link zur Ausbildung teilen<\/strong><\/p>\r\n<div class=\"addtoany_shortcode\"><div class=\"a2a_kit a2a_kit_size_32 addtoany_list\" data-a2a-url=\"https:\/\/www.voestalpine.com\/bestelehresteiermark\/lehre-fuer-die-zukunft\/\" data-a2a-title=\"Lehre f\u00fcr die Zukunft\"><a class=\"a2a_button_facebook\" href=\"https:\/\/www.addtoany.com\/add_to\/facebook?linkurl=https%3A%2F%2Fwww.voestalpine.com%2Fbestelehresteiermark%2Flehre-fuer-die-zukunft%2F&amp;linkname=Lehre%20f%C3%BCr%20die%20Zukunft\" title=\"Facebook\" rel=\"nofollow noopener\" target=\"_blank\"><\/a><a class=\"a2a_button_twitter\" href=\"https:\/\/www.addtoany.com\/add_to\/twitter?linkurl=https%3A%2F%2Fwww.voestalpine.com%2Fbestelehresteiermark%2Flehre-fuer-die-zukunft%2F&amp;linkname=Lehre%20f%C3%BCr%20die%20Zukunft\" title=\"Twitter\" rel=\"nofollow noopener\" target=\"_blank\"><\/a><a class=\"a2a_button_pinterest\" href=\"https:\/\/www.addtoany.com\/add_to\/pinterest?linkurl=https%3A%2F%2Fwww.voestalpine.com%2Fbestelehresteiermark%2Flehre-fuer-die-zukunft%2F&amp;linkname=Lehre%20f%C3%BCr%20die%20Zukunft\" title=\"Pinterest\" rel=\"nofollow noopener\" target=\"_blank\"><\/a><a class=\"a2a_button_whatsapp\" href=\"https:\/\/www.addtoany.com\/add_to\/whatsapp?linkurl=https%3A%2F%2Fwww.voestalpine.com%2Fbestelehresteiermark%2Flehre-fuer-die-zukunft%2F&amp;linkname=Lehre%20f%C3%BCr%20die%20Zukunft\" title=\"WhatsApp\" rel=\"nofollow noopener\" target=\"_blank\"><\/a><a class=\"a2a_button_email\" href=\"https:\/\/www.addtoany.com\/add_to\/email?linkurl=https%3A%2F%2Fwww.voestalpine.com%2Fbestelehresteiermark%2Flehre-fuer-die-zukunft%2F&amp;linkname=Lehre%20f%C3%BCr%20die%20Zukunft\" title=\"Email\" rel=\"nofollow noopener\" target=\"_blank\"><\/a><\/div><\/div>\r\n","protected":false},"excerpt":{"rendered":"<p>Erfolgreiche Ausbildung Lehre f\u00fcr die Zukunft Eine Ausbildung bei der voestalpine ist der Grundstein f\u00fcr ein gutes Leben. Alle Lehrlinge aus den Standorten rund um Kapfenberg verbringen die ersten beiden Lehrjahre im hochmodernen Ausbildungszentrum und die zweite H\u00e4lfte ihrer Ausbildung in den Betrieben. Zus\u00e4tzlich dazu besuchen sie w\u00e4hrend ihrer Lehrzeit immer wieder entsprechende Fachkurse im Ausbildungszentrum. \u201eMir gef\u00e4llt der Zusammenhalt, die Herausforderungen und das Arbeitsklima. &hellip; <a href=\"https:\/\/www.voestalpine.com\/bestelehresteiermark\/lehre-fuer-die-zukunft\/\" class=\"more-link\">Continue reading <span class=\"screen-reader-text\">Lehre f\u00fcr die Zukunft<\/span> <span class=\"meta-nav\">&raquo;<\/span><\/a><\/p>\n","protected":false},"author":2,"featured_media":0,"parent":0,"menu_order":0,"comment_status":"closed","ping_status":"closed","template":"page-templates\/full-width.php","meta":{"footnotes":""},"class_list":["post-1142","page","type-page","status-publish","hentry"],"_links":{"self":[{"href":"https:\/\/www.voestalpine.com\/bestelehresteiermark\/wp-json\/wp\/v2\/pages\/1142","targetHints":{"allow":["GET"]}}],"collection":[{"href":"https:\/\/www.voestalpine.com\/bestelehresteiermark\/wp-json\/wp\/v2\/pages"}],"about":[{"href":"https:\/\/www.voestalpine.com\/bestelehresteiermark\/wp-json\/wp\/v2\/types\/page"}],"author":[{"embeddable":true,"href":"https:\/\/www.voestalpine.com\/bestelehresteiermark\/wp-json\/wp\/v2\/users\/2"}],"replies":[{"embeddable":true,"href":"https:\/\/www.voestalpine.com\/bestelehresteiermark\/wp-json\/wp\/v2\/comments?post=1142"}],"version-history":[{"count":26,"href":"https:\/\/www.voestalpine.com\/bestelehresteiermark\/wp-json\/wp\/v2\/pages\/1142\/revisions"}],"predecessor-version":[{"id":1416,"href":"https:\/\/www.voestalpine.com\/bestelehresteiermark\/wp-json\/wp\/v2\/pages\/1142\/revisions\/1416"}],"wp:attachment":[{"href":"https:\/\/www.voestalpine.com\/bestelehresteiermark\/wp-json\/wp\/v2\/media?parent=1142"}],"curies":[{"name":"wp","href":"https:\/\/api.w.org\/{rel}","templated":true}]}}